{"id":4422,"date":"2025-05-06T08:20:23","date_gmt":"2025-05-06T08:20:23","guid":{"rendered":"https:\/\/www.hg-cooker.com\/?post_type=product&#038;p=4422"},"modified":"2025-11-13T02:31:31","modified_gmt":"2025-11-13T02:31:31","slug":"pot-a-lait-bouillant-en-acier-inoxydable-wholesale-35","status":"publish","type":"product","link":"https:\/\/www.hg-cooker.com\/fr\/produit\/pot-a-lait-bouillant-en-acier-inoxydable-wholesale-35\/","title":{"rendered":"Mati\u00e8re premi\u00e8re en acier inoxydable tripl\u00e9 en gros, mat\u00e9riau de rev\u00eatement tripl\u00e9"},"content":{"rendered":"<div class=\"wp-block-columns is-layout-flex wp-container-core-columns-is-layout-9d6595d7 wp-block-columns-is-layout-flex\">\n<div class=\"wp-block-column is-layout-flow wp-block-column-is-layout-flow\">\n<h2 class=\"wp-block-heading\">Param\u00e8tres de la mati\u00e8re premi\u00e8re en acier inoxydable tripl\u00e9<\/h2>\n\n\n\n<p><strong>Nom du produit<\/strong>Mat\u00e9riau brut en acier inoxydable \u00e0 trois couches<\/p>\n\n\n\n<p><strong>Mat\u00e9riau du produit<\/strong>Acier inoxydable 304\/316 + aluminium + acier inoxydable 430<br><br><strong>Epaisseur optionnelle du produit<\/strong>:<br>1.8mm\/2.0mm\/2.2mm\/2.5mm\/3.0mm<\/p>\n\n\n\n<p><strong>Formes du produit<\/strong>:circulaire \/ forme sp\u00e9ciale<\/p>\n\n\n\n<p><strong>Taille optionnelle du produit<\/strong>:<br>La taille circulaire peut \u00eatre comprise entre 250 mm et 500 mm. <br>La taille des formes sp\u00e9ciales peut \u00eatre de 900 mm.<\/p>\n<\/div>\n\n\n\n<div class=\"wp-block-column is-layout-flow wp-block-column-is-layout-flow\">\n<h2 class=\"wp-block-heading\">Options personnalisables pour les mati\u00e8res premi\u00e8res en acier inoxydable tripl\u00e9<\/h2>\n\n\n\n<p><strong>Mod\u00e8le<\/strong>Personnaliser toutes sortes de motifs sur l'acier inoxydable \u00e0 trois plis.<br><br><strong>Mat\u00e9riau<\/strong>Acier inoxydable 304\/316 + aluminium + acier inoxydable 430<br><br><strong>Taille<\/strong>:Personnaliser les diff\u00e9rentes tailles de l'acier inoxydable tripl\u00e9.<br><br><strong>Formes<\/strong>Plaques rondes \/ Toute forme sp\u00e9ciale<br><br><strong>MOQ<\/strong>:1000 pi\u00e8ces<\/p>\n\n\n\n<p><a href=\"https:\/\/www.hg-cooker.com\/fr\/disques-triples-en-acier-inoxydable\/\" data-type=\"link\" data-id=\"https:\/\/www.hg-cooker.com\/tri-ply-stainless-steel-discs\/\" target=\"_blank\" rel=\"noreferrer noopener\"><strong>D\u00e9couvrez d'autres options personnalisables en acier inoxydable tripl\u00e9<\/strong><\/a><\/p>\n<\/div>\n<\/div>\n\n\n\n<div class=\"wp-block-columns is-layout-flex wp-container-core-columns-is-layout-9d6595d7 wp-block-columns-is-layout-flex\">\n<div class=\"wp-block-column is-layout-flow wp-block-column-is-layout-flow\">\n<figure class=\"wp-block-image size-full\"><img fetchpriority=\"high\" decoding=\"async\" width=\"530\" height=\"530\" src=\"https:\/\/www.hg-cooker.com\/wp-content\/uploads\/2024\/09\/tri-ply-stainless-steel-raw-material-3.png\" alt=\"tri-ply-inox-acier-mati\u00e8re premi\u00e8re (3)\" class=\"wp-image-4429\" srcset=\"https:\/\/www.hg-cooker.com\/wp-content\/uploads\/2024\/09\/tri-ply-stainless-steel-raw-material-3.png 530w, https:\/\/www.hg-cooker.com\/wp-content\/uploads\/2024\/09\/tri-ply-stainless-steel-raw-material-3-150x150.png 150w, https:\/\/www.hg-cooker.com\/wp-content\/uploads\/2024\/09\/tri-ply-stainless-steel-raw-material-3-300x300.png 300w, https:\/\/www.hg-cooker.com\/wp-content\/uploads\/2024\/09\/tri-ply-stainless-steel-raw-material-3-12x12.png 12w, https:\/\/www.hg-cooker.com\/wp-content\/uploads\/2024\/09\/tri-ply-stainless-steel-raw-material-3-285x285.png 285w, https:\/\/www.hg-cooker.com\/wp-content\/uploads\/2024\/09\/tri-ply-stainless-steel-raw-material-3-270x270.png 270w\" sizes=\"(max-width: 530px) 100vw, 530px\" \/><\/figure>\n<\/div>\n\n\n\n<div class=\"wp-block-column is-layout-flow wp-block-column-is-layout-flow\">\n<figure class=\"wp-block-image size-full\"><img decoding=\"async\" width=\"540\" height=\"540\" src=\"https:\/\/www.hg-cooker.com\/wp-content\/uploads\/2024\/09\/tri-ply-stainless-steel-raw-material-4.png\" alt=\"tri-ply-inox-acier-mati\u00e8re premi\u00e8re (4)\" class=\"wp-image-4430\" srcset=\"https:\/\/www.hg-cooker.com\/wp-content\/uploads\/2024\/09\/tri-ply-stainless-steel-raw-material-4.png 540w, https:\/\/www.hg-cooker.com\/wp-content\/uploads\/2024\/09\/tri-ply-stainless-steel-raw-material-4-150x150.png 150w, https:\/\/www.hg-cooker.com\/wp-content\/uploads\/2024\/09\/tri-ply-stainless-steel-raw-material-4-300x300.png 300w, https:\/\/www.hg-cooker.com\/wp-content\/uploads\/2024\/09\/tri-ply-stainless-steel-raw-material-4-12x12.png 12w, https:\/\/www.hg-cooker.com\/wp-content\/uploads\/2024\/09\/tri-ply-stainless-steel-raw-material-4-285x285.png 285w, https:\/\/www.hg-cooker.com\/wp-content\/uploads\/2024\/09\/tri-ply-stainless-steel-raw-material-4-270x270.png 270w\" sizes=\"(max-width: 540px) 100vw, 540px\" \/><\/figure>\n<\/div>\n<\/div>\n\n\n\n<div class=\"wp-block-columns is-layout-flex wp-container-core-columns-is-layout-9d6595d7 wp-block-columns-is-layout-flex\">\n<div class=\"wp-block-column is-layout-flow wp-block-column-is-layout-flow\"><\/div>\n\n\n\n<div class=\"wp-block-column is-layout-flow wp-block-column-is-layout-flow\"><\/div>\n<\/div>","protected":false},"excerpt":{"rendered":"<p>Mati\u00e8res premi\u00e8res en gros en acier inoxydable triple. La couche int\u00e9rieure est en aluminium, prise en sandwich entre deux couches d'acier inoxydable. Ce mat\u00e9riau pr\u00e9sente une excellente conductivit\u00e9 thermique, une grande durabilit\u00e9 et une bonne r\u00e9sistance \u00e0 la corrosion. Il est largement utilis\u00e9 dans de nombreux domaines et constitue une mati\u00e8re premi\u00e8re importante pour la fabrication d'ustensiles de cuisine et d'articles de table haut de gamme. Dans le domaine industriel, il joue \u00e9galement un r\u00f4le important. Par exemple, dans la fabrication de certains \u00e9quipements chimiques dont les exigences en mati\u00e8re de performance des mat\u00e9riaux sont extr\u00eamement \u00e9lev\u00e9es, la performance exceptionnelle de l'acier inoxydable triple offre une garantie solide pour la s\u00e9curit\u00e9 et la stabilit\u00e9 de la production. En tant que fabricant de mati\u00e8res premi\u00e8res en acier inoxydable triply, nous fournissons des mati\u00e8res premi\u00e8res en acier inoxydable triply de haute qualit\u00e9 et soutenons la personnalisation. Nous vous invitons \u00e0 nous contacter B2B pour explorer d'autres opportunit\u00e9s de coop\u00e9ration !<\/p>\n<h3>Caract\u00e9ristiques et avantages des disques triples en acier inoxydable<\/h3>\n<p><strong>Excellente conductivit\u00e9 thermique<\/strong>: La couche d'aluminium au milieu des mati\u00e8res premi\u00e8res en acier inoxydable triple permet de r\u00e9partir uniform\u00e9ment la chaleur et d'am\u00e9liorer l'effet de chauffage. Utilis\u00e9e dans la fabrication d'ustensiles de cuisine, elle permet de cuisiner plus efficacement et d'\u00e9conomiser de l'\u00e9nergie.<\/p>\n<p><strong>Excellente durabilit\u00e9<\/strong>:En termes de durabilit\u00e9, notre acier inoxydable triply est extr\u00eamement performant. Il peut r\u00e9sister \u00e0 une utilisation intensive et \u00e0 l'\u00e9preuve de divers environnements difficiles, et n'est pas facile \u00e0 d\u00e9former, \u00e0 user ou \u00e0 endommager. Apr\u00e8s une utilisation \u00e0 long terme, il peut encore conserver une bonne apparence et de bonnes performances, vous offrant ainsi une valeur durable.<\/p>\n<p><strong>Large \u00e9ventail d'applications<\/strong>Les mati\u00e8res premi\u00e8res en acier triply inoxydable sont largement utilis\u00e9es dans la fabrication d'ustensiles de cuisine, la fabrication industrielle et la fabrication d'appareils m\u00e9dicaux. Il s'agit d'un excellent mat\u00e9riau.<\/p>\n<p><strong>Taille exacte<\/strong>: Notre processus de fabrication permet de contr\u00f4ler avec pr\u00e9cision la taille et l'\u00e9paisseur du disque, ce qui garantit que chaque produit r\u00e9pond aux normes en termes de poids, d'\u00e9paisseur et de plan\u00e9it\u00e9.<\/p>\n<p><strong>Solutions personnalis\u00e9es<\/strong>: En tant que fabricant de mati\u00e8res premi\u00e8res en acier triplement inoxydable, nous fournissons un soutien personnalis\u00e9 aux clients, les mod\u00e8les, les formes, les tailles et les \u00e9paisseurs peuvent \u00eatre personnalis\u00e9s.<\/p>\n<div><a href=\"https:\/\/www.hg-cooker.com\/fr\/produit\/pot-a-lait-bouillant-en-acier-inoxydable-wholesale-14\/\" target=\"_blank\" rel=\"noopener\"><strong>En savoir plus sur le mat\u00e9riau de l'acier inoxydable tripl\u00e9.<\/strong><\/a><\/div>","protected":false},"featured_media":4425,"comment_status":"closed","ping_status":"closed","template":"","meta":[],"product_brand":[],"product_cat":[53],"product_tag":[],"class_list":{"0":"post-4422","1":"product","2":"type-product","3":"status-publish","4":"has-post-thumbnail","6":"product_cat-tri-ply-stainless-steel-discs","8":"first","9":"instock","10":"shipping-taxable","11":"product-type-simple"},"_links":{"self":[{"href":"https:\/\/www.hg-cooker.com\/fr\/wp-json\/wp\/v2\/product\/4422","targetHints":{"allow":["GET"]}}],"collection":[{"href":"https:\/\/www.hg-cooker.com\/fr\/wp-json\/wp\/v2\/product"}],"about":[{"href":"https:\/\/www.hg-cooker.com\/fr\/wp-json\/wp\/v2\/types\/product"}],"replies":[{"embeddable":true,"href":"https:\/\/www.hg-cooker.com\/fr\/wp-json\/wp\/v2\/comments?post=4422"}],"wp:featuredmedia":[{"embeddable":true,"href":"https:\/\/www.hg-cooker.com\/fr\/wp-json\/wp\/v2\/media\/4425"}],"wp:attachment":[{"href":"https:\/\/www.hg-cooker.com\/fr\/wp-json\/wp\/v2\/media?parent=4422"}],"wp:term":[{"taxonomy":"product_brand","embeddable":true,"href":"https:\/\/www.hg-cooker.com\/fr\/wp-json\/wp\/v2\/product_brand?post=4422"},{"taxonomy":"product_cat","embeddable":true,"href":"https:\/\/www.hg-cooker.com\/fr\/wp-json\/wp\/v2\/product_cat?post=4422"},{"taxonomy":"product_tag","embeddable":true,"href":"https:\/\/www.hg-cooker.com\/fr\/wp-json\/wp\/v2\/product_tag?post=4422"}],"curies":[{"name":"wp","href":"https:\/\/api.w.org\/{rel}","templated":true}]}}