{"id":4416,"date":"2025-09-11T07:26:22","date_gmt":"2025-09-11T07:26:22","guid":{"rendered":"https:\/\/www.hg-cooker.com\/?post_type=product&#038;p=4416"},"modified":"2026-04-10T09:54:36","modified_gmt":"2026-04-10T09:54:36","slug":"pot-a-lait-bouillant-en-acier-inoxydable-wholesale-34","status":"publish","type":"product","link":"https:\/\/www.hg-cooker.com\/fr\/produit\/pot-a-lait-bouillant-en-acier-inoxydable-wholesale-34\/","title":{"rendered":"Mini autocuiseur de gros pour la pr\u00e9paration rapide de repas, parfait pour la cuisine d'int\u00e9rieur et d'ext\u00e9rieur."},"content":{"rendered":"<div class=\"wp-block-columns is-layout-flex wp-container-core-columns-is-layout-9d6595d7 wp-block-columns-is-layout-flex\">\n<div class=\"wp-block-column is-layout-flow wp-block-column-is-layout-flow\">\n<h2 class=\"wp-block-heading\">Param\u00e8tres du mini autocuiseur<\/h2>\n\n\n\n<p><strong>Nom du produit<\/strong>: Mini autocuiseur en acier inoxydable<br><br><strong>Mat\u00e9riau du produit<\/strong>: Acier inoxydable 304#S (couvercle) + Acier inoxydable tripl\u00e9 (corps du pot) <br><br><strong>Style<\/strong>: Paroi int\u00e9rieure en acier inoxydable \/ Paroi int\u00e9rieure antiadh\u00e9sive<br><br><strong>Capacit\u00e9<\/strong>: 0.8L\/1.2L\/1.6L\/2.0L\/2.5L\/3.0L\/3.5L\/4.0L<br><br><strong>R\u00e9chaud adapt\u00e9<\/strong>: Le mini autocuiseur est compatible avec la cuisini\u00e8re \u00e0 gaz\/la flamme nue\/l'autocuiseur \u00e0 induction.<br><\/p>\n<\/div>\n\n\n\n<div class=\"wp-block-column is-layout-flow wp-block-column-is-layout-flow\">\n<h2 class=\"wp-block-heading\">Options de mini-cuiseur \u00e0 pression personnalis\u00e9es<\/h2>\n\n\n\n<p><strong>Logo<\/strong>: Personnalisez le logo de votre marque sur le mini autocuiseur et l'emballage.<br><br><strong>Rev\u00eatement<\/strong>: Rev\u00eatement antiadh\u00e9sif \/ Acier inoxydable <br><br><strong>Taille<\/strong>: Personnalisez diff\u00e9rentes tailles de mini-cuiseurs \u00e0 pression en fonction de vos besoins.<br><br><strong>Paquet<\/strong>: carton\/bo\u00eete de couleur.<br><br><a href=\"https:\/\/www.hg-cooker.com\/fr\/custom-solution\/\" data-type=\"page\" data-id=\"2793\" target=\"_blank\" rel=\"noreferrer noopener\"><strong>Explorer plus de d\u00e9tails sur le mini purecooker personnalis\u00e9<\/strong><\/a><\/p>\n<\/div>\n<\/div>\n\n\n\n<div class=\"wp-block-columns is-layout-flex wp-container-core-columns-is-layout-9d6595d7 wp-block-columns-is-layout-flex\">\n<div class=\"wp-block-column is-layout-flow wp-block-column-is-layout-flow\">\n<figure class=\"wp-block-image size-full\"><img fetchpriority=\"high\" decoding=\"async\" width=\"790\" height=\"1007\" src=\"https:\/\/www.hg-cooker.com\/wp-content\/uploads\/2024\/07\/large-capacity-mini-pressure-cooker-detail4.webp\" alt=\"mini autocuiseur de grande capacit\u00e9 d\u00e9tails\" class=\"wp-image-4005\" srcset=\"https:\/\/www.hg-cooker.com\/wp-content\/uploads\/2024\/07\/large-capacity-mini-pressure-cooker-detail4.webp 790w, https:\/\/www.hg-cooker.com\/wp-content\/uploads\/2024\/07\/large-capacity-mini-pressure-cooker-detail4-118x150.webp 118w, https:\/\/www.hg-cooker.com\/wp-content\/uploads\/2024\/07\/large-capacity-mini-pressure-cooker-detail4-518x660.webp 518w, https:\/\/www.hg-cooker.com\/wp-content\/uploads\/2024\/07\/large-capacity-mini-pressure-cooker-detail4-235x300.webp 235w, https:\/\/www.hg-cooker.com\/wp-content\/uploads\/2024\/07\/large-capacity-mini-pressure-cooker-detail4-768x979.webp 768w, https:\/\/www.hg-cooker.com\/wp-content\/uploads\/2024\/07\/large-capacity-mini-pressure-cooker-detail4-9x12.webp 9w, https:\/\/www.hg-cooker.com\/wp-content\/uploads\/2024\/07\/large-capacity-mini-pressure-cooker-detail4-285x363.webp 285w\" sizes=\"(max-width: 790px) 100vw, 790px\" \/><\/figure>\n<\/div>\n\n\n\n<div class=\"wp-block-column is-layout-flow wp-block-column-is-layout-flow\">\n<figure class=\"wp-block-image size-full\"><img decoding=\"async\" width=\"789\" height=\"1000\" src=\"https:\/\/www.hg-cooker.com\/wp-content\/uploads\/2024\/09\/Mini-pressure-cooker-parameter-0.81.2L1.6L2.0L.png\" alt=\"Mini autocuiseur param\u00e8tre 0.8,1.2L1.6L,2.0L\" class=\"wp-image-4417\" srcset=\"https:\/\/www.hg-cooker.com\/wp-content\/uploads\/2024\/09\/Mini-pressure-cooker-parameter-0.81.2L1.6L2.0L.png 789w, https:\/\/www.hg-cooker.com\/wp-content\/uploads\/2024\/09\/Mini-pressure-cooker-parameter-0.81.2L1.6L2.0L-118x150.png 118w, https:\/\/www.hg-cooker.com\/wp-content\/uploads\/2024\/09\/Mini-pressure-cooker-parameter-0.81.2L1.6L2.0L-521x660.png 521w, https:\/\/www.hg-cooker.com\/wp-content\/uploads\/2024\/09\/Mini-pressure-cooker-parameter-0.81.2L1.6L2.0L-237x300.png 237w, https:\/\/www.hg-cooker.com\/wp-content\/uploads\/2024\/09\/Mini-pressure-cooker-parameter-0.81.2L1.6L2.0L-768x973.png 768w, https:\/\/www.hg-cooker.com\/wp-content\/uploads\/2024\/09\/Mini-pressure-cooker-parameter-0.81.2L1.6L2.0L-9x12.png 9w, https:\/\/www.hg-cooker.com\/wp-content\/uploads\/2024\/09\/Mini-pressure-cooker-parameter-0.81.2L1.6L2.0L-285x361.png 285w\" sizes=\"(max-width: 789px) 100vw, 789px\" \/><\/figure>\n<\/div>\n<\/div>","protected":false},"excerpt":{"rendered":"<p>Mini autocuiseur en gros. Ce mini autocuiseur peut r\u00e9aliser une cuisson rapide, cuire le riz en seulement 5 minutes, \u00e9conomiser du temps, \u00e9quip\u00e9 d'un syst\u00e8me avanc\u00e9 de contr\u00f4le de la pression, vous permettant de pr\u00e9parer facilement des plats d\u00e9licieux. Nous invitons les distributeurs, les grossistes et les acheteurs B2B \u00e0 nous contacter pour acheter.<\/p>\n<h2>Caract\u00e9ristiques et avantages du mini autocuiseur<\/h2>\n<div>\n<p><strong>Gain de place :<\/strong> Le plus petit mod\u00e8le de mini-cuiseur \u00e0 pression est de 0,8 litre, ce qui convient \u00e0 un espace limit\u00e9. Il convient particuli\u00e8rement aux petites cuisines, aux voyages en plein air, au camping et \u00e0 d'autres situations.<\/p>\n<p><strong>Non enrob\u00e9 et enrob\u00e9 :<\/strong> Nous proposons deux types de mini-cuiseurs \u00e0 pression : sans rev\u00eatement et avec rev\u00eatement. Le mini autocuiseur avec rev\u00eatement adopte une paroi int\u00e9rieure en c\u00e9ramique de qualit\u00e9 alimentaire \u00e0 rev\u00eatement nanom\u00e9trique. Il a d'excellentes performances antiadh\u00e9sives et est tr\u00e8s s\u00fbr.<\/p>\n<p><strong>Capacit\u00e9s multiples :<\/strong> Nous proposons 7 capacit\u00e9s de mini autocuiseurs, avec des capacit\u00e9s de 0,8L, 1,2L, 1,6L, 2,0L, 2,5L, 3,5L et 4,0L pour r\u00e9pondre aux besoins des diff\u00e9rentes personnes et familles. L'autocuiseur de 4 litres peut r\u00e9pondre aux besoins alimentaires de 7 \u00e0 8 personnes. Les mini autocuiseurs de 0,8 litre et de 1,2 litre conviennent mieux aux c\u00e9libataires et aux petites familles.<\/p>\n<p><strong>Cuisson rapide :<\/strong> Le mini autocuiseur adopte la technologie de la haute pression, qui permet de r\u00e9duire consid\u00e9rablement le temps de cuisson des aliments pendant le processus de cuisson. Avec l'autocuiseur miniature, la cuisson du riz ne prend que 5 minutes.<\/p>\n<p><strong>Service de vente en gros :<\/strong> Nous fournissons des mini-cuiseurs \u00e0 pression en gros et des services professionnels OEM et ODM. De la personnalisation au transport en passant par la production, Hengguang Pressure Cooker Factory vous apporte un soutien complet.<\/p>\n<\/div>","protected":false},"featured_media":7025,"comment_status":"closed","ping_status":"closed","template":"","meta":[],"product_brand":[],"product_cat":[49],"product_tag":[],"class_list":{"0":"post-4416","1":"product","2":"type-product","3":"status-publish","4":"has-post-thumbnail","6":"product_cat-mini-pressure-cooker","8":"first","9":"instock","10":"shipping-taxable","11":"product-type-simple"},"_links":{"self":[{"href":"https:\/\/www.hg-cooker.com\/fr\/wp-json\/wp\/v2\/product\/4416","targetHints":{"allow":["GET"]}}],"collection":[{"href":"https:\/\/www.hg-cooker.com\/fr\/wp-json\/wp\/v2\/product"}],"about":[{"href":"https:\/\/www.hg-cooker.com\/fr\/wp-json\/wp\/v2\/types\/product"}],"replies":[{"embeddable":true,"href":"https:\/\/www.hg-cooker.com\/fr\/wp-json\/wp\/v2\/comments?post=4416"}],"wp:featuredmedia":[{"embeddable":true,"href":"https:\/\/www.hg-cooker.com\/fr\/wp-json\/wp\/v2\/media\/7025"}],"wp:attachment":[{"href":"https:\/\/www.hg-cooker.com\/fr\/wp-json\/wp\/v2\/media?parent=4416"}],"wp:term":[{"taxonomy":"product_brand","embeddable":true,"href":"https:\/\/www.hg-cooker.com\/fr\/wp-json\/wp\/v2\/product_brand?post=4416"},{"taxonomy":"product_cat","embeddable":true,"href":"https:\/\/www.hg-cooker.com\/fr\/wp-json\/wp\/v2\/product_cat?post=4416"},{"taxonomy":"product_tag","embeddable":true,"href":"https:\/\/www.hg-cooker.com\/fr\/wp-json\/wp\/v2\/product_tag?post=4416"}],"curies":[{"name":"wp","href":"https:\/\/api.w.org\/{rel}","templated":true}]}}