{"id":4353,"date":"2024-08-30T09:31:40","date_gmt":"2024-08-30T09:31:40","guid":{"rendered":"https:\/\/www.hg-cooker.com\/?post_type=product&#038;p=4353"},"modified":"2024-08-30T10:16:00","modified_gmt":"2024-08-30T10:16:00","slug":"pot-a-lait-bouillant-en-acier-inoxydable-wholesale-33","status":"publish","type":"product","link":"https:\/\/www.hg-cooker.com\/fr\/produit\/pot-a-lait-bouillant-en-acier-inoxydable-wholesale-33\/","title":{"rendered":"Bo\u00eete \u00e0 bento en acier inoxydable Prix de gros d'usine Id\u00e9ale pour les \u00e9coles, les distributeurs et les grossistes"},"content":{"rendered":"<div class=\"wp-block-columns is-layout-flex wp-container-core-columns-is-layout-9d6595d7 wp-block-columns-is-layout-flex\">\n<div class=\"wp-block-column is-layout-flow wp-block-column-is-layout-flow\">\n<h3 class=\"wp-block-heading\">Param\u00e8tres des bo\u00eetes \u00e0 bento en acier inoxydable<\/h3>\n\n\n\n<figure class=\"wp-block-table\"><table class=\"has-fixed-layout\"><tbody><tr><td>Lieu d'origine<\/td><td>Nom de la marque<\/td><td>Type<\/td><td>Nom du produit<\/td><td>Emballage<\/td><td>Grade<\/td><td>Couleur<\/td><td>Forme<\/td><td>Genre<\/td><td>Taille<\/td><td>Description<\/td><td>Custimation<\/td><td>D\u00e9tails de l'emballage<\/td><\/tr><tr><td>Chine<\/td><td>Hengguang<\/td><td>Bo\u00eete \u00e0 lunch<\/td><td>Bo\u00eete \u00e0 lunch \u00e9tanche<\/td><td>Bo\u00eete de couleur<\/td><td>Qualit\u00e9 alimentaire<\/td><td>Argent<\/td><td>Rectangle<\/td><td>2 composants, 3 composants<\/td><td>petit, moyen, grand<\/td><td>Respect de l'environnement<\/td><td>Disponible<\/td><td>Chaque pi\u00e8ce est emball\u00e9e dans un sac en film plastique, puis dans une bo\u00eete de couleur et dans des quantit\u00e9s plus importantes pour l'exportation.<\/td><\/tr><\/tbody><\/table><\/figure>\n<\/div>\n<\/div>\n\n\n\n<div class=\"wp-block-columns is-layout-flex wp-container-core-columns-is-layout-9d6595d7 wp-block-columns-is-layout-flex\">\n<div class=\"wp-block-column is-layout-flow wp-block-column-is-layout-flow\">\n<h3 class=\"wp-block-heading\">Bo\u00eete \u00e0 bento personnalis\u00e9e<\/h3>\n\n\n\n<p><strong>Logo<\/strong>: Personnalisez le logo de votre marque sur la bo\u00eete \u00e0 bento et l'emballage.<br><br><strong>Taille<\/strong>: Nous pouvons personnaliser la bo\u00eete \u00e0 bento en diff\u00e9rentes tailles selon vos besoins.<br><br><strong>Paquet<\/strong>: carton\/bo\u00eete de couleur.<br><br><a href=\"https:\/\/www.hg-cooker.com\/fr\/custom-solution\/\" data-type=\"page\" data-id=\"2793\" target=\"_blank\" rel=\"noreferrer noopener\"><strong>Explorer plus de d\u00e9tails OEM&amp;ODM sur mesure<\/strong><\/a><\/p>\n<\/div>\n<\/div>\n\n\n\n<div class=\"wp-block-columns is-layout-flex wp-container-core-columns-is-layout-9d6595d7 wp-block-columns-is-layout-flex\">\n<div class=\"wp-block-column is-layout-flow wp-block-column-is-layout-flow\">\n<figure class=\"wp-block-image size-full\"><img fetchpriority=\"high\" decoding=\"async\" width=\"750\" height=\"452\" src=\"https:\/\/www.hg-cooker.com\/wp-content\/uploads\/2024\/08\/pink-bento-box-wholesale-2.jpg\" alt=\"Bo\u00eete \u00e0 bento rose en gros (2)\" class=\"wp-image-4355\" srcset=\"https:\/\/www.hg-cooker.com\/wp-content\/uploads\/2024\/08\/pink-bento-box-wholesale-2.jpg 750w, https:\/\/www.hg-cooker.com\/wp-content\/uploads\/2024\/08\/pink-bento-box-wholesale-2-150x90.jpg 150w, https:\/\/www.hg-cooker.com\/wp-content\/uploads\/2024\/08\/pink-bento-box-wholesale-2-660x398.jpg 660w, https:\/\/www.hg-cooker.com\/wp-content\/uploads\/2024\/08\/pink-bento-box-wholesale-2-300x181.jpg 300w, https:\/\/www.hg-cooker.com\/wp-content\/uploads\/2024\/08\/pink-bento-box-wholesale-2-18x12.jpg 18w, https:\/\/www.hg-cooker.com\/wp-content\/uploads\/2024\/08\/pink-bento-box-wholesale-2-285x172.jpg 285w\" sizes=\"(max-width: 750px) 100vw, 750px\" \/><\/figure>\n<\/div>\n\n\n\n<div class=\"wp-block-column is-layout-flow wp-block-column-is-layout-flow\">\n<figure class=\"wp-block-image size-full\"><img decoding=\"async\" width=\"750\" height=\"452\" src=\"https:\/\/www.hg-cooker.com\/wp-content\/uploads\/2024\/08\/green-bento-box-wholesale-1.jpg\" alt=\"bo\u00eete \u00e0 bento verte en gros (1)\" class=\"wp-image-4354\" srcset=\"https:\/\/www.hg-cooker.com\/wp-content\/uploads\/2024\/08\/green-bento-box-wholesale-1.jpg 750w, https:\/\/www.hg-cooker.com\/wp-content\/uploads\/2024\/08\/green-bento-box-wholesale-1-150x90.jpg 150w, https:\/\/www.hg-cooker.com\/wp-content\/uploads\/2024\/08\/green-bento-box-wholesale-1-660x398.jpg 660w, https:\/\/www.hg-cooker.com\/wp-content\/uploads\/2024\/08\/green-bento-box-wholesale-1-300x181.jpg 300w, https:\/\/www.hg-cooker.com\/wp-content\/uploads\/2024\/08\/green-bento-box-wholesale-1-18x12.jpg 18w, https:\/\/www.hg-cooker.com\/wp-content\/uploads\/2024\/08\/green-bento-box-wholesale-1-285x172.jpg 285w\" sizes=\"(max-width: 750px) 100vw, 750px\" \/><\/figure>\n<\/div>\n<\/div>","protected":false},"excerpt":{"rendered":"<p>Notre bo\u00eete \u00e0 lunch en acier inoxydable est disponible \u00e0 un prix de gros d'usine. Elle convient aux d\u00e9taillants, aux grossistes et aux \u00e9coles qui ont besoin d'acheter de grandes quantit\u00e9s. Cette bo\u00eete \u00e0 lunch est fabriqu\u00e9e en acier inoxydable de haute qualit\u00e9, et la conception multicouche peut s\u00e9parer efficacement les diff\u00e9rents aliments, convenant \u00e0 un r\u00e9gime alimentaire \u00e9quilibr\u00e9 et \u00e0 un contr\u00f4le raisonnable des portions. Nous proposons des services de personnalisation OEM&amp;ODM pour r\u00e9pondre aux besoins sp\u00e9cifiques et aux exigences des marques.<\/p>\n<h2>Caract\u00e9ristiques de la bo\u00eete \u00e0 bento en acier inoxydable<\/p>\n<\/h2>\n<p><strong>Mat\u00e9riau en acier inoxydable de haute qualit\u00e9<\/strong>: Notre bo\u00eete \u00e0 lunch est fabriqu\u00e9e en acier inoxydable 304 de haute qualit\u00e9, qui peut facilement r\u00e9sister aux d\u00e9fis acides et alcalins, rester \u00e0 l'\u00e9cart des probl\u00e8mes de rouille et de d\u00e9coloration, et garantir qu'elle reste en bon \u00e9tat pendant une utilisation \u00e0 long terme.<\/p>\n<p><strong>Conception en couches<\/strong>: La conception en couches permet de stocker ind\u00e9pendamment diff\u00e9rents types d'aliments, s'adaptant ainsi de mani\u00e8re flexible \u00e0 une vari\u00e9t\u00e9 de repas, simplifiant la gestion des aliments et permettant de pr\u00e9parer chaque repas dans l'ordre.<\/p>\n<p><strong>Structure durable<\/strong>: Cette bo\u00eete \u00e0 lunch est con\u00e7ue pour \u00eatre robuste et durable. Elle est fabriqu\u00e9e en acier inoxydable \u00e0 haute r\u00e9sistance, qui peut supporter la pression et l'impact d'une utilisation quotidienne ; c'est un produit de haute qualit\u00e9 qui peut r\u00e9sister \u00e0 l'\u00e9preuve.<\/p>\n<p><strong>Couvercle \u00e9tanche scell\u00e9<\/strong>: La bo\u00eete \u00e0 lunch est \u00e9quip\u00e9e d'un couvercle \u00e9tanche qui emp\u00eache efficacement les fuites de liquide. Il garantit la s\u00e9curit\u00e9 des aliments pendant le transport et veille \u00e0 ce que les aliments restent propres et bien rang\u00e9s.<\/p>\n<p><strong>Performance d'isolation<\/strong>: La bo\u00eete \u00e0 lunch en acier inoxydable pr\u00e9sente de bonnes performances en mati\u00e8re d'isolation. Elle convient non seulement \u00e0 la conservation d'aliments chauds, mais elle peut \u00e9galement r\u00e9sister aux basses temp\u00e9ratures, ce qui lui permet de conserver des aliments r\u00e9frig\u00e9r\u00e9s.<\/p>\n<p><strong>Mat\u00e9riaux respectueux de l'environnement<\/strong>: Par rapport aux produits en plastique jetables, les bo\u00eetes \u00e0 lunch en acier inoxydable peuvent \u00eatre recycl\u00e9es, ce qui constitue un mode de vie durable et un choix id\u00e9al pour la protection de l'environnement.<\/p>\n<p><strong>Large application<\/strong>: Cette bo\u00eete \u00e0 lunch convient parfaitement aux repas scolaires, aux d\u00e9jeuners de travail, aux r\u00e9unions de famille et \u00e0 d'autres occasions gr\u00e2ce \u00e0 ses excellentes performances et \u00e0 son design.<\/p>","protected":false},"featured_media":4354,"comment_status":"closed","ping_status":"closed","template":"","meta":[],"product_brand":[],"product_cat":[51],"product_tag":[],"class_list":{"0":"post-4353","1":"product","2":"type-product","3":"status-publish","4":"has-post-thumbnail","6":"product_cat-food-storage-container","8":"first","9":"instock","10":"shipping-taxable","11":"product-type-simple"},"_links":{"self":[{"href":"https:\/\/www.hg-cooker.com\/fr\/wp-json\/wp\/v2\/product\/4353","targetHints":{"allow":["GET"]}}],"collection":[{"href":"https:\/\/www.hg-cooker.com\/fr\/wp-json\/wp\/v2\/product"}],"about":[{"href":"https:\/\/www.hg-cooker.com\/fr\/wp-json\/wp\/v2\/types\/product"}],"replies":[{"embeddable":true,"href":"https:\/\/www.hg-cooker.com\/fr\/wp-json\/wp\/v2\/comments?post=4353"}],"wp:featuredmedia":[{"embeddable":true,"href":"https:\/\/www.hg-cooker.com\/fr\/wp-json\/wp\/v2\/media\/4354"}],"wp:attachment":[{"href":"https:\/\/www.hg-cooker.com\/fr\/wp-json\/wp\/v2\/media?parent=4353"}],"wp:term":[{"taxonomy":"product_brand","embeddable":true,"href":"https:\/\/www.hg-cooker.com\/fr\/wp-json\/wp\/v2\/product_brand?post=4353"},{"taxonomy":"product_cat","embeddable":true,"href":"https:\/\/www.hg-cooker.com\/fr\/wp-json\/wp\/v2\/product_cat?post=4353"},{"taxonomy":"product_tag","embeddable":true,"href":"https:\/\/www.hg-cooker.com\/fr\/wp-json\/wp\/v2\/product_tag?post=4353"}],"curies":[{"name":"wp","href":"https:\/\/api.w.org\/{rel}","templated":true}]}}