{"id":4345,"date":"2024-09-01T08:31:08","date_gmt":"2024-09-01T08:31:08","guid":{"rendered":"https:\/\/www.hg-cooker.com\/?post_type=product&#038;p=4345"},"modified":"2025-11-13T06:02:13","modified_gmt":"2025-11-13T06:02:13","slug":"pot-a-lait-bouillant-en-acier-inoxydable-wholesale-32","status":"publish","type":"product","link":"https:\/\/www.hg-cooker.com\/fr\/produit\/pot-a-lait-bouillant-en-acier-inoxydable-wholesale-32\/","title":{"rendered":"Bo\u00eetes \u00e0 lunch en gros fabriqu\u00e9es en acier inoxydable durable"},"content":{"rendered":"<div class=\"wp-block-columns is-layout-flex wp-container-core-columns-is-layout-9d6595d7 wp-block-columns-is-layout-flex\">\n<div class=\"wp-block-column is-layout-flow wp-block-column-is-layout-flow\">\n<h3 class=\"wp-block-heading\">Param\u00e8tres des bo\u00eetes \u00e0 lunch en acier inoxydable<\/h3>\n\n\n\n<figure class=\"wp-block-table\"><table class=\"has-fixed-layout\"><tbody><tr><td>Lieu d'origine<\/td><td>Nom de la marque<\/td><td>Type<\/td><td>Nom du produit<\/td><td>Emballage<\/td><td>Grade<\/td><td>Couleur<\/td><td>Forme<\/td><td>Genre<\/td><td>Taille<\/td><td>Description<\/td><td>Custimation<\/td><td>D\u00e9tails de l'emballage<\/td><\/tr><tr><td>Chine<\/td><td>Hengguang<\/td><td>Bo\u00eete \u00e0 lunch<\/td><td>Bo\u00eete \u00e0 lunch \u00e9tanche<\/td><td>Bo\u00eete de couleur<\/td><td>Qualit\u00e9 alimentaire<\/td><td>Argent<\/td><td>Rectangle<\/td><td>2 composants, 3 composants<\/td><td>petit, moyen, grand<\/td><td>Respect de l'environnement<\/td><td>Disponible<\/td><td>Chaque pi\u00e8ce est emball\u00e9e dans un sac en film plastique, puis dans une bo\u00eete de couleur et dans des quantit\u00e9s plus importantes pour l'exportation.<\/td><\/tr><\/tbody><\/table><\/figure>\n<\/div>\n<\/div>\n\n\n\n<div class=\"wp-block-columns is-layout-flex wp-container-core-columns-is-layout-9d6595d7 wp-block-columns-is-layout-flex\">\n<div class=\"wp-block-column is-layout-flow wp-block-column-is-layout-flow\">\n<h3 class=\"wp-block-heading\">Bo\u00eete \u00e0 lunch personnalis\u00e9e<\/h3>\n\n\n\n<p><strong>Logo<\/strong>: Personnalisez le logo de votre marque sur la bo\u00eete \u00e0 lunch et l'emballage.<br><br><strong>Taille<\/strong>: Nous pouvons personnaliser la bo\u00eete \u00e0 lunch en diff\u00e9rentes tailles selon vos besoins.<br><br><strong>Paquet<\/strong>: carton\/bo\u00eete de couleur.<br><br><a href=\"https:\/\/www.hg-cooker.com\/fr\/custom-solution\/\" data-type=\"page\" data-id=\"2793\" target=\"_blank\" rel=\"noreferrer noopener\"><strong>Explorer plus de d\u00e9tails OEM&amp;ODM sur mesure<\/strong><\/a><\/p>\n<\/div>\n<\/div>\n\n\n\n<div class=\"wp-block-columns is-layout-flex wp-container-core-columns-is-layout-9d6595d7 wp-block-columns-is-layout-flex\">\n<div class=\"wp-block-column is-layout-flow wp-block-column-is-layout-flow\">\n<figure class=\"wp-block-image size-full\"><img fetchpriority=\"high\" decoding=\"async\" width=\"790\" height=\"1113\" src=\"https:\/\/www.hg-cooker.com\/wp-content\/uploads\/2024\/08\/lunch-boxes-parameter.jpg\" alt=\"Param\u00e8tres des bo\u00eetes \u00e0 lunch\" class=\"wp-image-4347\" srcset=\"https:\/\/www.hg-cooker.com\/wp-content\/uploads\/2024\/08\/lunch-boxes-parameter.jpg 790w, https:\/\/www.hg-cooker.com\/wp-content\/uploads\/2024\/08\/lunch-boxes-parameter-106x150.jpg 106w, https:\/\/www.hg-cooker.com\/wp-content\/uploads\/2024\/08\/lunch-boxes-parameter-468x660.jpg 468w, https:\/\/www.hg-cooker.com\/wp-content\/uploads\/2024\/08\/lunch-boxes-parameter-213x300.jpg 213w, https:\/\/www.hg-cooker.com\/wp-content\/uploads\/2024\/08\/lunch-boxes-parameter-768x1082.jpg 768w, https:\/\/www.hg-cooker.com\/wp-content\/uploads\/2024\/08\/lunch-boxes-parameter-9x12.jpg 9w, https:\/\/www.hg-cooker.com\/wp-content\/uploads\/2024\/08\/lunch-boxes-parameter-285x402.jpg 285w\" sizes=\"(max-width: 790px) 100vw, 790px\" \/><\/figure>\n<\/div>\n\n\n\n<div class=\"wp-block-column is-layout-flow wp-block-column-is-layout-flow\">\n<figure class=\"wp-block-image size-full\"><img decoding=\"async\" width=\"790\" height=\"1113\" src=\"https:\/\/www.hg-cooker.com\/wp-content\/uploads\/2024\/08\/lunch-boxes-design.jpg\" alt=\"bo\u00eetes \u00e0 lunch design\" class=\"wp-image-4346\" srcset=\"https:\/\/www.hg-cooker.com\/wp-content\/uploads\/2024\/08\/lunch-boxes-design.jpg 790w, https:\/\/www.hg-cooker.com\/wp-content\/uploads\/2024\/08\/lunch-boxes-design-106x150.jpg 106w, https:\/\/www.hg-cooker.com\/wp-content\/uploads\/2024\/08\/lunch-boxes-design-468x660.jpg 468w, https:\/\/www.hg-cooker.com\/wp-content\/uploads\/2024\/08\/lunch-boxes-design-213x300.jpg 213w, https:\/\/www.hg-cooker.com\/wp-content\/uploads\/2024\/08\/lunch-boxes-design-768x1082.jpg 768w, https:\/\/www.hg-cooker.com\/wp-content\/uploads\/2024\/08\/lunch-boxes-design-9x12.jpg 9w, https:\/\/www.hg-cooker.com\/wp-content\/uploads\/2024\/08\/lunch-boxes-design-285x402.jpg 285w\" sizes=\"(max-width: 790px) 100vw, 790px\" \/><\/figure>\n<\/div>\n<\/div>","protected":false},"excerpt":{"rendered":"<p>Bo\u00eetes \u00e0 lunch de haute qualit\u00e9,Nos bo\u00eetes \u00e0 lunch sont fabriqu\u00e9es en acier inoxydable 304 de haute qualit\u00e9, durable et conforme aux normes alimentaires, ce qui vous permet de d\u00e9guster des aliments sains et s\u00fbrs \u00e0 tout moment et en tout lieu. La conception de la poign\u00e9e est optimis\u00e9e, ergonomique et facile \u00e0 transporter. Le bord lisse et incurv\u00e9 ne pr\u00e9sente pas de bavures, ce qui permet aux utilisateurs de l'utiliser confortablement. En tant que fabricant de bo\u00eetes \u00e0 lunch en acier inoxydable, nous fournissons des services OEM et ODM, contactez-nous maintenant pour obtenir des bo\u00eetes \u00e0 lunch en gros \u00e0 des prix d'usine.<\/p>\n<h2>Caract\u00e9ristiques de la bo\u00eete \u00e0 lunch en acier inoxydable<\/p>\n<\/h2>\n<p><strong>Acier inoxydable 304 de qualit\u00e9 alimentaire<\/strong>: Fabriqu\u00e9e en acier inoxydable 304 de qualit\u00e9 alimentaire, l'excellente r\u00e9sistance \u00e0 la corrosion permet de r\u00e9sister \u00e0 l'\u00e9rosion par l'acide et l'alcali lors d'une utilisation quotidienne, et la forte durabilit\u00e9 permet \u00e0 cette bo\u00eete \u00e0 lunch en acier inoxydable de ne pas se d\u00e9former ou de s'user apr\u00e8s une utilisation \u00e0 long terme.<\/p>\n<p><strong>Joint d'\u00e9tanch\u00e9it\u00e9<\/strong>: \u00c9quip\u00e9 d'un joint \u00e9tanche efficace, la conception est exquise pour emp\u00eacher les fuites de soupe et de liquide, \u00e9viter la contamination d'autres articles et \u00e9viter les probl\u00e8mes et le nettoyage caus\u00e9s par les fuites.<\/p>\n<p><strong>Serrure de s\u00e9curit\u00e9 solide<\/strong>: \u00c9quip\u00e9e d'une solide serrure de s\u00e9curit\u00e9, elle permet de verrouiller efficacement la bo\u00eete \u00e0 lunch afin d'\u00e9viter toute fuite accidentelle de nourriture pendant les d\u00e9placements.<\/p>\n<p><strong>Poign\u00e9e pratique<\/strong>: La poign\u00e9e de la bo\u00eete \u00e0 lunch est ergonomique, offrant une prise confortable et une exp\u00e9rience de transport pratique, convenant au travail, \u00e0 l'\u00e9cole et aux voyages.<\/p>\n<p><strong>Durable et facile \u00e0 nettoyer<\/strong>: L'acier inoxydable est non seulement tr\u00e8s r\u00e9sistant, mais aussi facile \u00e0 nettoyer et \u00e0 entretenir. Apr\u00e8s une utilisation fr\u00e9quente, il n'est pas facile d'avoir des odeurs ou des d\u00e9colorations, ce qui garantit que la bo\u00eete \u00e0 lunch reste toujours hygi\u00e9nique et belle.<\/p>\n<p><strong>Design moderne<\/strong>: L'apparence de la bo\u00eete \u00e0 lunch est simple et \u00e9l\u00e9gante, ce qui permet de l'assortir parfaitement \u00e0 diff\u00e9rents styles de cuisine et de vaisselle.<\/p>\n<p><strong>Options de tailles multiples<\/strong>: Nous offrons une vari\u00e9t\u00e9 de tailles de bo\u00eetes \u00e0 lunch pour r\u00e9pondre \u00e0 diff\u00e9rents besoins, qu'il s'agisse d'un repas unique ou d'un d\u00eener en famille, vous pouvez trouver le style ad\u00e9quat. Les diff\u00e9rentes tailles sont dot\u00e9es de compartiments doubles ou triples, ce qui permet aux utilisateurs de transporter une vari\u00e9t\u00e9 de repas diff\u00e9rents selon leurs besoins.<\/p>\n<p>&nbsp;<\/p>","protected":false},"featured_media":4352,"comment_status":"closed","ping_status":"closed","template":"","meta":[],"product_brand":[],"product_cat":[51],"product_tag":[],"class_list":{"0":"post-4345","1":"product","2":"type-product","3":"status-publish","4":"has-post-thumbnail","6":"product_cat-food-storage-container","8":"first","9":"instock","10":"shipping-taxable","11":"product-type-simple"},"_links":{"self":[{"href":"https:\/\/www.hg-cooker.com\/fr\/wp-json\/wp\/v2\/product\/4345","targetHints":{"allow":["GET"]}}],"collection":[{"href":"https:\/\/www.hg-cooker.com\/fr\/wp-json\/wp\/v2\/product"}],"about":[{"href":"https:\/\/www.hg-cooker.com\/fr\/wp-json\/wp\/v2\/types\/product"}],"replies":[{"embeddable":true,"href":"https:\/\/www.hg-cooker.com\/fr\/wp-json\/wp\/v2\/comments?post=4345"}],"wp:featuredmedia":[{"embeddable":true,"href":"https:\/\/www.hg-cooker.com\/fr\/wp-json\/wp\/v2\/media\/4352"}],"wp:attachment":[{"href":"https:\/\/www.hg-cooker.com\/fr\/wp-json\/wp\/v2\/media?parent=4345"}],"wp:term":[{"taxonomy":"product_brand","embeddable":true,"href":"https:\/\/www.hg-cooker.com\/fr\/wp-json\/wp\/v2\/product_brand?post=4345"},{"taxonomy":"product_cat","embeddable":true,"href":"https:\/\/www.hg-cooker.com\/fr\/wp-json\/wp\/v2\/product_cat?post=4345"},{"taxonomy":"product_tag","embeddable":true,"href":"https:\/\/www.hg-cooker.com\/fr\/wp-json\/wp\/v2\/product_tag?post=4345"}],"curies":[{"name":"wp","href":"https:\/\/api.w.org\/{rel}","templated":true}]}}