{"id":4339,"date":"2024-08-30T07:38:23","date_gmt":"2024-08-30T07:38:23","guid":{"rendered":"https:\/\/www.hg-cooker.com\/?post_type=product&#038;p=4339"},"modified":"2024-08-30T15:01:23","modified_gmt":"2024-08-30T15:01:23","slug":"pot-a-lait-bouillant-en-acier-inoxydable-wholesale-31","status":"publish","type":"product","link":"https:\/\/www.hg-cooker.com\/fr\/produit\/pot-a-lait-bouillant-en-acier-inoxydable-wholesale-31\/","title":{"rendered":"Batterie de cuisine en fonte en gros - fiable pour les chefs \u00e0 domicile et les cuisines professionnelles"},"content":{"rendered":"<div class=\"wp-block-columns is-layout-flex wp-container-core-columns-is-layout-9d6595d7 wp-block-columns-is-layout-flex\">\n<div class=\"wp-block-column is-layout-flow wp-block-column-is-layout-flow\">\n<h3 class=\"wp-block-heading\">Param\u00e8tres des ustensiles de cuisine en fonte<\/h3>\n\n\n\n<figure class=\"wp-block-table\"><table class=\"has-fixed-layout\"><tbody><tr><td>Lieu d'origine<\/td><td>Type<\/td><td>Couvercle de pot<\/td><td>Rev\u00eatement<\/td><td>Forme<\/td><td>Capacit\u00e9<\/td><td>couleur<\/td><td>Poign\u00e9e<\/td><td>couvercle de pot<\/td><td>MOQ<\/td><\/tr><tr><td>Guangdong, Chine<\/td><td>Casseroles<\/td><td>Avec couvercle de pot<\/td><td>c\u00e9ramique<\/td><td>Ovale<\/td><td>3L\/4L\/5L<\/td><td>rouge, vert, noir, bleu, orange, jaune, rose, vert arm\u00e9e<\/td><td>deux oreilles<\/td><td>avec couvercle de pot<\/td><td>6<\/td><\/tr><\/tbody><\/table><\/figure>\n<\/div>\n<\/div>\n\n\n\n<div class=\"wp-block-columns is-layout-flex wp-container-core-columns-is-layout-9d6595d7 wp-block-columns-is-layout-flex\">\n<div class=\"wp-block-column is-layout-flow wp-block-column-is-layout-flow\">\n<h3 class=\"wp-block-heading\">Ustensiles de cuisine en fonte personnalis\u00e9s <\/h3>\n\n\n\n<p><strong>Logo<\/strong>: Personnalisez le logo de votre marque sur les ustensiles de cuisine en fonte et sur l'emballage.<br><br><strong>Taille<\/strong>: Nous pouvons personnaliser les ustensiles de cuisine en fonte dans diff\u00e9rentes tailles selon vos besoins.<br><br><strong>Paquet<\/strong>: carton\/bo\u00eete de couleur.<br><br><a href=\"https:\/\/www.hg-cooker.com\/fr\/custom-solution\/\" data-type=\"page\" data-id=\"2793\" target=\"_blank\" rel=\"noreferrer noopener\"><strong>Explorer plus de d\u00e9tails OEM&amp;ODM sur mesure<\/strong><\/a><\/p>\n<\/div>\n<\/div>\n\n\n\n<div class=\"wp-block-columns is-layout-flex wp-container-core-columns-is-layout-9d6595d7 wp-block-columns-is-layout-flex\">\n<div class=\"wp-block-column is-layout-flow wp-block-column-is-layout-flow\">\n<figure class=\"wp-block-image size-full\"><img fetchpriority=\"high\" decoding=\"async\" width=\"750\" height=\"750\" src=\"https:\/\/www.hg-cooker.com\/wp-content\/uploads\/2024\/08\/wholesale-cast-iron-kitchen-cookware-4.jpg\" alt=\"ustensiles de cuisine en fonte en gros (4)\" class=\"wp-image-4343\" srcset=\"https:\/\/www.hg-cooker.com\/wp-content\/uploads\/2024\/08\/wholesale-cast-iron-kitchen-cookware-4.jpg 750w, https:\/\/www.hg-cooker.com\/wp-content\/uploads\/2024\/08\/wholesale-cast-iron-kitchen-cookware-4-150x150.jpg 150w, https:\/\/www.hg-cooker.com\/wp-content\/uploads\/2024\/08\/wholesale-cast-iron-kitchen-cookware-4-660x660.jpg 660w, https:\/\/www.hg-cooker.com\/wp-content\/uploads\/2024\/08\/wholesale-cast-iron-kitchen-cookware-4-300x300.jpg 300w, https:\/\/www.hg-cooker.com\/wp-content\/uploads\/2024\/08\/wholesale-cast-iron-kitchen-cookware-4-12x12.jpg 12w, https:\/\/www.hg-cooker.com\/wp-content\/uploads\/2024\/08\/wholesale-cast-iron-kitchen-cookware-4-285x285.jpg 285w, https:\/\/www.hg-cooker.com\/wp-content\/uploads\/2024\/08\/wholesale-cast-iron-kitchen-cookware-4-270x270.jpg 270w, https:\/\/www.hg-cooker.com\/wp-content\/uploads\/2024\/08\/wholesale-cast-iron-kitchen-cookware-4-540x540.jpg 540w\" sizes=\"(max-width: 750px) 100vw, 750px\" \/><\/figure>\n<\/div>\n\n\n\n<div class=\"wp-block-column is-layout-flow wp-block-column-is-layout-flow\">\n<figure class=\"wp-block-image size-full\"><img decoding=\"async\" width=\"750\" height=\"750\" src=\"https:\/\/www.hg-cooker.com\/wp-content\/uploads\/2024\/08\/wholesale-cast-iron-kitchen-cookware-5.jpg\" alt=\"ustensiles de cuisine en fonte en gros (5)\" class=\"wp-image-4344\" srcset=\"https:\/\/www.hg-cooker.com\/wp-content\/uploads\/2024\/08\/wholesale-cast-iron-kitchen-cookware-5.jpg 750w, https:\/\/www.hg-cooker.com\/wp-content\/uploads\/2024\/08\/wholesale-cast-iron-kitchen-cookware-5-150x150.jpg 150w, https:\/\/www.hg-cooker.com\/wp-content\/uploads\/2024\/08\/wholesale-cast-iron-kitchen-cookware-5-660x660.jpg 660w, https:\/\/www.hg-cooker.com\/wp-content\/uploads\/2024\/08\/wholesale-cast-iron-kitchen-cookware-5-300x300.jpg 300w, https:\/\/www.hg-cooker.com\/wp-content\/uploads\/2024\/08\/wholesale-cast-iron-kitchen-cookware-5-12x12.jpg 12w, https:\/\/www.hg-cooker.com\/wp-content\/uploads\/2024\/08\/wholesale-cast-iron-kitchen-cookware-5-285x285.jpg 285w, https:\/\/www.hg-cooker.com\/wp-content\/uploads\/2024\/08\/wholesale-cast-iron-kitchen-cookware-5-270x270.jpg 270w, https:\/\/www.hg-cooker.com\/wp-content\/uploads\/2024\/08\/wholesale-cast-iron-kitchen-cookware-5-540x540.jpg 540w\" sizes=\"(max-width: 750px) 100vw, 750px\" \/><\/figure>\n<\/div>\n<\/div>","protected":false},"excerpt":{"rendered":"<p>Nos ustensiles de cuisine en fonte sont disponibles dans une grande vari\u00e9t\u00e9 de couleurs. Fabriqu\u00e9s en fonte de haute qualit\u00e9, ils permettent de chauffer uniform\u00e9ment et de conserver la chaleur, de sorte que les aliments cuits conservent leur d\u00e9licieuse saveur. Cette batterie de cuisine en fonte est \u00e9maill\u00e9e pour am\u00e9liorer la durabilit\u00e9 et la r\u00e9sistance \u00e0 la corrosion de la batterie de cuisine, ce qui la rend comp\u00e9tente pour diverses t\u00e2ches de cuisine. L'aspect color\u00e9 ajoute une touche de modernit\u00e9 et de dynamisme \u00e0 la cuisine.<\/p>\n<h2>Caract\u00e9ristiques des ustensiles de cuisine en fonte<\/h2>\n<p><strong>Chauffage homog\u00e8ne<\/strong>: La fonte a d'excellentes propri\u00e9t\u00e9s de r\u00e9tention de la chaleur et de chauffage uniforme, ce qui garantit que les aliments sont chauff\u00e9s uniform\u00e9ment pendant la cuisson, \u00e9vitant ainsi le probl\u00e8me des points chauds dans les ustensiles de cuisine traditionnels.<\/p>\n<p><strong>R\u00e9tention efficace de la chaleur<\/strong>: Les ustensiles de cuisine en fonte peuvent conserver la chaleur pendant longtemps. Ils conviennent \u00e0 la cuisson lente, au mijotage de soupes et de rago\u00fbts, et peuvent emprisonner efficacement la chaleur et la saveur des aliments.<br \/>Forte durabilit\u00e9 : les ustensiles de cuisine en fonte de haute qualit\u00e9 sont robustes et durables, et peuvent r\u00e9sister aux diff\u00e9rents d\u00e9fis de la cuisine quotidienne, tout en conservant de bonnes performances m\u00eame apr\u00e8s des ann\u00e9es d'utilisation.<\/p>\n<p><strong>Traitement de l'\u00e9mail<\/strong>: Les ustensiles de cuisine en fonte \u00e9maill\u00e9e ont une surface lisse et une excellente r\u00e9sistance \u00e0 la corrosion. Ils ne sont pas facilement corrod\u00e9s par les aliments acides ou alcalins.<\/p>\n<p><strong>Diverses couleurs<\/strong>: Les ustensiles de cuisine en fonte que nous proposons sont disponibles dans une grande vari\u00e9t\u00e9 de couleurs. L'aspect color\u00e9 de ces ustensiles de cuisine peut ajouter de la beaut\u00e9 et de la vitalit\u00e9 \u00e0 votre cuisine, tout en rendant la cuisine plus amusante et personnalis\u00e9e.<\/p>\n<p><strong>Service unique de vente en gros d'ustensiles de cuisine<\/strong>: De la s\u00e9lection des produits \u00e0 la personnalisation, en passant par la livraison et le service apr\u00e8s-vente, nous vous proposons des solutions efficaces. Simplifiez le processus d'approvisionnement et veillez \u00e0 ce que vos besoins en gros soient rapidement satisfaits.<\/p>\n<p><\/p>","protected":false},"featured_media":4340,"comment_status":"closed","ping_status":"closed","template":"","meta":[],"product_brand":[],"product_cat":[63],"product_tag":[],"class_list":{"0":"post-4339","1":"product","2":"type-product","3":"status-publish","4":"has-post-thumbnail","6":"product_cat-iron-cast-cookware","8":"first","9":"instock","10":"shipping-taxable","11":"product-type-simple"},"_links":{"self":[{"href":"https:\/\/www.hg-cooker.com\/fr\/wp-json\/wp\/v2\/product\/4339","targetHints":{"allow":["GET"]}}],"collection":[{"href":"https:\/\/www.hg-cooker.com\/fr\/wp-json\/wp\/v2\/product"}],"about":[{"href":"https:\/\/www.hg-cooker.com\/fr\/wp-json\/wp\/v2\/types\/product"}],"replies":[{"embeddable":true,"href":"https:\/\/www.hg-cooker.com\/fr\/wp-json\/wp\/v2\/comments?post=4339"}],"wp:featuredmedia":[{"embeddable":true,"href":"https:\/\/www.hg-cooker.com\/fr\/wp-json\/wp\/v2\/media\/4340"}],"wp:attachment":[{"href":"https:\/\/www.hg-cooker.com\/fr\/wp-json\/wp\/v2\/media?parent=4339"}],"wp:term":[{"taxonomy":"product_brand","embeddable":true,"href":"https:\/\/www.hg-cooker.com\/fr\/wp-json\/wp\/v2\/product_brand?post=4339"},{"taxonomy":"product_cat","embeddable":true,"href":"https:\/\/www.hg-cooker.com\/fr\/wp-json\/wp\/v2\/product_cat?post=4339"},{"taxonomy":"product_tag","embeddable":true,"href":"https:\/\/www.hg-cooker.com\/fr\/wp-json\/wp\/v2\/product_tag?post=4339"}],"curies":[{"name":"wp","href":"https:\/\/api.w.org\/{rel}","templated":true}]}}