{"id":4332,"date":"2024-08-29T02:14:08","date_gmt":"2024-08-29T02:14:08","guid":{"rendered":"https:\/\/www.hg-cooker.com\/?post_type=product&#038;p=4332"},"modified":"2024-08-30T07:15:33","modified_gmt":"2024-08-30T07:15:33","slug":"pot-a-lait-bouillant-en-acier-inoxydable-wholesale-30","status":"publish","type":"product","link":"https:\/\/www.hg-cooker.com\/fr\/produit\/pot-a-lait-bouillant-en-acier-inoxydable-wholesale-30\/","title":{"rendered":"Plats \u00e0 r\u00f4tir en gros pour les buffets, les traiteurs, les h\u00f4tels et les restaurants"},"content":{"rendered":"<div class=\"wp-block-columns is-layout-flex wp-container-core-columns-is-layout-9d6595d7 wp-block-columns-is-layout-flex\">\n<div class=\"wp-block-column is-layout-flow wp-block-column-is-layout-flow\">\n<h3 class=\"wp-block-heading\">Param\u00e8tres des plats \u00e0 r\u00e9chauffer Wholsale<\/h3>\n\n\n\n<figure class=\"wp-block-table\"><table class=\"has-fixed-layout\"><tbody><tr><td>Nom de l'article<\/td><td>Mat\u00e9riau<\/td><td>Emballage<\/td><td>Taille du carton<\/td><td>Capacit\u00e9<\/td><td>Poids brut<\/td><td>D\u00e9lai d'ex\u00e9cution<\/td><td>port de chargement<\/td><\/tr><tr><td>Buffet en acier inoxydable cuisini\u00e8re \u00e0 alcool<\/td><td>Acier inoxydable magn\u00e9tique 410 avec polissage<\/td><td>Bo\u00eete de couleur<\/td><td>68*53*30cm<\/td><td>11L<\/td><td>5KG<\/td><td>30 jours apr\u00e8s r\u00e9ception du d\u00e9p\u00f4t<\/td><td>Shenzhen ou Shantou<\/td><\/tr><\/tbody><\/table><\/figure>\n<\/div>\n<\/div>\n\n\n\n<div class=\"wp-block-columns is-layout-flex wp-container-core-columns-is-layout-9d6595d7 wp-block-columns-is-layout-flex\">\n<div class=\"wp-block-column is-layout-flow wp-block-column-is-layout-flow\">\n<h3 class=\"wp-block-heading\">Options pour les chafing dish personnalis\u00e9s<\/h3>\n\n\n\n<p><strong>Logo<\/strong>: Personnalisez le logo de votre marque sur le plat et l'emballage.<br><br><strong>Taille<\/strong>: Nous pouvons personnaliser les chafing dish en diff\u00e9rentes tailles selon vos besoins.<br><br><strong>Paquet<\/strong>: carton\/bo\u00eete de couleur.<br><br><a href=\"https:\/\/www.hg-cooker.com\/fr\/custom-solution\/\" data-type=\"page\" data-id=\"2793\" target=\"_blank\" rel=\"noreferrer noopener\"><strong>Explorer plus de d\u00e9tails OEM&amp;ODM sur mesure<\/strong><\/a><\/p>\n<\/div>\n<\/div>\n\n\n\n<div class=\"wp-block-columns is-layout-flex wp-container-core-columns-is-layout-9d6595d7 wp-block-columns-is-layout-flex\">\n<div class=\"wp-block-column is-layout-flow wp-block-column-is-layout-flow\">\n<figure class=\"wp-block-image size-full\"><img fetchpriority=\"high\" decoding=\"async\" width=\"750\" height=\"750\" src=\"https:\/\/www.hg-cooker.com\/wp-content\/uploads\/2024\/08\/Single-compartment-chafing-dish.jpg\" alt=\"Plaque de cuisson \u00e0 un compartiment\" class=\"wp-image-4334\" srcset=\"https:\/\/www.hg-cooker.com\/wp-content\/uploads\/2024\/08\/Single-compartment-chafing-dish.jpg 750w, https:\/\/www.hg-cooker.com\/wp-content\/uploads\/2024\/08\/Single-compartment-chafing-dish-150x150.jpg 150w, https:\/\/www.hg-cooker.com\/wp-content\/uploads\/2024\/08\/Single-compartment-chafing-dish-660x660.jpg 660w, https:\/\/www.hg-cooker.com\/wp-content\/uploads\/2024\/08\/Single-compartment-chafing-dish-300x300.jpg 300w, https:\/\/www.hg-cooker.com\/wp-content\/uploads\/2024\/08\/Single-compartment-chafing-dish-12x12.jpg 12w, https:\/\/www.hg-cooker.com\/wp-content\/uploads\/2024\/08\/Single-compartment-chafing-dish-285x285.jpg 285w, https:\/\/www.hg-cooker.com\/wp-content\/uploads\/2024\/08\/Single-compartment-chafing-dish-270x270.jpg 270w, https:\/\/www.hg-cooker.com\/wp-content\/uploads\/2024\/08\/Single-compartment-chafing-dish-540x540.jpg 540w\" sizes=\"(max-width: 750px) 100vw, 750px\" \/><\/figure>\n<\/div>\n\n\n\n<div class=\"wp-block-column is-layout-flow wp-block-column-is-layout-flow\">\n<figure class=\"wp-block-image size-full\"><img decoding=\"async\" width=\"750\" height=\"750\" src=\"https:\/\/www.hg-cooker.com\/wp-content\/uploads\/2024\/08\/Double-compartment-chafing-dish.jpg\" alt=\"Plat \u00e0 r\u00e9chauffer \u00e0 double compartiment\" class=\"wp-image-4333\" srcset=\"https:\/\/www.hg-cooker.com\/wp-content\/uploads\/2024\/08\/Double-compartment-chafing-dish.jpg 750w, https:\/\/www.hg-cooker.com\/wp-content\/uploads\/2024\/08\/Double-compartment-chafing-dish-150x150.jpg 150w, https:\/\/www.hg-cooker.com\/wp-content\/uploads\/2024\/08\/Double-compartment-chafing-dish-660x660.jpg 660w, https:\/\/www.hg-cooker.com\/wp-content\/uploads\/2024\/08\/Double-compartment-chafing-dish-300x300.jpg 300w, https:\/\/www.hg-cooker.com\/wp-content\/uploads\/2024\/08\/Double-compartment-chafing-dish-12x12.jpg 12w, https:\/\/www.hg-cooker.com\/wp-content\/uploads\/2024\/08\/Double-compartment-chafing-dish-285x285.jpg 285w, https:\/\/www.hg-cooker.com\/wp-content\/uploads\/2024\/08\/Double-compartment-chafing-dish-270x270.jpg 270w, https:\/\/www.hg-cooker.com\/wp-content\/uploads\/2024\/08\/Double-compartment-chafing-dish-540x540.jpg 540w\" sizes=\"(max-width: 750px) 100vw, 750px\" \/><\/figure>\n<\/div>\n<\/div>","protected":false},"excerpt":{"rendered":"<p>Nos chafing dishes en gros de haute qualit\u00e9 sont con\u00e7us pour r\u00e9pondre aux exigences rigoureuses des buffets, des \u00e9v\u00e9nements de restauration, des h\u00f4tels et des restaurants. Chaque chafing dish est \u00e9quip\u00e9 d'un support solide, d'un couvercle facile \u00e0 utiliser et d'un r\u00e9servoir de carburant pour garantir que les aliments restent \u00e0 la bonne temp\u00e9rature pendant longtemps, ce qui en fait une solution pratique et \u00e9l\u00e9gante pour servir des plats chauds. Qu'il s'agisse d'un banquet formel ou d'un usage quotidien, nous proposons des chafing dishes en gros \u00e0 des prix d'usine, n'h\u00e9sitez pas \u00e0 nous contacter.<\/p>\n<h2>Caract\u00e9ristiques du r\u00e9chaud<\/h2>\n<p><strong>Bon effet d'isolation<\/strong>: Le r\u00e9chaud de buffet est \u00e9quip\u00e9 d'un r\u00e9servoir de carburant, qui permet de maintenir la temp\u00e9rature des aliments pendant une longue p\u00e9riode, garantissant ainsi aux clients la possibilit\u00e9 de d\u00e9guster des aliments chauds tout au long du repas.<\/p>\n<p><strong>Forte durabilit\u00e9<\/strong>: Fabriqu\u00e9 en acier inoxydable de haute qualit\u00e9, il pr\u00e9sente une excellente r\u00e9sistance \u00e0 la corrosion et \u00e0 l'usure, et peut r\u00e9sister \u00e0 une utilisation fr\u00e9quente et prolonger sa dur\u00e9e de vie.<\/p>\n<p><strong>Facile \u00e0 utiliser<\/strong>: La cuisini\u00e8re \u00e0 buffet est de conception simple, avec un couvercle facile \u00e0 manipuler et un support stable, ce qui permet au personnel de service de disposer et d'organiser rapidement les aliments.<\/p>\n<p><strong>Facile \u00e0 nettoyer<\/strong>: Le mat\u00e9riau en acier inoxydable est lisse et ne laisse pas facilement de r\u00e9sidus alimentaires. Il est tr\u00e8s facile \u00e0 nettoyer, ce qui permet d'\u00e9conomiser du temps et de l'\u00e9nergie pour l'entretien ult\u00e9rieur.<\/p>\n<p><strong>L'apparence professionnelle<\/strong>: Le design simple et \u00e9l\u00e9gant rehausse la beaut\u00e9 g\u00e9n\u00e9rale de la table, convient \u00e0 diverses occasions de d\u00eener formel ou informel et laisse une impression profonde sur les clients.<\/p>\n<p><strong>Protection de l'environnement et \u00e9conomie d'\u00e9nergie<\/strong>: L'utilisation de carburants respectueux de l'environnement permet d'\u00e9conomiser de l'\u00e9nergie, de r\u00e9duire les \u00e9missions de carbone et de r\u00e9pondre aux exigences modernes en mati\u00e8re de protection de l'environnement.<\/p>","protected":false},"featured_media":4335,"comment_status":"closed","ping_status":"closed","template":"","meta":[],"product_brand":[],"product_cat":[62],"product_tag":[],"class_list":{"0":"post-4332","1":"product","2":"type-product","3":"status-publish","4":"has-post-thumbnail","6":"product_cat-wholesale-chafing-dishes","8":"first","9":"instock","10":"shipping-taxable","11":"product-type-simple"},"_links":{"self":[{"href":"https:\/\/www.hg-cooker.com\/fr\/wp-json\/wp\/v2\/product\/4332","targetHints":{"allow":["GET"]}}],"collection":[{"href":"https:\/\/www.hg-cooker.com\/fr\/wp-json\/wp\/v2\/product"}],"about":[{"href":"https:\/\/www.hg-cooker.com\/fr\/wp-json\/wp\/v2\/types\/product"}],"replies":[{"embeddable":true,"href":"https:\/\/www.hg-cooker.com\/fr\/wp-json\/wp\/v2\/comments?post=4332"}],"wp:featuredmedia":[{"embeddable":true,"href":"https:\/\/www.hg-cooker.com\/fr\/wp-json\/wp\/v2\/media\/4335"}],"wp:attachment":[{"href":"https:\/\/www.hg-cooker.com\/fr\/wp-json\/wp\/v2\/media?parent=4332"}],"wp:term":[{"taxonomy":"product_brand","embeddable":true,"href":"https:\/\/www.hg-cooker.com\/fr\/wp-json\/wp\/v2\/product_brand?post=4332"},{"taxonomy":"product_cat","embeddable":true,"href":"https:\/\/www.hg-cooker.com\/fr\/wp-json\/wp\/v2\/product_cat?post=4332"},{"taxonomy":"product_tag","embeddable":true,"href":"https:\/\/www.hg-cooker.com\/fr\/wp-json\/wp\/v2\/product_tag?post=4332"}],"curies":[{"name":"wp","href":"https:\/\/api.w.org\/{rel}","templated":true}]}}