{"id":4323,"date":"2024-08-29T01:05:21","date_gmt":"2024-08-29T01:05:21","guid":{"rendered":"https:\/\/www.hg-cooker.com\/?post_type=product&#038;p=4323"},"modified":"2024-08-30T07:16:07","modified_gmt":"2024-08-30T07:16:07","slug":"pot-a-lait-bouillant-en-acier-inoxydable-wholesale-29","status":"publish","type":"product","link":"https:\/\/www.hg-cooker.com\/fr\/produit\/pot-a-lait-bouillant-en-acier-inoxydable-wholesale-29\/","title":{"rendered":"Plat \u00e0 r\u00f4tir en acier inoxydable Wholesale pour l'h\u00f4tellerie et le commerce"},"content":{"rendered":"<div class=\"wp-block-columns is-layout-flex wp-container-core-columns-is-layout-9d6595d7 wp-block-columns-is-layout-flex\">\n<div class=\"wp-block-column is-layout-flow wp-block-column-is-layout-flow\">\n<h3 class=\"wp-block-heading\">Param\u00e8tres du plat \u00e0 r\u00f4tir<\/h3>\n\n\n\n<figure class=\"wp-block-table\"><table class=\"has-fixed-layout\"><tbody><tr><td>Lieu d'origine<\/td><td>Four de restauration rapide<\/td><td>Mat\u00e9riau<\/td><td>emballage<\/td><td>couleur<\/td><td>couleur<\/td><td>Application<\/td><td>Utilisation<\/td><td>Surface<\/td><td>MOQ<\/td><td>Capacit\u00e9<\/td><td>Taille de l'emballage unique :<\/td><td>Poids brut unique :<\/td><\/tr><tr><td>Guangdong, Chine<\/td><td>Le four de chauffage<\/td><td>Acier inoxydable 410<\/td><td>bo\u00eete \u00e0 couleurs<\/td><td>argent<\/td><td>argent<\/td><td>H\u00f4tel Buffet \u00c9quipement alimentaire<\/td><td>Isolation de l'eau de chauffage ou chauffage par po\u00eale \u00e0 alcool<\/td><td>Polissage par \u00e9lectrolyse<\/td><td>4 pi\u00e8ces<\/td><td>11L<\/td><td>30X30X30 cm<\/td><td>5 kg<\/td><\/tr><\/tbody><\/table><\/figure>\n<\/div>\n<\/div>\n\n\n\n<div class=\"wp-block-columns is-layout-flex wp-container-core-columns-is-layout-9d6595d7 wp-block-columns-is-layout-flex\">\n<div class=\"wp-block-column is-layout-flow wp-block-column-is-layout-flow\">\n<h3 class=\"wp-block-heading\">Options pour les chafing dish personnalis\u00e9s<\/h3>\n\n\n\n<p><strong>Logo<\/strong>: Personnalisez le logo de votre marque sur le plat et l'emballage.<br><br><strong>Taille<\/strong>: Nous pouvons personnaliser les chafing dish en diff\u00e9rentes tailles selon vos besoins.<br><br><strong>Paquet<\/strong>: carton\/bo\u00eete de couleur.<br><br><a href=\"https:\/\/www.hg-cooker.com\/fr\/custom-solution\/\" data-type=\"page\" data-id=\"2793\" target=\"_blank\" rel=\"noreferrer noopener\"><strong>Explorer plus de d\u00e9tails OEM&amp;ODM sur mesure<\/strong><\/a><\/p>\n<\/div>\n<\/div>\n\n\n\n<div class=\"wp-block-columns is-layout-flex wp-container-core-columns-is-layout-9d6595d7 wp-block-columns-is-layout-flex\">\n<div class=\"wp-block-column is-layout-flow wp-block-column-is-layout-flow\">\n<figure class=\"wp-block-image size-full\"><img fetchpriority=\"high\" decoding=\"async\" width=\"790\" height=\"1115\" src=\"https:\/\/www.hg-cooker.com\/wp-content\/uploads\/2024\/08\/chafing-dish-size-1.jpg\" alt=\"taille du chafing dish (1)\" class=\"wp-image-4324\" srcset=\"https:\/\/www.hg-cooker.com\/wp-content\/uploads\/2024\/08\/chafing-dish-size-1.jpg 790w, https:\/\/www.hg-cooker.com\/wp-content\/uploads\/2024\/08\/chafing-dish-size-1-106x150.jpg 106w, https:\/\/www.hg-cooker.com\/wp-content\/uploads\/2024\/08\/chafing-dish-size-1-468x660.jpg 468w, https:\/\/www.hg-cooker.com\/wp-content\/uploads\/2024\/08\/chafing-dish-size-1-213x300.jpg 213w, https:\/\/www.hg-cooker.com\/wp-content\/uploads\/2024\/08\/chafing-dish-size-1-768x1084.jpg 768w, https:\/\/www.hg-cooker.com\/wp-content\/uploads\/2024\/08\/chafing-dish-size-1-9x12.jpg 9w, https:\/\/www.hg-cooker.com\/wp-content\/uploads\/2024\/08\/chafing-dish-size-1-285x402.jpg 285w\" sizes=\"(max-width: 790px) 100vw, 790px\" \/><\/figure>\n<\/div>\n\n\n\n<div class=\"wp-block-column is-layout-flow wp-block-column-is-layout-flow\">\n<figure class=\"wp-block-image size-full\"><img decoding=\"async\" width=\"790\" height=\"1115\" src=\"https:\/\/www.hg-cooker.com\/wp-content\/uploads\/2024\/08\/chafing-dish-size-2.jpg\" alt=\"taille du chafing dish (2)\" class=\"wp-image-4325\" srcset=\"https:\/\/www.hg-cooker.com\/wp-content\/uploads\/2024\/08\/chafing-dish-size-2.jpg 790w, https:\/\/www.hg-cooker.com\/wp-content\/uploads\/2024\/08\/chafing-dish-size-2-106x150.jpg 106w, https:\/\/www.hg-cooker.com\/wp-content\/uploads\/2024\/08\/chafing-dish-size-2-468x660.jpg 468w, https:\/\/www.hg-cooker.com\/wp-content\/uploads\/2024\/08\/chafing-dish-size-2-213x300.jpg 213w, https:\/\/www.hg-cooker.com\/wp-content\/uploads\/2024\/08\/chafing-dish-size-2-768x1084.jpg 768w, https:\/\/www.hg-cooker.com\/wp-content\/uploads\/2024\/08\/chafing-dish-size-2-9x12.jpg 9w, https:\/\/www.hg-cooker.com\/wp-content\/uploads\/2024\/08\/chafing-dish-size-2-285x402.jpg 285w\" sizes=\"(max-width: 790px) 100vw, 790px\" \/><\/figure>\n<\/div>\n<\/div>","protected":false},"excerpt":{"rendered":"<p>La surface polie miroir ajoute une touche d'\u00e9l\u00e9gance aux banquets haut de gamme et aux services de restauration quotidiens. Le support est pliable, ce qui le rend plus pratique \u00e0 utiliser et \u00e0 ranger. Nous offrons une quantit\u00e9 minimale de commande de 4 pi\u00e8ces, n'h\u00e9sitez pas \u00e0 nous contacter pour des plats \u00e0 chafing en gros.<\/p>\n<h2>Caract\u00e9ristiques du r\u00e9chaud\u00a0<\/h2>\n<p><strong>Une r\u00e9sistance \u00e0 toute \u00e9preuve<\/strong>: Avec son extraordinaire durabilit\u00e9 et ses fortes propri\u00e9t\u00e9s anticorrosion, il est fabriqu\u00e9 en acier inoxydable de haute qualit\u00e9 et peut r\u00e9sister \u00e0 un usage fr\u00e9quent ainsi qu'au lavage, ce qui le rend parfaitement adapt\u00e9 \u00e0 l'industrie de la restauration.<\/p>\n<p><strong>Excellente isolation thermique<\/strong>: Lorsqu'il est chauff\u00e9 \u00e0 l'aide d'alcool, ce type de mat\u00e9riau peut fournir une temp\u00e9rature stable \u00e0 long terme pour les aliments qu'il contient, garantissant ainsi aux clients le plaisir ultime de manger.<\/p>\n<p><strong>Aspect haut de gamme<\/strong>: La surface du chafing dish en acier inoxydable est polie comme un miroir, avec un aspect brillant et magnifique, qui convient parfaitement aux banquets formels ou aux restaurants haut de gamme.<\/p>\n<p><strong>Facile \u00e0 nettoyer<\/strong>: L'acier inoxydable a une surface lisse, il est donc tr\u00e8s facile \u00e0 nettoyer apr\u00e8s utilisation. M\u00eame apr\u00e8s un service de restauration intense, le nettoyage peut \u00eatre effectu\u00e9 rapidement, ce qui vous permet de gagner du temps.<\/p>\n<p><strong>S\u00fbre et fiable<\/strong>: Le plat \u00e0 chafing en acier inoxydable est \u00e9quip\u00e9 d'un support stable et d'un design antid\u00e9rapant. Il ne basculera pas et ne glissera pas pendant l'utilisation.<\/p>","protected":false},"featured_media":4330,"comment_status":"closed","ping_status":"closed","template":"","meta":[],"product_brand":[],"product_cat":[62],"product_tag":[],"class_list":{"0":"post-4323","1":"product","2":"type-product","3":"status-publish","4":"has-post-thumbnail","6":"product_cat-wholesale-chafing-dishes","8":"first","9":"instock","10":"shipping-taxable","11":"product-type-simple"},"_links":{"self":[{"href":"https:\/\/www.hg-cooker.com\/fr\/wp-json\/wp\/v2\/product\/4323","targetHints":{"allow":["GET"]}}],"collection":[{"href":"https:\/\/www.hg-cooker.com\/fr\/wp-json\/wp\/v2\/product"}],"about":[{"href":"https:\/\/www.hg-cooker.com\/fr\/wp-json\/wp\/v2\/types\/product"}],"replies":[{"embeddable":true,"href":"https:\/\/www.hg-cooker.com\/fr\/wp-json\/wp\/v2\/comments?post=4323"}],"wp:featuredmedia":[{"embeddable":true,"href":"https:\/\/www.hg-cooker.com\/fr\/wp-json\/wp\/v2\/media\/4330"}],"wp:attachment":[{"href":"https:\/\/www.hg-cooker.com\/fr\/wp-json\/wp\/v2\/media?parent=4323"}],"wp:term":[{"taxonomy":"product_brand","embeddable":true,"href":"https:\/\/www.hg-cooker.com\/fr\/wp-json\/wp\/v2\/product_brand?post=4323"},{"taxonomy":"product_cat","embeddable":true,"href":"https:\/\/www.hg-cooker.com\/fr\/wp-json\/wp\/v2\/product_cat?post=4323"},{"taxonomy":"product_tag","embeddable":true,"href":"https:\/\/www.hg-cooker.com\/fr\/wp-json\/wp\/v2\/product_tag?post=4323"}],"curies":[{"name":"wp","href":"https:\/\/api.w.org\/{rel}","templated":true}]}}