{"id":4315,"date":"2024-08-28T09:56:27","date_gmt":"2024-08-28T09:56:27","guid":{"rendered":"https:\/\/www.hg-cooker.com\/?post_type=product&#038;p=4315"},"modified":"2024-08-28T15:28:31","modified_gmt":"2024-08-28T15:28:31","slug":"pot-a-lait-bouillant-en-acier-inoxydable-wholesale-28","status":"publish","type":"product","link":"https:\/\/www.hg-cooker.com\/fr\/produit\/pot-a-lait-bouillant-en-acier-inoxydable-wholesale-28\/","title":{"rendered":"Vente en gros de barbecues pour usage domestique et commercial"},"content":{"rendered":"<div class=\"wp-block-columns is-layout-flex wp-container-core-columns-is-layout-9d6595d7 wp-block-columns-is-layout-flex\">\n<div class=\"wp-block-column is-layout-flow wp-block-column-is-layout-flow\">\n<h3 class=\"wp-block-heading\">Param\u00e8tres des grils de gros<\/h3>\n\n\n\n<figure class=\"wp-block-table\"><table class=\"has-fixed-layout\"><tbody><tr><td>Lieu d'origine<\/td><td>Mat\u00e9riau<\/td><td>Carburant<\/td><td>Nom du produit<\/td><td>Fonction<\/td><td>MOQ<\/td><td>Emballage<\/td><td>Utilisation<\/td><td>Forme<\/td><td>Type<\/td><td>taille<\/td><td>D\u00e9tails de l'emballage<\/td><td>Taille de l'emballage unique :<\/td><td>Poids brut unique :<\/td><\/tr><tr><td>Guangdong, Chine<\/td><td>Acier inoxydable<\/td><td>Barbecue \u00e0 l'alcool<\/td><td>mini grill BBQ<\/td><td>Gril Bbq sans fum\u00e9e pour l'int\u00e9rieur et l'ext\u00e9rieur<\/td><td>4 pi\u00e8ces<\/td><td>bo\u00eete blanche<\/td><td>Cuisine Cooking (cuisson), BBQ (tabagisme)<\/td><td>Forme ronde<\/td><td>Chauffage par po\u00eale \u00e0 alcool<\/td><td>diam\u00e8tre 19,5 cm<\/td><td>Chaque pi\u00e8ce est emball\u00e9e dans un sac en film plastique, puis dans une bo\u00eete de couleur et dans des quantit\u00e9s plus importantes pour l'exportation.<\/td><td>12X12X28 cm<\/td><td>0,800 kg<\/td><\/tr><\/tbody><\/table><\/figure>\n<\/div>\n<\/div>\n\n\n\n<div class=\"wp-block-columns is-layout-flex wp-container-core-columns-is-layout-9d6595d7 wp-block-columns-is-layout-flex\">\n<div class=\"wp-block-column is-layout-flow wp-block-column-is-layout-flow\">\n<h3 class=\"wp-block-heading\">Options de gril sur mesure<\/h3>\n\n\n\n<p><strong>Logo<\/strong>: Personnalisez le logo de votre marque sur la grille et l'emballage.<br><br><strong>Taille<\/strong>: Nous pouvons personnaliser le gril en diff\u00e9rentes tailles selon vos besoins.<br><br><strong>Paquet<\/strong>: carton\/bo\u00eete de couleur.<br><br><a href=\"https:\/\/www.hg-cooker.com\/fr\/custom-solution\/\" data-type=\"page\" data-id=\"2793\" target=\"_blank\" rel=\"noreferrer noopener\"><strong>Explorer plus de d\u00e9tails OEM&amp;ODM sur mesure<\/strong><\/a><\/p>\n<\/div>\n<\/div>\n\n\n\n<div class=\"wp-block-columns is-layout-flex wp-container-core-columns-is-layout-9d6595d7 wp-block-columns-is-layout-flex\">\n<div class=\"wp-block-column is-layout-flow wp-block-column-is-layout-flow\">\n<figure class=\"wp-block-image size-full\"><img fetchpriority=\"high\" decoding=\"async\" width=\"760\" height=\"875\" src=\"https:\/\/www.hg-cooker.com\/wp-content\/uploads\/2024\/08\/advantage-of-BBQ-grill-1.jpg\" alt=\"avantage du barbecue (1)\" class=\"wp-image-4321\" srcset=\"https:\/\/www.hg-cooker.com\/wp-content\/uploads\/2024\/08\/advantage-of-BBQ-grill-1.jpg 760w, https:\/\/www.hg-cooker.com\/wp-content\/uploads\/2024\/08\/advantage-of-BBQ-grill-1-130x150.jpg 130w, https:\/\/www.hg-cooker.com\/wp-content\/uploads\/2024\/08\/advantage-of-BBQ-grill-1-573x660.jpg 573w, https:\/\/www.hg-cooker.com\/wp-content\/uploads\/2024\/08\/advantage-of-BBQ-grill-1-261x300.jpg 261w, https:\/\/www.hg-cooker.com\/wp-content\/uploads\/2024\/08\/advantage-of-BBQ-grill-1-10x12.jpg 10w, https:\/\/www.hg-cooker.com\/wp-content\/uploads\/2024\/08\/advantage-of-BBQ-grill-1-285x328.jpg 285w\" sizes=\"(max-width: 760px) 100vw, 760px\" \/><\/figure>\n<\/div>\n\n\n\n<div class=\"wp-block-column is-layout-flow wp-block-column-is-layout-flow\">\n<figure class=\"wp-block-image size-full\"><img decoding=\"async\" width=\"760\" height=\"875\" src=\"https:\/\/www.hg-cooker.com\/wp-content\/uploads\/2024\/08\/advantage-of-BBQ-grill-2.jpg\" alt=\"avantage du barbecue (2)\" class=\"wp-image-4322\" srcset=\"https:\/\/www.hg-cooker.com\/wp-content\/uploads\/2024\/08\/advantage-of-BBQ-grill-2.jpg 760w, https:\/\/www.hg-cooker.com\/wp-content\/uploads\/2024\/08\/advantage-of-BBQ-grill-2-130x150.jpg 130w, https:\/\/www.hg-cooker.com\/wp-content\/uploads\/2024\/08\/advantage-of-BBQ-grill-2-573x660.jpg 573w, https:\/\/www.hg-cooker.com\/wp-content\/uploads\/2024\/08\/advantage-of-BBQ-grill-2-261x300.jpg 261w, https:\/\/www.hg-cooker.com\/wp-content\/uploads\/2024\/08\/advantage-of-BBQ-grill-2-10x12.jpg 10w, https:\/\/www.hg-cooker.com\/wp-content\/uploads\/2024\/08\/advantage-of-BBQ-grill-2-285x328.jpg 285w\" sizes=\"(max-width: 760px) 100vw, 760px\" \/><\/figure>\n<\/div>\n<\/div>","protected":false},"excerpt":{"rendered":"<p>Ce gril est un compl\u00e9ment amusant pour les r\u00e9unions de famille et peut \u00e9galement \u00eatre utilis\u00e9 comme appareil de cuisson professionnel pour les \u00e9v\u00e9nements commerciaux. Il est aliment\u00e9 au charbon de bois, convient \u00e0 une utilisation en ext\u00e9rieur et dispose d'un ventilateur aliment\u00e9 par batterie qui peut contr\u00f4ler avec pr\u00e9cision la taille de la flamme. Nous fournissons des grils en gros de haute qualit\u00e9 avec de faibles quantit\u00e9s minimales de commande, ce qui vous donne la flexibilit\u00e9 n\u00e9cessaire pour r\u00e9pondre \u00e0 des besoins de diff\u00e9rentes tailles.<\/p>\n<h2>Caract\u00e9ristiques du barbecue<\/h2>\n<p><strong>Conception polyvalente<\/strong>: Ce gril r\u00e9pond \u00e0 la fois aux besoins domestiques et commerciaux. Il convient aux r\u00e9unions de famille, aux f\u00eates en plein air, aux restaurants et aux services de restauration. Qu'il s'agisse d'un petit d\u00eener familial ou d'un \u00e9v\u00e9nement commercial de grande envergure, ce gril peut facilement y faire face.<\/p>\n<p><strong>Chauffage efficace<\/strong>: \u00c9quip\u00e9 d'un ventilateur \u00e9lectrique, il peut acc\u00e9l\u00e9rer efficacement la combustion du charbon de bois et assurer une dissipation uniforme de la chaleur, de sorte que les aliments peuvent \u00eatre grill\u00e9s rapidement et uniform\u00e9ment, en pr\u00e9sentant un go\u00fbt et une couleur parfaits.<\/p>\n<p><strong>Mat\u00e9riau durable<\/strong>: Fabriqu\u00e9 en acier inoxydable de haute qualit\u00e9 r\u00e9sistant aux temp\u00e9ratures \u00e9lev\u00e9es et ne rouillant pas, il garantit une utilisation \u00e0 long terme dans divers environnements et est facile \u00e0 nettoyer et \u00e0 entretenir.<\/p>\n<p><strong>Portabilit\u00e9<\/strong>: La conception est l\u00e9g\u00e8re, le poids total est faible et des poign\u00e9es sont plac\u00e9es aux deux extr\u00e9mit\u00e9s pour faciliter le levage. Il convient pour le transport et pour les occasions commerciales qui n\u00e9cessitent des d\u00e9placements fr\u00e9quents.<\/p>\n<p><strong>Fonctionnement simple<\/strong>: Il est tr\u00e8s facile d'ajouter du charbon de bois et d'allumer le combustible. M\u00eame les novices peuvent s'y mettre rapidement et griller facilement de d\u00e9licieux plats.<\/p>\n<p><strong>Faible quantit\u00e9 minimale de commande<\/strong>: Nous prenons en charge des quantit\u00e9s minimales de commande peu \u00e9lev\u00e9es et vous pouvez obtenir un plan d'approvisionnement appropri\u00e9 ici \u00e0 henghuang.<\/p>\n<p><strong>Comment l'utiliser ?<\/strong><br \/>1.Chargement de 4 piles aa1,5v (\u00e9galement aliment\u00e9es par le port usB). <br \/>2. placer le bloc de combustion dans la chambre \u00e0 charbon et allumer. <br \/>3. ajouter le charbon de bois, allumer le ventilateur Max et laisser br\u00fbler. <br \/>4. placez le gril et le couvercle, verrouillez le cadenas et faites cuire en 10 minutes.<\/p>","protected":false},"featured_media":4317,"comment_status":"closed","ping_status":"closed","template":"","meta":[],"product_brand":[],"product_cat":[61],"product_tag":[],"class_list":{"0":"post-4315","1":"product","2":"type-product","3":"status-publish","4":"has-post-thumbnail","6":"product_cat-wholesale-grills","8":"first","9":"instock","10":"shipping-taxable","11":"product-type-simple"},"_links":{"self":[{"href":"https:\/\/www.hg-cooker.com\/fr\/wp-json\/wp\/v2\/product\/4315","targetHints":{"allow":["GET"]}}],"collection":[{"href":"https:\/\/www.hg-cooker.com\/fr\/wp-json\/wp\/v2\/product"}],"about":[{"href":"https:\/\/www.hg-cooker.com\/fr\/wp-json\/wp\/v2\/types\/product"}],"replies":[{"embeddable":true,"href":"https:\/\/www.hg-cooker.com\/fr\/wp-json\/wp\/v2\/comments?post=4315"}],"wp:featuredmedia":[{"embeddable":true,"href":"https:\/\/www.hg-cooker.com\/fr\/wp-json\/wp\/v2\/media\/4317"}],"wp:attachment":[{"href":"https:\/\/www.hg-cooker.com\/fr\/wp-json\/wp\/v2\/media?parent=4315"}],"wp:term":[{"taxonomy":"product_brand","embeddable":true,"href":"https:\/\/www.hg-cooker.com\/fr\/wp-json\/wp\/v2\/product_brand?post=4315"},{"taxonomy":"product_cat","embeddable":true,"href":"https:\/\/www.hg-cooker.com\/fr\/wp-json\/wp\/v2\/product_cat?post=4315"},{"taxonomy":"product_tag","embeddable":true,"href":"https:\/\/www.hg-cooker.com\/fr\/wp-json\/wp\/v2\/product_tag?post=4315"}],"curies":[{"name":"wp","href":"https:\/\/api.w.org\/{rel}","templated":true}]}}