{"id":4304,"date":"2024-08-28T06:00:56","date_gmt":"2024-08-28T06:00:56","guid":{"rendered":"https:\/\/www.hg-cooker.com\/?post_type=product&#038;p=4304"},"modified":"2024-08-28T09:17:40","modified_gmt":"2024-08-28T09:17:40","slug":"pot-a-lait-bouillant-en-acier-inoxydable-wholesale-27","status":"publish","type":"product","link":"https:\/\/www.hg-cooker.com\/fr\/produit\/pot-a-lait-bouillant-en-acier-inoxydable-wholesale-27\/","title":{"rendered":"Wholesale Custom Charcoal Grill With fan Adjusting the Charcoal Fire (Gril \u00e0 charbon de bois avec ventilateur permettant de r\u00e9gler le feu de charbon de bois)"},"content":{"rendered":"<div class=\"wp-block-columns is-layout-flex wp-container-core-columns-is-layout-9d6595d7 wp-block-columns-is-layout-flex\">\n<div class=\"wp-block-column is-layout-flow wp-block-column-is-layout-flow\">\n<h3 class=\"wp-block-heading\">Param\u00e8tres du gril \u00e0 charbon de bois personnalisable<\/h3>\n\n\n\n<figure class=\"wp-block-table\"><table class=\"has-fixed-layout\"><tbody><tr><td>Lieu d'origine<\/td><td>Type de gril<\/td><td>Num\u00e9ro de mod\u00e8le<\/td><td>Utilisation<\/td><td>Fonction<\/td><td>Avantage<\/td><td>Grade<\/td><td>Type de m\u00e9tal<\/td><td>Fonctionnalit\u00e9<\/td><td>Dispositif de s\u00e9curit\u00e9<\/td><td>Couleur<\/td><td>Batterie<\/td><td>Convient \u00e0 (environnement)<\/td><\/tr><tr><td>Guangdong, Chine<\/td><td>Grils au charbon de bois<\/td><td>HG-SKL<\/td><td>\u00e0 l'int\u00e9rieur, particuli\u00e8rement utile \u00e0 l'ext\u00e9rieur<\/td><td>Aliments cuits au four<\/td><td>Portable, fonctionnement pratique<\/td><td>Sans danger pour les aliments<\/td><td>acier inoxydable<\/td><td>Facile \u00e0 assembler, facile \u00e0 nettoyer, allumage \u00e9lectronique \u00e0 impulsion<\/td><td>Dispositif de protection contre la haute pression<\/td><td>Peinture orange ou couleur personnalis\u00e9e en cas de grande quantit\u00e9<\/td><td>4*AA 1,5V<\/td><td>Soir\u00e9e barbecue en plein air<\/td><\/tr><\/tbody><\/table><\/figure>\n<\/div>\n<\/div>\n\n\n\n<div class=\"wp-block-columns is-layout-flex wp-container-core-columns-is-layout-9d6595d7 wp-block-columns-is-layout-flex\">\n<div class=\"wp-block-column is-layout-flow wp-block-column-is-layout-flow\">\n<h3 class=\"wp-block-heading\">Options de grillades au charbon de bois personnalis\u00e9es<\/h3>\n\n\n\n<p><strong>Logo<\/strong>: Personnalisez le logo de votre marque sur le gril \u00e0 charbon de bois et sur l'emballage.<br><br><strong>Taille<\/strong>: Nous pouvons personnaliser le gril \u00e0 charbon de bois en diff\u00e9rentes tailles selon vos besoins.<br><br><strong>Paquet<\/strong>: carton\/bo\u00eete de couleur.<br><br><a href=\"https:\/\/www.hg-cooker.com\/fr\/custom-solution\/\" data-type=\"page\" data-id=\"2793\" target=\"_blank\" rel=\"noreferrer noopener\"><strong>Explorer plus de d\u00e9tails OEM&amp;ODM sur mesure<\/strong><\/a><\/p>\n<\/div>\n<\/div>\n\n\n\n<div class=\"wp-block-columns is-layout-flex wp-container-core-columns-is-layout-9d6595d7 wp-block-columns-is-layout-flex\">\n<div class=\"wp-block-column is-layout-flow wp-block-column-is-layout-flow\">\n<figure class=\"wp-block-image size-full\"><img fetchpriority=\"high\" decoding=\"async\" width=\"760\" height=\"875\" src=\"https:\/\/www.hg-cooker.com\/wp-content\/uploads\/2024\/08\/advantage-of-custom-charcoal-grill-1.jpg\" alt=\"avantage du gril \u00e0 charbon de bois personnalis\u00e9 (1)\" class=\"wp-image-4310\" srcset=\"https:\/\/www.hg-cooker.com\/wp-content\/uploads\/2024\/08\/advantage-of-custom-charcoal-grill-1.jpg 760w, https:\/\/www.hg-cooker.com\/wp-content\/uploads\/2024\/08\/advantage-of-custom-charcoal-grill-1-130x150.jpg 130w, https:\/\/www.hg-cooker.com\/wp-content\/uploads\/2024\/08\/advantage-of-custom-charcoal-grill-1-573x660.jpg 573w, https:\/\/www.hg-cooker.com\/wp-content\/uploads\/2024\/08\/advantage-of-custom-charcoal-grill-1-261x300.jpg 261w, https:\/\/www.hg-cooker.com\/wp-content\/uploads\/2024\/08\/advantage-of-custom-charcoal-grill-1-10x12.jpg 10w, https:\/\/www.hg-cooker.com\/wp-content\/uploads\/2024\/08\/advantage-of-custom-charcoal-grill-1-285x328.jpg 285w\" sizes=\"(max-width: 760px) 100vw, 760px\" \/><\/figure>\n<\/div>\n\n\n\n<div class=\"wp-block-column is-layout-flow wp-block-column-is-layout-flow\">\n<figure class=\"wp-block-image size-full\"><img decoding=\"async\" width=\"760\" height=\"875\" src=\"https:\/\/www.hg-cooker.com\/wp-content\/uploads\/2024\/08\/advantage-of-custom-charcoal-grill-2.jpg\" alt=\"avantage du gril \u00e0 charbon de bois personnalis\u00e9 (2)\" class=\"wp-image-4311\" srcset=\"https:\/\/www.hg-cooker.com\/wp-content\/uploads\/2024\/08\/advantage-of-custom-charcoal-grill-2.jpg 760w, https:\/\/www.hg-cooker.com\/wp-content\/uploads\/2024\/08\/advantage-of-custom-charcoal-grill-2-130x150.jpg 130w, https:\/\/www.hg-cooker.com\/wp-content\/uploads\/2024\/08\/advantage-of-custom-charcoal-grill-2-573x660.jpg 573w, https:\/\/www.hg-cooker.com\/wp-content\/uploads\/2024\/08\/advantage-of-custom-charcoal-grill-2-261x300.jpg 261w, https:\/\/www.hg-cooker.com\/wp-content\/uploads\/2024\/08\/advantage-of-custom-charcoal-grill-2-10x12.jpg 10w, https:\/\/www.hg-cooker.com\/wp-content\/uploads\/2024\/08\/advantage-of-custom-charcoal-grill-2-285x328.jpg 285w\" sizes=\"(max-width: 760px) 100vw, 760px\" \/><\/figure>\n<\/div>\n<\/div>","protected":false},"excerpt":{"rendered":"<p>Gril \u00e0 charbon de bois personnalisable en gros, les tailles et les configurations peuvent \u00eatre personnalis\u00e9es. Ce gril \u00e9quip\u00e9 d'un ventilateur \u00e9lectrique permet de contr\u00f4ler la taille du feu de charbon de bois. Il constitue une solution id\u00e9ale pour les amateurs de barbecue qui ont des exigences strictes en mati\u00e8re de d\u00e9tails et de contr\u00f4le du feu. Il convient aux cours int\u00e9rieures et aux magasins de barbecue. Sa flexibilit\u00e9 et sa capacit\u00e9 de r\u00e9glage lui permettent de s'adapter \u00e0 divers environnements de cuisson. N'h\u00e9sitez pas \u00e0 nous contacter pour des solutions en gros et personnalis\u00e9es.<\/p>\n<h3>Caract\u00e9ristiques du gril \u00e0 charbon de bois<\/h3>\n<p><strong>Le ventilateur ajuste la puissance de feu<\/strong>: Le syst\u00e8me de ventilation int\u00e9gr\u00e9 peut ajuster avec pr\u00e9cision la puissance du charbon de bois, ce qui vous permet de contr\u00f4ler facilement la temp\u00e9rature des grillades, d'assurer une cuisson uniforme des aliments et d'obtenir l'effet de grillade id\u00e9al.<\/p>\n<p><strong>Alimentation du ventilateur<\/strong>: Deux types d'alimentation Le chargeur et la batterie n\u00b05 peuvent \u00eatre utilis\u00e9s pour l'alimentation.<\/p>\n<p><strong>Options de personnalisation<\/strong>: Diverses options de personnalisation sont propos\u00e9es en fonction des besoins des clients. La personnalisation l\u00e9g\u00e8re permet d'ajouter des logos aux styles existants, et la personnalisation approfondie comprend la taille, le mat\u00e9riau et la conception de l'apparence pour r\u00e9pondre aux diff\u00e9rents besoins en mati\u00e8re de cuisine et aux exigences de la sc\u00e8ne.<\/p>\n<p><strong>Mat\u00e9riau durable<\/strong>: Fabriqu\u00e9 en acier inoxydable de haute qualit\u00e9 r\u00e9sistant aux temp\u00e9ratures \u00e9lev\u00e9es, il garantit que la grille de barbecue conserve d'excellentes performances pendant une utilisation prolong\u00e9e et a une longue dur\u00e9e de vie.<\/p>\n<p><strong>Facile \u00e0 nettoyer<\/strong>: Les pi\u00e8ces amovibles et la conception simple facilitent le processus de nettoyage, garantissant que la grille du barbecue est toujours propre et bien rang\u00e9e, ce qui convient parfaitement aux lieux commerciaux tels que les restaurants.<\/p>\n<p><strong>Fonctionnement pratique<\/strong>: La conception est conviviale et facile \u00e0 utiliser. M\u00eame les novices en mati\u00e8re de barbecue peuvent facilement d\u00e9marrer et contr\u00f4ler l'ensemble du processus de cuisson.<\/p>\n<p><strong>Facile \u00e0 transporter<\/strong>: Sa petite taille permet de le ranger facilement dans un sac \u00e0 dos, ce qui en fait un choix id\u00e9al pour les pique-niques et le camping.<\/p>\n<p><strong>Conception de la s\u00e9curit\u00e9<\/strong>: Le ventilateur se combine au trou d'air autour du four pour aider \u00e0 br\u00fbler le charbon de bois tout en \u00e9mettant la chaleur de la base, qui n'est pas chaude au toucher. <\/p>\n<p><strong>Comment l'utiliser ?<\/strong><br \/>1.Chargement de 4 piles aa1,5v (\u00e9galement aliment\u00e9es par le port usB). <br \/>2. placer le bloc de combustion dans la chambre \u00e0 charbon et allumer. <br \/>3. ajouter le charbon de bois, allumer le ventilateur Max et laisser br\u00fbler. <br \/>4. placez le gril et le couvercle, verrouillez le cadenas et faites cuire en 10 minutes.<\/p>","protected":false},"featured_media":4312,"comment_status":"closed","ping_status":"closed","template":"","meta":[],"product_brand":[],"product_cat":[61],"product_tag":[],"class_list":{"0":"post-4304","1":"product","2":"type-product","3":"status-publish","4":"has-post-thumbnail","6":"product_cat-wholesale-grills","8":"first","9":"instock","10":"shipping-taxable","11":"product-type-simple"},"_links":{"self":[{"href":"https:\/\/www.hg-cooker.com\/fr\/wp-json\/wp\/v2\/product\/4304","targetHints":{"allow":["GET"]}}],"collection":[{"href":"https:\/\/www.hg-cooker.com\/fr\/wp-json\/wp\/v2\/product"}],"about":[{"href":"https:\/\/www.hg-cooker.com\/fr\/wp-json\/wp\/v2\/types\/product"}],"replies":[{"embeddable":true,"href":"https:\/\/www.hg-cooker.com\/fr\/wp-json\/wp\/v2\/comments?post=4304"}],"wp:featuredmedia":[{"embeddable":true,"href":"https:\/\/www.hg-cooker.com\/fr\/wp-json\/wp\/v2\/media\/4312"}],"wp:attachment":[{"href":"https:\/\/www.hg-cooker.com\/fr\/wp-json\/wp\/v2\/media?parent=4304"}],"wp:term":[{"taxonomy":"product_brand","embeddable":true,"href":"https:\/\/www.hg-cooker.com\/fr\/wp-json\/wp\/v2\/product_brand?post=4304"},{"taxonomy":"product_cat","embeddable":true,"href":"https:\/\/www.hg-cooker.com\/fr\/wp-json\/wp\/v2\/product_cat?post=4304"},{"taxonomy":"product_tag","embeddable":true,"href":"https:\/\/www.hg-cooker.com\/fr\/wp-json\/wp\/v2\/product_tag?post=4304"}],"curies":[{"name":"wp","href":"https:\/\/api.w.org\/{rel}","templated":true}]}}