{"id":4303,"date":"2024-08-28T04:46:11","date_gmt":"2024-08-28T04:46:11","guid":{"rendered":"https:\/\/www.hg-cooker.com\/?post_type=product&#038;p=4303"},"modified":"2024-08-28T06:49:41","modified_gmt":"2024-08-28T06:49:41","slug":"pot-a-lait-bouillant-en-acier-inoxydable-wholesale-26","status":"publish","type":"product","link":"https:\/\/www.hg-cooker.com\/fr\/produit\/pot-a-lait-bouillant-en-acier-inoxydable-wholesale-26\/","title":{"rendered":"Grills personnalis\u00e9s en gros - parfaits pour les restaurants et les aventures de camping en plein air"},"content":{"rendered":"<div class=\"wp-block-columns is-layout-flex wp-container-core-columns-is-layout-9d6595d7 wp-block-columns-is-layout-flex\">\n<div class=\"wp-block-column is-layout-flow wp-block-column-is-layout-flow\">\n<h3 class=\"wp-block-heading\">Param\u00e8tres du gril<\/h3>\n\n\n\n<figure class=\"wp-block-table\"><table class=\"has-fixed-layout\"><tbody><tr><td>Lieu d'origine<\/td><td>Type<\/td><td>Mat\u00e9riau<\/td><td>Fonctionnalit\u00e9<\/td><td>Carburant<\/td><td>Utilisation<\/td><td>Dispositif de s\u00e9curit\u00e9<\/td><td>MOQ<\/td><td>Couleur<\/td><td>D\u00e9tails de l'emballage<\/td><\/tr><tr><td>Guangdong, Chine<\/td><td>Gril, mini gril BBQ<\/td><td>acier inoxydable<\/td><td>Facile \u00e0 nettoyer<\/td><td>Fusain<\/td><td>Gril \u00e0 charbon de bois pour barbecue d'ext\u00e9rieur<\/td><td>Dispositif de s\u00e9curit\u00e9 contre les flammes, dispositif de protection contre la haute pression<\/td><td>12 pi\u00e8ces<\/td><td>Acier inoxydable Original Argent+noir<\/td><td>Chaque pi\u00e8ce est emball\u00e9e dans un sac en film plastique, puis dans une bo\u00eete de couleur et dans des quantit\u00e9s plus importantes pour l'exportation.<\/td><\/tr><\/tbody><\/table><\/figure>\n<\/div>\n<\/div>\n\n\n\n<div class=\"wp-block-columns is-layout-flex wp-container-core-columns-is-layout-9d6595d7 wp-block-columns-is-layout-flex\">\n<div class=\"wp-block-column is-layout-flow wp-block-column-is-layout-flow\">\n<h3 class=\"wp-block-heading\">Options de gril sur mesure<\/h3>\n\n\n\n<p><strong>Logo<\/strong>: Personnalisez le logo de votre marque sur la grille et l'emballage.<br><br><strong>Taille<\/strong>: Nous pouvons personnaliser le gril en diff\u00e9rentes tailles selon vos besoins.<br><br><strong>Paquet<\/strong>: carton\/bo\u00eete de couleur.<br><br><a href=\"https:\/\/www.hg-cooker.com\/fr\/custom-solution\/\" data-type=\"page\" data-id=\"2793\" target=\"_blank\" rel=\"noreferrer noopener\"><strong>Explorer plus de d\u00e9tails OEM&amp;ODM sur mesure<\/strong><\/a><\/p>\n<\/div>\n<\/div>\n\n\n\n<div class=\"wp-block-columns is-layout-flex wp-container-core-columns-is-layout-9d6595d7 wp-block-columns-is-layout-flex\">\n<div class=\"wp-block-column is-layout-flow wp-block-column-is-layout-flow\">\n<figure class=\"wp-block-image size-full\"><img fetchpriority=\"high\" decoding=\"async\" width=\"790\" height=\"1090\" src=\"https:\/\/www.hg-cooker.com\/wp-content\/uploads\/2024\/08\/custom-grill-4.jpg\" alt=\"gril personnalis\u00e9 (4)\" class=\"wp-image-4308\" srcset=\"https:\/\/www.hg-cooker.com\/wp-content\/uploads\/2024\/08\/custom-grill-4.jpg 790w, https:\/\/www.hg-cooker.com\/wp-content\/uploads\/2024\/08\/custom-grill-4-109x150.jpg 109w, https:\/\/www.hg-cooker.com\/wp-content\/uploads\/2024\/08\/custom-grill-4-478x660.jpg 478w, https:\/\/www.hg-cooker.com\/wp-content\/uploads\/2024\/08\/custom-grill-4-217x300.jpg 217w, https:\/\/www.hg-cooker.com\/wp-content\/uploads\/2024\/08\/custom-grill-4-768x1060.jpg 768w, https:\/\/www.hg-cooker.com\/wp-content\/uploads\/2024\/08\/custom-grill-4-9x12.jpg 9w, https:\/\/www.hg-cooker.com\/wp-content\/uploads\/2024\/08\/custom-grill-4-285x393.jpg 285w\" sizes=\"(max-width: 790px) 100vw, 790px\" \/><\/figure>\n<\/div>\n\n\n\n<div class=\"wp-block-column is-layout-flow wp-block-column-is-layout-flow\">\n<figure class=\"wp-block-image size-full\"><img decoding=\"async\" width=\"790\" height=\"1090\" src=\"https:\/\/www.hg-cooker.com\/wp-content\/uploads\/2024\/08\/custom-grill-5.jpg\" alt=\"gril personnalis\u00e9 (5)\" class=\"wp-image-4309\" srcset=\"https:\/\/www.hg-cooker.com\/wp-content\/uploads\/2024\/08\/custom-grill-5.jpg 790w, https:\/\/www.hg-cooker.com\/wp-content\/uploads\/2024\/08\/custom-grill-5-109x150.jpg 109w, https:\/\/www.hg-cooker.com\/wp-content\/uploads\/2024\/08\/custom-grill-5-478x660.jpg 478w, https:\/\/www.hg-cooker.com\/wp-content\/uploads\/2024\/08\/custom-grill-5-217x300.jpg 217w, https:\/\/www.hg-cooker.com\/wp-content\/uploads\/2024\/08\/custom-grill-5-768x1060.jpg 768w, https:\/\/www.hg-cooker.com\/wp-content\/uploads\/2024\/08\/custom-grill-5-9x12.jpg 9w, https:\/\/www.hg-cooker.com\/wp-content\/uploads\/2024\/08\/custom-grill-5-285x393.jpg 285w\" sizes=\"(max-width: 790px) 100vw, 790px\" \/><\/figure>\n<\/div>\n<\/div>","protected":false},"excerpt":{"rendered":"<p>Ce gril est con\u00e7u pour r\u00e9duire les \u00e9missions de fum\u00e9e, afin que vous puissiez profiter du plaisir des grillades tout en pr\u00e9servant l'environnement. Il convient donc aux magasins de barbecues et aux restaurants. Nous fournissons des services de grilles de barbecue en gros et des solutions professionnelles de grilles de barbecue personnalis\u00e9es, la taille et la configuration peuvent \u00eatre personnalis\u00e9es, n'h\u00e9sitez pas \u00e0 nous contacter.<\/p>\n<h3>Caract\u00e9ristiques du gril personnalisable<\/h3>\n<p><strong>Options de personnalisation<\/strong>: De nombreuses options de personnalisation sont disponibles, et les tailles et configurations peuvent \u00eatre adapt\u00e9es aux diff\u00e9rents besoins et sc\u00e9narios de cuisson, garantissant ainsi que chaque exp\u00e9rience de barbecue r\u00e9pond \u00e0 vos attentes.<\/p>\n<p><strong>Chauffage efficace<\/strong>: Le syst\u00e8me de chauffage uniforme garantit une cuisson rapide et homog\u00e8ne des aliments, tout en pr\u00e9servant leur saveur d'origine.<\/p>\n<p><strong>Mat\u00e9riaux durables<\/strong>: Des mat\u00e9riaux en acier inoxydable de haute qualit\u00e9, r\u00e9sistant aux temp\u00e9ratures \u00e9lev\u00e9es et \u00e0 la corrosion, ont \u00e9t\u00e9 s\u00e9lectionn\u00e9s pour garantir la stabilit\u00e9 et la durabilit\u00e9 \u00e0 long terme de la grille de barbecue.<\/p>\n<p><strong>Facile \u00e0 nettoyer<\/strong>: La conception simple et le d\u00e9montage ais\u00e9 facilitent le nettoyage et l'entretien, ce qui permet d'\u00e9conomiser du temps et de l'\u00e9nergie. L'appareil convient parfaitement aux magasins de barbecue et aux restaurants.<\/p>\n<p><strong>Application multi-sc\u00e9narios<\/strong>: Qu'il s'agisse de la cuisine d'un restaurant, d'une f\u00eate ou d'une activit\u00e9 de camping, cette grille de barbecue est pratique et offre un grand plaisir de cuisiner.<\/p>\n<p><strong>Fonctionnement pratique<\/strong>: La conception conviviale de l'appareil permet aux novices du barbecue comme aux chefs exp\u00e9riment\u00e9s de le contr\u00f4ler facilement.<\/p>\n<p><strong>Poign\u00e9e r\u00e9sistante aux hautes temp\u00e9ratures<\/strong>: La poign\u00e9e est con\u00e7ue avec des mat\u00e9riaux r\u00e9sistants aux hautes temp\u00e9ratures pour garantir une utilisation s\u00fbre et confortable et \u00e9viter les br\u00fblures dues aux hautes temp\u00e9ratures.<\/p>","protected":false},"featured_media":4305,"comment_status":"closed","ping_status":"closed","template":"","meta":[],"product_brand":[],"product_cat":[61],"product_tag":[],"class_list":{"0":"post-4303","1":"product","2":"type-product","3":"status-publish","4":"has-post-thumbnail","6":"product_cat-wholesale-grills","8":"first","9":"instock","10":"shipping-taxable","11":"product-type-simple"},"_links":{"self":[{"href":"https:\/\/www.hg-cooker.com\/fr\/wp-json\/wp\/v2\/product\/4303","targetHints":{"allow":["GET"]}}],"collection":[{"href":"https:\/\/www.hg-cooker.com\/fr\/wp-json\/wp\/v2\/product"}],"about":[{"href":"https:\/\/www.hg-cooker.com\/fr\/wp-json\/wp\/v2\/types\/product"}],"replies":[{"embeddable":true,"href":"https:\/\/www.hg-cooker.com\/fr\/wp-json\/wp\/v2\/comments?post=4303"}],"wp:featuredmedia":[{"embeddable":true,"href":"https:\/\/www.hg-cooker.com\/fr\/wp-json\/wp\/v2\/media\/4305"}],"wp:attachment":[{"href":"https:\/\/www.hg-cooker.com\/fr\/wp-json\/wp\/v2\/media?parent=4303"}],"wp:term":[{"taxonomy":"product_brand","embeddable":true,"href":"https:\/\/www.hg-cooker.com\/fr\/wp-json\/wp\/v2\/product_brand?post=4303"},{"taxonomy":"product_cat","embeddable":true,"href":"https:\/\/www.hg-cooker.com\/fr\/wp-json\/wp\/v2\/product_cat?post=4303"},{"taxonomy":"product_tag","embeddable":true,"href":"https:\/\/www.hg-cooker.com\/fr\/wp-json\/wp\/v2\/product_tag?post=4303"}],"curies":[{"name":"wp","href":"https:\/\/api.w.org\/{rel}","templated":true}]}}