{"id":4297,"date":"2024-08-28T02:46:59","date_gmt":"2024-08-28T02:46:59","guid":{"rendered":"https:\/\/www.hg-cooker.com\/?post_type=product&#038;p=4297"},"modified":"2024-11-30T03:46:42","modified_gmt":"2024-11-30T03:46:42","slug":"pot-a-lait-bouillant-en-acier-inoxydable-wholesale-25","status":"publish","type":"product","link":"https:\/\/www.hg-cooker.com\/fr\/produit\/pot-a-lait-bouillant-en-acier-inoxydable-wholesale-25\/","title":{"rendered":"Grils en gros abordables et fiables pour tous vos besoins en mati\u00e8re de barbecue"},"content":{"rendered":"<div class=\"wp-block-columns is-layout-flex wp-container-core-columns-is-layout-9d6595d7 wp-block-columns-is-layout-flex\">\n<div class=\"wp-block-column is-layout-flow wp-block-column-is-layout-flow\">\n<h3 class=\"wp-block-heading\">Param\u00e8tres des grils de gros<\/h3>\n\n\n\n<figure class=\"wp-block-table\"><table class=\"has-fixed-layout\"><tbody><tr><td>Lieu d'origine<\/td><td>Nom du produit<\/td><td>Mat\u00e9riau<\/td><td>Utilisation<\/td><td>Couleur<\/td><td>Taille<\/td><td>Fonction<\/td><td>Poids<\/td><td>Unit\u00e9s de vente<\/td><td>Taille de l'emballage unique :<\/td><td>Poids brut unique :<\/td><\/tr><tr><td>Guangdong, Chine<\/td><td>Gril BBQ<\/td><td>Acier inoxydable<\/td><td>Restaurant et cuisine familiale<\/td><td>argent<\/td><td>35cm<\/td><td>Gril BBQ sans fum\u00e9e pour l'int\u00e9rieur et l'ext\u00e9rieur<\/td><td>2,13 kg<\/td><td>Article unique<\/td><td>76X70X56 cm<\/td><td>2,130 kg<\/td><\/tr><\/tbody><\/table><\/figure>\n<\/div>\n<\/div>\n\n\n\n<div class=\"wp-block-columns is-layout-flex wp-container-core-columns-is-layout-9d6595d7 wp-block-columns-is-layout-flex\">\n<div class=\"wp-block-column is-layout-flow wp-block-column-is-layout-flow\">\n<h3 class=\"wp-block-heading\">Options de gril sur mesure<\/h3>\n\n\n\n<p><strong>Logo<\/strong>: Personnalisez le logo de votre marque sur la grille et l'emballage.<br><br><strong>Taille<\/strong>: Nous pouvons personnaliser le gril en diff\u00e9rentes tailles selon vos besoins.<br><br><strong>Paquet<\/strong>: carton\/bo\u00eete de couleur.<br><br><a href=\"https:\/\/www.hg-cooker.com\/fr\/custom-solution\/\" data-type=\"page\" data-id=\"2793\" target=\"_blank\" rel=\"noreferrer noopener\"><strong>Explorer plus de d\u00e9tails OEM&amp;ODM sur mesure<\/strong><\/a><\/p>\n<\/div>\n<\/div>\n\n\n\n<div class=\"wp-block-columns is-layout-flex wp-container-core-columns-is-layout-9d6595d7 wp-block-columns-is-layout-flex\">\n<div class=\"wp-block-column is-layout-flow wp-block-column-is-layout-flow\">\n<figure class=\"wp-block-image size-full\"><img fetchpriority=\"high\" decoding=\"async\" width=\"790\" height=\"1191\" src=\"https:\/\/www.hg-cooker.com\/wp-content\/uploads\/2024\/08\/BBQ-grill-detail-1.jpg\" alt=\"Grille de barbecue - d\u00e9tail (1)\" class=\"wp-image-4301\" srcset=\"https:\/\/www.hg-cooker.com\/wp-content\/uploads\/2024\/08\/BBQ-grill-detail-1.jpg 790w, https:\/\/www.hg-cooker.com\/wp-content\/uploads\/2024\/08\/BBQ-grill-detail-1-99x150.jpg 99w, https:\/\/www.hg-cooker.com\/wp-content\/uploads\/2024\/08\/BBQ-grill-detail-1-438x660.jpg 438w, https:\/\/www.hg-cooker.com\/wp-content\/uploads\/2024\/08\/BBQ-grill-detail-1-199x300.jpg 199w, https:\/\/www.hg-cooker.com\/wp-content\/uploads\/2024\/08\/BBQ-grill-detail-1-768x1158.jpg 768w, https:\/\/www.hg-cooker.com\/wp-content\/uploads\/2024\/08\/BBQ-grill-detail-1-8x12.jpg 8w, https:\/\/www.hg-cooker.com\/wp-content\/uploads\/2024\/08\/BBQ-grill-detail-1-285x430.jpg 285w\" sizes=\"(max-width: 790px) 100vw, 790px\" \/><\/figure>\n<\/div>\n\n\n\n<div class=\"wp-block-column is-layout-flow wp-block-column-is-layout-flow\">\n<figure class=\"wp-block-image size-full\"><img decoding=\"async\" width=\"790\" height=\"1191\" src=\"https:\/\/www.hg-cooker.com\/wp-content\/uploads\/2024\/08\/BBQ-grill-detail-2.jpg\" alt=\"Grille de barbecue - d\u00e9tail (2)\" class=\"wp-image-4302\" srcset=\"https:\/\/www.hg-cooker.com\/wp-content\/uploads\/2024\/08\/BBQ-grill-detail-2.jpg 790w, https:\/\/www.hg-cooker.com\/wp-content\/uploads\/2024\/08\/BBQ-grill-detail-2-99x150.jpg 99w, https:\/\/www.hg-cooker.com\/wp-content\/uploads\/2024\/08\/BBQ-grill-detail-2-438x660.jpg 438w, https:\/\/www.hg-cooker.com\/wp-content\/uploads\/2024\/08\/BBQ-grill-detail-2-199x300.jpg 199w, https:\/\/www.hg-cooker.com\/wp-content\/uploads\/2024\/08\/BBQ-grill-detail-2-768x1158.jpg 768w, https:\/\/www.hg-cooker.com\/wp-content\/uploads\/2024\/08\/BBQ-grill-detail-2-8x12.jpg 8w, https:\/\/www.hg-cooker.com\/wp-content\/uploads\/2024\/08\/BBQ-grill-detail-2-285x430.jpg 285w\" sizes=\"(max-width: 790px) 100vw, 790px\" \/><\/figure>\n<\/div>\n<\/div>","protected":false},"excerpt":{"rendered":"<p>Grillades en gros de haute qualit\u00e9. Ce gril est fabriqu\u00e9 en acier inoxydable robuste et r\u00e9sistant aux hautes temp\u00e9ratures pour vous offrir la meilleure exp\u00e9rience de grillade au charbon de bois. Le gril est \u00e9quip\u00e9 d'une base solide pour assurer la s\u00e9curit\u00e9 et la stabilit\u00e9. Il est facile \u00e0 utiliser et \u00e0 transporter, ce qui le rend id\u00e9al pour les barbecues dans les patios, le camping et les petits rassemblements.<\/p>\n<h3>Caract\u00e9ristiques de la bo\u00eete \u00e0 bento en gros<\/h3>\n<p><strong>Acier inoxydable de haute qualit\u00e9<\/strong>: Fabriqu\u00e9 en acier inoxydable robuste et r\u00e9sistant aux hautes temp\u00e9ratures, ce gril a une longue dur\u00e9e de vie.<\/p>\n<p><strong>Facile \u00e0 transporter<\/strong>: Le gril est compact et facile \u00e0 transporter et \u00e0 ranger. Il peut \u00eatre plac\u00e9 dans la voiture et est id\u00e9al pour le camping et les activit\u00e9s de plein air.<\/p>\n<p><strong>Stabilit\u00e9 et s\u00e9curit\u00e9<\/strong>: Le gril est \u00e9quip\u00e9 d'une base solide pour assurer la s\u00e9curit\u00e9 et la stabilit\u00e9 sur diff\u00e9rentes surfaces.<\/p>\n<p><strong>Contr\u00f4le pr\u00e9cis de la temp\u00e9rature<\/strong>: \u00c9quip\u00e9 d'\u00e9vents r\u00e9glables, vous pouvez contr\u00f4ler avec pr\u00e9cision la temp\u00e9rature de cuisson pour vous assurer que les aliments sont grill\u00e9s au degr\u00e9 de cuisson id\u00e9al \u00e0 chaque fois.<\/p>\n<p><strong>Facile \u00e0 utiliser<\/strong>: Convient aussi bien aux novices du barbecue qu'aux ma\u00eetres du gril exp\u00e9riment\u00e9s, il offre d'excellentes performances de cuisson et donne aux aliments une saveur fum\u00e9e unique.<\/p>\n<p><strong>Polyvalent<\/strong>: Ce gril convient \u00e0 une grande vari\u00e9t\u00e9 de besoins culinaires et peut traiter une grande vari\u00e9t\u00e9 d'ingr\u00e9dients, des hamburgers aux brochettes. Il convient non seulement aux novices en mati\u00e8re de barbecue, mais r\u00e9pond \u00e9galement aux exigences des ma\u00eetres du gril exp\u00e9riment\u00e9s pour une chaleur parfaite.<\/p>","protected":false},"featured_media":4298,"comment_status":"closed","ping_status":"closed","template":"","meta":[],"product_brand":[],"product_cat":[61],"product_tag":[],"class_list":{"0":"post-4297","1":"product","2":"type-product","3":"status-publish","4":"has-post-thumbnail","6":"product_cat-wholesale-grills","8":"first","9":"instock","10":"shipping-taxable","11":"product-type-simple"},"_links":{"self":[{"href":"https:\/\/www.hg-cooker.com\/fr\/wp-json\/wp\/v2\/product\/4297","targetHints":{"allow":["GET"]}}],"collection":[{"href":"https:\/\/www.hg-cooker.com\/fr\/wp-json\/wp\/v2\/product"}],"about":[{"href":"https:\/\/www.hg-cooker.com\/fr\/wp-json\/wp\/v2\/types\/product"}],"replies":[{"embeddable":true,"href":"https:\/\/www.hg-cooker.com\/fr\/wp-json\/wp\/v2\/comments?post=4297"}],"wp:featuredmedia":[{"embeddable":true,"href":"https:\/\/www.hg-cooker.com\/fr\/wp-json\/wp\/v2\/media\/4298"}],"wp:attachment":[{"href":"https:\/\/www.hg-cooker.com\/fr\/wp-json\/wp\/v2\/media?parent=4297"}],"wp:term":[{"taxonomy":"product_brand","embeddable":true,"href":"https:\/\/www.hg-cooker.com\/fr\/wp-json\/wp\/v2\/product_brand?post=4297"},{"taxonomy":"product_cat","embeddable":true,"href":"https:\/\/www.hg-cooker.com\/fr\/wp-json\/wp\/v2\/product_cat?post=4297"},{"taxonomy":"product_tag","embeddable":true,"href":"https:\/\/www.hg-cooker.com\/fr\/wp-json\/wp\/v2\/product_tag?post=4297"}],"curies":[{"name":"wp","href":"https:\/\/api.w.org\/{rel}","templated":true}]}}