{"id":4276,"date":"2024-08-19T08:47:28","date_gmt":"2024-08-19T08:47:28","guid":{"rendered":"https:\/\/www.hg-cooker.com\/?post_type=product&#038;p=4276"},"modified":"2024-08-19T09:29:06","modified_gmt":"2024-08-19T09:29:06","slug":"pot-a-lait-bouillant-en-acier-inoxydable-wholesale-24","status":"publish","type":"product","link":"https:\/\/www.hg-cooker.com\/fr\/produit\/pot-a-lait-bouillant-en-acier-inoxydable-wholesale-24\/","title":{"rendered":"Bo\u00eete \u00e0 bento multi-couches en gros, Bo\u00eetes \u00e0 bento en vrac \u00e0 vendre"},"content":{"rendered":"<div class=\"wp-block-columns is-layout-flex wp-container-core-columns-is-layout-9d6595d7 wp-block-columns-is-layout-flex\">\n<div class=\"wp-block-column is-layout-flow wp-block-column-is-layout-flow\">\n<h3 class=\"wp-block-heading\">Param\u00e8tres de la bo\u00eete \u00e0 bento en gros<\/h3>\n\n\n\n<figure class=\"wp-block-table\"><table class=\"has-fixed-layout\"><tbody><tr><td>Lieu d'origine<\/td><td>Nom de la marque<\/td><td>Num\u00e9ro de mod\u00e8le<\/td><td>Avantage<\/td><td>Couvercle<\/td><td>Capacit\u00e9<\/td><td>Type<\/td><td>Nom du produit<\/td><td>Couleur<\/td><td>Fonction<\/td><td>Couche<\/td><td>Caract\u00e9ristiques des conteneurs alimentaires<\/td><\/tr><tr><td>Guangdong, Chine<\/td><td>Heng-Guang<\/td><td>HG-RL1\/2\/3<\/td><td>Respect de l'environnement<\/td><td>Couvercle en plastique<\/td><td>0.7\/1.4\/2.1\/2.4L<\/td><td>Bo\u00eetes et bacs de rangement, Bo\u00eetes et bacs de rangement<\/td><td>bo\u00eete \u00e0 bento ronde en acier inoxydable avec couvercle en plastique<\/td><td>Vert, bleu clair, orange<\/td><td>Garder les aliments au chaud<\/td><td>1-3 couches<\/td><td>Pr\u00e9servation de la fra\u00eecheur<\/td><\/tr><\/tbody><\/table><\/figure>\n\n\n\n<div class=\"wp-block-group\"><div class=\"wp-block-group__inner-container is-layout-constrained wp-block-group-is-layout-constrained\">\n<div class=\"wp-block-columns is-layout-flex wp-container-core-columns-is-layout-9d6595d7 wp-block-columns-is-layout-flex\">\n<div class=\"wp-block-column is-layout-flow wp-block-column-is-layout-flow\" style=\"flex-basis:100%\">\n<h3 class=\"wp-block-heading\">Emballage et livraison<\/h3>\n\n\n\n<figure class=\"wp-block-table\"><table class=\"has-fixed-layout\"><tbody><tr><td>D\u00e9tails de l'emballage<\/td><td>Port<\/td><td>Unit\u00e9s de vente :<\/td><td>Taille de l'emballage unique :<\/td><td>Poids brut unique :<\/td><\/tr><tr><td>Sachet en plastique par pi\u00e8ce, puis emballage dans une bo\u00eete de couleur et plus de quantit\u00e9s pour le carton d'exportation ;<\/td><td>Shantou<\/td><td>Article unique<\/td><td>12X6X5cm<\/td><td>2.000 kg<\/td><\/tr><\/tbody><\/table><\/figure>\n<\/div>\n<\/div>\n<\/div><\/div>\n<\/div>\n<\/div>\n\n\n\n<div class=\"wp-block-columns is-layout-flex wp-container-core-columns-is-layout-9d6595d7 wp-block-columns-is-layout-flex\">\n<div class=\"wp-block-column is-layout-flow wp-block-column-is-layout-flow\">\n<h3 class=\"wp-block-heading\">Options de bo\u00eetes \u00e0 bento personnalis\u00e9es OEM&amp;ODM<\/h3>\n\n\n\n<p><strong>Logo<\/strong>: Personnalisez le logo de votre marque sur la bo\u00eete \u00e0 bento et l'emballage.<br><br><strong>Taille<\/strong>: Nous offrons la possibilit\u00e9 de personnaliser les bo\u00eetes \u00e0 bento dans diff\u00e9rentes tailles.<br><br><strong>Paquet<\/strong>: carton\/bo\u00eete de couleur.<br><br><a href=\"https:\/\/www.hg-cooker.com\/fr\/custom-solution\/\" data-type=\"page\" data-id=\"2793\" target=\"_blank\" rel=\"noreferrer noopener\"><strong>Explorer plus de d\u00e9tails OEM&amp;ODM sur mesure<\/strong><\/a><\/p>\n<\/div>\n<\/div>\n\n\n\n<div class=\"wp-block-columns is-layout-flex wp-container-core-columns-is-layout-9d6595d7 wp-block-columns-is-layout-flex\">\n<div class=\"wp-block-column is-layout-flow wp-block-column-is-layout-flow\">\n<figure class=\"wp-block-image size-full\"><img fetchpriority=\"high\" decoding=\"async\" width=\"800\" height=\"800\" src=\"https:\/\/www.hg-cooker.com\/wp-content\/uploads\/2024\/08\/wholesale-bento-box-blue.webp\" alt=\"Bo\u00eete \u00e0 bento en gros bleue\" class=\"wp-image-4277\" srcset=\"https:\/\/www.hg-cooker.com\/wp-content\/uploads\/2024\/08\/wholesale-bento-box-blue.webp 800w, https:\/\/www.hg-cooker.com\/wp-content\/uploads\/2024\/08\/wholesale-bento-box-blue-150x150.webp 150w, https:\/\/www.hg-cooker.com\/wp-content\/uploads\/2024\/08\/wholesale-bento-box-blue-660x660.webp 660w, https:\/\/www.hg-cooker.com\/wp-content\/uploads\/2024\/08\/wholesale-bento-box-blue-300x300.webp 300w, https:\/\/www.hg-cooker.com\/wp-content\/uploads\/2024\/08\/wholesale-bento-box-blue-768x768.webp 768w, https:\/\/www.hg-cooker.com\/wp-content\/uploads\/2024\/08\/wholesale-bento-box-blue-12x12.webp 12w, https:\/\/www.hg-cooker.com\/wp-content\/uploads\/2024\/08\/wholesale-bento-box-blue-285x285.webp 285w, https:\/\/www.hg-cooker.com\/wp-content\/uploads\/2024\/08\/wholesale-bento-box-blue-270x270.webp 270w, https:\/\/www.hg-cooker.com\/wp-content\/uploads\/2024\/08\/wholesale-bento-box-blue-540x540.webp 540w\" sizes=\"(max-width: 800px) 100vw, 800px\" \/><\/figure>\n<\/div>\n\n\n\n<div class=\"wp-block-column is-layout-flow wp-block-column-is-layout-flow\">\n<figure class=\"wp-block-image size-full\"><img decoding=\"async\" width=\"800\" height=\"800\" src=\"https:\/\/www.hg-cooker.com\/wp-content\/uploads\/2024\/08\/wholesale-bento-box-pink.webp\" alt=\"Bo\u00eete \u00e0 bento en gros rose\" class=\"wp-image-4278\" srcset=\"https:\/\/www.hg-cooker.com\/wp-content\/uploads\/2024\/08\/wholesale-bento-box-pink.webp 800w, https:\/\/www.hg-cooker.com\/wp-content\/uploads\/2024\/08\/wholesale-bento-box-pink-150x150.webp 150w, https:\/\/www.hg-cooker.com\/wp-content\/uploads\/2024\/08\/wholesale-bento-box-pink-660x660.webp 660w, https:\/\/www.hg-cooker.com\/wp-content\/uploads\/2024\/08\/wholesale-bento-box-pink-300x300.webp 300w, https:\/\/www.hg-cooker.com\/wp-content\/uploads\/2024\/08\/wholesale-bento-box-pink-768x768.webp 768w, https:\/\/www.hg-cooker.com\/wp-content\/uploads\/2024\/08\/wholesale-bento-box-pink-12x12.webp 12w, https:\/\/www.hg-cooker.com\/wp-content\/uploads\/2024\/08\/wholesale-bento-box-pink-285x285.webp 285w, https:\/\/www.hg-cooker.com\/wp-content\/uploads\/2024\/08\/wholesale-bento-box-pink-270x270.webp 270w, https:\/\/www.hg-cooker.com\/wp-content\/uploads\/2024\/08\/wholesale-bento-box-pink-540x540.webp 540w\" sizes=\"(max-width: 800px) 100vw, 800px\" \/><\/figure>\n<\/div>\n<\/div>","protected":false},"excerpt":{"rendered":"<p>Nous fournissons des solutions de vente en gros de bo\u00eetes \u00e0 bento multicouches de haute qualit\u00e9 pour les entreprises, les \u00e9coles, les traiteurs et les d\u00e9taillants. Cette bo\u00eete \u00e0 bento en acier inoxydable pr\u00e9sente un design unique et convient \u00e0 diverses occasions et besoins en mati\u00e8re de restauration. Les bo\u00eetes \u00e0 bento en acier inoxydable ont une longue dur\u00e9e de vie et peuvent \u00eatre r\u00e9utilis\u00e9es, ce qui contribue \u00e0 r\u00e9duire la production de produits en plastique. Nous vous fournissons des bo\u00eetes \u00e0 bento en gros \u00e0 des prix d'usine, n'h\u00e9sitez pas \u00e0 nous contacter.<\/p>\n<h3>Caract\u00e9ristiques de la bo\u00eete \u00e0 bento en gros<\/h3>\n<p>1.<strong>Conception multicouche<\/strong>: La structure multicouche peut contenir une vari\u00e9t\u00e9 d'aliments en m\u00eame temps, vous aidant \u00e0 s\u00e9parer efficacement les plats principaux, les plats d'accompagnement, les plats d'accompagnement et les fruits, et \u00e0 conserver la fra\u00eecheur et le go\u00fbt des aliments.<\/p>\n<p>2.<strong>Mat\u00e9riaux de haute qualit\u00e9<\/strong>: Nos bo\u00eetes \u00e0 bento sont fabriqu\u00e9es en plastique de qualit\u00e9 alimentaire ou en acier inoxydable, sans BPA, et sont s\u00fbres et saines pour la conservation des aliments.<\/p>\n<p><strong>3. choix respectueux de l'environnement<\/strong>: Les bo\u00eetes \u00e0 bento en acier inoxydable ont une longue dur\u00e9e de vie et peuvent \u00eatre r\u00e9utilis\u00e9es, ce qui r\u00e9duit l'utilisation de vaisselle jetable et contribue \u00e0 r\u00e9duire la pollution de l'environnement et le gaspillage des ressources.<\/p>\n<p>4.<strong>Des couleurs vives<\/strong>: Nous proposons 3 couleurs, vert, bleu et rose, pour r\u00e9pondre aux besoins des diff\u00e9rents utilisateurs.<\/p>\n<p>5.<strong>Facile \u00e0 nettoyer<\/strong>: La surface lisse et la conception amovible facilitent le nettoyage et peuvent \u00eatre nettoy\u00e9es au lave-vaisselle, ce qui permet d'\u00e9conomiser du temps et de l'\u00e9nergie.<\/p>\n<p>6.<strong>Service personnalis\u00e9<\/strong>: Nous fournissons des solutions personnalis\u00e9es OEM&amp;ODM, y compris la taille, la couleur, la conception du couvercle et le logo de la marque pour r\u00e9pondre \u00e0 vos besoins personnalis\u00e9s. Nous pouvons produire selon vos exigences pour vous aider \u00e0 vous d\u00e9marquer sur le march\u00e9.<\/p>","protected":false},"featured_media":4279,"comment_status":"closed","ping_status":"closed","template":"","meta":[],"product_brand":[],"product_cat":[51],"product_tag":[],"class_list":{"0":"post-4276","1":"product","2":"type-product","3":"status-publish","4":"has-post-thumbnail","6":"product_cat-food-storage-container","8":"first","9":"instock","10":"shipping-taxable","11":"product-type-simple"},"_links":{"self":[{"href":"https:\/\/www.hg-cooker.com\/fr\/wp-json\/wp\/v2\/product\/4276","targetHints":{"allow":["GET"]}}],"collection":[{"href":"https:\/\/www.hg-cooker.com\/fr\/wp-json\/wp\/v2\/product"}],"about":[{"href":"https:\/\/www.hg-cooker.com\/fr\/wp-json\/wp\/v2\/types\/product"}],"replies":[{"embeddable":true,"href":"https:\/\/www.hg-cooker.com\/fr\/wp-json\/wp\/v2\/comments?post=4276"}],"wp:featuredmedia":[{"embeddable":true,"href":"https:\/\/www.hg-cooker.com\/fr\/wp-json\/wp\/v2\/media\/4279"}],"wp:attachment":[{"href":"https:\/\/www.hg-cooker.com\/fr\/wp-json\/wp\/v2\/media?parent=4276"}],"wp:term":[{"taxonomy":"product_brand","embeddable":true,"href":"https:\/\/www.hg-cooker.com\/fr\/wp-json\/wp\/v2\/product_brand?post=4276"},{"taxonomy":"product_cat","embeddable":true,"href":"https:\/\/www.hg-cooker.com\/fr\/wp-json\/wp\/v2\/product_cat?post=4276"},{"taxonomy":"product_tag","embeddable":true,"href":"https:\/\/www.hg-cooker.com\/fr\/wp-json\/wp\/v2\/product_tag?post=4276"}],"curies":[{"name":"wp","href":"https:\/\/api.w.org\/{rel}","templated":true}]}}