{"id":4270,"date":"2024-08-30T09:18:36","date_gmt":"2024-08-30T09:18:36","guid":{"rendered":"https:\/\/www.hg-cooker.com\/?post_type=product&#038;p=4270"},"modified":"2025-11-13T02:07:14","modified_gmt":"2025-11-13T02:07:14","slug":"pot-a-lait-bouillant-en-acier-inoxydable-wholesale-23","status":"publish","type":"product","link":"https:\/\/www.hg-cooker.com\/fr\/produit\/pot-a-lait-bouillant-en-acier-inoxydable-wholesale-23\/","title":{"rendered":"Bo\u00eetes \u00e0 lunch en acier inoxydable en gros Bo\u00eetes \u00e0 lunch en vrac \u00e0 vendre"},"content":{"rendered":"<div class=\"wp-block-columns is-layout-flex wp-container-core-columns-is-layout-9d6595d7 wp-block-columns-is-layout-flex\">\n<div class=\"wp-block-column is-layout-flow wp-block-column-is-layout-flow\">\n<h3 class=\"wp-block-heading\">Param\u00e8tres des bo\u00eetes \u00e0 lunch en gros<\/h3>\n\n\n\n<div class=\"wp-block-group\"><div class=\"wp-block-group__inner-container is-layout-constrained wp-block-group-is-layout-constrained\">\n<div class=\"wp-block-columns is-layout-flex wp-container-core-columns-is-layout-9d6595d7 wp-block-columns-is-layout-flex\">\n<div class=\"wp-block-column is-layout-flow wp-block-column-is-layout-flow\" style=\"flex-basis:100%\">\n<figure class=\"wp-block-table\"><table class=\"has-fixed-layout\"><tbody><tr><td>Lieu d'origine<\/td><td>Nom de la marque<\/td><td>Num\u00e9ro de mod\u00e8le<\/td><td>Nom du produit<\/td><td>Qualit\u00e9 du mat\u00e9riau<\/td><td>couche<\/td><td>Emballage<\/td><td>Utilisation<\/td><td>MOQ<\/td><td>Mat\u00e9riau<\/td><td>Logo<\/td><\/tr><tr><td>Guangdong, Chine<\/td><td>HENG-GUANG<\/td><td>HG-BDH<\/td><td>Bo\u00eete \u00e0 lunch HG en acier inoxydable, \u00e9cologique et d'un nouveau style<\/td><td>acier inoxydable 201<\/td><td>1 couche<\/td><td>bo\u00eete \u00e0 couleurs<\/td><td>Aliments chauds<\/td><td>3000pcs<\/td><td>M\u00e9tal<\/td><td>Logo personnalis\u00e9<\/td><\/tr><\/tbody><\/table><\/figure>\n\n\n\n<h3 class=\"wp-block-heading\">Emballage et livraison<\/h3>\n\n\n\n<figure class=\"wp-block-table\"><table class=\"has-fixed-layout\"><tbody><tr><td>D\u00e9tails de l'emballage<\/td><td>Port<\/td><td>Unit\u00e9s de vente :<\/td><td>Taille de l'emballage unique :<\/td><td>Poids brut unique :<\/td><\/tr><tr><td>Sachet en plastique par pi\u00e8ce, puis emballage dans une bo\u00eete de couleur et plus de quantit\u00e9s pour le carton d'exportation ;<\/td><td>Shantou<\/td><td>Article unique<\/td><td>25X25X25 cm<\/td><td>2.000 kg<\/td><\/tr><\/tbody><\/table><\/figure>\n<\/div>\n<\/div>\n<\/div><\/div>\n<\/div>\n<\/div>\n\n\n\n<div class=\"wp-block-columns is-layout-flex wp-container-core-columns-is-layout-9d6595d7 wp-block-columns-is-layout-flex\">\n<div class=\"wp-block-column is-layout-flow wp-block-column-is-layout-flow\">\n<h3 class=\"wp-block-heading\">Options de conteneurs alimentaires personnalis\u00e9s OEM&amp;ODM<\/h3>\n\n\n\n<p><strong>Logo<\/strong>: Personnalisez le logo de votre marque sur la bo\u00eete \u00e0 lunch et l'emballage.<br><br><strong>Taille<\/strong>: Nous offrons la possibilit\u00e9 de personnaliser les bo\u00eetes \u00e0 lunch dans diff\u00e9rentes tailles.<br><br><strong>Paquet<\/strong>: carton\/bo\u00eete de couleur.<br><br><a href=\"https:\/\/www.hg-cooker.com\/fr\/custom-solution\/\" data-type=\"page\" data-id=\"2793\" target=\"_blank\" rel=\"noreferrer noopener\"><strong>Explorer plus de d\u00e9tails OEM&amp;ODM sur mesure<\/strong><\/a><\/p>\n<\/div>\n<\/div>\n\n\n\n<div class=\"wp-block-columns is-layout-flex wp-container-core-columns-is-layout-9d6595d7 wp-block-columns-is-layout-flex\">\n<div class=\"wp-block-column is-layout-flow wp-block-column-is-layout-flow\">\n<figure class=\"wp-block-image size-full\"><img fetchpriority=\"high\" decoding=\"async\" width=\"750\" height=\"750\" src=\"https:\/\/www.hg-cooker.com\/wp-content\/uploads\/2024\/08\/wholesale-pink-stainless-steel-lunch-boxes.webp\" alt=\"Grossiste bo\u00eetes \u00e0 lunch en acier inoxydable rose\" class=\"wp-image-4273\" srcset=\"https:\/\/www.hg-cooker.com\/wp-content\/uploads\/2024\/08\/wholesale-pink-stainless-steel-lunch-boxes.webp 750w, https:\/\/www.hg-cooker.com\/wp-content\/uploads\/2024\/08\/wholesale-pink-stainless-steel-lunch-boxes-150x150.webp 150w, https:\/\/www.hg-cooker.com\/wp-content\/uploads\/2024\/08\/wholesale-pink-stainless-steel-lunch-boxes-660x660.webp 660w, https:\/\/www.hg-cooker.com\/wp-content\/uploads\/2024\/08\/wholesale-pink-stainless-steel-lunch-boxes-300x300.webp 300w, https:\/\/www.hg-cooker.com\/wp-content\/uploads\/2024\/08\/wholesale-pink-stainless-steel-lunch-boxes-12x12.webp 12w, https:\/\/www.hg-cooker.com\/wp-content\/uploads\/2024\/08\/wholesale-pink-stainless-steel-lunch-boxes-285x285.webp 285w, https:\/\/www.hg-cooker.com\/wp-content\/uploads\/2024\/08\/wholesale-pink-stainless-steel-lunch-boxes-270x270.webp 270w, https:\/\/www.hg-cooker.com\/wp-content\/uploads\/2024\/08\/wholesale-pink-stainless-steel-lunch-boxes-540x540.webp 540w\" sizes=\"(max-width: 750px) 100vw, 750px\" \/><\/figure>\n<\/div>\n\n\n\n<div class=\"wp-block-column is-layout-flow wp-block-column-is-layout-flow\">\n<figure class=\"wp-block-image size-full\"><img decoding=\"async\" width=\"750\" height=\"750\" src=\"https:\/\/www.hg-cooker.com\/wp-content\/uploads\/2024\/08\/wholesale-green-stainless-steel-lunch-boxes.webp\" alt=\"bo\u00eetes \u00e0 lunch en acier inoxydable vert en gros\" class=\"wp-image-4272\" srcset=\"https:\/\/www.hg-cooker.com\/wp-content\/uploads\/2024\/08\/wholesale-green-stainless-steel-lunch-boxes.webp 750w, https:\/\/www.hg-cooker.com\/wp-content\/uploads\/2024\/08\/wholesale-green-stainless-steel-lunch-boxes-150x150.webp 150w, https:\/\/www.hg-cooker.com\/wp-content\/uploads\/2024\/08\/wholesale-green-stainless-steel-lunch-boxes-660x660.webp 660w, https:\/\/www.hg-cooker.com\/wp-content\/uploads\/2024\/08\/wholesale-green-stainless-steel-lunch-boxes-300x300.webp 300w, https:\/\/www.hg-cooker.com\/wp-content\/uploads\/2024\/08\/wholesale-green-stainless-steel-lunch-boxes-12x12.webp 12w, https:\/\/www.hg-cooker.com\/wp-content\/uploads\/2024\/08\/wholesale-green-stainless-steel-lunch-boxes-285x285.webp 285w, https:\/\/www.hg-cooker.com\/wp-content\/uploads\/2024\/08\/wholesale-green-stainless-steel-lunch-boxes-270x270.webp 270w, https:\/\/www.hg-cooker.com\/wp-content\/uploads\/2024\/08\/wholesale-green-stainless-steel-lunch-boxes-540x540.webp 540w\" sizes=\"(max-width: 750px) 100vw, 750px\" \/><\/figure>\n<\/div>\n<\/div>","protected":false},"excerpt":{"rendered":"<p>Nous proposons des bo\u00eetes \u00e0 lunch en acier inoxydable de haute qualit\u00e9, con\u00e7ues pour les entreprises, les \u00e9coles, les traiteurs et les d\u00e9taillants. Ces bo\u00eetes \u00e0 lunch sont solides et durables, fabriqu\u00e9es en acier inoxydable de haute qualit\u00e9, elles sont con\u00e7ues pour durer et sont parfaites pour un usage quotidien et des lavages fr\u00e9quents. Contactez-nous pour obtenir des bo\u00eetes \u00e0 lunch en gros \u00e0 des prix d'usine.<\/p>\n<h3>Caract\u00e9ristiques des bo\u00eetes \u00e0 lunch en gros<\/h3>\n<p><strong>1. mat\u00e9riaux de haute qualit\u00e9<\/strong>: Fabriqu\u00e9 en acier inoxydable de qualit\u00e9 alimentaire, sans BPA pour garantir la s\u00e9curit\u00e9 alimentaire.<\/p>\n<p><strong>2. performance d'isolation sup\u00e9rieure<\/strong>: Cette bo\u00eete \u00e0 lunch en gros a un excellent effet isolant, ce qui vous permet de savourer de d\u00e9licieux repas \u00e0 tout moment.<\/p>\n<p><strong>3. conception \u00e9tanche<\/strong>: \u00c9quip\u00e9 d'un couvercle herm\u00e9tique pour \u00e9viter les fuites de liquide, il convient au transport de soupes et de plats riches en sauce, ce qui le rend plus facile \u00e0 transporter.<\/p>\n<p><strong>4. l\u00e9ger et portable<\/strong>: Ces bo\u00eetes \u00e0 lunch sont l\u00e9g\u00e8res et portables, et peuvent \u00eatre facilement transport\u00e9es au travail, \u00e0 l'\u00e9cole ou lors d'activit\u00e9s de plein air.<\/p>\n<p><strong>5. apparence \u00e9l\u00e9gante<\/strong>: Cette bo\u00eete \u00e0 lunch en acier inoxydable pr\u00e9sente un design simple et moderne, adapt\u00e9 \u00e0 diverses occasions, et dispose d'une vari\u00e9t\u00e9 d'options de couleurs pour r\u00e9pondre aux besoins des diff\u00e9rents utilisateurs.<\/p>\n<p><strong>6. solution sur mesure<\/strong>:Nous sommes en mesure de personnaliser la bo\u00eete \u00e0 lunch en acier inoxydable en fonction de vos besoins, qu'il s'agisse de la taille, de la forme, de la couleur ou du design du couvercle, nous pouvons l'adapter \u00e0 vos exigences.<\/p>","protected":false},"featured_media":4274,"comment_status":"closed","ping_status":"closed","template":"","meta":[],"product_brand":[],"product_cat":[51],"product_tag":[],"class_list":{"0":"post-4270","1":"product","2":"type-product","3":"status-publish","4":"has-post-thumbnail","6":"product_cat-food-storage-container","8":"first","9":"instock","10":"shipping-taxable","11":"product-type-simple"},"_links":{"self":[{"href":"https:\/\/www.hg-cooker.com\/fr\/wp-json\/wp\/v2\/product\/4270","targetHints":{"allow":["GET"]}}],"collection":[{"href":"https:\/\/www.hg-cooker.com\/fr\/wp-json\/wp\/v2\/product"}],"about":[{"href":"https:\/\/www.hg-cooker.com\/fr\/wp-json\/wp\/v2\/types\/product"}],"replies":[{"embeddable":true,"href":"https:\/\/www.hg-cooker.com\/fr\/wp-json\/wp\/v2\/comments?post=4270"}],"wp:featuredmedia":[{"embeddable":true,"href":"https:\/\/www.hg-cooker.com\/fr\/wp-json\/wp\/v2\/media\/4274"}],"wp:attachment":[{"href":"https:\/\/www.hg-cooker.com\/fr\/wp-json\/wp\/v2\/media?parent=4270"}],"wp:term":[{"taxonomy":"product_brand","embeddable":true,"href":"https:\/\/www.hg-cooker.com\/fr\/wp-json\/wp\/v2\/product_brand?post=4270"},{"taxonomy":"product_cat","embeddable":true,"href":"https:\/\/www.hg-cooker.com\/fr\/wp-json\/wp\/v2\/product_cat?post=4270"},{"taxonomy":"product_tag","embeddable":true,"href":"https:\/\/www.hg-cooker.com\/fr\/wp-json\/wp\/v2\/product_tag?post=4270"}],"curies":[{"name":"wp","href":"https:\/\/api.w.org\/{rel}","templated":true}]}}