{"id":4264,"date":"2024-11-05T07:29:30","date_gmt":"2024-11-05T07:29:30","guid":{"rendered":"https:\/\/www.hg-cooker.com\/?post_type=product&#038;p=4264"},"modified":"2025-11-13T01:58:26","modified_gmt":"2025-11-13T01:58:26","slug":"pot-a-lait-bouillant-en-acier-inoxydable-wholesale-22","status":"publish","type":"product","link":"https:\/\/www.hg-cooker.com\/fr\/produit\/pot-a-lait-bouillant-en-acier-inoxydable-wholesale-22\/","title":{"rendered":"Wholesale Stainless Steel Food Containers Bulk Food Containers for Sale (Conteneurs alimentaires en gros en acier inoxydable pour la vente)"},"content":{"rendered":"<div class=\"wp-block-columns is-layout-flex wp-container-core-columns-is-layout-9d6595d7 wp-block-columns-is-layout-flex\">\n<div class=\"wp-block-column is-layout-flow wp-block-column-is-layout-flow\">\n<h3 class=\"wp-block-heading\">Param\u00e8tres des conteneurs alimentaires en acier inoxydable<\/h3>\n\n\n\n<div class=\"wp-block-group\"><div class=\"wp-block-group__inner-container is-layout-constrained wp-block-group-is-layout-constrained\">\n<div class=\"wp-block-columns is-layout-flex wp-container-core-columns-is-layout-9d6595d7 wp-block-columns-is-layout-flex\">\n<div class=\"wp-block-column is-layout-flow wp-block-column-is-layout-flow\" style=\"flex-basis:100%\">\n<figure class=\"wp-block-table\"><table class=\"has-fixed-layout\"><tbody><tr><td>Lieu d'origine<\/td><td>Occasion<\/td><td>Num\u00e9ro de mod\u00e8le<\/td><td>Mat\u00e9riau<\/td><td>Espace applicable<\/td><td>Emballage<\/td><td>Technique<\/td><td>Forme<\/td><td>Sp\u00e9cifications<\/td><td>Caract\u00e9ristiques des conteneurs alimentaires<\/td><td>Nom de l'article<\/td><td>Mat\u00e9riau<\/td><td>Couleur<\/td><\/tr><tr><td>Guangdong, Chine<\/td><td>Voyage<\/td><td>HG-BXH<\/td><td>M\u00e9tal<\/td><td>Cuisine<\/td><td>&gt;10<\/td><td>polonais<\/td><td>carr\u00e9, rectangle<\/td><td>500ml,1150ml,600ml,1200ml<\/td><td>s\u00fbr, sant\u00e9<\/td><td>R\u00e9cipient alimentaire en acier inoxydable<\/td><td>Acier inoxydable 304<\/td><td>Argent<\/td><\/tr><\/tbody><\/table><\/figure>\n<\/div>\n<\/div>\n<\/div><\/div>\n<\/div>\n<\/div>\n\n\n\n<div class=\"wp-block-columns is-layout-flex wp-container-core-columns-is-layout-9d6595d7 wp-block-columns-is-layout-flex\">\n<div class=\"wp-block-column is-layout-flow wp-block-column-is-layout-flow\">\n<h3 class=\"wp-block-heading\">Options de conteneurs alimentaires personnalis\u00e9s OEM&amp;ODM<\/h3>\n\n\n\n<p><strong>Logo<\/strong>: Personnalisez le logo de votre marque sur les contenants et emballages alimentaires.<br><br><strong>Taille<\/strong>: Nous offrons la possibilit\u00e9 de personnaliser les conteneurs alimentaires dans diff\u00e9rentes tailles.<br><br><strong>Paquet<\/strong>: carton\/bo\u00eete de couleur.<br><br><a href=\"https:\/\/www.hg-cooker.com\/fr\/custom-solution\/\" data-type=\"page\" data-id=\"2793\" target=\"_blank\" rel=\"noreferrer noopener\"><strong>Explorer plus de d\u00e9tails OEM&amp;ODM sur mesure<\/strong><\/a><\/p>\n<\/div>\n<\/div>\n\n\n\n<div class=\"wp-block-columns is-layout-flex wp-container-core-columns-is-layout-9d6595d7 wp-block-columns-is-layout-flex\">\n<div class=\"wp-block-column is-layout-flow wp-block-column-is-layout-flow\">\n<figure class=\"wp-block-image size-full\"><img fetchpriority=\"high\" decoding=\"async\" width=\"790\" height=\"990\" src=\"https:\/\/www.hg-cooker.com\/wp-content\/uploads\/2024\/08\/wholesale-food-container-detail-2.webp\" alt=\"D\u00e9tail des conteneurs alimentaires en gros (2)\" class=\"wp-image-4265\" srcset=\"https:\/\/www.hg-cooker.com\/wp-content\/uploads\/2024\/08\/wholesale-food-container-detail-2.webp 790w, https:\/\/www.hg-cooker.com\/wp-content\/uploads\/2024\/08\/wholesale-food-container-detail-2-120x150.webp 120w, https:\/\/www.hg-cooker.com\/wp-content\/uploads\/2024\/08\/wholesale-food-container-detail-2-527x660.webp 527w, https:\/\/www.hg-cooker.com\/wp-content\/uploads\/2024\/08\/wholesale-food-container-detail-2-239x300.webp 239w, https:\/\/www.hg-cooker.com\/wp-content\/uploads\/2024\/08\/wholesale-food-container-detail-2-768x962.webp 768w, https:\/\/www.hg-cooker.com\/wp-content\/uploads\/2024\/08\/wholesale-food-container-detail-2-10x12.webp 10w, https:\/\/www.hg-cooker.com\/wp-content\/uploads\/2024\/08\/wholesale-food-container-detail-2-285x357.webp 285w\" sizes=\"(max-width: 790px) 100vw, 790px\" \/><\/figure>\n<\/div>\n\n\n\n<div class=\"wp-block-column is-layout-flow wp-block-column-is-layout-flow\">\n<figure class=\"wp-block-image size-full\"><img decoding=\"async\" width=\"790\" height=\"1038\" src=\"https:\/\/www.hg-cooker.com\/wp-content\/uploads\/2024\/08\/wholesale-food-container-detail-3.webp\" alt=\"D\u00e9tail des contenants alimentaires en gros (3)\" class=\"wp-image-4266\" srcset=\"https:\/\/www.hg-cooker.com\/wp-content\/uploads\/2024\/08\/wholesale-food-container-detail-3.webp 790w, https:\/\/www.hg-cooker.com\/wp-content\/uploads\/2024\/08\/wholesale-food-container-detail-3-114x150.webp 114w, https:\/\/www.hg-cooker.com\/wp-content\/uploads\/2024\/08\/wholesale-food-container-detail-3-502x660.webp 502w, https:\/\/www.hg-cooker.com\/wp-content\/uploads\/2024\/08\/wholesale-food-container-detail-3-228x300.webp 228w, https:\/\/www.hg-cooker.com\/wp-content\/uploads\/2024\/08\/wholesale-food-container-detail-3-768x1009.webp 768w, https:\/\/www.hg-cooker.com\/wp-content\/uploads\/2024\/08\/wholesale-food-container-detail-3-9x12.webp 9w, https:\/\/www.hg-cooker.com\/wp-content\/uploads\/2024\/08\/wholesale-food-container-detail-3-285x374.webp 285w\" sizes=\"(max-width: 790px) 100vw, 790px\" \/><\/figure>\n<\/div>\n<\/div>","protected":false},"excerpt":{"rendered":"<p>Les mat\u00e9riaux que nous utilisons pour fabriquer nos r\u00e9cipients alimentaires en acier inoxydable haut de gamme sont r\u00e9sistants \u00e0 la rouille, aux taches et aux odeurs, ce qui les rend id\u00e9aux pour la conservation de diff\u00e9rents aliments. Am\u00e9liorez vos solutions de stockage des aliments et choisissez parmi nos conteneurs alimentaires en acier inoxydable de haute qualit\u00e9, con\u00e7us pour la durabilit\u00e9 et la polyvalence. Disponibles en vrac, que ce soit pour les entreprises, les \u00e9coles, les restaurants ou les services de restauration, nos produits offrent une alternative \u00e9cologique et durable au stockage en plastique.Bienvenue \u00e0 nous contacter pour obtenir des conteneurs alimentaires en gros \u00e0 prix d'usine.<\/p>\n<h3>Caract\u00e9ristiques des conteneurs alimentaires de gros<\/p>\n<\/h3>\n<p>1.<strong>Tr\u00e8s durable<\/strong>: Ces r\u00e9cipients alimentaires sont soigneusement fabriqu\u00e9s en acier inoxydable de haute qualit\u00e9. Ils ne se d\u00e9forment ni ne s'ab\u00eement facilement, m\u00eame en cas d'utilisation et de lavage fr\u00e9quents. Leur bonne durabilit\u00e9 en fait un choix id\u00e9al pour les lieux commerciaux et les foyers.<\/p>\n<p>2.<strong>Facile \u00e0 nettoyer<\/strong>: Ces r\u00e9cipients alimentaires en acier inoxydable ont une surface lisse qui emp\u00eache efficacement la r\u00e9tention des r\u00e9sidus alimentaires, des bact\u00e9ries et des odeurs, ce qui simplifie grandement le nettoyage.<br \/>Options de capacit\u00e9s multiples : Nous proposons quatre sp\u00e9cifications de conteneurs alimentaires : 500 ml, 1150 ml, 600 ml et 1200 ml pour r\u00e9pondre \u00e0 vos besoins de stockage de diff\u00e9rents aliments.<\/p>\n<p>3.<strong>Options respectueuses de l'environnement<\/strong>: Les r\u00e9cipients alimentaires en acier inoxydable ont une longue dur\u00e9e de vie et sont r\u00e9utilisables. Ces r\u00e9cipients en acier inoxydable constituent une solution durable pour r\u00e9duire les d\u00e9chets plastiques.<\/p>\n<p>4.<strong>Solution de conteneurs alimentaires sur mesure<\/strong>: Nous sommes en mesure de concevoir et de produire des r\u00e9cipients alimentaires en acier inoxydable qui r\u00e9pondent au positionnement de la marque et aux exigences d'utilisation de nos clients en fonction de leurs besoins sp\u00e9cifiques.<\/p>","protected":false},"featured_media":4269,"comment_status":"closed","ping_status":"closed","template":"","meta":[],"product_brand":[],"product_cat":[51],"product_tag":[],"class_list":{"0":"post-4264","1":"product","2":"type-product","3":"status-publish","4":"has-post-thumbnail","6":"product_cat-food-storage-container","8":"first","9":"instock","10":"shipping-taxable","11":"product-type-simple"},"_links":{"self":[{"href":"https:\/\/www.hg-cooker.com\/fr\/wp-json\/wp\/v2\/product\/4264","targetHints":{"allow":["GET"]}}],"collection":[{"href":"https:\/\/www.hg-cooker.com\/fr\/wp-json\/wp\/v2\/product"}],"about":[{"href":"https:\/\/www.hg-cooker.com\/fr\/wp-json\/wp\/v2\/types\/product"}],"replies":[{"embeddable":true,"href":"https:\/\/www.hg-cooker.com\/fr\/wp-json\/wp\/v2\/comments?post=4264"}],"wp:featuredmedia":[{"embeddable":true,"href":"https:\/\/www.hg-cooker.com\/fr\/wp-json\/wp\/v2\/media\/4269"}],"wp:attachment":[{"href":"https:\/\/www.hg-cooker.com\/fr\/wp-json\/wp\/v2\/media?parent=4264"}],"wp:term":[{"taxonomy":"product_brand","embeddable":true,"href":"https:\/\/www.hg-cooker.com\/fr\/wp-json\/wp\/v2\/product_brand?post=4264"},{"taxonomy":"product_cat","embeddable":true,"href":"https:\/\/www.hg-cooker.com\/fr\/wp-json\/wp\/v2\/product_cat?post=4264"},{"taxonomy":"product_tag","embeddable":true,"href":"https:\/\/www.hg-cooker.com\/fr\/wp-json\/wp\/v2\/product_tag?post=4264"}],"curies":[{"name":"wp","href":"https:\/\/api.w.org\/{rel}","templated":true}]}}