{"id":4258,"date":"2024-08-19T04:46:07","date_gmt":"2024-08-19T04:46:07","guid":{"rendered":"https:\/\/www.hg-cooker.com\/?post_type=product&#038;p=4258"},"modified":"2024-08-19T07:20:37","modified_gmt":"2024-08-19T07:20:37","slug":"pot-a-lait-bouillant-en-acier-inoxydable-wholesale-21","status":"publish","type":"product","link":"https:\/\/www.hg-cooker.com\/fr\/produit\/pot-a-lait-bouillant-en-acier-inoxydable-wholesale-21\/","title":{"rendered":"Wholesale 8L Large Capacity Thermos Thermal Cooker or Energy-Efficient Meal Preparation (Cuiseur thermique de grande capacit\u00e9 pour la pr\u00e9paration de repas \u00e9conomes en \u00e9nergie)"},"content":{"rendered":"<div class=\"wp-block-columns is-layout-flex wp-container-core-columns-is-layout-9d6595d7 wp-block-columns-is-layout-flex\">\n<div class=\"wp-block-column is-layout-flow wp-block-column-is-layout-flow\">\n<h3 class=\"wp-block-heading\">Param\u00e8tres du Thermos Thermal Cooker<\/h3>\n\n\n\n<div class=\"wp-block-group\"><div class=\"wp-block-group__inner-container is-layout-constrained wp-block-group-is-layout-constrained\">\n<div class=\"wp-block-columns is-layout-flex wp-container-core-columns-is-layout-9d6595d7 wp-block-columns-is-layout-flex\">\n<div class=\"wp-block-column is-layout-flow wp-block-column-is-layout-flow\" style=\"flex-basis:100%\">\n<figure class=\"wp-block-table\"><table class=\"has-fixed-layout\"><tbody><tr><td>Lieu d'origine<\/td><td>Type<\/td><td>Nom de la marque<\/td><td>Num\u00e9ro de mod\u00e8le<\/td><td>Capacit\u00e9<\/td><td>Qualit\u00e9 du mat\u00e9riau<\/td><td>Pot int\u00e9rieur<\/td><td>Effet<\/td><td>Couleur<\/td><td>polonais<\/td><\/tr><tr><td>Guangdong, Chine<\/td><td>Cuiseur de soupe<\/td><td>HENG-GUANG<\/td><td>YY-6B8<\/td><td>8L<\/td><td>ss201, PP alimentaire<\/td><td>ss304 , fond avec 1cm de fond sandwich en aluminium<\/td><td>maintien au chaud pendant longtemps<\/td><td>acier inoxydable, brun ou selon la demande<\/td><td>polissage miroir<\/td><\/tr><\/tbody><\/table><\/figure>\n<\/div>\n<\/div>\n<\/div><\/div>\n<\/div>\n<\/div>\n\n\n\n<div class=\"wp-block-columns is-layout-flex wp-container-core-columns-is-layout-9d6595d7 wp-block-columns-is-layout-flex\">\n<div class=\"wp-block-column is-layout-flow wp-block-column-is-layout-flow\">\n<h3 class=\"wp-block-heading\">Options de thermos sur mesure OEM&amp;ODM<\/h3>\n\n\n\n<p><strong>Logo<\/strong>: Personnalisez le logo de votre marque sur le thermos et l'emballage.<br><br><strong>Taille<\/strong>: Personnalisez les diff\u00e9rentes tailles de thermos en fonction de vos besoins.<br><br><strong>Paquet<\/strong>: carton\/bo\u00eete de couleur.<br><br><a href=\"https:\/\/www.hg-cooker.com\/fr\/custom-solution\/\" data-type=\"page\" data-id=\"2793\" target=\"_blank\" rel=\"noreferrer noopener\"><strong>Explorer plus de d\u00e9tails OEM&amp;ODM sur mesure<\/strong><\/a><\/p>\n<\/div>\n<\/div>\n\n\n\n<div class=\"wp-block-columns is-layout-flex wp-container-core-columns-is-layout-9d6595d7 wp-block-columns-is-layout-flex\">\n<div class=\"wp-block-column is-layout-flow wp-block-column-is-layout-flow\">\n<figure class=\"wp-block-image size-full\"><img fetchpriority=\"high\" decoding=\"async\" width=\"800\" height=\"800\" src=\"https:\/\/www.hg-cooker.com\/wp-content\/uploads\/2024\/08\/wholesale-8L-thermos-thermal-cooker-1.webp\" alt=\"cuiseur thermique thermos 8L en gros (1)\" class=\"wp-image-4259\" srcset=\"https:\/\/www.hg-cooker.com\/wp-content\/uploads\/2024\/08\/wholesale-8L-thermos-thermal-cooker-1.webp 800w, https:\/\/www.hg-cooker.com\/wp-content\/uploads\/2024\/08\/wholesale-8L-thermos-thermal-cooker-1-150x150.webp 150w, https:\/\/www.hg-cooker.com\/wp-content\/uploads\/2024\/08\/wholesale-8L-thermos-thermal-cooker-1-660x660.webp 660w, https:\/\/www.hg-cooker.com\/wp-content\/uploads\/2024\/08\/wholesale-8L-thermos-thermal-cooker-1-300x300.webp 300w, https:\/\/www.hg-cooker.com\/wp-content\/uploads\/2024\/08\/wholesale-8L-thermos-thermal-cooker-1-768x768.webp 768w, https:\/\/www.hg-cooker.com\/wp-content\/uploads\/2024\/08\/wholesale-8L-thermos-thermal-cooker-1-12x12.webp 12w, https:\/\/www.hg-cooker.com\/wp-content\/uploads\/2024\/08\/wholesale-8L-thermos-thermal-cooker-1-285x285.webp 285w, https:\/\/www.hg-cooker.com\/wp-content\/uploads\/2024\/08\/wholesale-8L-thermos-thermal-cooker-1-270x270.webp 270w, https:\/\/www.hg-cooker.com\/wp-content\/uploads\/2024\/08\/wholesale-8L-thermos-thermal-cooker-1-540x540.webp 540w\" sizes=\"(max-width: 800px) 100vw, 800px\" \/><\/figure>\n<\/div>\n\n\n\n<div class=\"wp-block-column is-layout-flow wp-block-column-is-layout-flow\">\n<figure class=\"wp-block-image size-full\"><img decoding=\"async\" width=\"800\" height=\"800\" src=\"https:\/\/www.hg-cooker.com\/wp-content\/uploads\/2024\/08\/wholesale-8L-thermos-thermal-cooker-5.webp\" alt=\"grossiste thermos 8L cuiseur thermique (5)\" class=\"wp-image-4263\" srcset=\"https:\/\/www.hg-cooker.com\/wp-content\/uploads\/2024\/08\/wholesale-8L-thermos-thermal-cooker-5.webp 800w, https:\/\/www.hg-cooker.com\/wp-content\/uploads\/2024\/08\/wholesale-8L-thermos-thermal-cooker-5-150x150.webp 150w, https:\/\/www.hg-cooker.com\/wp-content\/uploads\/2024\/08\/wholesale-8L-thermos-thermal-cooker-5-660x660.webp 660w, https:\/\/www.hg-cooker.com\/wp-content\/uploads\/2024\/08\/wholesale-8L-thermos-thermal-cooker-5-300x300.webp 300w, https:\/\/www.hg-cooker.com\/wp-content\/uploads\/2024\/08\/wholesale-8L-thermos-thermal-cooker-5-768x768.webp 768w, https:\/\/www.hg-cooker.com\/wp-content\/uploads\/2024\/08\/wholesale-8L-thermos-thermal-cooker-5-12x12.webp 12w, https:\/\/www.hg-cooker.com\/wp-content\/uploads\/2024\/08\/wholesale-8L-thermos-thermal-cooker-5-285x285.webp 285w, https:\/\/www.hg-cooker.com\/wp-content\/uploads\/2024\/08\/wholesale-8L-thermos-thermal-cooker-5-270x270.webp 270w, https:\/\/www.hg-cooker.com\/wp-content\/uploads\/2024\/08\/wholesale-8L-thermos-thermal-cooker-5-540x540.webp 540w\" sizes=\"(max-width: 800px) 100vw, 800px\" \/><\/figure>\n<\/div>\n<\/div>","protected":false},"excerpt":{"rendered":"<p>Notre thermos 8L permet de pr\u00e9parer facilement des repas. L'espace de stockage de 8L \u00e0 l'int\u00e9rieur de cette marmite est tr\u00e8s utile pour cuisiner de grandes soupes, des rago\u00fbts ou tout autre repas que vous pourriez imaginer pour des rassemblements. En outre, la technologie d'isolation avanc\u00e9e garantit que les aliments sont lentement cuits \u00e0 la meilleure temp\u00e9rature sans qu'il soit n\u00e9cessaire de les chauffer en permanence, ce qui permet d'\u00e9conomiser de l'\u00e9nergie.Nous vous fournissons des thermos cuiseurs thermiques en gros \u00e0 des prix d'usine.N'h\u00e9sitez pas \u00e0 nous contacter.<\/p>\n<h3>Caract\u00e9ristiques du Thermos Thermal Cooker<\/p>\n<\/h3>\n<p>1.<strong>Conception \u00e0 grande capacit\u00e9<\/strong>:D'une capacit\u00e9 colossale de huit litres, ce mod\u00e8le est vraiment impressionnant. Il peut facilement accueillir les divers plats et ingr\u00e9dients dont vous avez besoin pour les r\u00e9unions de famille ou les grands d\u00eeners. Par cons\u00e9quent, ce cuiseur thermique thermos r\u00e9pondra \u00e0 vos besoins et vous n'aurez plus \u00e0 vous soucier des portions qui sont \u00e0 peine suffisantes pour nourrir tout le monde.<\/p>\n<p><strong>2. conception \u00e9conome en \u00e9nergie<\/strong>: L'utilisation d'un cuiseur thermique \u00e9conome en \u00e9nergie comme celui-ci signifie que sa r\u00e9tention de chaleur tr\u00e8s efficace peut limiter consid\u00e9rablement les processus de chauffage continu, r\u00e9duisant ainsi la consommation d'\u00e9nergie de mani\u00e8re remarquable.<\/p>\n<p>3.<strong>Utilisation multifonctionnelle<\/strong>: Ce cuiseur thermique thermos convient \u00e0 diff\u00e9rents types de plats. Gr\u00e2ce \u00e0 sa conception multifonctionnelle, il convient non seulement aux repas familiaux quotidiens, mais r\u00e9pond \u00e9galement \u00e0 diff\u00e9rents besoins en mati\u00e8re de cuisson.<\/p>\n<p>4.<strong>Construit pour durer<\/strong>: Fabriqu\u00e9s \u00e0 partir des meilleurs mat\u00e9riaux, ils durent longtemps sans s'ab\u00eemer facilement. De plus, comme ils sont fabriqu\u00e9s \u00e0 partir de composants de haute qualit\u00e9, ils ne se cassent pas facilement, m\u00eame apr\u00e8s des ann\u00e9es d'utilisation....<\/p>\n<p>5.<strong>Pratique et facile \u00e0 utiliser<\/strong>: Le fonctionnement est simple et pratique. Il suffit de mettre les ingr\u00e9dients pr\u00e9par\u00e9s dans le pot int\u00e9rieur du cuiseur thermique thermos pour les chauffer. Apr\u00e8s avoir chauff\u00e9 pendant un certain temps, placez le pot int\u00e9rieur dans le pot ext\u00e9rieur pour le maintenir au chaud.<\/p>\n<p>6.<strong>Service de gros<\/strong>: Nous fournissons en gros des cuiseurs thermiques thermos \u00e0 des prix d'usine, contactez-nous pour des commandes en gros et des solutions personnalis\u00e9es adapt\u00e9es \u00e0 vos besoins.<\/p>\n<p>7.<strong>Service sur mesure<\/strong>:Nous proposons des services de personnalisation des couleurs pour les marmites thermiques et des solutions personnalis\u00e9es d\u00e9taill\u00e9es pour les marmites thermiques. Si n\u00e9cessaire, veuillez nous contacter.<\/p>","protected":false},"featured_media":4259,"comment_status":"closed","ping_status":"closed","template":"","meta":[],"product_brand":[],"product_cat":[50],"product_tag":[],"class_list":{"0":"post-4258","1":"product","2":"type-product","3":"status-publish","4":"has-post-thumbnail","6":"product_cat-vacuum-thermal-cooker","8":"first","9":"instock","10":"shipping-taxable","11":"product-type-simple"},"_links":{"self":[{"href":"https:\/\/www.hg-cooker.com\/fr\/wp-json\/wp\/v2\/product\/4258","targetHints":{"allow":["GET"]}}],"collection":[{"href":"https:\/\/www.hg-cooker.com\/fr\/wp-json\/wp\/v2\/product"}],"about":[{"href":"https:\/\/www.hg-cooker.com\/fr\/wp-json\/wp\/v2\/types\/product"}],"replies":[{"embeddable":true,"href":"https:\/\/www.hg-cooker.com\/fr\/wp-json\/wp\/v2\/comments?post=4258"}],"wp:featuredmedia":[{"embeddable":true,"href":"https:\/\/www.hg-cooker.com\/fr\/wp-json\/wp\/v2\/media\/4259"}],"wp:attachment":[{"href":"https:\/\/www.hg-cooker.com\/fr\/wp-json\/wp\/v2\/media?parent=4258"}],"wp:term":[{"taxonomy":"product_brand","embeddable":true,"href":"https:\/\/www.hg-cooker.com\/fr\/wp-json\/wp\/v2\/product_brand?post=4258"},{"taxonomy":"product_cat","embeddable":true,"href":"https:\/\/www.hg-cooker.com\/fr\/wp-json\/wp\/v2\/product_cat?post=4258"},{"taxonomy":"product_tag","embeddable":true,"href":"https:\/\/www.hg-cooker.com\/fr\/wp-json\/wp\/v2\/product_tag?post=4258"}],"curies":[{"name":"wp","href":"https:\/\/api.w.org\/{rel}","templated":true}]}}