{"id":4252,"date":"2024-08-19T03:52:14","date_gmt":"2024-08-19T03:52:14","guid":{"rendered":"https:\/\/www.hg-cooker.com\/?post_type=product&#038;p=4252"},"modified":"2024-08-19T04:37:16","modified_gmt":"2024-08-19T04:37:16","slug":"pot-a-lait-bouillant-en-acier-inoxydable-wholesale-20","status":"publish","type":"product","link":"https:\/\/www.hg-cooker.com\/fr\/produit\/pot-a-lait-bouillant-en-acier-inoxydable-wholesale-20\/","title":{"rendered":"Wholesale Ceramic Thermos Thermal Cooking Pot 4.5L(4.75qt)"},"content":{"rendered":"<div class=\"wp-block-columns is-layout-flex wp-container-core-columns-is-layout-9d6595d7 wp-block-columns-is-layout-flex\">\n<div class=\"wp-block-column is-layout-flow wp-block-column-is-layout-flow\">\n<h3 class=\"wp-block-heading\">Param\u00e8tres du pot de cuisson thermique<\/h3>\n\n\n\n<div class=\"wp-block-group\"><div class=\"wp-block-group__inner-container is-layout-constrained wp-block-group-is-layout-constrained\">\n<div class=\"wp-block-columns is-layout-flex wp-container-core-columns-is-layout-9d6595d7 wp-block-columns-is-layout-flex\">\n<div class=\"wp-block-column is-layout-flow wp-block-column-is-layout-flow\" style=\"flex-basis:100%\">\n<figure class=\"wp-block-table\"><table class=\"has-fixed-layout\"><tbody><tr><td>Lieu d'origine<\/td><td>Type<\/td><td>Nom de la marque<\/td><td>Num\u00e9ro de mod\u00e8le<\/td><td>Couvercle<\/td><td>Couleur<\/td><td>Utilisation<\/td><td>Taille<\/td><td>Le temps de l'\u00e9bullition<\/td><td>Emballage<\/td><td>Composition<\/td><td>Nom du produit<\/td><\/tr><tr><td>Guangdong, Chine<\/td><td>Cuiseur de soupe<\/td><td>Hengguang<\/td><td>HG7-4.5C<\/td><td>Couvercle ext\u00e9rieur en plastique et couvercle int\u00e9rieur en c\u00e9ramique<\/td><td>Rose \/ Vert \/ Bleu<\/td><td>Cuisinier<\/td><td>4.5L<\/td><td>Environ 20 minutes<\/td><td>Sacs en PP, mousse et bo\u00eete en couleur<\/td><td>Couvercle en c\u00e9ramique + pot int\u00e9rieur en c\u00e9ramique + pot ext\u00e9rieur<\/td><td>Cuiseur thermique \u00e0 vide en c\u00e9ramique Heng-guang<\/td><\/tr><\/tbody><\/table><\/figure>\n<\/div>\n<\/div>\n<\/div><\/div>\n<\/div>\n<\/div>\n\n\n\n<div class=\"wp-block-columns is-layout-flex wp-container-core-columns-is-layout-9d6595d7 wp-block-columns-is-layout-flex\">\n<div class=\"wp-block-column is-layout-flow wp-block-column-is-layout-flow\">\n<h3 class=\"wp-block-heading\">Options de pots de cuisson thermique OEM&amp;ODM sur mesure<\/h3>\n\n\n\n<p><strong>Logo<\/strong>: Personnalisez le logo de votre marque sur la marmite thermique et l'emballage.<br><br><strong>Taille<\/strong>: Personnalisez les diff\u00e9rentes tailles de marmites thermiques en fonction de vos besoins.<br><br><strong>Paquet<\/strong>: carton\/bo\u00eete de couleur.<br><br><a href=\"https:\/\/www.hg-cooker.com\/fr\/custom-solution\/\" data-type=\"page\" data-id=\"2793\" target=\"_blank\" rel=\"noreferrer noopener\"><strong>Explorer plus de d\u00e9tails OEM&amp;ODM sur mesure<\/strong><\/a><\/p>\n<\/div>\n<\/div>\n\n\n\n<div class=\"wp-block-columns is-layout-flex wp-container-core-columns-is-layout-9d6595d7 wp-block-columns-is-layout-flex\">\n<div class=\"wp-block-column is-layout-flow wp-block-column-is-layout-flow\">\n<figure class=\"wp-block-image size-full\"><img fetchpriority=\"high\" decoding=\"async\" width=\"800\" height=\"800\" src=\"https:\/\/www.hg-cooker.com\/wp-content\/uploads\/2024\/08\/Hengguang-thermal-cooking-pot-3.webp\" alt=\"Marmite thermique Hengguang (3)\" class=\"wp-image-4255\" srcset=\"https:\/\/www.hg-cooker.com\/wp-content\/uploads\/2024\/08\/Hengguang-thermal-cooking-pot-3.webp 800w, https:\/\/www.hg-cooker.com\/wp-content\/uploads\/2024\/08\/Hengguang-thermal-cooking-pot-3-150x150.webp 150w, https:\/\/www.hg-cooker.com\/wp-content\/uploads\/2024\/08\/Hengguang-thermal-cooking-pot-3-660x660.webp 660w, https:\/\/www.hg-cooker.com\/wp-content\/uploads\/2024\/08\/Hengguang-thermal-cooking-pot-3-300x300.webp 300w, https:\/\/www.hg-cooker.com\/wp-content\/uploads\/2024\/08\/Hengguang-thermal-cooking-pot-3-768x768.webp 768w, https:\/\/www.hg-cooker.com\/wp-content\/uploads\/2024\/08\/Hengguang-thermal-cooking-pot-3-12x12.webp 12w, https:\/\/www.hg-cooker.com\/wp-content\/uploads\/2024\/08\/Hengguang-thermal-cooking-pot-3-285x285.webp 285w, https:\/\/www.hg-cooker.com\/wp-content\/uploads\/2024\/08\/Hengguang-thermal-cooking-pot-3-270x270.webp 270w, https:\/\/www.hg-cooker.com\/wp-content\/uploads\/2024\/08\/Hengguang-thermal-cooking-pot-3-540x540.webp 540w\" sizes=\"(max-width: 800px) 100vw, 800px\" \/><\/figure>\n<\/div>\n\n\n\n<div class=\"wp-block-column is-layout-flow wp-block-column-is-layout-flow\">\n<figure class=\"wp-block-image size-full\"><img decoding=\"async\" width=\"800\" height=\"800\" src=\"https:\/\/www.hg-cooker.com\/wp-content\/uploads\/2024\/08\/thermal-cooking-pot-color.webp\" alt=\"couleur de la marmite thermique\" class=\"wp-image-4257\" srcset=\"https:\/\/www.hg-cooker.com\/wp-content\/uploads\/2024\/08\/thermal-cooking-pot-color.webp 800w, https:\/\/www.hg-cooker.com\/wp-content\/uploads\/2024\/08\/thermal-cooking-pot-color-150x150.webp 150w, https:\/\/www.hg-cooker.com\/wp-content\/uploads\/2024\/08\/thermal-cooking-pot-color-660x660.webp 660w, https:\/\/www.hg-cooker.com\/wp-content\/uploads\/2024\/08\/thermal-cooking-pot-color-300x300.webp 300w, https:\/\/www.hg-cooker.com\/wp-content\/uploads\/2024\/08\/thermal-cooking-pot-color-768x768.webp 768w, https:\/\/www.hg-cooker.com\/wp-content\/uploads\/2024\/08\/thermal-cooking-pot-color-12x12.webp 12w, https:\/\/www.hg-cooker.com\/wp-content\/uploads\/2024\/08\/thermal-cooking-pot-color-285x285.webp 285w, https:\/\/www.hg-cooker.com\/wp-content\/uploads\/2024\/08\/thermal-cooking-pot-color-270x270.webp 270w, https:\/\/www.hg-cooker.com\/wp-content\/uploads\/2024\/08\/thermal-cooking-pot-color-540x540.webp 540w\" sizes=\"(max-width: 800px) 100vw, 800px\" \/><\/figure>\n<\/div>\n<\/div>","protected":false},"excerpt":{"rendered":"<p>La marmite thermique Hengguang permet d'am\u00e9liorer l'efficacit\u00e9 de la cuisson et de conserver la fra\u00eecheur et le go\u00fbt des aliments. Elle convient \u00e0 la maison, \u00e0 l'\u00e9cole, au bureau et \u00e0 d'autres endroits. La capacit\u00e9 de 4,5L peut r\u00e9pondre aux besoins de 2 \u00e0 3 personnes, ce qui vous permet de d\u00e9guster de d\u00e9licieux plats en famille ou entre amis \u00e0 l'ext\u00e9rieur.Nous vous fournissons un pot de cuisson thermique en gros \u00e0 un prix d'usine.N'h\u00e9sitez pas \u00e0 nous contacter.<\/p>\n<h3>Caract\u00e9ristiques du cuiseur thermique sous vide<\/h3>\n<p>1.<strong>Cuisson facile<\/strong>: La marmite thermique de Hengguang est un ustensile de cuisine innovant et \u00e9conome en \u00e9nergie qui permet de conserver la chaleur et de cuisiner de mani\u00e8re pratique.<\/p>\n<p>2.<strong>Conservation de la chaleur \u00e0 long terme<\/strong>: La technologie de pr\u00e9servation de la chaleur \u00e0 haute efficacit\u00e9 et \u00e0 double couche de vide de la marmite ext\u00e9rieure garantit une temp\u00e9rature stable et durable pendant la cuisson, tout comme le chauffage continu du feu, ce qui permet d'\u00e9conomiser de l'\u00e9nergie.<\/p>\n<p>3.<strong>S'adapter \u00e0 diverses sources de chaleur<\/strong>: La marmite thermique de Hengguang est compatible avec les cuisini\u00e8res \u00e0 gaz traditionnelles et les cuisini\u00e8res \u00e0 induction modernes.<\/p>\n<p>4.<strong>Convient \u00e0 une vari\u00e9t\u00e9 de sc\u00e9narios<\/strong>: La marmite thermique de Hengguang est un partenaire indispensable pour les amateurs de pique-nique ou de camping en plein air. Elle convient \u00e0 une vari\u00e9t\u00e9 de sc\u00e9narios tels que les bureaux et l'ext\u00e9rieur. Sa conception compacte et portable permet de la transporter facilement dans n'importe quel endroit ext\u00e9rieur.<\/p>\n<p>5.<strong>Service de gros<\/strong>: Nous proposons des services de vente en gros de casseroles thermiques afin de vous fournir une solution d'approvisionnement unique et rentable.<\/p>\n<p>6.<strong>Service sur mesure<\/strong>:Nous proposons des services de personnalisation des couleurs pour les marmites thermiques et des solutions personnalis\u00e9es d\u00e9taill\u00e9es pour les marmites thermiques. Si n\u00e9cessaire, veuillez nous contacter.<\/p>","protected":false},"featured_media":4253,"comment_status":"closed","ping_status":"closed","template":"","meta":[],"product_brand":[],"product_cat":[50],"product_tag":[],"class_list":{"0":"post-4252","1":"product","2":"type-product","3":"status-publish","4":"has-post-thumbnail","6":"product_cat-vacuum-thermal-cooker","8":"first","9":"instock","10":"shipping-taxable","11":"product-type-simple"},"_links":{"self":[{"href":"https:\/\/www.hg-cooker.com\/fr\/wp-json\/wp\/v2\/product\/4252","targetHints":{"allow":["GET"]}}],"collection":[{"href":"https:\/\/www.hg-cooker.com\/fr\/wp-json\/wp\/v2\/product"}],"about":[{"href":"https:\/\/www.hg-cooker.com\/fr\/wp-json\/wp\/v2\/types\/product"}],"replies":[{"embeddable":true,"href":"https:\/\/www.hg-cooker.com\/fr\/wp-json\/wp\/v2\/comments?post=4252"}],"wp:featuredmedia":[{"embeddable":true,"href":"https:\/\/www.hg-cooker.com\/fr\/wp-json\/wp\/v2\/media\/4253"}],"wp:attachment":[{"href":"https:\/\/www.hg-cooker.com\/fr\/wp-json\/wp\/v2\/media?parent=4252"}],"wp:term":[{"taxonomy":"product_brand","embeddable":true,"href":"https:\/\/www.hg-cooker.com\/fr\/wp-json\/wp\/v2\/product_brand?post=4252"},{"taxonomy":"product_cat","embeddable":true,"href":"https:\/\/www.hg-cooker.com\/fr\/wp-json\/wp\/v2\/product_cat?post=4252"},{"taxonomy":"product_tag","embeddable":true,"href":"https:\/\/www.hg-cooker.com\/fr\/wp-json\/wp\/v2\/product_tag?post=4252"}],"curies":[{"name":"wp","href":"https:\/\/api.w.org\/{rel}","templated":true}]}}