{"id":4242,"date":"2024-08-19T02:58:25","date_gmt":"2024-08-19T02:58:25","guid":{"rendered":"https:\/\/www.hg-cooker.com\/?post_type=product&#038;p=4242"},"modified":"2024-08-19T03:47:45","modified_gmt":"2024-08-19T03:47:45","slug":"pot-a-lait-bouillant-en-acier-inoxydable-wholesale-19","status":"publish","type":"product","link":"https:\/\/www.hg-cooker.com\/fr\/produit\/pot-a-lait-bouillant-en-acier-inoxydable-wholesale-19\/","title":{"rendered":"Vente en gros du meilleur cuiseur thermique pour une r\u00e9tention efficace de la chaleur - Factory Direct Sales"},"content":{"rendered":"<div class=\"wp-block-columns is-layout-flex wp-container-core-columns-is-layout-9d6595d7 wp-block-columns-is-layout-flex\">\n<div class=\"wp-block-column is-layout-flow wp-block-column-is-layout-flow\">\n<h3 class=\"wp-block-heading\">Param\u00e8tres du cuiseur thermique<\/h3>\n\n\n\n<div class=\"wp-block-group\"><div class=\"wp-block-group__inner-container is-layout-constrained wp-block-group-is-layout-constrained\">\n<div class=\"wp-block-columns is-layout-flex wp-container-core-columns-is-layout-9d6595d7 wp-block-columns-is-layout-flex\">\n<div class=\"wp-block-column is-layout-flow wp-block-column-is-layout-flow\" style=\"flex-basis:100%\">\n<div class=\"wp-block-group\"><div class=\"wp-block-group__inner-container is-layout-constrained wp-block-group-is-layout-constrained\">\n<figure class=\"wp-block-table\"><table class=\"has-fixed-layout\"><tbody><tr><td>Lieu d'origine<\/td><td>Type<\/td><td>Num\u00e9ro de mod\u00e8le<\/td><td>Nom<\/td><td>Description<\/td><td>Mat\u00e9riau<\/td><td>Poign\u00e9e<\/td><td>Composition<\/td><td>Fonctionnalit\u00e9<\/td><td>Capacit\u00e9<\/td><td>Couleur<\/td><td>Avantage<\/td><td>Acheteur commercial<\/td><\/tr><tr><td>Chine<\/td><td>Pot combin\u00e9<\/td><td>HG7-4.5<\/td><td>Marmite \u00e0 \u00e9conomie d'\u00e9nergie<\/td><td>Cuiseur thermique r\u00e9utilisable<\/td><td>Acier inoxydable 304<\/td><td>Poign\u00e9e en acier inoxydable<\/td><td>Couvercle en c\u00e9ramique + pot int\u00e9rieur + pot ext\u00e9rieur<\/td><td>Double couche<\/td><td>4.5L, 7L<\/td><td>Couleur personnalis\u00e9e acceptable<\/td><td>\u00c9conomiser l'\u00e9nergie<\/td><td>Grands magasins<\/td><\/tr><\/tbody><\/table><\/figure>\n<\/div><\/div>\n<\/div>\n<\/div>\n<\/div><\/div>\n<\/div>\n<\/div>\n\n\n\n<div class=\"wp-block-columns is-layout-flex wp-container-core-columns-is-layout-9d6595d7 wp-block-columns-is-layout-flex\">\n<div class=\"wp-block-column is-layout-flow wp-block-column-is-layout-flow\">\n<h3 class=\"wp-block-heading\">Options de cuiseurs thermiques personnalis\u00e9s OEM&amp;ODM<\/h3>\n\n\n\n<p><strong>Logo<\/strong>: Personnalisez le logo de votre marque sur le cuiseur thermique et l'emballage.<br><br><strong>Taille<\/strong>: Personnalisez diff\u00e9rentes tailles d'autocuiseurs en fonction de vos besoins.<br><br><strong>Paquet<\/strong>: carton\/bo\u00eete de couleur.<br><br><a href=\"https:\/\/www.hg-cooker.com\/fr\/custom-solution\/\" data-type=\"page\" data-id=\"2793\" target=\"_blank\" rel=\"noreferrer noopener\"><strong>Explorer plus de d\u00e9tails OEM&amp;ODM sur mesure<\/strong><\/a><\/p>\n<\/div>\n<\/div>\n\n\n\n<div class=\"wp-block-columns is-layout-flex wp-container-core-columns-is-layout-9d6595d7 wp-block-columns-is-layout-flex\">\n<div class=\"wp-block-column is-layout-flow wp-block-column-is-layout-flow\">\n<figure class=\"wp-block-image size-full\"><img fetchpriority=\"high\" decoding=\"async\" width=\"800\" height=\"800\" src=\"https:\/\/www.hg-cooker.com\/wp-content\/uploads\/2024\/08\/wholesale-best-thermal-cooker-5.webp\" alt=\"Meilleur cuiseur thermique en gros (5)\" class=\"wp-image-4247\" srcset=\"https:\/\/www.hg-cooker.com\/wp-content\/uploads\/2024\/08\/wholesale-best-thermal-cooker-5.webp 800w, https:\/\/www.hg-cooker.com\/wp-content\/uploads\/2024\/08\/wholesale-best-thermal-cooker-5-150x150.webp 150w, https:\/\/www.hg-cooker.com\/wp-content\/uploads\/2024\/08\/wholesale-best-thermal-cooker-5-660x660.webp 660w, https:\/\/www.hg-cooker.com\/wp-content\/uploads\/2024\/08\/wholesale-best-thermal-cooker-5-300x300.webp 300w, https:\/\/www.hg-cooker.com\/wp-content\/uploads\/2024\/08\/wholesale-best-thermal-cooker-5-768x768.webp 768w, https:\/\/www.hg-cooker.com\/wp-content\/uploads\/2024\/08\/wholesale-best-thermal-cooker-5-12x12.webp 12w, https:\/\/www.hg-cooker.com\/wp-content\/uploads\/2024\/08\/wholesale-best-thermal-cooker-5-285x285.webp 285w, https:\/\/www.hg-cooker.com\/wp-content\/uploads\/2024\/08\/wholesale-best-thermal-cooker-5-270x270.webp 270w, https:\/\/www.hg-cooker.com\/wp-content\/uploads\/2024\/08\/wholesale-best-thermal-cooker-5-540x540.webp 540w\" sizes=\"(max-width: 800px) 100vw, 800px\" \/><\/figure>\n<\/div>\n\n\n\n<div class=\"wp-block-column is-layout-flow wp-block-column-is-layout-flow\">\n<figure class=\"wp-block-image size-full\"><img decoding=\"async\" width=\"800\" height=\"800\" src=\"https:\/\/www.hg-cooker.com\/wp-content\/uploads\/2024\/08\/wholesale-best-thermal-cooker-2.webp\" alt=\"Meilleur cuiseur thermique en gros (2)\" class=\"wp-image-4244\" srcset=\"https:\/\/www.hg-cooker.com\/wp-content\/uploads\/2024\/08\/wholesale-best-thermal-cooker-2.webp 800w, https:\/\/www.hg-cooker.com\/wp-content\/uploads\/2024\/08\/wholesale-best-thermal-cooker-2-150x150.webp 150w, https:\/\/www.hg-cooker.com\/wp-content\/uploads\/2024\/08\/wholesale-best-thermal-cooker-2-660x660.webp 660w, https:\/\/www.hg-cooker.com\/wp-content\/uploads\/2024\/08\/wholesale-best-thermal-cooker-2-300x300.webp 300w, https:\/\/www.hg-cooker.com\/wp-content\/uploads\/2024\/08\/wholesale-best-thermal-cooker-2-768x768.webp 768w, https:\/\/www.hg-cooker.com\/wp-content\/uploads\/2024\/08\/wholesale-best-thermal-cooker-2-12x12.webp 12w, https:\/\/www.hg-cooker.com\/wp-content\/uploads\/2024\/08\/wholesale-best-thermal-cooker-2-285x285.webp 285w, https:\/\/www.hg-cooker.com\/wp-content\/uploads\/2024\/08\/wholesale-best-thermal-cooker-2-270x270.webp 270w, https:\/\/www.hg-cooker.com\/wp-content\/uploads\/2024\/08\/wholesale-best-thermal-cooker-2-540x540.webp 540w\" sizes=\"(max-width: 800px) 100vw, 800px\" \/><\/figure>\n<\/div>\n<\/div>","protected":false},"excerpt":{"rendered":"<p>Le thermos de Hengguang a deux capacit\u00e9s : 7L (7.4qt) et 4.5L (4.75qt). Le grand pot int\u00e9rieur peut facilement contenir de la nourriture pour 3 \u00e0 5 personnes. Qu'il s'agisse d'un pique-nique en plein air, d'une r\u00e9union de famille ou d'une cuisine quotidienne, c'est un partenaire id\u00e9al et indispensable dans votre cuisine. Nous vous fournissons des thermos en gros \u00e0 des prix d'usine. N'h\u00e9sitez pas \u00e0 nous contacter pour obtenir un devis.<\/p>\n<h3>Caract\u00e9ristiques du cuiseur thermique sous vide<\/h3>\n<p><strong>1. \u00e9conomie d'\u00e9nergie<\/strong>: Utilisez le pot int\u00e9rieur pour la cuisson, puis placez le pot ext\u00e9rieur pour la conservation de la chaleur. La conception efficace de pr\u00e9servation de la chaleur de ce cuiseur thermique permet de maintenir la temp\u00e9rature du pot int\u00e9rieur pendant une longue p\u00e9riode sans chauffage continu, ce qui r\u00e9duit consid\u00e9rablement la consommation d'\u00e9nergie.<\/p>\n<p><strong>2. Acier inoxydable 304<\/strong>: Fabriqu\u00e9 en acier inoxydable 304 de qualit\u00e9 alimentaire, le mat\u00e9riau est r\u00e9sistant \u00e0 la corrosion et \u00e0 la chaleur, ce qui le rend s\u00fbr pour la cuisson et sain pour les repas.<\/p>\n<p><strong>3. les diff\u00e9rentes capacit\u00e9s<\/strong>: Il est disponible dans des capacit\u00e9s de 4,5 litres et de 7 litres pour r\u00e9pondre aux besoins des familles ou des rassemblements impliquant plusieurs personnes tout en \u00e9tant polyvalent.<\/p>\n<p><strong>4. conception humanis\u00e9e<\/strong>: Ce cuiseur thermique est dot\u00e9 d'une poign\u00e9e en acier inoxydable confortable, durable et facile \u00e0 transporter lorsqu'il est utilis\u00e9.<\/p>\n<p><strong>5. Service de gros<\/strong>: Ce cuiseur thermique est utilis\u00e9 dans diff\u00e9rents endroits tels que la maison, l'ext\u00e9rieur et l'industrie h\u00f4teli\u00e8re, et convient \u00e9galement aux grands magasins.<\/p>\n<p><strong>6. couleur personnalis\u00e9e : <\/strong>La couleur de ce cuiseur thermique peut \u00eatre personnalis\u00e9e pour r\u00e9pondre aux besoins esth\u00e9tiques des diff\u00e9rents consommateurs.<\/p>","protected":false},"featured_media":4243,"comment_status":"closed","ping_status":"closed","template":"","meta":[],"product_brand":[],"product_cat":[50],"product_tag":[],"class_list":{"0":"post-4242","1":"product","2":"type-product","3":"status-publish","4":"has-post-thumbnail","6":"product_cat-vacuum-thermal-cooker","8":"first","9":"instock","10":"shipping-taxable","11":"product-type-simple"},"_links":{"self":[{"href":"https:\/\/www.hg-cooker.com\/fr\/wp-json\/wp\/v2\/product\/4242","targetHints":{"allow":["GET"]}}],"collection":[{"href":"https:\/\/www.hg-cooker.com\/fr\/wp-json\/wp\/v2\/product"}],"about":[{"href":"https:\/\/www.hg-cooker.com\/fr\/wp-json\/wp\/v2\/types\/product"}],"replies":[{"embeddable":true,"href":"https:\/\/www.hg-cooker.com\/fr\/wp-json\/wp\/v2\/comments?post=4242"}],"wp:featuredmedia":[{"embeddable":true,"href":"https:\/\/www.hg-cooker.com\/fr\/wp-json\/wp\/v2\/media\/4243"}],"wp:attachment":[{"href":"https:\/\/www.hg-cooker.com\/fr\/wp-json\/wp\/v2\/media?parent=4242"}],"wp:term":[{"taxonomy":"product_brand","embeddable":true,"href":"https:\/\/www.hg-cooker.com\/fr\/wp-json\/wp\/v2\/product_brand?post=4242"},{"taxonomy":"product_cat","embeddable":true,"href":"https:\/\/www.hg-cooker.com\/fr\/wp-json\/wp\/v2\/product_cat?post=4242"},{"taxonomy":"product_tag","embeddable":true,"href":"https:\/\/www.hg-cooker.com\/fr\/wp-json\/wp\/v2\/product_tag?post=4242"}],"curies":[{"name":"wp","href":"https:\/\/api.w.org\/{rel}","templated":true}]}}