{"id":4219,"date":"2024-08-13T22:36:58","date_gmt":"2024-08-13T22:36:58","guid":{"rendered":"https:\/\/www.hg-cooker.com\/?post_type=product&#038;p=4219"},"modified":"2025-03-08T10:06:50","modified_gmt":"2025-03-08T10:06:50","slug":"pot-a-lait-bouillant-en-acier-inoxydable-wholesale-18","status":"publish","type":"product","link":"https:\/\/www.hg-cooker.com\/fr\/produit\/pot-a-lait-bouillant-en-acier-inoxydable-wholesale-18\/","title":{"rendered":"Vente en gros d'autocuiseurs de haute qualit\u00e9, \u00e9conomes en \u00e9nergie et efficaces - Hengguang Pressure Cooker Manufacturer"},"content":{"rendered":"<div class=\"wp-block-columns is-layout-flex wp-container-core-columns-is-layout-9d6595d7 wp-block-columns-is-layout-flex\">\n<div class=\"wp-block-column is-layout-flow wp-block-column-is-layout-flow\">\n<h3 class=\"wp-block-heading\">Param\u00e8tres d'un autocuiseur de qualit\u00e9<\/h3>\n\n\n\n<div class=\"wp-block-group\"><div class=\"wp-block-group__inner-container is-layout-constrained wp-block-group-is-layout-constrained\">\n<div class=\"wp-block-columns is-layout-flex wp-container-core-columns-is-layout-9d6595d7 wp-block-columns-is-layout-flex\">\n<div class=\"wp-block-column is-layout-flow wp-block-column-is-layout-flow\" style=\"flex-basis:100%\">\n<div class=\"wp-block-group\"><div class=\"wp-block-group__inner-container is-layout-constrained wp-block-group-is-layout-constrained\">\n<figure class=\"wp-block-table\"><table class=\"has-fixed-layout\"><tbody><tr><td>Lieu d'origine<\/td><td>Num\u00e9ro de mod\u00e8le<\/td><td>Type<\/td><td>Fourneau applicable<\/td><td>Mat\u00e9riau<\/td><td>Capacit\u00e9<\/td><td>Couleur<\/td><td>Poign\u00e9e<\/td><\/tr><tr><td>Guangdong, Chine<\/td><td>HG-UXYLG<\/td><td>Autocuiseurs<\/td><td>Utilisation g\u00e9n\u00e9rale pour les cuisini\u00e8res \u00e0 gaz et \u00e0 induction<\/td><td>Acier inoxydable 304<\/td><td>3L\/4L\/5L\/6L\/8L\/10L\/13L\/16L<\/td><td>Argent<\/td><td>Poign\u00e9e en bak\u00e9lite noire r\u00e9sistante \u00e0 la chaleur<\/td><\/tr><\/tbody><\/table><\/figure>\n<\/div><\/div>\n<\/div>\n<\/div>\n<\/div><\/div>\n<\/div>\n<\/div>\n\n\n\n<div class=\"wp-block-columns is-layout-flex wp-container-core-columns-is-layout-9d6595d7 wp-block-columns-is-layout-flex\">\n<div class=\"wp-block-column is-layout-flow wp-block-column-is-layout-flow\">\n<h3 class=\"wp-block-heading\">Options d'autocuiseurs personnalis\u00e9s OEM&amp;ODM<\/h3>\n\n\n\n<p><strong>Logo<\/strong>: Personnalisez le logo de votre marque sur l'autocuiseur et l'emballage.<br><br><strong>Taille<\/strong>: Personnalisez diff\u00e9rentes tailles d'autocuiseurs en fonction de vos besoins.<br><br><strong>Paquet<\/strong>: carton\/bo\u00eete de couleur.<br><br><a href=\"https:\/\/www.hg-cooker.com\/fr\/custom-solution\/\" data-type=\"page\" data-id=\"2793\" target=\"_blank\" rel=\"noreferrer noopener\"><strong>Explorer plus de d\u00e9tails OEM&amp;ODM sur mesure<\/strong><\/a><\/p>\n<\/div>\n<\/div>\n\n\n\n<div class=\"wp-block-columns is-layout-flex wp-container-core-columns-is-layout-9d6595d7 wp-block-columns-is-layout-flex\">\n<div class=\"wp-block-column is-layout-flow wp-block-column-is-layout-flow\">\n<figure class=\"wp-block-image size-full\"><img fetchpriority=\"high\" decoding=\"async\" width=\"750\" height=\"750\" src=\"https:\/\/www.hg-cooker.com\/wp-content\/uploads\/2024\/08\/1.5-ltr-pressure-cooker-1.png\" alt=\"Autocuiseur de 1,5 litre (1)\" class=\"wp-image-4220\" srcset=\"https:\/\/www.hg-cooker.com\/wp-content\/uploads\/2024\/08\/1.5-ltr-pressure-cooker-1.png 750w, https:\/\/www.hg-cooker.com\/wp-content\/uploads\/2024\/08\/1.5-ltr-pressure-cooker-1-150x150.png 150w, https:\/\/www.hg-cooker.com\/wp-content\/uploads\/2024\/08\/1.5-ltr-pressure-cooker-1-660x660.png 660w, https:\/\/www.hg-cooker.com\/wp-content\/uploads\/2024\/08\/1.5-ltr-pressure-cooker-1-300x300.png 300w, https:\/\/www.hg-cooker.com\/wp-content\/uploads\/2024\/08\/1.5-ltr-pressure-cooker-1-12x12.png 12w, https:\/\/www.hg-cooker.com\/wp-content\/uploads\/2024\/08\/1.5-ltr-pressure-cooker-1-285x285.png 285w, https:\/\/www.hg-cooker.com\/wp-content\/uploads\/2024\/08\/1.5-ltr-pressure-cooker-1-270x270.png 270w, https:\/\/www.hg-cooker.com\/wp-content\/uploads\/2024\/08\/1.5-ltr-pressure-cooker-1-540x540.png 540w\" sizes=\"(max-width: 750px) 100vw, 750px\" \/><\/figure>\n<\/div>\n\n\n\n<div class=\"wp-block-column is-layout-flow wp-block-column-is-layout-flow\">\n<figure class=\"wp-block-image size-full\"><img decoding=\"async\" width=\"750\" height=\"750\" src=\"https:\/\/www.hg-cooker.com\/wp-content\/uploads\/2024\/08\/1.5-ltr-pressure-cooker-5.png\" alt=\"Autocuiseur de 1,5 litre (5)\" class=\"wp-image-4224\" srcset=\"https:\/\/www.hg-cooker.com\/wp-content\/uploads\/2024\/08\/1.5-ltr-pressure-cooker-5.png 750w, https:\/\/www.hg-cooker.com\/wp-content\/uploads\/2024\/08\/1.5-ltr-pressure-cooker-5-150x150.png 150w, https:\/\/www.hg-cooker.com\/wp-content\/uploads\/2024\/08\/1.5-ltr-pressure-cooker-5-660x660.png 660w, https:\/\/www.hg-cooker.com\/wp-content\/uploads\/2024\/08\/1.5-ltr-pressure-cooker-5-300x300.png 300w, https:\/\/www.hg-cooker.com\/wp-content\/uploads\/2024\/08\/1.5-ltr-pressure-cooker-5-12x12.png 12w, https:\/\/www.hg-cooker.com\/wp-content\/uploads\/2024\/08\/1.5-ltr-pressure-cooker-5-285x285.png 285w, https:\/\/www.hg-cooker.com\/wp-content\/uploads\/2024\/08\/1.5-ltr-pressure-cooker-5-270x270.png 270w, https:\/\/www.hg-cooker.com\/wp-content\/uploads\/2024\/08\/1.5-ltr-pressure-cooker-5-540x540.png 540w\" sizes=\"(max-width: 750px) 100vw, 750px\" \/><\/figure>\n<\/div>\n<\/div>","protected":false},"excerpt":{"rendered":"<p>Hengguang fournit des autocuiseurs en acier inoxydable de haute qualit\u00e9, fabriqu\u00e9s avec des mat\u00e9riaux de haute qualit\u00e9 et un excellent savoir-faire. Ils sont tr\u00e8s durables et conservent d'excellentes performances lors d'une utilisation quotidienne. Possibilit\u00e9 de personnalisation OEM et ODM. Contactez-nous pour un devis.<\/p>\n<h3>Caract\u00e9ristiques et avantages de l'autocuiseur de gros<\/h3>\n<p><strong>Am\u00e9lioration de l'efficacit\u00e9 du 70% :<\/strong> Nos autocuiseurs en gros peuvent am\u00e9liorer de mani\u00e8re significative l'efficacit\u00e9 de la cuisson, en \u00e9conomisant plus de 70% de temps par rapport aux m\u00e9thodes traditionnelles de cuisson \u00e0 l'\u00e9touff\u00e9e. Ils sont particuli\u00e8rement adapt\u00e9s aux viandes et aux haricots qui n\u00e9cessitent de longs temps de cuisson.<\/p>\n<p><strong>Estampillage en une seule pi\u00e8ce :<\/strong> Nos autocuiseurs en gros utilisent un processus d'estampage int\u00e9gr\u00e9 pour offrir une exp\u00e9rience d'utilisation plus stable et plus s\u00fbre. Ils peuvent \u00eatre utilis\u00e9s sans interruption pendant plus de 30 ans et constituent un investissement id\u00e9al pour les cuisines domestiques et commerciales.<\/p>\n<p><strong>Convient \u00e0 une grande vari\u00e9t\u00e9 de cuissons :<\/strong> Les autocuiseurs ne conviennent pas seulement aux m\u00e9thodes de cuisson traditionnelles telles que la cuisson \u00e0 l'\u00e9touff\u00e9e, \u00e0 l'eau bouillante et \u00e0 la vapeur, mais peuvent \u00e9galement \u00eatre utilis\u00e9s pour pr\u00e9parer une vari\u00e9t\u00e9 de plats, y compris des soupes \u00e0 cuisson rapide, des rago\u00fbts, des viandes marin\u00e9es, du riz, des desserts, etc.<\/p>\n<p><strong>Compatible avec une grande vari\u00e9t\u00e9 de po\u00eales :<\/strong> Nos autocuiseurs en gros sont compatibles avec une grande vari\u00e9t\u00e9 de cuisini\u00e8res, y compris les cuisini\u00e8res \u00e0 gaz, les cuisini\u00e8res \u00e0 induction, etc.<\/p>","protected":false},"featured_media":4220,"comment_status":"closed","ping_status":"closed","template":"","meta":[],"product_brand":[],"product_cat":[54],"product_tag":[],"class_list":{"0":"post-4219","1":"product","2":"type-product","3":"status-publish","4":"has-post-thumbnail","6":"product_cat-pressure-cooker","8":"first","9":"instock","10":"shipping-taxable","11":"product-type-simple"},"_links":{"self":[{"href":"https:\/\/www.hg-cooker.com\/fr\/wp-json\/wp\/v2\/product\/4219","targetHints":{"allow":["GET"]}}],"collection":[{"href":"https:\/\/www.hg-cooker.com\/fr\/wp-json\/wp\/v2\/product"}],"about":[{"href":"https:\/\/www.hg-cooker.com\/fr\/wp-json\/wp\/v2\/types\/product"}],"replies":[{"embeddable":true,"href":"https:\/\/www.hg-cooker.com\/fr\/wp-json\/wp\/v2\/comments?post=4219"}],"wp:featuredmedia":[{"embeddable":true,"href":"https:\/\/www.hg-cooker.com\/fr\/wp-json\/wp\/v2\/media\/4220"}],"wp:attachment":[{"href":"https:\/\/www.hg-cooker.com\/fr\/wp-json\/wp\/v2\/media?parent=4219"}],"wp:term":[{"taxonomy":"product_brand","embeddable":true,"href":"https:\/\/www.hg-cooker.com\/fr\/wp-json\/wp\/v2\/product_brand?post=4219"},{"taxonomy":"product_cat","embeddable":true,"href":"https:\/\/www.hg-cooker.com\/fr\/wp-json\/wp\/v2\/product_cat?post=4219"},{"taxonomy":"product_tag","embeddable":true,"href":"https:\/\/www.hg-cooker.com\/fr\/wp-json\/wp\/v2\/product_tag?post=4219"}],"curies":[{"name":"wp","href":"https:\/\/api.w.org\/{rel}","templated":true}]}}