{"id":4218,"date":"2024-09-12T15:26:19","date_gmt":"2024-09-12T15:26:19","guid":{"rendered":"https:\/\/www.hg-cooker.com\/?post_type=product&#038;p=4218"},"modified":"2025-11-13T02:26:26","modified_gmt":"2025-11-13T02:26:26","slug":"pot-a-lait-bouillant-en-acier-inoxydable-wholesale-17","status":"publish","type":"product","link":"https:\/\/www.hg-cooker.com\/fr\/produit\/pot-a-lait-bouillant-en-acier-inoxydable-wholesale-17\/","title":{"rendered":"Vente directe d'autocuiseurs multifonctionnels en vrac - Hengguang Pressure Cooker Manufacturer"},"content":{"rendered":"<div class=\"wp-block-columns is-layout-flex wp-container-core-columns-is-layout-9d6595d7 wp-block-columns-is-layout-flex\">\n<div class=\"wp-block-column is-layout-flow wp-block-column-is-layout-flow\">\n<h2 class=\"wp-block-heading\">Param\u00e8tres de l'autocuiseur multifonctionnel<\/h2>\n\n\n\n<div class=\"wp-block-group\"><div class=\"wp-block-group__inner-container is-layout-constrained wp-block-group-is-layout-constrained\">\n<div class=\"wp-block-columns is-layout-flex wp-container-core-columns-is-layout-9d6595d7 wp-block-columns-is-layout-flex\">\n<div class=\"wp-block-column is-layout-flow wp-block-column-is-layout-flow\" style=\"flex-basis:100%\">\n<div class=\"wp-block-group\"><div class=\"wp-block-group__inner-container is-layout-constrained wp-block-group-is-layout-constrained\">\n<figure class=\"wp-block-table\"><table class=\"has-fixed-layout\"><tbody><tr><td>Lieu d'origine<\/td><td>Num\u00e9ro de mod\u00e8le<\/td><td>Type<\/td><td>Fourneau applicable<\/td><td>Type de m\u00e9tal<\/td><td>Structure du fond de panier<\/td><td>Mat\u00e9riau du manche<\/td><td>Couleur<\/td><td>MOQ<\/td><\/tr><tr><td>Guangdong, Chine<\/td><td>HGYLG-20\/22\/24\/26\/28\/30\/32<\/td><td>Autocuiseurs<\/td><td>Utilisation g\u00e9n\u00e9rale pour les cuisini\u00e8res \u00e0 gaz et \u00e0 induction<\/td><td>Acier inoxydable 304<\/td><td>Acier inoxydable+Aluminium+Acier inoxydable<\/td><td>bak\u00e9lite noire r\u00e9sistante \u00e0 la chaleur<\/td><td>Argent<\/td><td>2000 Pcs<\/td><\/tr><\/tbody><\/table><\/figure>\n<\/div><\/div>\n<\/div>\n<\/div>\n<\/div><\/div>\n<\/div>\n<\/div>\n\n\n\n<div class=\"wp-block-columns is-layout-flex wp-container-core-columns-is-layout-9d6595d7 wp-block-columns-is-layout-flex\">\n<div class=\"wp-block-column is-layout-flow wp-block-column-is-layout-flow\">\n<h2 class=\"wp-block-heading\">Options d'autocuiseurs personnalis\u00e9s OEM&amp;ODM<\/h2>\n\n\n\n<p><strong>Logo<\/strong>: Personnalisez le logo de votre marque sur l'autocuiseur et l'emballage.<br><br><strong>Taille<\/strong>: Dimensions personnalis\u00e9es de l'autocuiseur.<br><br><strong>Paquet<\/strong>: carton\/bo\u00eete de couleur.<br><br><a href=\"https:\/\/www.hg-cooker.com\/fr\/custom-solution\/\" data-type=\"page\" data-id=\"2793\" target=\"_blank\" rel=\"noreferrer noopener\"><strong>Plus d'informations sur les autocuiseurs personnalis\u00e9s OEM&amp;ODM<\/strong><\/a><\/p>\n<\/div>\n<\/div>\n\n\n\n<div class=\"wp-block-columns is-layout-flex wp-container-core-columns-is-layout-9d6595d7 wp-block-columns-is-layout-flex\">\n<div class=\"wp-block-column is-layout-flow wp-block-column-is-layout-flow\">\n<figure class=\"wp-block-image size-full\"><img fetchpriority=\"high\" decoding=\"async\" width=\"750\" height=\"750\" src=\"https:\/\/www.hg-cooker.com\/wp-content\/uploads\/2024\/08\/Wholesale-pressure-cookers-manufactured-by-Hengguang-Factory-1.webp\" alt=\"Vente en gros d&#039;autocuiseurs fabriqu\u00e9s par Hengguang Factory (1)\" class=\"wp-image-4202\" srcset=\"https:\/\/www.hg-cooker.com\/wp-content\/uploads\/2024\/08\/Wholesale-pressure-cookers-manufactured-by-Hengguang-Factory-1.webp 750w, https:\/\/www.hg-cooker.com\/wp-content\/uploads\/2024\/08\/Wholesale-pressure-cookers-manufactured-by-Hengguang-Factory-1-150x150.webp 150w, https:\/\/www.hg-cooker.com\/wp-content\/uploads\/2024\/08\/Wholesale-pressure-cookers-manufactured-by-Hengguang-Factory-1-660x660.webp 660w, https:\/\/www.hg-cooker.com\/wp-content\/uploads\/2024\/08\/Wholesale-pressure-cookers-manufactured-by-Hengguang-Factory-1-300x300.webp 300w, https:\/\/www.hg-cooker.com\/wp-content\/uploads\/2024\/08\/Wholesale-pressure-cookers-manufactured-by-Hengguang-Factory-1-12x12.webp 12w, https:\/\/www.hg-cooker.com\/wp-content\/uploads\/2024\/08\/Wholesale-pressure-cookers-manufactured-by-Hengguang-Factory-1-285x285.webp 285w, https:\/\/www.hg-cooker.com\/wp-content\/uploads\/2024\/08\/Wholesale-pressure-cookers-manufactured-by-Hengguang-Factory-1-270x270.webp 270w, https:\/\/www.hg-cooker.com\/wp-content\/uploads\/2024\/08\/Wholesale-pressure-cookers-manufactured-by-Hengguang-Factory-1-540x540.webp 540w\" sizes=\"(max-width: 750px) 100vw, 750px\" \/><\/figure>\n<\/div>\n\n\n\n<div class=\"wp-block-column is-layout-flow wp-block-column-is-layout-flow\">\n<figure class=\"wp-block-image size-full\"><img decoding=\"async\" width=\"750\" height=\"750\" src=\"https:\/\/www.hg-cooker.com\/wp-content\/uploads\/2024\/08\/Wholesale-pressure-cookers-manufactured-by-Hengguang-Factory-2.webp\" alt=\"Vente en gros d&#039;autocuiseurs fabriqu\u00e9s par Hengguang Factory (2)\" class=\"wp-image-4203\" srcset=\"https:\/\/www.hg-cooker.com\/wp-content\/uploads\/2024\/08\/Wholesale-pressure-cookers-manufactured-by-Hengguang-Factory-2.webp 750w, https:\/\/www.hg-cooker.com\/wp-content\/uploads\/2024\/08\/Wholesale-pressure-cookers-manufactured-by-Hengguang-Factory-2-150x150.webp 150w, https:\/\/www.hg-cooker.com\/wp-content\/uploads\/2024\/08\/Wholesale-pressure-cookers-manufactured-by-Hengguang-Factory-2-660x660.webp 660w, https:\/\/www.hg-cooker.com\/wp-content\/uploads\/2024\/08\/Wholesale-pressure-cookers-manufactured-by-Hengguang-Factory-2-300x300.webp 300w, https:\/\/www.hg-cooker.com\/wp-content\/uploads\/2024\/08\/Wholesale-pressure-cookers-manufactured-by-Hengguang-Factory-2-12x12.webp 12w, https:\/\/www.hg-cooker.com\/wp-content\/uploads\/2024\/08\/Wholesale-pressure-cookers-manufactured-by-Hengguang-Factory-2-285x285.webp 285w, https:\/\/www.hg-cooker.com\/wp-content\/uploads\/2024\/08\/Wholesale-pressure-cookers-manufactured-by-Hengguang-Factory-2-270x270.webp 270w, https:\/\/www.hg-cooker.com\/wp-content\/uploads\/2024\/08\/Wholesale-pressure-cookers-manufactured-by-Hengguang-Factory-2-540x540.webp 540w\" sizes=\"(max-width: 750px) 100vw, 750px\" \/><\/figure>\n<\/div>\n<\/div>","protected":false},"excerpt":{"rendered":"<p>Vente en gros d'autocuiseurs de diff\u00e9rentes capacit\u00e9s \u00e0 des prix d'usine pour r\u00e9pondre \u00e0 diff\u00e9rents besoins de cuisson. Notre gamme de produits comprend des autocuiseurs de 3 litres et des autocuiseurs de grande capacit\u00e9 de 16 litres adapt\u00e9s aux cuisines commerciales. Contactez-nous et nous vous fournirons des services professionnels d'autocuiseurs personnalis\u00e9s OEM et ODM, ainsi que des prix comp\u00e9titifs.<\/p>\n<h3>Caract\u00e9ristiques et avantages de l'autocuiseur de gros<\/h3>\n<p><strong>Un travail de professionnel :<\/strong> Notre autocuiseur multifonction est fabriqu\u00e9 par des artisans professionnels, ce qui permet d'enfermer la vapeur plus \u00e9troitement, augmentant ainsi la pression, enfermant la chaleur et l'humidit\u00e9, garantissant que chaque plat peut pr\u00e9senter la saveur la plus parfaite.<\/p>\n<p><strong>Fond composite \u00e0 trois couches en acier inoxydable :<\/strong> L'autocuiseur en vrac est dot\u00e9 d'un fond composite \u00e0 trois couches sp\u00e9cialement con\u00e7u pour assurer un transfert uniforme de la chaleur, \u00e9viter efficacement que les aliments ne br\u00fblent et conserver la fra\u00eecheur naturelle des ingr\u00e9dients.<\/p>\n<p><strong>Compatible avec plusieurs sources de chaleur :<\/strong> Cet autocuiseur convient aux cuisini\u00e8res \u00e0 gaz couramment utilis\u00e9es dans les m\u00e9nages et peut \u00e9galement \u00eatre facilement adapt\u00e9 aux cuisini\u00e8res \u00e0 induction des cuisines modernes pour r\u00e9pondre \u00e0 vos divers besoins en mati\u00e8re de cuisson.<\/p>\n<p><strong>Prix comp\u00e9titif :<\/strong> En tant que l'un des plus grands fabricants d'autocuiseurs de Guangdong, en Chine, notre production \u00e0 grande \u00e9chelle rend nos autocuiseurs de gros moins co\u00fbteux \u00e0 produire, ce qui permet d'offrir des prix plus abordables aux acheteurs.<\/p>\n<p><strong>Exemple de soutien :<\/strong> Vous pouvez d'abord passer une commande d'\u00e9chantillons, puis une commande de production formelle apr\u00e8s avoir v\u00e9rifi\u00e9 que l'\u00e9chantillon vous satisfait.<\/p>","protected":false},"featured_media":4202,"comment_status":"closed","ping_status":"closed","template":"","meta":[],"product_brand":[],"product_cat":[54],"product_tag":[],"class_list":{"0":"post-4218","1":"product","2":"type-product","3":"status-publish","4":"has-post-thumbnail","6":"product_cat-pressure-cooker","8":"first","9":"instock","10":"shipping-taxable","11":"product-type-simple"},"_links":{"self":[{"href":"https:\/\/www.hg-cooker.com\/fr\/wp-json\/wp\/v2\/product\/4218","targetHints":{"allow":["GET"]}}],"collection":[{"href":"https:\/\/www.hg-cooker.com\/fr\/wp-json\/wp\/v2\/product"}],"about":[{"href":"https:\/\/www.hg-cooker.com\/fr\/wp-json\/wp\/v2\/types\/product"}],"replies":[{"embeddable":true,"href":"https:\/\/www.hg-cooker.com\/fr\/wp-json\/wp\/v2\/comments?post=4218"}],"wp:featuredmedia":[{"embeddable":true,"href":"https:\/\/www.hg-cooker.com\/fr\/wp-json\/wp\/v2\/media\/4202"}],"wp:attachment":[{"href":"https:\/\/www.hg-cooker.com\/fr\/wp-json\/wp\/v2\/media?parent=4218"}],"wp:term":[{"taxonomy":"product_brand","embeddable":true,"href":"https:\/\/www.hg-cooker.com\/fr\/wp-json\/wp\/v2\/product_brand?post=4218"},{"taxonomy":"product_cat","embeddable":true,"href":"https:\/\/www.hg-cooker.com\/fr\/wp-json\/wp\/v2\/product_cat?post=4218"},{"taxonomy":"product_tag","embeddable":true,"href":"https:\/\/www.hg-cooker.com\/fr\/wp-json\/wp\/v2\/product_tag?post=4218"}],"curies":[{"name":"wp","href":"https:\/\/api.w.org\/{rel}","templated":true}]}}