{"id":4201,"date":"2025-08-13T07:57:03","date_gmt":"2025-08-13T07:57:03","guid":{"rendered":"https:\/\/www.hg-cooker.com\/?post_type=product&#038;p=4201"},"modified":"2025-11-13T02:18:56","modified_gmt":"2025-11-13T02:18:56","slug":"pot-a-lait-bouillant-en-acier-inoxydable-wholesale-16","status":"publish","type":"product","link":"https:\/\/www.hg-cooker.com\/fr\/produit\/pot-a-lait-bouillant-en-acier-inoxydable-wholesale-16\/","title":{"rendered":"Autocuiseur \u00e0 induction haute performance -- id\u00e9al pour une cuisson efficace sur les cuisini\u00e8res \u00e0 induction"},"content":{"rendered":"<div class=\"wp-block-columns is-layout-flex wp-container-core-columns-is-layout-9d6595d7 wp-block-columns-is-layout-flex\">\n<div class=\"wp-block-column is-layout-flow wp-block-column-is-layout-flow\">\n<h2 class=\"wp-block-heading\">Param\u00e8tres de l'autocuiseur \u00e0 induction <\/h2>\n\n\n\n<div class=\"wp-block-group\"><div class=\"wp-block-group__inner-container is-layout-constrained wp-block-group-is-layout-constrained\">\n<div class=\"wp-block-columns is-layout-flex wp-container-core-columns-is-layout-9d6595d7 wp-block-columns-is-layout-flex\">\n<div class=\"wp-block-column is-layout-flow wp-block-column-is-layout-flow\" style=\"flex-basis:100%\">\n<div class=\"wp-block-group\"><div class=\"wp-block-group__inner-container is-layout-constrained wp-block-group-is-layout-constrained\">\n<figure class=\"wp-block-table\"><table class=\"has-fixed-layout\"><tbody><tr><td>Lieu d'origine<\/td><td>Num\u00e9ro de mod\u00e8le<\/td><td>Type<\/td><td>Fourneau applicable<\/td><td>Type de m\u00e9tal<\/td><td>Capacit\u00e9<\/td><td>Couleur<\/td><td>Poign\u00e9e<\/td><td>MOQ<\/td><td>Taille de l'emballage unique :<\/td><td>Poids brut unique :<\/td><\/tr><tr><td>Guangdong, Chine<\/td><td>HG-UXYLG-18\/20\/22\/24\/26\/28\/30\/32<\/td><td>Autocuiseurs<\/td><td>Utilisation g\u00e9n\u00e9rale pour les cuisini\u00e8res \u00e0 gaz et \u00e0 induction<\/td><td>Acier inoxydable 304<\/td><td>18\/20\/22\/24\/26\/28\/30\/32CM<\/td><td>Argent<\/td><td>Poign\u00e9e en bak\u00e9lite noire r\u00e9sistante \u00e0 la chaleur<\/td><td>500 pi\u00e8ces<\/td><td>50X50X50 cm<\/td><td>5.000 kg<\/td><\/tr><\/tbody><\/table><\/figure>\n<\/div><\/div>\n<\/div>\n<\/div>\n<\/div><\/div>\n<\/div>\n<\/div>\n\n\n\n<div class=\"wp-block-columns is-layout-flex wp-container-core-columns-is-layout-9d6595d7 wp-block-columns-is-layout-flex\">\n<div class=\"wp-block-column is-layout-flow wp-block-column-is-layout-flow\">\n<h2 class=\"wp-block-heading\">Options d'autocuiseurs personnalis\u00e9s OEM&amp;ODM<\/h2>\n\n\n\n<p><strong>Logo<\/strong>: Personnalisez le logo de votre marque sur l'autocuiseur et l'emballage.<br><br><strong>Taille<\/strong>: Personnalisez diff\u00e9rentes tailles d'autocuiseurs en fonction de vos besoins.<br><br><strong>Paquet<\/strong>: carton\/bo\u00eete de couleur.<br><br><a href=\"https:\/\/www.hg-cooker.com\/fr\/custom-solution\/\" data-type=\"page\" data-id=\"2793\" target=\"_blank\" rel=\"noreferrer noopener\"><strong>Explorer plus de d\u00e9tails OEM&amp;ODM sur mesure<\/strong><\/a><\/p>\n<\/div>\n<\/div>\n\n\n\n<div class=\"wp-block-columns is-layout-flex wp-container-core-columns-is-layout-9d6595d7 wp-block-columns-is-layout-flex\">\n<div class=\"wp-block-column is-layout-flow wp-block-column-is-layout-flow\">\n<figure class=\"wp-block-image size-full\"><img fetchpriority=\"high\" decoding=\"async\" width=\"750\" height=\"750\" src=\"https:\/\/www.hg-cooker.com\/wp-content\/uploads\/2024\/08\/Hengguang-induction-pressure-cooker-3.webp\" alt=\"Autocuiseur \u00e0 induction Hengguang (3)\" class=\"wp-image-4210\" srcset=\"https:\/\/www.hg-cooker.com\/wp-content\/uploads\/2024\/08\/Hengguang-induction-pressure-cooker-3.webp 750w, https:\/\/www.hg-cooker.com\/wp-content\/uploads\/2024\/08\/Hengguang-induction-pressure-cooker-3-150x150.webp 150w, https:\/\/www.hg-cooker.com\/wp-content\/uploads\/2024\/08\/Hengguang-induction-pressure-cooker-3-660x660.webp 660w, https:\/\/www.hg-cooker.com\/wp-content\/uploads\/2024\/08\/Hengguang-induction-pressure-cooker-3-300x300.webp 300w, https:\/\/www.hg-cooker.com\/wp-content\/uploads\/2024\/08\/Hengguang-induction-pressure-cooker-3-12x12.webp 12w, https:\/\/www.hg-cooker.com\/wp-content\/uploads\/2024\/08\/Hengguang-induction-pressure-cooker-3-285x285.webp 285w, https:\/\/www.hg-cooker.com\/wp-content\/uploads\/2024\/08\/Hengguang-induction-pressure-cooker-3-270x270.webp 270w, https:\/\/www.hg-cooker.com\/wp-content\/uploads\/2024\/08\/Hengguang-induction-pressure-cooker-3-540x540.webp 540w\" sizes=\"(max-width: 750px) 100vw, 750px\" \/><\/figure>\n<\/div>\n\n\n\n<div class=\"wp-block-column is-layout-flow wp-block-column-is-layout-flow\">\n<figure class=\"wp-block-image size-full\"><img decoding=\"async\" width=\"750\" height=\"750\" src=\"https:\/\/www.hg-cooker.com\/wp-content\/uploads\/2024\/08\/Hengguang-induction-pressure-cooker-2.webp\" alt=\"Autocuiseur \u00e0 induction Hengguang (2)\" class=\"wp-image-4209\" srcset=\"https:\/\/www.hg-cooker.com\/wp-content\/uploads\/2024\/08\/Hengguang-induction-pressure-cooker-2.webp 750w, https:\/\/www.hg-cooker.com\/wp-content\/uploads\/2024\/08\/Hengguang-induction-pressure-cooker-2-150x150.webp 150w, https:\/\/www.hg-cooker.com\/wp-content\/uploads\/2024\/08\/Hengguang-induction-pressure-cooker-2-660x660.webp 660w, https:\/\/www.hg-cooker.com\/wp-content\/uploads\/2024\/08\/Hengguang-induction-pressure-cooker-2-300x300.webp 300w, https:\/\/www.hg-cooker.com\/wp-content\/uploads\/2024\/08\/Hengguang-induction-pressure-cooker-2-12x12.webp 12w, https:\/\/www.hg-cooker.com\/wp-content\/uploads\/2024\/08\/Hengguang-induction-pressure-cooker-2-285x285.webp 285w, https:\/\/www.hg-cooker.com\/wp-content\/uploads\/2024\/08\/Hengguang-induction-pressure-cooker-2-270x270.webp 270w, https:\/\/www.hg-cooker.com\/wp-content\/uploads\/2024\/08\/Hengguang-induction-pressure-cooker-2-540x540.webp 540w\" sizes=\"(max-width: 750px) 100vw, 750px\" \/><\/figure>\n<\/div>\n<\/div>","protected":false},"excerpt":{"rendered":"<p>La base de notre autocuiseur en gros est constitu\u00e9e de trois couches d'acier inoxydable, dont la conductivit\u00e9 thermique et la dur\u00e9e de vie sont excellentes. Cette conception am\u00e9liore non seulement l'efficacit\u00e9 thermique, mais vous permet \u00e9galement d'utiliser l'autocuiseur sur une plaque \u00e0 induction. Nous prenons en charge les demandes OEM et ODM, et nous vous invitons \u00e0 acheter en gros.<\/p>\n<h2>Caract\u00e9ristiques et avantages de l'autocuiseur \u00e0 induction<\/h2>\n<p><strong>Convient \u00e0 plusieurs po\u00eales :<\/strong> Le fond de l'autocuiseur en acier inoxydable est compos\u00e9 de trois couches d'acier inoxydable, couvrant la totalit\u00e9 du fond de l'autocuiseur, ce qui permet \u00e0 l'autocuiseur de s'adapter \u00e0 plusieurs cuisini\u00e8res, telles que les cuisini\u00e8res \u00e0 induction et les cuisini\u00e8res \u00e0 gaz.<\/p>\n<p><strong>Acier inoxydable de qualit\u00e9 alimentaire :<\/strong> L'autocuiseur est fabriqu\u00e9 en acier inoxydable de qualit\u00e9 alimentaire, qui pr\u00e9sente une grande solidit\u00e9, une longue dur\u00e9e de vie et une grande r\u00e9sistance \u00e0 la corrosion.<\/p>\n<p><strong>Sp\u00e9cifications multiples :<\/strong> Nous proposons des autocuiseurs adapt\u00e9s \u00e0 l'induction de 3 \u00e0 16 litres pour r\u00e9pondre aux besoins des particuliers et des restaurants.<\/p>\n<p><strong>Soutien aux services personnalis\u00e9s :<\/strong> En tant que fabricant professionnel d'autocuiseurs, nous pouvons personnaliser les autocuiseurs en fonction de vos besoins, y compris les tailles, les logos, les accessoires, etc.<\/p>\n<p><strong>Anneau en silicone \u00e9tanche :<\/strong> La bague d'\u00e9tanch\u00e9it\u00e9 en silicone de qualit\u00e9 alimentaire r\u00e9siste \u00e0 des temp\u00e9ratures \u00e9lev\u00e9es de 260\u00b0C et a \u00e9t\u00e9 test\u00e9e pour 5 000 cycles de vieillissement, ce qui \u00e9limine compl\u00e8tement le risque de fuite d'eau.<\/p>","protected":false},"featured_media":5045,"comment_status":"closed","ping_status":"closed","template":"","meta":[],"product_brand":[],"product_cat":[54],"product_tag":[],"class_list":{"0":"post-4201","1":"product","2":"type-product","3":"status-publish","4":"has-post-thumbnail","6":"product_cat-pressure-cooker","8":"first","9":"instock","10":"shipping-taxable","11":"product-type-simple"},"_links":{"self":[{"href":"https:\/\/www.hg-cooker.com\/fr\/wp-json\/wp\/v2\/product\/4201","targetHints":{"allow":["GET"]}}],"collection":[{"href":"https:\/\/www.hg-cooker.com\/fr\/wp-json\/wp\/v2\/product"}],"about":[{"href":"https:\/\/www.hg-cooker.com\/fr\/wp-json\/wp\/v2\/types\/product"}],"replies":[{"embeddable":true,"href":"https:\/\/www.hg-cooker.com\/fr\/wp-json\/wp\/v2\/comments?post=4201"}],"wp:featuredmedia":[{"embeddable":true,"href":"https:\/\/www.hg-cooker.com\/fr\/wp-json\/wp\/v2\/media\/5045"}],"wp:attachment":[{"href":"https:\/\/www.hg-cooker.com\/fr\/wp-json\/wp\/v2\/media?parent=4201"}],"wp:term":[{"taxonomy":"product_brand","embeddable":true,"href":"https:\/\/www.hg-cooker.com\/fr\/wp-json\/wp\/v2\/product_brand?post=4201"},{"taxonomy":"product_cat","embeddable":true,"href":"https:\/\/www.hg-cooker.com\/fr\/wp-json\/wp\/v2\/product_cat?post=4201"},{"taxonomy":"product_tag","embeddable":true,"href":"https:\/\/www.hg-cooker.com\/fr\/wp-json\/wp\/v2\/product_tag?post=4201"}],"curies":[{"name":"wp","href":"https:\/\/api.w.org\/{rel}","templated":true}]}}