{"id":4193,"date":"2025-08-15T06:38:30","date_gmt":"2025-08-15T06:38:30","guid":{"rendered":"https:\/\/www.hg-cooker.com\/?post_type=product&#038;p=4193"},"modified":"2025-11-13T02:25:47","modified_gmt":"2025-11-13T02:25:47","slug":"pot-a-lait-bouillant-en-acier-inoxydable-wholesale-15","status":"publish","type":"product","link":"https:\/\/www.hg-cooker.com\/fr\/produit\/pot-a-lait-bouillant-en-acier-inoxydable-wholesale-15\/","title":{"rendered":"Autocuiseur chinois de haute qualit\u00e9--China Factory Direct Sales"},"content":{"rendered":"<div class=\"wp-block-columns is-layout-flex wp-container-core-columns-is-layout-9d6595d7 wp-block-columns-is-layout-flex\">\n<div class=\"wp-block-column is-layout-flow wp-block-column-is-layout-flow\">\n<h2 class=\"wp-block-heading\">Param\u00e8tres du mini autocuiseur<\/h2>\n\n\n\n<figure class=\"wp-block-table\"><table class=\"has-fixed-layout\"><tbody><tr><td>Lieu d'origine<\/td><td>Type<\/td><td>Fourneau applicable<\/td><td>Mat\u00e9riau<\/td><td>Capacit\u00e9<\/td><td>Poign\u00e9e<\/td><td>Couleur<\/td><td>Utilisation<\/td><td>Taille<\/td><\/tr><tr><td>Guangdong, Chine<\/td><td>Autocuiseurs<\/td><td>Utilisation g\u00e9n\u00e9rale pour les cuisini\u00e8res \u00e0 gaz et \u00e0 induction<\/td><td>Acier inoxydable 304<\/td><td>3L\/4L\/5L\/6L\/8L\/10L\/13L\/16L<\/td><td>Poign\u00e9e en bak\u00e9lite noire<\/td><td>Argent<\/td><td>Cuisine familiale<\/td><td>18\/20\/22\/24\/26\/28\/30\/32cm<\/td><\/tr><\/tbody><\/table><\/figure>\n<\/div>\n<\/div>\n\n\n\n<div class=\"wp-block-columns is-layout-flex wp-container-core-columns-is-layout-9d6595d7 wp-block-columns-is-layout-flex\">\n<div class=\"wp-block-column is-layout-flow wp-block-column-is-layout-flow\">\n<h2 class=\"wp-block-heading\">Options d'autocuiseurs personnalis\u00e9s OEM&amp;ODM<\/h2>\n\n\n\n<p><strong>Logo<\/strong>: Personnalisez le logo de votre marque sur l'autocuiseur et l'emballage.<br><br><strong>Taille<\/strong>: Personnalisez diff\u00e9rentes tailles d'autocuiseurs en fonction de vos besoins.<br><br><strong>Paquet<\/strong>: carton\/bo\u00eete de couleur.<br><br><a href=\"https:\/\/www.hg-cooker.com\/fr\/custom-solution\/\" data-type=\"page\" data-id=\"2793\" target=\"_blank\" rel=\"noreferrer noopener\"><strong>Explorer plus de d\u00e9tails OEM&amp;ODM sur mesure<\/strong><\/a><\/p>\n<\/div>\n<\/div>\n\n\n\n<div class=\"wp-block-columns is-layout-flex wp-container-core-columns-is-layout-9d6595d7 wp-block-columns-is-layout-flex\">\n<div class=\"wp-block-column is-layout-flow wp-block-column-is-layout-flow\">\n<figure class=\"wp-block-image size-full\"><img fetchpriority=\"high\" decoding=\"async\" width=\"800\" height=\"800\" src=\"https:\/\/www.hg-cooker.com\/wp-content\/uploads\/2024\/08\/China-high-quality-stainless-steel-pressure-cooker-1.webp\" alt=\"Autocuiseur en acier inoxydable de haute qualit\u00e9 en Chine (1)\" class=\"wp-image-4194\" srcset=\"https:\/\/www.hg-cooker.com\/wp-content\/uploads\/2024\/08\/China-high-quality-stainless-steel-pressure-cooker-1.webp 800w, https:\/\/www.hg-cooker.com\/wp-content\/uploads\/2024\/08\/China-high-quality-stainless-steel-pressure-cooker-1-150x150.webp 150w, https:\/\/www.hg-cooker.com\/wp-content\/uploads\/2024\/08\/China-high-quality-stainless-steel-pressure-cooker-1-660x660.webp 660w, https:\/\/www.hg-cooker.com\/wp-content\/uploads\/2024\/08\/China-high-quality-stainless-steel-pressure-cooker-1-300x300.webp 300w, https:\/\/www.hg-cooker.com\/wp-content\/uploads\/2024\/08\/China-high-quality-stainless-steel-pressure-cooker-1-768x768.webp 768w, https:\/\/www.hg-cooker.com\/wp-content\/uploads\/2024\/08\/China-high-quality-stainless-steel-pressure-cooker-1-12x12.webp 12w, https:\/\/www.hg-cooker.com\/wp-content\/uploads\/2024\/08\/China-high-quality-stainless-steel-pressure-cooker-1-285x285.webp 285w, https:\/\/www.hg-cooker.com\/wp-content\/uploads\/2024\/08\/China-high-quality-stainless-steel-pressure-cooker-1-270x270.webp 270w, https:\/\/www.hg-cooker.com\/wp-content\/uploads\/2024\/08\/China-high-quality-stainless-steel-pressure-cooker-1-540x540.webp 540w\" sizes=\"(max-width: 800px) 100vw, 800px\" \/><\/figure>\n<\/div>\n\n\n\n<div class=\"wp-block-column is-layout-flow wp-block-column-is-layout-flow\">\n<figure class=\"wp-block-image size-full\"><img decoding=\"async\" width=\"800\" height=\"800\" src=\"https:\/\/www.hg-cooker.com\/wp-content\/uploads\/2024\/08\/China-high-quality-stainless-steel-pressure-cooker-6.webp\" alt=\"Autocuiseur en acier inoxydable de haute qualit\u00e9 en Chine (6)\" class=\"wp-image-4199\" srcset=\"https:\/\/www.hg-cooker.com\/wp-content\/uploads\/2024\/08\/China-high-quality-stainless-steel-pressure-cooker-6.webp 800w, https:\/\/www.hg-cooker.com\/wp-content\/uploads\/2024\/08\/China-high-quality-stainless-steel-pressure-cooker-6-150x150.webp 150w, https:\/\/www.hg-cooker.com\/wp-content\/uploads\/2024\/08\/China-high-quality-stainless-steel-pressure-cooker-6-660x660.webp 660w, https:\/\/www.hg-cooker.com\/wp-content\/uploads\/2024\/08\/China-high-quality-stainless-steel-pressure-cooker-6-300x300.webp 300w, https:\/\/www.hg-cooker.com\/wp-content\/uploads\/2024\/08\/China-high-quality-stainless-steel-pressure-cooker-6-768x768.webp 768w, https:\/\/www.hg-cooker.com\/wp-content\/uploads\/2024\/08\/China-high-quality-stainless-steel-pressure-cooker-6-12x12.webp 12w, https:\/\/www.hg-cooker.com\/wp-content\/uploads\/2024\/08\/China-high-quality-stainless-steel-pressure-cooker-6-285x285.webp 285w, https:\/\/www.hg-cooker.com\/wp-content\/uploads\/2024\/08\/China-high-quality-stainless-steel-pressure-cooker-6-270x270.webp 270w, https:\/\/www.hg-cooker.com\/wp-content\/uploads\/2024\/08\/China-high-quality-stainless-steel-pressure-cooker-6-540x540.webp 540w\" sizes=\"(max-width: 800px) 100vw, 800px\" \/><\/figure>\n<\/div>\n<\/div>","protected":false},"excerpt":{"rendered":"<p>Hengguang est l'un des principaux fabricants d'autocuiseurs en acier inoxydable en Chine. Nos autocuiseurs en acier inoxydable sont soigneusement construits avec des mat\u00e9riaux de haute qualit\u00e9, avec une efficacit\u00e9 \u00e9lev\u00e9e et des performances fiables, ce qui en fait le premier choix de plus d'un million de familles chinoises. Nous proposons des autocuiseurs en gros de diff\u00e9rentes tailles, de l'autocuiseur 3 litres \u00e0 l'autocuiseur 16 litres. Nos produits vont du plus petit au plus grand pour les cuisines commerciales. En choisissant Hengguang China Pressure Cooker Factory, vous trouverez l'autocuiseur id\u00e9al pour tous vos besoins de cuisson.<\/p>\n<h3>Caract\u00e9ristiques de l'autocuiseur chinois Hengguang<\/h3>\n<p>1.<strong>Cuisson polyvalente<\/strong>: Cet autocuiseur peut tr\u00e8s bien cuire du ma\u00efs, des pommes de terre ou des haricots et de la viande. En scellant efficacement la vapeur, la conception unique garantit que chaque cuisson a un go\u00fbt parfait en m\u00e9langeant la chaleur, l'humidit\u00e9 et la saveur des ingr\u00e9dients.<\/p>\n<p>2.<strong>S\u00e9lection de grandes capacit\u00e9s<\/strong>: Cet autocuiseur a une capacit\u00e9 de 8 \u00e0 16 litres, ce qui permet de r\u00e9pondre \u00e0 un grand nombre de besoins culinaires, qu'il s'agisse d'un restaurant, d'une cantine d'usine ou d'une r\u00e9union de famille.<\/p>\n<p>3.<strong>Facile \u00e0 nettoyer<\/strong>: L'autocuiseur en acier inoxydable est facile \u00e0 nettoyer, ce qui r\u00e9duit consid\u00e9rablement le temps de nettoyage. Apr\u00e8s avoir simplement retir\u00e9 le joint et la soupape de pression, vous pouvez le mettre au lave-vaisselle en toute s\u00e9curit\u00e9 et profiter de la facilit\u00e9 du nettoyage en un seul clic.<\/p>\n<p>4.<strong>Accessoires de haute qualit\u00e9<\/strong>: \u00c9quip\u00e9 de joints en silicone de haute qualit\u00e9, il ne contient pas de BPA et a une dur\u00e9e de vie tr\u00e8s longue, garantissant une cuisson sans souci.<\/p>\n<p>5.<strong>Poign\u00e9e confortable<\/strong>: La poign\u00e9e est fabriqu\u00e9e dans un mat\u00e9riau de premi\u00e8re qualit\u00e9 agr\u00e9able au toucher, et son corps s'adapte \u00e0 votre paume. Vous n'avez pas \u00e0 craindre que votre poign\u00e9e se d\u00e9tache. Elle augmente le niveau de confort d'utilisation et facilite le transport tout en garantissant la s\u00e9curit\u00e9 et la tranquillit\u00e9 d'esprit lors des op\u00e9rations.<\/p>","protected":false},"featured_media":4194,"comment_status":"closed","ping_status":"closed","template":"","meta":[],"product_brand":[],"product_cat":[54],"product_tag":[],"class_list":{"0":"post-4193","1":"product","2":"type-product","3":"status-publish","4":"has-post-thumbnail","6":"product_cat-pressure-cooker","8":"first","9":"instock","10":"shipping-taxable","11":"product-type-simple"},"_links":{"self":[{"href":"https:\/\/www.hg-cooker.com\/fr\/wp-json\/wp\/v2\/product\/4193","targetHints":{"allow":["GET"]}}],"collection":[{"href":"https:\/\/www.hg-cooker.com\/fr\/wp-json\/wp\/v2\/product"}],"about":[{"href":"https:\/\/www.hg-cooker.com\/fr\/wp-json\/wp\/v2\/types\/product"}],"replies":[{"embeddable":true,"href":"https:\/\/www.hg-cooker.com\/fr\/wp-json\/wp\/v2\/comments?post=4193"}],"wp:featuredmedia":[{"embeddable":true,"href":"https:\/\/www.hg-cooker.com\/fr\/wp-json\/wp\/v2\/media\/4194"}],"wp:attachment":[{"href":"https:\/\/www.hg-cooker.com\/fr\/wp-json\/wp\/v2\/media?parent=4193"}],"wp:term":[{"taxonomy":"product_brand","embeddable":true,"href":"https:\/\/www.hg-cooker.com\/fr\/wp-json\/wp\/v2\/product_brand?post=4193"},{"taxonomy":"product_cat","embeddable":true,"href":"https:\/\/www.hg-cooker.com\/fr\/wp-json\/wp\/v2\/product_cat?post=4193"},{"taxonomy":"product_tag","embeddable":true,"href":"https:\/\/www.hg-cooker.com\/fr\/wp-json\/wp\/v2\/product_tag?post=4193"}],"curies":[{"name":"wp","href":"https:\/\/api.w.org\/{rel}","templated":true}]}}