{"id":4075,"date":"2025-05-07T01:07:17","date_gmt":"2025-05-07T01:07:17","guid":{"rendered":"https:\/\/www.hg-cooker.com\/?post_type=product&#038;p=4075"},"modified":"2025-11-13T02:31:00","modified_gmt":"2025-11-13T02:31:00","slug":"pot-a-lait-bouillant-en-acier-inoxydable-wholesale-14","status":"publish","type":"product","link":"https:\/\/www.hg-cooker.com\/fr\/produit\/pot-a-lait-bouillant-en-acier-inoxydable-wholesale-14\/","title":{"rendered":"Mati\u00e8re premi\u00e8re pour les disques\/plaques rondes en acier inoxydable composite tripl\u00e9 sur mesure"},"content":{"rendered":"<div class=\"wp-block-columns is-layout-flex wp-container-core-columns-is-layout-9d6595d7 wp-block-columns-is-layout-flex\">\n<div class=\"wp-block-column is-layout-flow wp-block-column-is-layout-flow\">\n<h2 class=\"wp-block-heading\">Param\u00e8tres des disques triples en acier inoxydable<\/h2>\n\n\n\n<p><strong>Nom du produit<\/strong>Disques en acier inoxydable composite \u00e0 trois plis<\/p>\n\n\n\n<p><strong>Mat\u00e9riau du produit<\/strong>Acier inoxydable 304\/316 + aluminium + acier inoxydable 430<br><br><strong>Epaisseur optionnelle du produit<\/strong>:<br>1.8mm\/2.0mm\/2.2mm\/2.5mm\/3.0mm<\/p>\n\n\n\n<p><strong>Formes du produit<\/strong>:circulaire \/ forme sp\u00e9ciale<\/p>\n\n\n\n<p><strong>Taille optionnelle du produit<\/strong>:<br>La taille circulaire peut \u00eatre comprise entre 250 mm et 500 mm. <br>La taille des formes sp\u00e9ciales peut \u00eatre de 900 mm.<\/p>\n<\/div>\n\n\n\n<div class=\"wp-block-column is-layout-flow wp-block-column-is-layout-flow\">\n<h2 class=\"wp-block-heading\">Options d'ustensiles de cuisine personnalisables<\/h2>\n\n\n\n<p><strong>Mod\u00e8le<\/strong>:Personnalisation de toutes sortes de motifs sur les disques en acier inoxydable \u00e0 trois plis.<br><br><strong>Mat\u00e9riau<\/strong>Acier inoxydable 304\/316 + aluminium + acier inoxydable 430<br><br><strong>Taille<\/strong>:Personnaliser les diff\u00e9rentes tailles de disques en acier inoxydable \u00e0 trois plis.<br><br><strong>Formes<\/strong>Plaques rondes \/ Toute forme sp\u00e9ciale<br><br><strong>MOQ<\/strong>:1000 pi\u00e8ces<\/p>\n\n\n\n<p><a href=\"https:\/\/www.hg-cooker.com\/fr\/disques-triples-en-acier-inoxydable\/\" target=\"_blank\" data-type=\"link\" data-id=\"https:\/\/www.hg-cooker.com\/tri-ply-stainless-steel-discs\/\" rel=\"noreferrer noopener\"><strong>D\u00e9couvrez plus de d\u00e9tails sur la personnalisation des disques en acier inoxydable \u00e0 trois plis<\/strong><\/a><\/p>\n<\/div>\n<\/div>\n\n\n\n<div class=\"wp-block-columns is-layout-flex wp-container-core-columns-is-layout-9d6595d7 wp-block-columns-is-layout-flex\">\n<div class=\"wp-block-column is-layout-flow wp-block-column-is-layout-flow\">\n<figure class=\"wp-block-image size-full is-resized\"><img fetchpriority=\"high\" decoding=\"async\" width=\"1191\" height=\"921\" src=\"https:\/\/www.hg-cooker.com\/wp-content\/uploads\/2024\/07\/tri-ply-stainless-steel-discs-detail-2.webp\" alt=\"disques tripl\u00e9s en acier inoxydable d\u00e9tail (2)\" class=\"wp-image-4089\" style=\"width:583px;height:auto\" srcset=\"https:\/\/www.hg-cooker.com\/wp-content\/uploads\/2024\/07\/tri-ply-stainless-steel-discs-detail-2.webp 1191w, https:\/\/www.hg-cooker.com\/wp-content\/uploads\/2024\/07\/tri-ply-stainless-steel-discs-detail-2-150x116.webp 150w, https:\/\/www.hg-cooker.com\/wp-content\/uploads\/2024\/07\/tri-ply-stainless-steel-discs-detail-2-660x510.webp 660w, https:\/\/www.hg-cooker.com\/wp-content\/uploads\/2024\/07\/tri-ply-stainless-steel-discs-detail-2-300x232.webp 300w, https:\/\/www.hg-cooker.com\/wp-content\/uploads\/2024\/07\/tri-ply-stainless-steel-discs-detail-2-768x594.webp 768w, https:\/\/www.hg-cooker.com\/wp-content\/uploads\/2024\/07\/tri-ply-stainless-steel-discs-detail-2-16x12.webp 16w, https:\/\/www.hg-cooker.com\/wp-content\/uploads\/2024\/07\/tri-ply-stainless-steel-discs-detail-2-285x220.webp 285w\" sizes=\"(max-width: 1191px) 100vw, 1191px\" \/><\/figure>\n<\/div>\n\n\n\n<div class=\"wp-block-column is-layout-flow wp-block-column-is-layout-flow\">\n<figure class=\"wp-block-image size-full is-resized\"><img decoding=\"async\" width=\"540\" height=\"604\" src=\"https:\/\/www.hg-cooker.com\/wp-content\/uploads\/2024\/07\/tri-ply-stainless-steel-discs-detail.webp\" alt=\"disques tripl\u00e9s en acier inoxydable d\u00e9tail\" class=\"wp-image-4083\" style=\"width:412px;height:auto\" srcset=\"https:\/\/www.hg-cooker.com\/wp-content\/uploads\/2024\/07\/tri-ply-stainless-steel-discs-detail.webp 540w, https:\/\/www.hg-cooker.com\/wp-content\/uploads\/2024\/07\/tri-ply-stainless-steel-discs-detail-134x150.webp 134w, https:\/\/www.hg-cooker.com\/wp-content\/uploads\/2024\/07\/tri-ply-stainless-steel-discs-detail-268x300.webp 268w, https:\/\/www.hg-cooker.com\/wp-content\/uploads\/2024\/07\/tri-ply-stainless-steel-discs-detail-11x12.webp 11w, https:\/\/www.hg-cooker.com\/wp-content\/uploads\/2024\/07\/tri-ply-stainless-steel-discs-detail-285x319.webp 285w\" sizes=\"(max-width: 540px) 100vw, 540px\" \/><\/figure>\n<\/div>\n<\/div>\n\n\n\n<div class=\"wp-block-columns is-layout-flex wp-container-core-columns-is-layout-9d6595d7 wp-block-columns-is-layout-flex\">\n<div class=\"wp-block-column is-layout-flow wp-block-column-is-layout-flow\"><\/div>\n\n\n\n<div class=\"wp-block-column is-layout-flow wp-block-column-is-layout-flow\"><\/div>\n<\/div>","protected":false},"excerpt":{"rendered":"<p>Hengguang est sp\u00e9cialis\u00e9 dans la fourniture de mati\u00e8res premi\u00e8res personnalis\u00e9es pour les disques tripl\u00e9s en acier inoxydable (plaque ronde). Nos produits utilisent une technologie composite \u00e0 trois couches de haute qualit\u00e9, combinant l'acier inoxydable 304\/316, l'aluminium et l'acier inoxydable 430, avec une excellente conductivit\u00e9 thermique, durabilit\u00e9 et r\u00e9sistance \u00e0 la corrosion. Il s'agit d'une mati\u00e8re premi\u00e8re importante pour la fabrication d'ustensiles de cuisine et de table haut de gamme. Nous fournissons des services de personnalisation \u00e0 guichet unique en termes de taille, d'\u00e9paisseur, de motif et de forme. N'h\u00e9sitez pas \u00e0 nous contacter pour commencer \u00e0 personnaliser votre plaque ronde en acier inoxydable.<\/p>\n<h3>Caract\u00e9ristiques et avantages des disques triples en acier inoxydable<\/h3>\n<div>\n<ul>\n<li><strong>Excellente durabilit\u00e9<\/strong>: Les couches ext\u00e9rieure et int\u00e9rieure sont fabriqu\u00e9es en acier inoxydable de haute qualit\u00e9, qui pr\u00e9sente une durabilit\u00e9 extr\u00eamement \u00e9lev\u00e9e. Dans le domaine de la fabrication d'ustensiles de cuisine en acier inoxydable, il est possible d'am\u00e9liorer consid\u00e9rablement la dur\u00e9e de vie et les performances du produit et de r\u00e9pondre aux besoins d'une utilisation \u00e0 haute fr\u00e9quence et d'environnements difficiles.\n<\/li>\n<li><strong>Excellente conductivit\u00e9 thermique<\/strong>: La couche interm\u00e9diaire des disques triples en acier inoxydable est compos\u00e9e d'aluminium \u00e0 haute conductivit\u00e9 thermique, ce qui am\u00e9liore efficacement la conductivit\u00e9 thermique globale. Dans le domaine des ustensiles de cuisine en acier inoxydable, l'utilisation de disques plus fins permet de chauffer l'ustensile plus rapidement, ce qui est g\u00e9n\u00e9ralement utilis\u00e9 dans la fabrication de casseroles et de po\u00eales \u00e0 lait. L'utilisation de disques plus \u00e9pais permet d'uniformiser la conductivit\u00e9 thermique globale de l'ustensile de cuisine, ce qui est g\u00e9n\u00e9ralement utilis\u00e9 dans la fabrication d'ustensiles de cuisine de grande taille tels que les woks.\n<\/li>\n<li><strong>Excellente r\u00e9sistance \u00e0 la corrosion<\/strong>: Nos disques triples en acier inoxydable sont fabriqu\u00e9s en acier inoxydable de haute qualit\u00e9, qui pr\u00e9sente une forte r\u00e9sistance \u00e0 la corrosion. La r\u00e9sistance \u00e0 la corrosion est tr\u00e8s importante pour la qualit\u00e9 des produits en acier inoxydable, et une excellente r\u00e9sistance \u00e0 la corrosion prolonge la dur\u00e9e de vie des produits en acier inoxydable.\n<\/li>\n<li><strong>Contr\u00f4le dimensionnel pr\u00e9cis<\/strong>: Notre processus de fabrication permet un contr\u00f4le pr\u00e9cis de la taille et de l'\u00e9paisseur des disques, ce qui garantit que chaque produit r\u00e9pond \u00e0 des normes \u00e9lev\u00e9es en mati\u00e8re de poids, d'\u00e9paisseur et de plan\u00e9it\u00e9.\n<\/li>\n<li><strong>Production sur mesure<\/strong>: Nous prenons en charge une vari\u00e9t\u00e9 de besoins personnalis\u00e9s et personnalisons des disques de tailles, de formes, de fonctions et de mod\u00e8les diff\u00e9rents en fonction de vos exigences sp\u00e9cifiques. Qu'ils soient utilis\u00e9s dans le domaine de la fabrication d'ustensiles de cuisine, de l'\u00e9quipement de chauffage industriel ou de l'\u00e9quipement m\u00e9dical, nous pouvons fournir les solutions personnalis\u00e9es les plus appropri\u00e9es.\n<\/li>\n<li>Nous offrons un service de vente en gros de disques tripl\u00e9s en acier inoxydable.\n<\/li>\n<li><a href=\"https:\/\/www.hg-cooker.com\/fr\/disques-triples-en-acier-inoxydable\/\" target=\"_blank\" rel=\"noopener\"><strong>Nous proposons des solutions OEM&amp;ODM pour les disques en acier inoxydable \u00e0 trois plis.<\/strong><\/a><\/li>\n<\/ul>\n<\/div>","protected":false},"featured_media":4085,"comment_status":"open","ping_status":"closed","template":"","meta":[],"product_brand":[],"product_cat":[53],"product_tag":[],"class_list":{"0":"post-4075","1":"product","2":"type-product","3":"status-publish","4":"has-post-thumbnail","6":"product_cat-tri-ply-stainless-steel-discs","8":"first","9":"instock","10":"shipping-taxable","11":"product-type-simple"},"_links":{"self":[{"href":"https:\/\/www.hg-cooker.com\/fr\/wp-json\/wp\/v2\/product\/4075","targetHints":{"allow":["GET"]}}],"collection":[{"href":"https:\/\/www.hg-cooker.com\/fr\/wp-json\/wp\/v2\/product"}],"about":[{"href":"https:\/\/www.hg-cooker.com\/fr\/wp-json\/wp\/v2\/types\/product"}],"replies":[{"embeddable":true,"href":"https:\/\/www.hg-cooker.com\/fr\/wp-json\/wp\/v2\/comments?post=4075"}],"wp:featuredmedia":[{"embeddable":true,"href":"https:\/\/www.hg-cooker.com\/fr\/wp-json\/wp\/v2\/media\/4085"}],"wp:attachment":[{"href":"https:\/\/www.hg-cooker.com\/fr\/wp-json\/wp\/v2\/media?parent=4075"}],"wp:term":[{"taxonomy":"product_brand","embeddable":true,"href":"https:\/\/www.hg-cooker.com\/fr\/wp-json\/wp\/v2\/product_brand?post=4075"},{"taxonomy":"product_cat","embeddable":true,"href":"https:\/\/www.hg-cooker.com\/fr\/wp-json\/wp\/v2\/product_cat?post=4075"},{"taxonomy":"product_tag","embeddable":true,"href":"https:\/\/www.hg-cooker.com\/fr\/wp-json\/wp\/v2\/product_tag?post=4075"}],"curies":[{"name":"wp","href":"https:\/\/api.w.org\/{rel}","templated":true}]}}