{"id":4063,"date":"2025-09-03T14:20:03","date_gmt":"2025-09-03T14:20:03","guid":{"rendered":"https:\/\/www.hg-cooker.com\/?post_type=product&#038;p=4063"},"modified":"2025-09-13T02:03:29","modified_gmt":"2025-09-13T02:03:29","slug":"pot-a-lait-bouillant-en-acier-inoxydable-wholesale-13","status":"publish","type":"product","link":"https:\/\/www.hg-cooker.com\/fr\/produit\/pot-a-lait-bouillant-en-acier-inoxydable-wholesale-13\/","title":{"rendered":"Set d'ustensiles de cuisine triples en gros, ustensiles de cuisine personnalisables - Fabricant d'ustensiles de cuisine Hennguang"},"content":{"rendered":"<div class=\"wp-block-columns is-layout-flex wp-container-core-columns-is-layout-9d6595d7 wp-block-columns-is-layout-flex\">\n<div class=\"wp-block-column is-layout-flow wp-block-column-is-layout-flow\">\n<h3 class=\"wp-block-heading\">Param\u00e8tres de la batterie de cuisine Tri Ply<\/h3>\n\n\n\n<figure class=\"wp-block-table\"><table class=\"has-fixed-layout\"><tbody><tr><td>Nom du produit<\/td><td>Batterie de cuisine personnalis\u00e9e en acier inoxydable<\/td><\/tr><tr><td>Mat\u00e9riau du produit<\/td><td>Acier inoxydable 304 et acier inoxydable composite tripl\u00e9<\/td><\/tr><tr><td rowspan=\"2\">Sp\u00e9cifications des produits<\/td><td>Marmite : 20cm \/ 22cm \/ 24cm \/ 26cm<\/td><\/tr><tr><td>Pot \u00e0 lait : 14cm \/ 16cm \/ 18cm<\/td><\/tr><tr><td>R\u00e9chaud adapt\u00e9<\/td><td>Cuisini\u00e8re radiante, four halog\u00e8ne, cuisini\u00e8re \u00e0 gaz, cuisini\u00e8re \u00e0 induction<\/td><\/tr><\/tbody><\/table><\/figure>\n\n\n\n<h3 class=\"wp-block-heading\">Options d'ustensiles de cuisine personnalis\u00e9s<\/h3>\n\n\n\n<figure class=\"wp-block-table\"><table class=\"has-fixed-layout\"><tbody><tr><td>Option de personnalisation<\/td><td>D\u00e9tails<\/td><\/tr><tr><td>Logo<\/td><td>Personnalisez le logo de votre marque sur le produit et l'emballage.<\/td><\/tr><tr><td>Mat\u00e9riau<\/td><td>Acier inoxydable Triply \/ Acier inoxydable 304 \/ Acier inoxydable 316<\/td><\/tr><tr><td>Rev\u00eatement<\/td><td>Nid d'abeille Rev\u00eatement physique antiadh\u00e9sif \/ Acier inoxydable (sans rev\u00eatement)<\/td><\/tr><tr><td>Taille<\/td><td>Personnalisez la taille de vos ustensiles de cuisine en fonction de vos besoins.<\/td><\/tr><tr><td>Paquet<\/td><td>Carton \/ Bo\u00eete de couleur<\/td><\/tr><\/tbody><\/table><\/figure>\n\n\n\n<p><a href=\"https:\/\/www.hg-cooker.com\/fr\/custom-solution\/\" data-type=\"page\" data-id=\"2793\" target=\"_blank\" rel=\"noreferrer noopener\"><strong>D\u00e9couvrez plus de d\u00e9tails sur les ustensiles de cuisine personnalis\u00e9s<\/strong><\/a><\/p>\n<\/div>\n<\/div>\n\n\n\n<div class=\"wp-block-columns is-layout-flex wp-container-core-columns-is-layout-9d6595d7 wp-block-columns-is-layout-flex\">\n<div class=\"wp-block-column is-layout-flow wp-block-column-is-layout-flow\">\n<figure class=\"wp-block-image size-full\"><img fetchpriority=\"high\" decoding=\"async\" width=\"790\" height=\"950\" src=\"https:\/\/www.hg-cooker.com\/wp-content\/uploads\/2024\/07\/custom-cookware-detail-1.webp\" alt=\"d\u00e9tail des ustensiles de cuisine personnalis\u00e9s (1)\" class=\"wp-image-4683\" srcset=\"https:\/\/www.hg-cooker.com\/wp-content\/uploads\/2024\/07\/custom-cookware-detail-1.webp 790w, https:\/\/www.hg-cooker.com\/wp-content\/uploads\/2024\/07\/custom-cookware-detail-1-125x150.webp 125w, https:\/\/www.hg-cooker.com\/wp-content\/uploads\/2024\/07\/custom-cookware-detail-1-549x660.webp 549w, https:\/\/www.hg-cooker.com\/wp-content\/uploads\/2024\/07\/custom-cookware-detail-1-249x300.webp 249w, https:\/\/www.hg-cooker.com\/wp-content\/uploads\/2024\/07\/custom-cookware-detail-1-768x924.webp 768w, https:\/\/www.hg-cooker.com\/wp-content\/uploads\/2024\/07\/custom-cookware-detail-1-10x12.webp 10w, https:\/\/www.hg-cooker.com\/wp-content\/uploads\/2024\/07\/custom-cookware-detail-1-285x343.webp 285w\" sizes=\"(max-width: 790px) 100vw, 790px\" \/><\/figure>\n<\/div>\n\n\n\n<div class=\"wp-block-column is-layout-flow wp-block-column-is-layout-flow\">\n<figure class=\"wp-block-image size-full\"><img decoding=\"async\" width=\"790\" height=\"950\" src=\"https:\/\/www.hg-cooker.com\/wp-content\/uploads\/2024\/07\/custom-cookware-detail-2.webp\" alt=\"d\u00e9tail des ustensiles de cuisine personnalis\u00e9s (2)\" class=\"wp-image-4684\" srcset=\"https:\/\/www.hg-cooker.com\/wp-content\/uploads\/2024\/07\/custom-cookware-detail-2.webp 790w, https:\/\/www.hg-cooker.com\/wp-content\/uploads\/2024\/07\/custom-cookware-detail-2-125x150.webp 125w, https:\/\/www.hg-cooker.com\/wp-content\/uploads\/2024\/07\/custom-cookware-detail-2-549x660.webp 549w, https:\/\/www.hg-cooker.com\/wp-content\/uploads\/2024\/07\/custom-cookware-detail-2-249x300.webp 249w, https:\/\/www.hg-cooker.com\/wp-content\/uploads\/2024\/07\/custom-cookware-detail-2-768x924.webp 768w, https:\/\/www.hg-cooker.com\/wp-content\/uploads\/2024\/07\/custom-cookware-detail-2-10x12.webp 10w, https:\/\/www.hg-cooker.com\/wp-content\/uploads\/2024\/07\/custom-cookware-detail-2-285x343.webp 285w\" sizes=\"(max-width: 790px) 100vw, 790px\" \/><\/figure>\n<\/div>\n<\/div>\n\n\n\n<div class=\"wp-block-columns is-layout-flex wp-container-core-columns-is-layout-9d6595d7 wp-block-columns-is-layout-flex\">\n<div class=\"wp-block-column is-layout-flow wp-block-column-is-layout-flow\">\n<figure class=\"wp-block-image size-full\"><img decoding=\"async\" width=\"790\" height=\"790\" src=\"https:\/\/www.hg-cooker.com\/wp-content\/uploads\/2024\/07\/Regular-Stainless-Steel-Cookware-Dimensions-1.webp\" alt=\"Dimensions des ustensiles de cuisine en acier inoxydable (1)\" class=\"wp-image-4685\" srcset=\"https:\/\/www.hg-cooker.com\/wp-content\/uploads\/2024\/07\/Regular-Stainless-Steel-Cookware-Dimensions-1.webp 790w, https:\/\/www.hg-cooker.com\/wp-content\/uploads\/2024\/07\/Regular-Stainless-Steel-Cookware-Dimensions-1-150x150.webp 150w, https:\/\/www.hg-cooker.com\/wp-content\/uploads\/2024\/07\/Regular-Stainless-Steel-Cookware-Dimensions-1-660x660.webp 660w, https:\/\/www.hg-cooker.com\/wp-content\/uploads\/2024\/07\/Regular-Stainless-Steel-Cookware-Dimensions-1-300x300.webp 300w, https:\/\/www.hg-cooker.com\/wp-content\/uploads\/2024\/07\/Regular-Stainless-Steel-Cookware-Dimensions-1-768x768.webp 768w, https:\/\/www.hg-cooker.com\/wp-content\/uploads\/2024\/07\/Regular-Stainless-Steel-Cookware-Dimensions-1-12x12.webp 12w, https:\/\/www.hg-cooker.com\/wp-content\/uploads\/2024\/07\/Regular-Stainless-Steel-Cookware-Dimensions-1-285x285.webp 285w, https:\/\/www.hg-cooker.com\/wp-content\/uploads\/2024\/07\/Regular-Stainless-Steel-Cookware-Dimensions-1-270x270.webp 270w, https:\/\/www.hg-cooker.com\/wp-content\/uploads\/2024\/07\/Regular-Stainless-Steel-Cookware-Dimensions-1-540x540.webp 540w\" sizes=\"(max-width: 790px) 100vw, 790px\" \/><\/figure>\n<\/div>\n\n\n\n<div class=\"wp-block-column is-layout-flow wp-block-column-is-layout-flow\">\n<figure class=\"wp-block-image size-full\"><img loading=\"lazy\" decoding=\"async\" width=\"790\" height=\"790\" src=\"https:\/\/www.hg-cooker.com\/wp-content\/uploads\/2024\/07\/Regular-Stainless-Steel-Cookware-Dimensions-2.webp\" alt=\"Dimensions des ustensiles de cuisine en acier inoxydable (2)\" class=\"wp-image-4686\" srcset=\"https:\/\/www.hg-cooker.com\/wp-content\/uploads\/2024\/07\/Regular-Stainless-Steel-Cookware-Dimensions-2.webp 790w, https:\/\/www.hg-cooker.com\/wp-content\/uploads\/2024\/07\/Regular-Stainless-Steel-Cookware-Dimensions-2-150x150.webp 150w, https:\/\/www.hg-cooker.com\/wp-content\/uploads\/2024\/07\/Regular-Stainless-Steel-Cookware-Dimensions-2-660x660.webp 660w, https:\/\/www.hg-cooker.com\/wp-content\/uploads\/2024\/07\/Regular-Stainless-Steel-Cookware-Dimensions-2-300x300.webp 300w, https:\/\/www.hg-cooker.com\/wp-content\/uploads\/2024\/07\/Regular-Stainless-Steel-Cookware-Dimensions-2-768x768.webp 768w, https:\/\/www.hg-cooker.com\/wp-content\/uploads\/2024\/07\/Regular-Stainless-Steel-Cookware-Dimensions-2-12x12.webp 12w, https:\/\/www.hg-cooker.com\/wp-content\/uploads\/2024\/07\/Regular-Stainless-Steel-Cookware-Dimensions-2-285x285.webp 285w, https:\/\/www.hg-cooker.com\/wp-content\/uploads\/2024\/07\/Regular-Stainless-Steel-Cookware-Dimensions-2-270x270.webp 270w, https:\/\/www.hg-cooker.com\/wp-content\/uploads\/2024\/07\/Regular-Stainless-Steel-Cookware-Dimensions-2-540x540.webp 540w\" sizes=\"(max-width: 790px) 100vw, 790px\" \/><\/figure>\n<\/div>\n<\/div>","protected":false},"excerpt":{"rendered":"<p>Ensemble d'ustensiles de cuisine en acier inoxydable triple personnalisable, comprenant une marmite \u00e0 lait et un faitout, le corps entier de la marmite est en acier inoxydable triple, qui a une meilleure durabilit\u00e9 et une meilleure conductivit\u00e9 thermique que les autres ustensiles de cuisine en acier inoxydable. Cet ensemble r\u00e9pond parfaitement aux besoins des cuisines domestiques et commerciales. Nous prenons en charge la personnalisation OEM et ODM, les options de personnalisation comprennent le mat\u00e9riau, la forme, la taille, l'emballage, etc. de l'ustensile de cuisine.<\/p>\n<h3>Caract\u00e9ristiques de la batterie de cuisine en acier inoxydable Tri Ply<\/h3>\n<div>\n<p><strong>Service personnalis\u00e9 :<\/strong> Nous proposons des services complets de personnalisation des batteries de cuisine OEM et ODM, y compris la personnalisation de la taille, de la forme, du rev\u00eatement et de l'emballage des batteries de cuisine, qui conviennent aux cuisines commerciales et aux fournisseurs de batteries de cuisine de marque qui ont besoin de batteries de cuisine exclusives.<\/p>\n<p><strong>Large application :<\/strong> Les ustensiles de cuisine fabriqu\u00e9s par Hennguang adoptent un fond en acier inoxydable triple, qui convient \u00e0 une vari\u00e9t\u00e9 de cuisini\u00e8res, y compris les cuisini\u00e8res \u00e0 induction, les cuisini\u00e8res \u00e0 gaz, les cuisini\u00e8res \u00e0 rayonnement et les cuisini\u00e8res \u00e0 halog\u00e8ne.<\/p>\n<p><strong>Artisanat haut de gamme :<\/strong> Ces ustensiles de cuisine tripl\u00e9s adoptent une technologie avanc\u00e9e de connexion et de soudage sans soudure, ont une dur\u00e9e de vie plus longue et \u00e9vitent efficacement l'accumulation de r\u00e9sidus alimentaires.<\/p>\n<p><strong>S\u00e9curit\u00e9 et sant\u00e9 :<\/strong> Les surfaces de contact de la batterie de cuisine en acier inoxydable sont en acier inoxydable 304 \u00e9paissi, de qualit\u00e9 alimentaire, qui pr\u00e9sente une bonne r\u00e9sistance \u00e0 la corrosion et est tr\u00e8s s\u00fbr pour le contact avec les aliments, ce qui vous aide \u00e0 cuisiner des aliments sains.<\/p>\n<p><strong>Exportation et soutien au niveau mondial :<\/strong> Notre \u00e9quipe exp\u00e9riment\u00e9e peut garantir la fourniture de solutions d'ustensiles de cuisine adapt\u00e9es et personnalis\u00e9es, ainsi qu'une assistance pour les diff\u00e9rents march\u00e9s.<\/p>\n<\/div>","protected":false},"featured_media":4720,"comment_status":"closed","ping_status":"closed","template":"","meta":[],"product_brand":[],"product_cat":[52],"product_tag":[],"class_list":{"0":"post-4063","1":"product","2":"type-product","3":"status-publish","4":"has-post-thumbnail","6":"product_cat-stainless-steel-cookware","8":"first","9":"instock","10":"shipping-taxable","11":"product-type-simple"},"_links":{"self":[{"href":"https:\/\/www.hg-cooker.com\/fr\/wp-json\/wp\/v2\/product\/4063","targetHints":{"allow":["GET"]}}],"collection":[{"href":"https:\/\/www.hg-cooker.com\/fr\/wp-json\/wp\/v2\/product"}],"about":[{"href":"https:\/\/www.hg-cooker.com\/fr\/wp-json\/wp\/v2\/types\/product"}],"replies":[{"embeddable":true,"href":"https:\/\/www.hg-cooker.com\/fr\/wp-json\/wp\/v2\/comments?post=4063"}],"wp:featuredmedia":[{"embeddable":true,"href":"https:\/\/www.hg-cooker.com\/fr\/wp-json\/wp\/v2\/media\/4720"}],"wp:attachment":[{"href":"https:\/\/www.hg-cooker.com\/fr\/wp-json\/wp\/v2\/media?parent=4063"}],"wp:term":[{"taxonomy":"product_brand","embeddable":true,"href":"https:\/\/www.hg-cooker.com\/fr\/wp-json\/wp\/v2\/product_brand?post=4063"},{"taxonomy":"product_cat","embeddable":true,"href":"https:\/\/www.hg-cooker.com\/fr\/wp-json\/wp\/v2\/product_cat?post=4063"},{"taxonomy":"product_tag","embeddable":true,"href":"https:\/\/www.hg-cooker.com\/fr\/wp-json\/wp\/v2\/product_tag?post=4063"}],"curies":[{"name":"wp","href":"https:\/\/api.w.org\/{rel}","templated":true}]}}