{"id":4045,"date":"2025-09-10T12:52:08","date_gmt":"2025-09-10T12:52:08","guid":{"rendered":"https:\/\/www.hg-cooker.com\/?post_type=product&#038;p=4045"},"modified":"2025-09-13T01:36:14","modified_gmt":"2025-09-13T01:36:14","slug":"pot-a-lait-bouillant-en-acier-inoxydable-wholesale-12","status":"publish","type":"product","link":"https:\/\/www.hg-cooker.com\/fr\/produit\/pot-a-lait-bouillant-en-acier-inoxydable-wholesale-12\/","title":{"rendered":"Vente en gros d'une batterie de cuisine antiadh\u00e9sive pour induction, batterie de cuisine en acier inoxydable \u00e0 trois couches, vente directe \u00e0 l'usine"},"content":{"rendered":"<div class=\"wp-block-columns is-layout-flex wp-container-core-columns-is-layout-9d6595d7 wp-block-columns-is-layout-flex\">\n<div class=\"wp-block-column is-layout-flow wp-block-column-is-layout-flow\">\n<h3 class=\"wp-block-heading\">Param\u00e8tres de la batterie de cuisine antiadh\u00e9sive \u00e0 induction<\/h3>\n\n\n\n<figure class=\"wp-block-table\"><table class=\"has-fixed-layout\"><tbody><tr><td>Nom du produit<\/td><td>Batterie de cuisine antiadh\u00e9sive pour induction<\/td><\/tr><tr><td>Mat\u00e9riau du produit<\/td><td>Acier inoxydable 304 et acier inoxydable composite tripl\u00e9<\/td><\/tr><tr><td>Sp\u00e9cifications des produits<\/td><td>Po\u00eale \u00e0 frire en nid d'abeille : 24cm \/ 26cm ; <br>Pot \u00e0 lait en acier inoxydable : 14cm \/ 16cm \/ 18cm<\/td><\/tr><tr><td>R\u00e9chauds applicables<\/td><td>Cuisini\u00e8re radiante, cuisini\u00e8re halog\u00e8ne, cuisini\u00e8re \u00e0 gaz, cuisini\u00e8re \u00e0 induction<\/td><\/tr><\/tbody><\/table><\/figure>\n\n\n\n<h3 class=\"wp-block-heading\">Options d'ustensiles de cuisine personnalis\u00e9s<\/h3>\n\n\n\n<figure class=\"wp-block-table\"><table class=\"has-fixed-layout\"><tbody><tr><td>Options personnalis\u00e9es<\/td><td>D\u00e9tails<\/td><\/tr><tr><td>Logo<\/td><td>Personnalisez le logo de votre marque sur le produit et l'emballage.<\/td><\/tr><tr><td>Mat\u00e9riau<\/td><td>Acier inoxydable Triply\/304 Acier inoxydable\/316 Acier inoxydable<\/td><\/tr><tr><td>Rev\u00eatement<\/td><td>Rev\u00eatement antiadh\u00e9sif\/Nid d'abeille Physique Rev\u00eatement antiadh\u00e9sif\/Acier inoxydable (sans rev\u00eatement)<\/td><\/tr><tr><td>Taille<\/td><td>Dimensions personnalis\u00e9es des ustensiles de cuisine.<\/td><\/tr><tr><td>Paquet<\/td><td>Carton, bo\u00eete de couleur<\/td><\/tr><\/tbody><\/table><\/figure>\n<\/div>\n<\/div>\n\n\n\n<div class=\"wp-block-columns is-layout-flex wp-container-core-columns-is-layout-9d6595d7 wp-block-columns-is-layout-flex\">\n<div class=\"wp-block-column is-layout-flow wp-block-column-is-layout-flow\">\n<figure class=\"wp-block-image size-full\"><img fetchpriority=\"high\" decoding=\"async\" width=\"790\" height=\"750\" src=\"https:\/\/www.hg-cooker.com\/wp-content\/uploads\/2024\/07\/Parameters-of-the-milk-pot.webp\" alt=\"Param\u00e8tres du pot \u00e0 lait\" class=\"wp-image-4616\" srcset=\"https:\/\/www.hg-cooker.com\/wp-content\/uploads\/2024\/07\/Parameters-of-the-milk-pot.webp 790w, https:\/\/www.hg-cooker.com\/wp-content\/uploads\/2024\/07\/Parameters-of-the-milk-pot-150x142.webp 150w, https:\/\/www.hg-cooker.com\/wp-content\/uploads\/2024\/07\/Parameters-of-the-milk-pot-660x627.webp 660w, https:\/\/www.hg-cooker.com\/wp-content\/uploads\/2024\/07\/Parameters-of-the-milk-pot-300x285.webp 300w, https:\/\/www.hg-cooker.com\/wp-content\/uploads\/2024\/07\/Parameters-of-the-milk-pot-768x729.webp 768w, https:\/\/www.hg-cooker.com\/wp-content\/uploads\/2024\/07\/Parameters-of-the-milk-pot-13x12.webp 13w, https:\/\/www.hg-cooker.com\/wp-content\/uploads\/2024\/07\/Parameters-of-the-milk-pot-285x271.webp 285w\" sizes=\"(max-width: 790px) 100vw, 790px\" \/><\/figure>\n<\/div>\n\n\n\n<div class=\"wp-block-column is-layout-flow wp-block-column-is-layout-flow\">\n<figure class=\"wp-block-image size-full\"><img decoding=\"async\" width=\"790\" height=\"750\" src=\"https:\/\/www.hg-cooker.com\/wp-content\/uploads\/2024\/07\/Parameters-of-the-frying-pan.webp\" alt=\"Param\u00e8tres de la po\u00eale \u00e0 frire\" class=\"wp-image-4615\" srcset=\"https:\/\/www.hg-cooker.com\/wp-content\/uploads\/2024\/07\/Parameters-of-the-frying-pan.webp 790w, https:\/\/www.hg-cooker.com\/wp-content\/uploads\/2024\/07\/Parameters-of-the-frying-pan-150x142.webp 150w, https:\/\/www.hg-cooker.com\/wp-content\/uploads\/2024\/07\/Parameters-of-the-frying-pan-660x627.webp 660w, https:\/\/www.hg-cooker.com\/wp-content\/uploads\/2024\/07\/Parameters-of-the-frying-pan-300x285.webp 300w, https:\/\/www.hg-cooker.com\/wp-content\/uploads\/2024\/07\/Parameters-of-the-frying-pan-768x729.webp 768w, https:\/\/www.hg-cooker.com\/wp-content\/uploads\/2024\/07\/Parameters-of-the-frying-pan-13x12.webp 13w, https:\/\/www.hg-cooker.com\/wp-content\/uploads\/2024\/07\/Parameters-of-the-frying-pan-285x271.webp 285w\" sizes=\"(max-width: 790px) 100vw, 790px\" \/><\/figure>\n<\/div>\n<\/div>\n\n\n\n<div class=\"wp-block-columns is-layout-flex wp-container-core-columns-is-layout-9d6595d7 wp-block-columns-is-layout-flex\">\n<div class=\"wp-block-column is-layout-flow wp-block-column-is-layout-flow\">\n<figure class=\"wp-block-image size-full\"><img decoding=\"async\" width=\"790\" height=\"1234\" src=\"https:\/\/www.hg-cooker.com\/wp-content\/uploads\/2024\/07\/Induction-Cookware-Set-Detail-1.webp\" alt=\"Batterie de cuisine \u00e0 induction D\u00e9tail (1)\" class=\"wp-image-4613\" srcset=\"https:\/\/www.hg-cooker.com\/wp-content\/uploads\/2024\/07\/Induction-Cookware-Set-Detail-1.webp 790w, https:\/\/www.hg-cooker.com\/wp-content\/uploads\/2024\/07\/Induction-Cookware-Set-Detail-1-96x150.webp 96w, https:\/\/www.hg-cooker.com\/wp-content\/uploads\/2024\/07\/Induction-Cookware-Set-Detail-1-423x660.webp 423w, https:\/\/www.hg-cooker.com\/wp-content\/uploads\/2024\/07\/Induction-Cookware-Set-Detail-1-192x300.webp 192w, https:\/\/www.hg-cooker.com\/wp-content\/uploads\/2024\/07\/Induction-Cookware-Set-Detail-1-768x1200.webp 768w, https:\/\/www.hg-cooker.com\/wp-content\/uploads\/2024\/07\/Induction-Cookware-Set-Detail-1-8x12.webp 8w, https:\/\/www.hg-cooker.com\/wp-content\/uploads\/2024\/07\/Induction-Cookware-Set-Detail-1-285x445.webp 285w\" sizes=\"(max-width: 790px) 100vw, 790px\" \/><\/figure>\n<\/div>\n\n\n\n<div class=\"wp-block-column is-layout-flow wp-block-column-is-layout-flow\">\n<figure class=\"wp-block-image size-full\"><img loading=\"lazy\" decoding=\"async\" width=\"790\" height=\"1234\" src=\"https:\/\/www.hg-cooker.com\/wp-content\/uploads\/2024\/07\/Induction-Cookware-Set-Detail-2.webp\" alt=\"Batterie de cuisine \u00e0 induction D\u00e9tail (2)\" class=\"wp-image-4614\" srcset=\"https:\/\/www.hg-cooker.com\/wp-content\/uploads\/2024\/07\/Induction-Cookware-Set-Detail-2.webp 790w, https:\/\/www.hg-cooker.com\/wp-content\/uploads\/2024\/07\/Induction-Cookware-Set-Detail-2-96x150.webp 96w, https:\/\/www.hg-cooker.com\/wp-content\/uploads\/2024\/07\/Induction-Cookware-Set-Detail-2-423x660.webp 423w, https:\/\/www.hg-cooker.com\/wp-content\/uploads\/2024\/07\/Induction-Cookware-Set-Detail-2-192x300.webp 192w, https:\/\/www.hg-cooker.com\/wp-content\/uploads\/2024\/07\/Induction-Cookware-Set-Detail-2-768x1200.webp 768w, https:\/\/www.hg-cooker.com\/wp-content\/uploads\/2024\/07\/Induction-Cookware-Set-Detail-2-8x12.webp 8w, https:\/\/www.hg-cooker.com\/wp-content\/uploads\/2024\/07\/Induction-Cookware-Set-Detail-2-285x445.webp 285w\" sizes=\"(max-width: 790px) 100vw, 790px\" \/><\/figure>\n<\/div>\n<\/div>\n\n\n\n<p><\/p>","protected":false},"excerpt":{"rendered":"<p>Wholesale Non-Stick Induction Cookware Set, cette batterie de cuisine est fabriqu\u00e9e en triple acier inoxydable et permet de cuisiner avec des cuisini\u00e8res \u00e0 induction. Cette batterie de cuisine comprend une casserole \u00e0 lait et une po\u00eale \u00e0 frire, qui peuvent vous aider \u00e0 r\u00e9aliser diverses t\u00e2ches culinaires, telles que la pr\u00e9paration de soupes, de saut\u00e9s, de sauces, etc. Nous fournissons diff\u00e9rents styles d'ustensiles de cuisine que vous pouvez combiner. Nous invitons les grossistes et les distributeurs \u00e0 nous contacter.<\/p>\n<h3>Caract\u00e9ristiques et avantages de la batterie de cuisine antiadh\u00e9sive \u00e0 induction<\/h3>\n<div>\n<p><strong>Bonne durabilit\u00e9 :<\/strong> La batterie de cuisine est fabriqu\u00e9e en acier inoxydable triple de haute qualit\u00e9, qui peut conserver sa brillance et ses performances pendant longtemps. Elle convient aux cuisines domestiques et commerciales fr\u00e9quemment utilis\u00e9es.<\/p>\n<p><strong>Design \u00e9l\u00e9gant :<\/strong> Cette batterie de cuisine adopte un design simple et \u00e9l\u00e9gant, qui s'int\u00e8gre parfaitement \u00e0 tous les styles de cuisine et \u00e0 toutes les d\u00e9corations, am\u00e9liorant ainsi la beaut\u00e9 g\u00e9n\u00e9rale de la cuisine.<\/p>\n<p><strong>Conception pratique :<\/strong> Il est dot\u00e9 d'une poign\u00e9e sp\u00e9cialement con\u00e7ue pour r\u00e9sister \u00e0 la chaleur afin d'\u00e9viter les br\u00fblures de la main. Cet ustensile de cuisine pr\u00e9sente un excellent \u00e9quilibre de poids, une prise en main confortable, une l\u00e9g\u00e8ret\u00e9 et une facilit\u00e9 d'utilisation.<\/p>\n<p><strong>Options de rev\u00eatement :<\/strong> Nous proposons deux options de rev\u00eatement antiadh\u00e9sif en nid d'abeille et d'absence de rev\u00eatement pour r\u00e9pondre aux besoins des diff\u00e9rents utilisateurs.<\/p>\n<p><strong>Service OEM&amp;ODM :<\/strong> Nous proposons des solutions compl\u00e8tes de vente en gros et de personnalisation d'ustensiles de cuisine, y compris des mat\u00e9riaux, des sp\u00e9cifications, une conception fonctionnelle et des solutions d'emballage personnalis\u00e9es.<br \/><a href=\"https:\/\/www.hg-cooker.com\/fr\/custom-sulution\/\" target=\"_blank\" rel=\"noopener\"><strong>En savoir plus sur les d\u00e9tails des ustensiles de cuisine personnalis\u00e9s<\/strong><\/a><\/p>\n<\/div>","protected":false},"featured_media":4617,"comment_status":"open","ping_status":"closed","template":"","meta":[],"product_brand":[],"product_cat":[52],"product_tag":[],"class_list":{"0":"post-4045","1":"product","2":"type-product","3":"status-publish","4":"has-post-thumbnail","6":"product_cat-stainless-steel-cookware","8":"first","9":"instock","10":"shipping-taxable","11":"product-type-simple"},"_links":{"self":[{"href":"https:\/\/www.hg-cooker.com\/fr\/wp-json\/wp\/v2\/product\/4045","targetHints":{"allow":["GET"]}}],"collection":[{"href":"https:\/\/www.hg-cooker.com\/fr\/wp-json\/wp\/v2\/product"}],"about":[{"href":"https:\/\/www.hg-cooker.com\/fr\/wp-json\/wp\/v2\/types\/product"}],"replies":[{"embeddable":true,"href":"https:\/\/www.hg-cooker.com\/fr\/wp-json\/wp\/v2\/comments?post=4045"}],"wp:featuredmedia":[{"embeddable":true,"href":"https:\/\/www.hg-cooker.com\/fr\/wp-json\/wp\/v2\/media\/4617"}],"wp:attachment":[{"href":"https:\/\/www.hg-cooker.com\/fr\/wp-json\/wp\/v2\/media?parent=4045"}],"wp:term":[{"taxonomy":"product_brand","embeddable":true,"href":"https:\/\/www.hg-cooker.com\/fr\/wp-json\/wp\/v2\/product_brand?post=4045"},{"taxonomy":"product_cat","embeddable":true,"href":"https:\/\/www.hg-cooker.com\/fr\/wp-json\/wp\/v2\/product_cat?post=4045"},{"taxonomy":"product_tag","embeddable":true,"href":"https:\/\/www.hg-cooker.com\/fr\/wp-json\/wp\/v2\/product_tag?post=4045"}],"curies":[{"name":"wp","href":"https:\/\/api.w.org\/{rel}","templated":true}]}}