{"id":4032,"date":"2025-09-11T10:48:55","date_gmt":"2025-09-11T10:48:55","guid":{"rendered":"https:\/\/www.hg-cooker.com\/?post_type=product&#038;p=4032"},"modified":"2025-09-13T01:59:43","modified_gmt":"2025-09-13T01:59:43","slug":"pot-a-lait-bouillant-en-acier-inoxydable-wholesale-11","status":"publish","type":"product","link":"https:\/\/www.hg-cooker.com\/fr\/produit\/pot-a-lait-bouillant-en-acier-inoxydable-wholesale-11\/","title":{"rendered":"Wholesale 2-piece Cookware Set\uff0cHigh Quality Commercial Kitchen Cookware - Hengguang Cookware Manufacturers"},"content":{"rendered":"<div class=\"wp-block-columns is-layout-flex wp-container-core-columns-is-layout-9d6595d7 wp-block-columns-is-layout-flex\">\n<div class=\"wp-block-column is-layout-flow wp-block-column-is-layout-flow\">\n<h3 class=\"wp-block-heading\">Param\u00e8tres de la batterie de cuisine 2 pi\u00e8ces<\/h3>\n\n\n\n<figure class=\"wp-block-table\"><table class=\"has-fixed-layout\"><tbody><tr><td>Nom du produit<\/td><td>Batterie de cuisine 2 pi\u00e8ces<\/td><\/tr><tr><td>Mat\u00e9riau du produit<\/td><td>Acier inoxydable 304 et acier inoxydable composite \u00e0 trois couches<\/td><\/tr><tr><td rowspan=\"2\">Sp\u00e9cifications des produits<\/td><td>Wok en nid d'abeille : 32cm<\/td><\/tr><tr><td>Pot \u00e0 lait en acier inoxydable : 14cm \/ 16cm \/ 18cm<\/td><\/tr><tr><td>R\u00e9chaud adapt\u00e9<\/td><td>Cuisini\u00e8re radiante, four halog\u00e8ne, cuisini\u00e8re \u00e0 gaz, cuisini\u00e8re \u00e0 induction<\/td><\/tr><\/tbody><\/table><\/figure>\n\n\n\n<h2 class=\"wp-block-heading\">Options d'ustensiles de cuisine personnalis\u00e9s<\/h2>\n\n\n\n<p><strong>Logo<\/strong>: Personnalisez le logo de votre marque sur le produit et l'emballage.<br><br><strong>Mat\u00e9riau<\/strong>: Acier inoxydable Triply \/ Acier inoxydable 304 \/ Acier inoxydable 316<br><br><strong>Rev\u00eatement<\/strong>: Rev\u00eatement physique antiadh\u00e9sif en nid d'abeille \/ Acier inoxydable (sans rev\u00eatement)<br><br><strong>Taille<\/strong>: Personnaliser la taille des ustensiles de cuisine<br><br><strong>Paquet<\/strong>:carton\/bo\u00eete de couleur.<\/p>\n\n\n\n<p><a href=\"https:\/\/www.hg-cooker.com\/fr\/custom-solution\/\" data-type=\"page\" data-id=\"2793\" target=\"_blank\" rel=\"noreferrer noopener\">D\u00e9couvrez plus de d\u00e9tails sur les ustensiles de cuisine personnalis\u00e9s<\/a><\/p>\n<\/div>\n<\/div>\n\n\n\n<div class=\"wp-block-columns is-layout-flex wp-container-core-columns-is-layout-9d6595d7 wp-block-columns-is-layout-flex\">\n<div class=\"wp-block-column is-layout-flow wp-block-column-is-layout-flow\">\n<figure class=\"wp-block-image size-full\"><img fetchpriority=\"high\" decoding=\"async\" width=\"790\" height=\"1298\" src=\"https:\/\/www.hg-cooker.com\/wp-content\/uploads\/2024\/07\/2-piece-cookware-Set-Detail-1.webp\" alt=\"Batterie de cuisine 2 pi\u00e8ces D\u00e9tail (1)\" class=\"wp-image-4693\" srcset=\"https:\/\/www.hg-cooker.com\/wp-content\/uploads\/2024\/07\/2-piece-cookware-Set-Detail-1.webp 790w, https:\/\/www.hg-cooker.com\/wp-content\/uploads\/2024\/07\/2-piece-cookware-Set-Detail-1-91x150.webp 91w, https:\/\/www.hg-cooker.com\/wp-content\/uploads\/2024\/07\/2-piece-cookware-Set-Detail-1-402x660.webp 402w, https:\/\/www.hg-cooker.com\/wp-content\/uploads\/2024\/07\/2-piece-cookware-Set-Detail-1-183x300.webp 183w, https:\/\/www.hg-cooker.com\/wp-content\/uploads\/2024\/07\/2-piece-cookware-Set-Detail-1-768x1262.webp 768w, https:\/\/www.hg-cooker.com\/wp-content\/uploads\/2024\/07\/2-piece-cookware-Set-Detail-1-7x12.webp 7w, https:\/\/www.hg-cooker.com\/wp-content\/uploads\/2024\/07\/2-piece-cookware-Set-Detail-1-285x468.webp 285w\" sizes=\"(max-width: 790px) 100vw, 790px\" \/><\/figure>\n<\/div>\n\n\n\n<div class=\"wp-block-column is-layout-flow wp-block-column-is-layout-flow\">\n<figure class=\"wp-block-image size-full\"><img decoding=\"async\" width=\"790\" height=\"1300\" src=\"https:\/\/www.hg-cooker.com\/wp-content\/uploads\/2024\/07\/2-piece-cookware-Set-Detail-2.webp\" alt=\"Batterie de cuisine 2 pi\u00e8ces D\u00e9tail (2)\" class=\"wp-image-4694\" srcset=\"https:\/\/www.hg-cooker.com\/wp-content\/uploads\/2024\/07\/2-piece-cookware-Set-Detail-2.webp 790w, https:\/\/www.hg-cooker.com\/wp-content\/uploads\/2024\/07\/2-piece-cookware-Set-Detail-2-91x150.webp 91w, https:\/\/www.hg-cooker.com\/wp-content\/uploads\/2024\/07\/2-piece-cookware-Set-Detail-2-401x660.webp 401w, https:\/\/www.hg-cooker.com\/wp-content\/uploads\/2024\/07\/2-piece-cookware-Set-Detail-2-182x300.webp 182w, https:\/\/www.hg-cooker.com\/wp-content\/uploads\/2024\/07\/2-piece-cookware-Set-Detail-2-768x1264.webp 768w, https:\/\/www.hg-cooker.com\/wp-content\/uploads\/2024\/07\/2-piece-cookware-Set-Detail-2-7x12.webp 7w, https:\/\/www.hg-cooker.com\/wp-content\/uploads\/2024\/07\/2-piece-cookware-Set-Detail-2-285x469.webp 285w\" sizes=\"(max-width: 790px) 100vw, 790px\" \/><\/figure>\n<\/div>\n<\/div>\n\n\n\n<div class=\"wp-block-columns is-layout-flex wp-container-core-columns-is-layout-9d6595d7 wp-block-columns-is-layout-flex\">\n<div class=\"wp-block-column is-layout-flow wp-block-column-is-layout-flow\">\n<figure class=\"wp-block-image size-full\"><img decoding=\"async\" width=\"790\" height=\"750\" src=\"https:\/\/www.hg-cooker.com\/wp-content\/uploads\/2024\/07\/2-piece-cookware-Set-Sizes-1.webp\" alt=\"Batterie de cuisine 2 pi\u00e8ces Tailles (1)\" class=\"wp-image-4695\" srcset=\"https:\/\/www.hg-cooker.com\/wp-content\/uploads\/2024\/07\/2-piece-cookware-Set-Sizes-1.webp 790w, https:\/\/www.hg-cooker.com\/wp-content\/uploads\/2024\/07\/2-piece-cookware-Set-Sizes-1-150x142.webp 150w, https:\/\/www.hg-cooker.com\/wp-content\/uploads\/2024\/07\/2-piece-cookware-Set-Sizes-1-660x627.webp 660w, https:\/\/www.hg-cooker.com\/wp-content\/uploads\/2024\/07\/2-piece-cookware-Set-Sizes-1-300x285.webp 300w, https:\/\/www.hg-cooker.com\/wp-content\/uploads\/2024\/07\/2-piece-cookware-Set-Sizes-1-768x729.webp 768w, https:\/\/www.hg-cooker.com\/wp-content\/uploads\/2024\/07\/2-piece-cookware-Set-Sizes-1-13x12.webp 13w, https:\/\/www.hg-cooker.com\/wp-content\/uploads\/2024\/07\/2-piece-cookware-Set-Sizes-1-285x271.webp 285w\" sizes=\"(max-width: 790px) 100vw, 790px\" \/><\/figure>\n<\/div>\n\n\n\n<div class=\"wp-block-column is-layout-flow wp-block-column-is-layout-flow\">\n<figure class=\"wp-block-image size-full\"><img loading=\"lazy\" decoding=\"async\" width=\"790\" height=\"750\" src=\"https:\/\/www.hg-cooker.com\/wp-content\/uploads\/2024\/07\/2-piece-cookware-Set-Sizes-2.webp\" alt=\"Batterie de cuisine 2 pi\u00e8ces Tailles (2)\" class=\"wp-image-4696\" srcset=\"https:\/\/www.hg-cooker.com\/wp-content\/uploads\/2024\/07\/2-piece-cookware-Set-Sizes-2.webp 790w, https:\/\/www.hg-cooker.com\/wp-content\/uploads\/2024\/07\/2-piece-cookware-Set-Sizes-2-150x142.webp 150w, https:\/\/www.hg-cooker.com\/wp-content\/uploads\/2024\/07\/2-piece-cookware-Set-Sizes-2-660x627.webp 660w, https:\/\/www.hg-cooker.com\/wp-content\/uploads\/2024\/07\/2-piece-cookware-Set-Sizes-2-300x285.webp 300w, https:\/\/www.hg-cooker.com\/wp-content\/uploads\/2024\/07\/2-piece-cookware-Set-Sizes-2-768x729.webp 768w, https:\/\/www.hg-cooker.com\/wp-content\/uploads\/2024\/07\/2-piece-cookware-Set-Sizes-2-13x12.webp 13w, https:\/\/www.hg-cooker.com\/wp-content\/uploads\/2024\/07\/2-piece-cookware-Set-Sizes-2-285x271.webp 285w\" sizes=\"(max-width: 790px) 100vw, 790px\" \/><\/figure>\n<\/div>\n<\/div>\n\n\n\n<p><\/p>","protected":false},"excerpt":{"rendered":"<p>Cette batterie de cuisine est fabriqu\u00e9e en acier inoxydable \u00e0 trois couches, avec une bonne conductivit\u00e9 thermique et une longue dur\u00e9e de vie, compatible avec les cuisini\u00e8res \u00e0 induction et les cuisini\u00e8res \u00e0 gaz, convenant \u00e0 la maison et \u00e0 la cuisine commerciale. Nous fournissons des services d'ustensiles de cuisine en gros et des solutions d'ustensiles de cuisine personnalis\u00e9s, n'h\u00e9sitez pas \u00e0 nous contacter.<\/p>\n<h3>Caract\u00e9ristiques de la batterie de cuisine 2 pi\u00e8ces<\/h3>\n<div>\n<p><strong>R\u00e9sistance \u00e0 la cuisson \u00e0 haute temp\u00e9rature :<\/strong> Cette batterie de cuisine 2 pi\u00e8ces r\u00e9siste \u00e0 la cuisson \u00e0 haute temp\u00e9rature et ne se d\u00e9forme pas facilement. Elle peut \u00eatre utilis\u00e9e pour des t\u00e2ches culinaires telles que sauter, faire bouillir de la soupe, frire, etc. C'est un choix id\u00e9al pour les cuisines commerciales et les chefs.<\/p>\n<p><strong>Poign\u00e9e longue :<\/strong> La batterie de cuisine 2 pi\u00e8ces est \u00e9quip\u00e9e d'une longue poign\u00e9e confortable. Elle peut r\u00e9duire efficacement le risque de br\u00fblure et convient aux cuisines commerciales \u00e0 usage fr\u00e9quent.<\/p>\n<p><strong>Mat\u00e9riaux de haute qualit\u00e9 :<\/strong> Le corps de la casserole est constitu\u00e9 de mat\u00e9riaux lourds avec une tr\u00e8s bonne texture, ce qui am\u00e9liore efficacement la stabilit\u00e9 et la durabilit\u00e9 de l'ustensile de cuisine.<\/p>\n<p><strong>Service de vente en gros :<\/strong> Nous fournissons des articles de cuisine en gros \u00e0 des prix d'usine, ce qui permet de r\u00e9pondre aux besoins d'achat en gros et aux commandes de petits lots.<\/p>\n<p><strong>Services OEM et ODM :<\/strong> Nous proposons des services de fabrication d'ustensiles de cuisine personnalis\u00e9s OEM et ODM pour r\u00e9pondre aux besoins de personnalisation des h\u00f4tels, des restaurants et des grossistes, et nous personnalisons en fonction des besoins de votre marque pour cr\u00e9er des ustensiles de cuisine de marque exclusive.<\/p>\n<\/div>","protected":false},"featured_media":4697,"comment_status":"closed","ping_status":"closed","template":"","meta":[],"product_brand":[],"product_cat":[52],"product_tag":[],"class_list":{"0":"post-4032","1":"product","2":"type-product","3":"status-publish","4":"has-post-thumbnail","6":"product_cat-stainless-steel-cookware","8":"first","9":"instock","10":"shipping-taxable","11":"product-type-simple"},"_links":{"self":[{"href":"https:\/\/www.hg-cooker.com\/fr\/wp-json\/wp\/v2\/product\/4032","targetHints":{"allow":["GET"]}}],"collection":[{"href":"https:\/\/www.hg-cooker.com\/fr\/wp-json\/wp\/v2\/product"}],"about":[{"href":"https:\/\/www.hg-cooker.com\/fr\/wp-json\/wp\/v2\/types\/product"}],"replies":[{"embeddable":true,"href":"https:\/\/www.hg-cooker.com\/fr\/wp-json\/wp\/v2\/comments?post=4032"}],"wp:featuredmedia":[{"embeddable":true,"href":"https:\/\/www.hg-cooker.com\/fr\/wp-json\/wp\/v2\/media\/4697"}],"wp:attachment":[{"href":"https:\/\/www.hg-cooker.com\/fr\/wp-json\/wp\/v2\/media?parent=4032"}],"wp:term":[{"taxonomy":"product_brand","embeddable":true,"href":"https:\/\/www.hg-cooker.com\/fr\/wp-json\/wp\/v2\/product_brand?post=4032"},{"taxonomy":"product_cat","embeddable":true,"href":"https:\/\/www.hg-cooker.com\/fr\/wp-json\/wp\/v2\/product_cat?post=4032"},{"taxonomy":"product_tag","embeddable":true,"href":"https:\/\/www.hg-cooker.com\/fr\/wp-json\/wp\/v2\/product_tag?post=4032"}],"curies":[{"name":"wp","href":"https:\/\/api.w.org\/{rel}","templated":true}]}}