{"id":3994,"date":"2025-08-20T08:09:37","date_gmt":"2025-08-20T08:09:37","guid":{"rendered":"https:\/\/www.hg-cooker.com\/?post_type=product&#038;p=3994"},"modified":"2025-11-13T02:20:31","modified_gmt":"2025-11-13T02:20:31","slug":"pot-a-lait-bouillant-en-acier-inoxydable-wholesale-10","status":"publish","type":"product","link":"https:\/\/www.hg-cooker.com\/fr\/produit\/pot-a-lait-bouillant-en-acier-inoxydable-wholesale-10\/","title":{"rendered":"Wholesale Stainless Steel 3 Litre Pressure Cooker - Hengguang Pressure Cooker Manufacturer"},"content":{"rendered":"<div class=\"wp-block-columns is-layout-flex wp-container-core-columns-is-layout-9d6595d7 wp-block-columns-is-layout-flex\">\n<div class=\"wp-block-column is-layout-flow wp-block-column-is-layout-flow\">\n<h2 class=\"wp-block-heading\">Param\u00e8tres de l'autocuiseur en acier inoxydable de 3 litres<\/h2>\n\n\n\n<figure class=\"wp-block-table\"><table class=\"has-fixed-layout\"><tbody><tr><td>Nom du produit<\/td><td>Mat\u00e9riau<\/td><td>Style<\/td><td>Capacit\u00e9<\/td><td>R\u00e9chaud adapt\u00e9<\/td><\/tr><tr><td>Petite cocotte-minute<\/td><td>Acier inoxydable 304# (couvercle) + Acier inoxydable Tri-Ply (corps de la marmite)<\/td><td>Paroi int\u00e9rieure en acier inoxydable \/ Paroi int\u00e9rieure antiadh\u00e9sive<\/td><td>2.5L \/ 3.0L \/ 3.5L \/ 4.0L<\/td><td>Cuisini\u00e8re \u00e0 gaz \/ flamme nue \/ cuisini\u00e8re \u00e0 induction<\/td><\/tr><\/tbody><\/table><\/figure>\n\n\n\n<h3 class=\"wp-block-heading\">Options de mini-cuiseur \u00e0 pression personnalis\u00e9es<\/h3>\n\n\n\n<p><strong>Logo :<\/strong> Personnalisez le logo de votre marque sur les produits et les emballages.<br><br><strong>Rev\u00eatement :<\/strong> Rev\u00eatement antiadh\u00e9sif \/ Acier inoxydable <br><br><strong>Taille : <\/strong>Personnalisez diff\u00e9rentes tailles d'autocuiseurs en fonction de vos besoins.<br><br><strong>Emballage : <\/strong>carton\/bo\u00eete de couleur.<br><br><a href=\"https:\/\/www.hg-cooker.com\/fr\/custom-solution\/\" data-type=\"page\" data-id=\"2793\" target=\"_blank\" rel=\"noreferrer noopener\"><strong>En savoir plus sur les solutions personnalis\u00e9es en mati\u00e8re d'autocuiseurs.<\/strong><\/a><br><\/p>\n<\/div>\n<\/div>\n\n\n\n<div class=\"wp-block-columns is-layout-flex wp-container-core-columns-is-layout-9d6595d7 wp-block-columns-is-layout-flex\">\n<div class=\"wp-block-column is-layout-flow wp-block-column-is-layout-flow\">\n<figure class=\"wp-block-image size-full\"><img fetchpriority=\"high\" decoding=\"async\" width=\"790\" height=\"1007\" src=\"https:\/\/www.hg-cooker.com\/wp-content\/uploads\/2024\/07\/Stainless-Steel-Pressure-Cooker-Details-5.jpg\" alt=\"D\u00e9tails de l&#039;autocuiseur en acier inoxydable (5)\" class=\"wp-image-4854\" srcset=\"https:\/\/www.hg-cooker.com\/wp-content\/uploads\/2024\/07\/Stainless-Steel-Pressure-Cooker-Details-5.jpg 790w, https:\/\/www.hg-cooker.com\/wp-content\/uploads\/2024\/07\/Stainless-Steel-Pressure-Cooker-Details-5-118x150.jpg 118w, https:\/\/www.hg-cooker.com\/wp-content\/uploads\/2024\/07\/Stainless-Steel-Pressure-Cooker-Details-5-518x660.jpg 518w, https:\/\/www.hg-cooker.com\/wp-content\/uploads\/2024\/07\/Stainless-Steel-Pressure-Cooker-Details-5-235x300.jpg 235w, https:\/\/www.hg-cooker.com\/wp-content\/uploads\/2024\/07\/Stainless-Steel-Pressure-Cooker-Details-5-768x979.jpg 768w, https:\/\/www.hg-cooker.com\/wp-content\/uploads\/2024\/07\/Stainless-Steel-Pressure-Cooker-Details-5-9x12.jpg 9w, https:\/\/www.hg-cooker.com\/wp-content\/uploads\/2024\/07\/Stainless-Steel-Pressure-Cooker-Details-5-285x363.jpg 285w\" sizes=\"(max-width: 790px) 100vw, 790px\" \/><\/figure>\n<\/div>\n\n\n\n<div class=\"wp-block-column is-layout-flow wp-block-column-is-layout-flow\">\n<figure class=\"wp-block-image size-full\"><img decoding=\"async\" width=\"790\" height=\"1007\" src=\"https:\/\/www.hg-cooker.com\/wp-content\/uploads\/2024\/07\/Stainless-Steel-Pressure-Cooker-Details-6.jpg\" alt=\"D\u00e9tails de l&#039;autocuiseur en acier inoxydable (6)\" class=\"wp-image-4855\" srcset=\"https:\/\/www.hg-cooker.com\/wp-content\/uploads\/2024\/07\/Stainless-Steel-Pressure-Cooker-Details-6.jpg 790w, https:\/\/www.hg-cooker.com\/wp-content\/uploads\/2024\/07\/Stainless-Steel-Pressure-Cooker-Details-6-118x150.jpg 118w, https:\/\/www.hg-cooker.com\/wp-content\/uploads\/2024\/07\/Stainless-Steel-Pressure-Cooker-Details-6-518x660.jpg 518w, https:\/\/www.hg-cooker.com\/wp-content\/uploads\/2024\/07\/Stainless-Steel-Pressure-Cooker-Details-6-235x300.jpg 235w, https:\/\/www.hg-cooker.com\/wp-content\/uploads\/2024\/07\/Stainless-Steel-Pressure-Cooker-Details-6-768x979.jpg 768w, https:\/\/www.hg-cooker.com\/wp-content\/uploads\/2024\/07\/Stainless-Steel-Pressure-Cooker-Details-6-9x12.jpg 9w, https:\/\/www.hg-cooker.com\/wp-content\/uploads\/2024\/07\/Stainless-Steel-Pressure-Cooker-Details-6-285x363.jpg 285w\" sizes=\"(max-width: 790px) 100vw, 790px\" \/><\/figure>\n<\/div>\n<\/div>","protected":false},"excerpt":{"rendered":"<p>La vente en gros d'autocuiseurs en acier inoxydable de 3 litres convient \u00e0 une vari\u00e9t\u00e9 de cuisini\u00e8res, pour r\u00e9pondre aux besoins des cuisines domestiques et commerciales. Cet autocuiseur en acier inoxydable est facile \u00e0 transporter et peut \u00eatre utilis\u00e9 pour la cuisine en plein air, pour les voyages, le camping et d'autres sc\u00e9narios. Nous prenons en charge les demandes OEM et ODM. Contactez-nous pour un devis.<\/p>\n<h2>Caract\u00e9ristiques et avantages de l'autocuiseur 3 litres en acier inoxydable<\/h2>\n<div>\n<p><strong>Convient \u00e0 plusieurs po\u00eales :<\/strong> Le corps de cet autocuiseur de 3 litres en acier inoxydable est compos\u00e9 de trois couches d'acier inoxydable. Il convient aux cuisini\u00e8res \u00e0 gaz et aux cuisini\u00e8res \u00e0 induction, et il est recommand\u00e9 d'utiliser une cuisini\u00e8re \u00e0 induction d'une puissance de 1000w-1500w.<\/p>\n<p><strong>Facile \u00e0 utiliser :<\/strong> Cet autocuiseur de 3 litres en acier inoxydable est \u00e9quip\u00e9 d'un interrupteur \u00e0 bouton, qui est facile \u00e0 utiliser, m\u00eame par les novices en cuisine.<\/p>\n<p><strong>Dispositifs de protection multiples :<\/strong> Nos autocuiseurs en gros sont dot\u00e9s de dispositifs de s\u00e9curit\u00e9 tels que la soupape de limitation de pression, la soupape de s\u00e9curit\u00e9, la soupape d'alarme, la fen\u00eatre d'\u00e9chappement, etc.<\/p>\n<p><strong>Deux styles :<\/strong> Cet autocuiseur en acier inoxydable offre deux options : une paroi int\u00e9rieure sans rev\u00eatement et une paroi int\u00e9rieure avec nano-rev\u00eatement en c\u00e9ramique de qualit\u00e9 alimentaire. Le nano-rev\u00eatement en c\u00e9ramique de qualit\u00e9 alimentaire a un bon effet antiadh\u00e9sif.<\/p>\n<p><strong>Plusieurs options de capacit\u00e9 :<\/strong> L'autocuiseur en acier inoxydable de 3 litres, le plus populaire, convient aux particuliers et aux familles de 2 \u00e0 4 personnes. Nous proposons \u00e9galement des autocuiseurs de 2,5 litres, 3,5 litres et 4 litres.<\/p>\n<\/div>","protected":false},"featured_media":4856,"comment_status":"closed","ping_status":"closed","template":"","meta":[],"product_brand":[],"product_cat":[54],"product_tag":[],"class_list":{"0":"post-3994","1":"product","2":"type-product","3":"status-publish","4":"has-post-thumbnail","6":"product_cat-pressure-cooker","8":"first","9":"instock","10":"shipping-taxable","11":"product-type-simple"},"_links":{"self":[{"href":"https:\/\/www.hg-cooker.com\/fr\/wp-json\/wp\/v2\/product\/3994","targetHints":{"allow":["GET"]}}],"collection":[{"href":"https:\/\/www.hg-cooker.com\/fr\/wp-json\/wp\/v2\/product"}],"about":[{"href":"https:\/\/www.hg-cooker.com\/fr\/wp-json\/wp\/v2\/types\/product"}],"replies":[{"embeddable":true,"href":"https:\/\/www.hg-cooker.com\/fr\/wp-json\/wp\/v2\/comments?post=3994"}],"wp:featuredmedia":[{"embeddable":true,"href":"https:\/\/www.hg-cooker.com\/fr\/wp-json\/wp\/v2\/media\/4856"}],"wp:attachment":[{"href":"https:\/\/www.hg-cooker.com\/fr\/wp-json\/wp\/v2\/media?parent=3994"}],"wp:term":[{"taxonomy":"product_brand","embeddable":true,"href":"https:\/\/www.hg-cooker.com\/fr\/wp-json\/wp\/v2\/product_brand?post=3994"},{"taxonomy":"product_cat","embeddable":true,"href":"https:\/\/www.hg-cooker.com\/fr\/wp-json\/wp\/v2\/product_cat?post=3994"},{"taxonomy":"product_tag","embeddable":true,"href":"https:\/\/www.hg-cooker.com\/fr\/wp-json\/wp\/v2\/product_tag?post=3994"}],"curies":[{"name":"wp","href":"https:\/\/api.w.org\/{rel}","templated":true}]}}