{"id":3993,"date":"2025-09-05T07:59:03","date_gmt":"2025-09-05T07:59:03","guid":{"rendered":"https:\/\/www.hg-cooker.com\/?post_type=product&#038;p=3993"},"modified":"2025-09-13T01:56:39","modified_gmt":"2025-09-13T01:56:39","slug":"pot-a-lait-bouillant-en-acier-inoxydable-wholesale-9","status":"publish","type":"product","link":"https:\/\/www.hg-cooker.com\/fr\/produit\/pot-a-lait-bouillant-en-acier-inoxydable-wholesale-9\/","title":{"rendered":"Grossiste batterie de cuisine 2 pi\u00e8ces en acier inoxydable triple \u00e9paisseur - Hengguang Cookware Manufacturer"},"content":{"rendered":"<div class=\"wp-block-columns is-layout-flex wp-container-core-columns-is-layout-9d6595d7 wp-block-columns-is-layout-flex\">\n<div class=\"wp-block-column is-layout-flow wp-block-column-is-layout-flow\">\n<h3 class=\"wp-block-heading\">Param\u00e8tres de la batterie de cuisine 2 pi\u00e8ces Tri Ply<\/h3>\n\n\n\n<figure class=\"wp-block-table\"><table class=\"has-fixed-layout\"><tbody><tr><td>Nom du produit<\/td><td>Batterie de cuisine 2 pi\u00e8ces en acier inoxydable composite 304<\/td><\/tr><tr><td>Mat\u00e9riau du produit<\/td><td>Acier inoxydable 304 et acier inoxydable composite tripl\u00e9<\/td><\/tr><tr><td>Sp\u00e9cifications des produits<\/td><td>Pot \u00e0 lait antiadh\u00e9sif : 18cm \/ 22cm \/ 24cm<br>Pot \u00e0 lait en acier inoxydable : 14cm \/ 16cm \/ 18cm<\/td><\/tr><tr><td>Po\u00eales adapt\u00e9s<\/td><td>Cuisini\u00e8re radiante \/ Four halog\u00e8ne \/ Cuisini\u00e8re \u00e0 gaz \/ Cuisini\u00e8re \u00e0 induction<\/td><\/tr><\/tbody><\/table><\/figure>\n\n\n\n<h3 class=\"wp-block-heading\">Options d'ustensiles de cuisine personnalis\u00e9s<\/h3>\n\n\n\n<figure class=\"wp-block-table\"><table class=\"has-fixed-layout\"><tbody><tr><td>Options personnalis\u00e9es<\/td><td>D\u00e9tails<\/td><\/tr><tr><td>Logo<\/td><td>Personnalisez le logo de votre marque sur le produit et l'emballage.<\/td><\/tr><tr><td>Mat\u00e9riau<\/td><td>Acier inoxydable Triply \/ Acier inoxydable 304 \/ Acier inoxydable 316<\/td><\/tr><tr><td>Rev\u00eatement<\/td><td>Rev\u00eatement anti-adh\u00e9rent \/ Nid d'abeille Rev\u00eatement anti-adh\u00e9rent physique \/ Acier inoxydable \uff08no coating\uff09<\/td><\/tr><tr><td>Taille<\/td><td>tailles d'ustensiles de cuisine personnalis\u00e9es<\/td><\/tr><tr><td>Paquet<\/td><td>Carton, bo\u00eete de couleur<\/td><\/tr><\/tbody><\/table><\/figure>\n<\/div>\n<\/div>\n\n\n\n<div class=\"wp-block-columns is-layout-flex wp-container-core-columns-is-layout-9d6595d7 wp-block-columns-is-layout-flex\">\n<div class=\"wp-block-column is-layout-flow wp-block-column-is-layout-flow\">\n<figure class=\"wp-block-image size-full\"><img fetchpriority=\"high\" decoding=\"async\" width=\"790\" height=\"1320\" src=\"https:\/\/www.hg-cooker.com\/wp-content\/uploads\/2024\/07\/2-piece-cookware-detail-no-pfas-design.webp\" alt=\"Batterie de cuisine 2 pi\u00e8ces d\u00e9tail - pas de design pfas\" class=\"wp-image-4597\" srcset=\"https:\/\/www.hg-cooker.com\/wp-content\/uploads\/2024\/07\/2-piece-cookware-detail-no-pfas-design.webp 790w, https:\/\/www.hg-cooker.com\/wp-content\/uploads\/2024\/07\/2-piece-cookware-detail-no-pfas-design-90x150.webp 90w, https:\/\/www.hg-cooker.com\/wp-content\/uploads\/2024\/07\/2-piece-cookware-detail-no-pfas-design-395x660.webp 395w, https:\/\/www.hg-cooker.com\/wp-content\/uploads\/2024\/07\/2-piece-cookware-detail-no-pfas-design-180x300.webp 180w, https:\/\/www.hg-cooker.com\/wp-content\/uploads\/2024\/07\/2-piece-cookware-detail-no-pfas-design-768x1283.webp 768w, https:\/\/www.hg-cooker.com\/wp-content\/uploads\/2024\/07\/2-piece-cookware-detail-no-pfas-design-7x12.webp 7w, https:\/\/www.hg-cooker.com\/wp-content\/uploads\/2024\/07\/2-piece-cookware-detail-no-pfas-design-285x476.webp 285w\" sizes=\"(max-width: 790px) 100vw, 790px\" \/><\/figure>\n<\/div>\n\n\n\n<div class=\"wp-block-column is-layout-flow wp-block-column-is-layout-flow\">\n<figure class=\"wp-block-image size-full\"><img decoding=\"async\" width=\"790\" height=\"1320\" src=\"https:\/\/www.hg-cooker.com\/wp-content\/uploads\/2024\/07\/2-piece-cookware-detail-tri-ply-stainless-steel-bottom-design.webp\" alt=\"Batterie de cuisine 2 pi\u00e8ces - fond en acier inoxydable tripl\u00e9\" class=\"wp-image-4600\" srcset=\"https:\/\/www.hg-cooker.com\/wp-content\/uploads\/2024\/07\/2-piece-cookware-detail-tri-ply-stainless-steel-bottom-design.webp 790w, https:\/\/www.hg-cooker.com\/wp-content\/uploads\/2024\/07\/2-piece-cookware-detail-tri-ply-stainless-steel-bottom-design-90x150.webp 90w, https:\/\/www.hg-cooker.com\/wp-content\/uploads\/2024\/07\/2-piece-cookware-detail-tri-ply-stainless-steel-bottom-design-395x660.webp 395w, https:\/\/www.hg-cooker.com\/wp-content\/uploads\/2024\/07\/2-piece-cookware-detail-tri-ply-stainless-steel-bottom-design-180x300.webp 180w, https:\/\/www.hg-cooker.com\/wp-content\/uploads\/2024\/07\/2-piece-cookware-detail-tri-ply-stainless-steel-bottom-design-768x1283.webp 768w, https:\/\/www.hg-cooker.com\/wp-content\/uploads\/2024\/07\/2-piece-cookware-detail-tri-ply-stainless-steel-bottom-design-7x12.webp 7w, https:\/\/www.hg-cooker.com\/wp-content\/uploads\/2024\/07\/2-piece-cookware-detail-tri-ply-stainless-steel-bottom-design-285x476.webp 285w\" sizes=\"(max-width: 790px) 100vw, 790px\" \/><\/figure>\n<\/div>\n<\/div>\n\n\n\n<div class=\"wp-block-columns is-layout-flex wp-container-core-columns-is-layout-9d6595d7 wp-block-columns-is-layout-flex\">\n<div class=\"wp-block-column is-layout-flow wp-block-column-is-layout-flow\">\n<figure class=\"wp-block-image size-full\"><img decoding=\"async\" width=\"790\" height=\"1500\" src=\"https:\/\/www.hg-cooker.com\/wp-content\/uploads\/2024\/07\/2-piece-cookware-detail-practical-design.webp\" alt=\"Batterie de cuisine 2 pi\u00e8ces - design pratique\" class=\"wp-image-4599\" srcset=\"https:\/\/www.hg-cooker.com\/wp-content\/uploads\/2024\/07\/2-piece-cookware-detail-practical-design.webp 790w, https:\/\/www.hg-cooker.com\/wp-content\/uploads\/2024\/07\/2-piece-cookware-detail-practical-design-79x150.webp 79w, https:\/\/www.hg-cooker.com\/wp-content\/uploads\/2024\/07\/2-piece-cookware-detail-practical-design-348x660.webp 348w, https:\/\/www.hg-cooker.com\/wp-content\/uploads\/2024\/07\/2-piece-cookware-detail-practical-design-158x300.webp 158w, https:\/\/www.hg-cooker.com\/wp-content\/uploads\/2024\/07\/2-piece-cookware-detail-practical-design-768x1458.webp 768w, https:\/\/www.hg-cooker.com\/wp-content\/uploads\/2024\/07\/2-piece-cookware-detail-practical-design-6x12.webp 6w, https:\/\/www.hg-cooker.com\/wp-content\/uploads\/2024\/07\/2-piece-cookware-detail-practical-design-285x541.webp 285w\" sizes=\"(max-width: 790px) 100vw, 790px\" \/><\/figure>\n<\/div>\n\n\n\n<div class=\"wp-block-column is-layout-flow wp-block-column-is-layout-flow\">\n<figure class=\"wp-block-image size-full\"><img loading=\"lazy\" decoding=\"async\" width=\"790\" height=\"1500\" src=\"https:\/\/www.hg-cooker.com\/wp-content\/uploads\/2024\/07\/2-piece-cookware-detail-Size-parameters.webp\" alt=\"Batterie de cuisine 2 pi\u00e8ces -Param\u00e8tres de taille\" class=\"wp-image-4602\" srcset=\"https:\/\/www.hg-cooker.com\/wp-content\/uploads\/2024\/07\/2-piece-cookware-detail-Size-parameters.webp 790w, https:\/\/www.hg-cooker.com\/wp-content\/uploads\/2024\/07\/2-piece-cookware-detail-Size-parameters-79x150.webp 79w, https:\/\/www.hg-cooker.com\/wp-content\/uploads\/2024\/07\/2-piece-cookware-detail-Size-parameters-348x660.webp 348w, https:\/\/www.hg-cooker.com\/wp-content\/uploads\/2024\/07\/2-piece-cookware-detail-Size-parameters-158x300.webp 158w, https:\/\/www.hg-cooker.com\/wp-content\/uploads\/2024\/07\/2-piece-cookware-detail-Size-parameters-768x1458.webp 768w, https:\/\/www.hg-cooker.com\/wp-content\/uploads\/2024\/07\/2-piece-cookware-detail-Size-parameters-6x12.webp 6w, https:\/\/www.hg-cooker.com\/wp-content\/uploads\/2024\/07\/2-piece-cookware-detail-Size-parameters-285x541.webp 285w\" sizes=\"(max-width: 790px) 100vw, 790px\" \/><\/figure>\n<\/div>\n<\/div>","protected":false},"excerpt":{"rendered":"<p>Batterie de cuisine 2 pi\u00e8ces en gros, cette batterie de cuisine comprend une marmite \u00e0 lait et une marmite \u00e0 soupe, qui peuvent \u00eatre utilis\u00e9es pour des t\u00e2ches culinaires telles que faire bouillir de la soupe, faire bouillir du lait, faire cuire de la viande \u00e0 l'\u00e9touff\u00e9e, etc. La batterie de cuisine est fabriqu\u00e9e en acier inoxydable \u00e9paissi de haute qualit\u00e9, qui a une dur\u00e9e de vie plus longue. Elle peut r\u00e9pondre aux besoins des cuisines domestiques et commerciales.<\/p>\n<p>En outre, Hengguang peut fournir d'autres types de combinaisons d'ustensiles de cuisine en fonction de vos besoins, veuillez nous contacter pour obtenir un devis.<\/p>\n<h2>Caract\u00e9ristiques de la batterie de cuisine 2 pi\u00e8ces Tri-Ply<\/h2>\n<div>\n<p><strong>Excellentes performances en mati\u00e8re de conduction thermique :<\/strong> Le fond de cette batterie de cuisine est en acier inoxydable triple, ce qui permet une excellente r\u00e9partition et r\u00e9tention de la chaleur, et donc une cuisson rapide et uniforme des aliments.<\/p>\n<p><strong>Rev\u00eatement innovant et personnalisable :<\/strong> Le rev\u00eatement antiadh\u00e9sif optionnel (rev\u00eatement antiadh\u00e9sif), le rev\u00eatement antiadh\u00e9sif physique en nid d'abeille et l'absence de rev\u00eatement r\u00e9pondent aux besoins des diff\u00e9rents utilisateurs et constituent un excellent choix pour les grossistes et les d\u00e9taillants.<\/p>\n<p><strong>Application polyvalente :<\/strong> Cette batterie de cuisine prend en charge une vari\u00e9t\u00e9 de cuisini\u00e8res, telles que les cuisini\u00e8res \u00e0 rayonnement, les cuisini\u00e8res halog\u00e8nes, les cuisini\u00e8res \u00e0 gaz et les cuisini\u00e8res \u00e0 induction, s'adaptant ainsi \u00e0 diff\u00e9rents environnements de cuisine et convenant parfaitement aux cuisines domestiques et aux cuisines commerciales.<\/p>\n<p><strong>Conception pratique :<\/strong> Cette batterie de cuisine adopte une conception sans rivets, plus facile \u00e0 nettoyer, et poss\u00e8de un long manche, confortable \u00e0 tenir et plus pratique pour verser les liquides.<\/p>\n<p><strong>Service OEM&amp;ODM :<\/strong> En tant que fabricant professionnel d'ustensiles de cuisine, Hengguang propose des solutions uniques de vente en gros et de personnalisation des ustensiles de cuisine, en offrant une grande vari\u00e9t\u00e9 de styles.<\/p>\n<\/div>","protected":false},"featured_media":4603,"comment_status":"open","ping_status":"closed","template":"","meta":[],"product_brand":[],"product_cat":[52],"product_tag":[],"class_list":{"0":"post-3993","1":"product","2":"type-product","3":"status-publish","4":"has-post-thumbnail","6":"product_cat-stainless-steel-cookware","8":"first","9":"instock","10":"shipping-taxable","11":"product-type-simple"},"_links":{"self":[{"href":"https:\/\/www.hg-cooker.com\/fr\/wp-json\/wp\/v2\/product\/3993","targetHints":{"allow":["GET"]}}],"collection":[{"href":"https:\/\/www.hg-cooker.com\/fr\/wp-json\/wp\/v2\/product"}],"about":[{"href":"https:\/\/www.hg-cooker.com\/fr\/wp-json\/wp\/v2\/types\/product"}],"replies":[{"embeddable":true,"href":"https:\/\/www.hg-cooker.com\/fr\/wp-json\/wp\/v2\/comments?post=3993"}],"wp:featuredmedia":[{"embeddable":true,"href":"https:\/\/www.hg-cooker.com\/fr\/wp-json\/wp\/v2\/media\/4603"}],"wp:attachment":[{"href":"https:\/\/www.hg-cooker.com\/fr\/wp-json\/wp\/v2\/media?parent=3993"}],"wp:term":[{"taxonomy":"product_brand","embeddable":true,"href":"https:\/\/www.hg-cooker.com\/fr\/wp-json\/wp\/v2\/product_brand?post=3993"},{"taxonomy":"product_cat","embeddable":true,"href":"https:\/\/www.hg-cooker.com\/fr\/wp-json\/wp\/v2\/product_cat?post=3993"},{"taxonomy":"product_tag","embeddable":true,"href":"https:\/\/www.hg-cooker.com\/fr\/wp-json\/wp\/v2\/product_tag?post=3993"}],"curies":[{"name":"wp","href":"https:\/\/api.w.org\/{rel}","templated":true}]}}