{"id":3979,"date":"2025-07-03T07:02:12","date_gmt":"2025-07-03T07:02:12","guid":{"rendered":"https:\/\/www.hg-cooker.com\/?post_type=product&#038;p=3979"},"modified":"2026-04-10T10:13:57","modified_gmt":"2026-04-10T10:13:57","slug":"pot-a-lait-bouillant-en-acier-inoxydable-wholesale-8","status":"publish","type":"product","link":"https:\/\/www.hg-cooker.com\/fr\/produit\/pot-a-lait-bouillant-en-acier-inoxydable-wholesale-8\/","title":{"rendered":"Mini autocuiseur en vrac vendu directement par l'usine, avec interrupteur \u00e0 bouton"},"content":{"rendered":"<div class=\"wp-block-columns is-layout-flex wp-container-core-columns-is-layout-9d6595d7 wp-block-columns-is-layout-flex\">\n<div class=\"wp-block-column is-layout-flow wp-block-column-is-layout-flow\">\n<h2 class=\"wp-block-heading\">Param\u00e8tres du mini autocuiseur<\/h2>\n\n\n\n<p><strong>Nom du produit<\/strong>: Mini autocuiseur Hengguang<br><br><strong>Mat\u00e9riau du produit<\/strong>: Acier inoxydable 304#S (couvercle) + Acier inoxydable tripl\u00e9 (corps du pot) <br><br><strong>Style<\/strong>: Paroi int\u00e9rieure en acier inoxydable \/ Paroi int\u00e9rieure antiadh\u00e9sive<br><br><strong>Capacit\u00e9<\/strong>: 0.8L\/1.2L\/1.6L\/2.0L<br><br><strong>R\u00e9chaud adapt\u00e9<\/strong>: Le mini autocuiseur est compatible avec la cuisini\u00e8re \u00e0 gaz\/la flamme nue\/l'autocuiseur \u00e0 induction.<br><\/p>\n<\/div>\n\n\n\n<div class=\"wp-block-column is-layout-flow wp-block-column-is-layout-flow\">\n<h2 class=\"wp-block-heading\">Options de mini-cuiseur \u00e0 pression personnalis\u00e9es<\/h2>\n\n\n\n<p><strong>Logo<\/strong>: Personnalisez le logo de votre marque sur le produit et l'emballage.<br><br><strong>Rev\u00eatement<\/strong>: Rev\u00eatement antiadh\u00e9sif \/ Acier inoxydable <br><br><strong>Taille<\/strong>: Personnalisez diff\u00e9rentes tailles de mini-cuiseurs \u00e0 pression en fonction de vos besoins.<br><br><strong>Paquet<\/strong>: carton\/bo\u00eete de couleur.<br><br><a href=\"https:\/\/www.hg-cooker.com\/fr\/custom-solution\/\" data-type=\"page\" data-id=\"2793\" target=\"_blank\" rel=\"noreferrer noopener\"><strong>Plus de d\u00e9tails sur la personnalisation<\/strong><\/a><\/p>\n<\/div>\n<\/div>\n\n\n\n<div class=\"wp-block-columns is-layout-flex wp-container-core-columns-is-layout-9d6595d7 wp-block-columns-is-layout-flex\">\n<div class=\"wp-block-column is-layout-flow wp-block-column-is-layout-flow\">\n<figure class=\"wp-block-image size-full\"><img fetchpriority=\"high\" decoding=\"async\" width=\"790\" height=\"1000\" src=\"https:\/\/www.hg-cooker.com\/wp-content\/uploads\/2024\/07\/Wholesale-mini-pressure-cooker-specifications-and-details-2.webp\" alt=\"Sp\u00e9cifications et d\u00e9tails de l&#039;autocuiseur miniature en gros\" class=\"wp-image-3986\" srcset=\"https:\/\/www.hg-cooker.com\/wp-content\/uploads\/2024\/07\/Wholesale-mini-pressure-cooker-specifications-and-details-2.webp 790w, https:\/\/www.hg-cooker.com\/wp-content\/uploads\/2024\/07\/Wholesale-mini-pressure-cooker-specifications-and-details-2-119x150.webp 119w, https:\/\/www.hg-cooker.com\/wp-content\/uploads\/2024\/07\/Wholesale-mini-pressure-cooker-specifications-and-details-2-521x660.webp 521w, https:\/\/www.hg-cooker.com\/wp-content\/uploads\/2024\/07\/Wholesale-mini-pressure-cooker-specifications-and-details-2-237x300.webp 237w, https:\/\/www.hg-cooker.com\/wp-content\/uploads\/2024\/07\/Wholesale-mini-pressure-cooker-specifications-and-details-2-768x972.webp 768w, https:\/\/www.hg-cooker.com\/wp-content\/uploads\/2024\/07\/Wholesale-mini-pressure-cooker-specifications-and-details-2-9x12.webp 9w, https:\/\/www.hg-cooker.com\/wp-content\/uploads\/2024\/07\/Wholesale-mini-pressure-cooker-specifications-and-details-2-285x361.webp 285w\" sizes=\"(max-width: 790px) 100vw, 790px\" \/><\/figure>\n<\/div>\n\n\n\n<div class=\"wp-block-column is-layout-flow wp-block-column-is-layout-flow\">\n<figure class=\"wp-block-image size-full\"><img decoding=\"async\" width=\"790\" height=\"1000\" src=\"https:\/\/www.hg-cooker.com\/wp-content\/uploads\/2024\/07\/Wholesale-mini-pressure-cooker-specifications-and-details-1.webp\" alt=\"Sp\u00e9cifications et d\u00e9tails de l&#039;autocuiseur miniature en gros\" class=\"wp-image-3985\" srcset=\"https:\/\/www.hg-cooker.com\/wp-content\/uploads\/2024\/07\/Wholesale-mini-pressure-cooker-specifications-and-details-1.webp 790w, https:\/\/www.hg-cooker.com\/wp-content\/uploads\/2024\/07\/Wholesale-mini-pressure-cooker-specifications-and-details-1-119x150.webp 119w, https:\/\/www.hg-cooker.com\/wp-content\/uploads\/2024\/07\/Wholesale-mini-pressure-cooker-specifications-and-details-1-521x660.webp 521w, https:\/\/www.hg-cooker.com\/wp-content\/uploads\/2024\/07\/Wholesale-mini-pressure-cooker-specifications-and-details-1-237x300.webp 237w, https:\/\/www.hg-cooker.com\/wp-content\/uploads\/2024\/07\/Wholesale-mini-pressure-cooker-specifications-and-details-1-768x972.webp 768w, https:\/\/www.hg-cooker.com\/wp-content\/uploads\/2024\/07\/Wholesale-mini-pressure-cooker-specifications-and-details-1-9x12.webp 9w, https:\/\/www.hg-cooker.com\/wp-content\/uploads\/2024\/07\/Wholesale-mini-pressure-cooker-specifications-and-details-1-285x361.webp 285w\" sizes=\"(max-width: 790px) 100vw, 790px\" \/><\/figure>\n<\/div>\n<\/div>\n\n\n\n<div class=\"wp-block-columns is-layout-flex wp-container-core-columns-is-layout-9d6595d7 wp-block-columns-is-layout-flex\">\n<div class=\"wp-block-column is-layout-flow wp-block-column-is-layout-flow\">\n<figure class=\"wp-block-image size-full\"><img decoding=\"async\" width=\"790\" height=\"1021\" src=\"https:\/\/www.hg-cooker.com\/wp-content\/uploads\/2024\/07\/Wholesale-mini-pressure-cooker-specifications-and-details-3.webp\" alt=\"Sp\u00e9cifications et d\u00e9tails de l&#039;autocuiseur miniature en gros\" class=\"wp-image-3987\" srcset=\"https:\/\/www.hg-cooker.com\/wp-content\/uploads\/2024\/07\/Wholesale-mini-pressure-cooker-specifications-and-details-3.webp 790w, https:\/\/www.hg-cooker.com\/wp-content\/uploads\/2024\/07\/Wholesale-mini-pressure-cooker-specifications-and-details-3-116x150.webp 116w, https:\/\/www.hg-cooker.com\/wp-content\/uploads\/2024\/07\/Wholesale-mini-pressure-cooker-specifications-and-details-3-511x660.webp 511w, https:\/\/www.hg-cooker.com\/wp-content\/uploads\/2024\/07\/Wholesale-mini-pressure-cooker-specifications-and-details-3-232x300.webp 232w, https:\/\/www.hg-cooker.com\/wp-content\/uploads\/2024\/07\/Wholesale-mini-pressure-cooker-specifications-and-details-3-768x993.webp 768w, https:\/\/www.hg-cooker.com\/wp-content\/uploads\/2024\/07\/Wholesale-mini-pressure-cooker-specifications-and-details-3-9x12.webp 9w, https:\/\/www.hg-cooker.com\/wp-content\/uploads\/2024\/07\/Wholesale-mini-pressure-cooker-specifications-and-details-3-285x368.webp 285w\" sizes=\"(max-width: 790px) 100vw, 790px\" \/><\/figure>\n<\/div>\n\n\n\n<div class=\"wp-block-column is-layout-flow wp-block-column-is-layout-flow\">\n<figure class=\"wp-block-image size-full\"><img loading=\"lazy\" decoding=\"async\" width=\"790\" height=\"1021\" src=\"https:\/\/www.hg-cooker.com\/wp-content\/uploads\/2024\/07\/Wholesale-mini-pressure-cooker-specifications-and-details-4.webp\" alt=\"Sp\u00e9cifications et d\u00e9tails de l&#039;autocuiseur miniature en gros\" class=\"wp-image-3988\" srcset=\"https:\/\/www.hg-cooker.com\/wp-content\/uploads\/2024\/07\/Wholesale-mini-pressure-cooker-specifications-and-details-4.webp 790w, https:\/\/www.hg-cooker.com\/wp-content\/uploads\/2024\/07\/Wholesale-mini-pressure-cooker-specifications-and-details-4-116x150.webp 116w, https:\/\/www.hg-cooker.com\/wp-content\/uploads\/2024\/07\/Wholesale-mini-pressure-cooker-specifications-and-details-4-511x660.webp 511w, https:\/\/www.hg-cooker.com\/wp-content\/uploads\/2024\/07\/Wholesale-mini-pressure-cooker-specifications-and-details-4-232x300.webp 232w, https:\/\/www.hg-cooker.com\/wp-content\/uploads\/2024\/07\/Wholesale-mini-pressure-cooker-specifications-and-details-4-768x993.webp 768w, https:\/\/www.hg-cooker.com\/wp-content\/uploads\/2024\/07\/Wholesale-mini-pressure-cooker-specifications-and-details-4-9x12.webp 9w, https:\/\/www.hg-cooker.com\/wp-content\/uploads\/2024\/07\/Wholesale-mini-pressure-cooker-specifications-and-details-4-285x368.webp 285w\" sizes=\"(max-width: 790px) 100vw, 790px\" \/><\/figure>\n<\/div>\n<\/div>","protected":false},"excerpt":{"rendered":"<p>Fabricant de mini autocuiseurs Hengguang. Fournit diff\u00e9rents styles de mini-cuiseurs \u00e0 pression. Nos mini autocuiseurs conviennent aux c\u00e9libataires, aux petites familles et aux amateurs de plein air. Ils ne sont pas difficiles \u00e0 utiliser en ce qui concerne les cuisini\u00e8res et les environnements d'utilisation et sont les meilleurs assistants de cuisine. N'h\u00e9sitez pas \u00e0 nous contacter pour obtenir un devis.<\/p>\n<h2>Caract\u00e9ristiques et avantages du mini autocuiseur en acier inoxydable<\/h2>\n<div>\n<p><strong>Cuisson rapide :<\/strong> Le mini autocuiseur est fabriqu\u00e9 en acier inoxydable \u00e0 trois couches de haute qualit\u00e9 et la pression interne est de 90 kpa lors de la cuisson. Le riz peut \u00eatre cuit en 5 minutes et les aliments peuvent \u00eatre cuits rapidement.<\/p>\n<p><strong>Conception pratique :<\/strong> Ce mini autocuiseur est \u00e9quip\u00e9 d'un interrupteur \u00e0 bouton, qui est facile \u00e0 utiliser, m\u00eame par les novices en cuisine.<\/p>\n<p><strong>Bonne s\u00e9curit\u00e9 :<\/strong> Le mini autocuiseur est dot\u00e9 de plusieurs dispositifs de protection tels qu'une soupape antid\u00e9flagrante et un verrou de s\u00e9curit\u00e9. L'\u00e9paisseur du corps de la marmite est de 22 mm, soit 2,75 fois celle d'une marmite ordinaire, ce qui rend son utilisation plus s\u00fbre.<\/p>\n<p><strong>Faible MOQ :<\/strong> Hengguang propose des options de vente en gros flexibles et prend en charge les faibles QMo, ce qui convient aux d\u00e9taillants et aux distributeurs pour r\u00e9pondre aux diff\u00e9rents besoins des clients.<\/p>\n<\/div>","protected":false},"featured_media":7030,"comment_status":"closed","ping_status":"closed","template":"","meta":[],"product_brand":[],"product_cat":[49],"product_tag":[],"class_list":{"0":"post-3979","1":"product","2":"type-product","3":"status-publish","4":"has-post-thumbnail","6":"product_cat-mini-pressure-cooker","8":"first","9":"instock","10":"shipping-taxable","11":"product-type-simple"},"_links":{"self":[{"href":"https:\/\/www.hg-cooker.com\/fr\/wp-json\/wp\/v2\/product\/3979","targetHints":{"allow":["GET"]}}],"collection":[{"href":"https:\/\/www.hg-cooker.com\/fr\/wp-json\/wp\/v2\/product"}],"about":[{"href":"https:\/\/www.hg-cooker.com\/fr\/wp-json\/wp\/v2\/types\/product"}],"replies":[{"embeddable":true,"href":"https:\/\/www.hg-cooker.com\/fr\/wp-json\/wp\/v2\/comments?post=3979"}],"wp:featuredmedia":[{"embeddable":true,"href":"https:\/\/www.hg-cooker.com\/fr\/wp-json\/wp\/v2\/media\/7030"}],"wp:attachment":[{"href":"https:\/\/www.hg-cooker.com\/fr\/wp-json\/wp\/v2\/media?parent=3979"}],"wp:term":[{"taxonomy":"product_brand","embeddable":true,"href":"https:\/\/www.hg-cooker.com\/fr\/wp-json\/wp\/v2\/product_brand?post=3979"},{"taxonomy":"product_cat","embeddable":true,"href":"https:\/\/www.hg-cooker.com\/fr\/wp-json\/wp\/v2\/product_cat?post=3979"},{"taxonomy":"product_tag","embeddable":true,"href":"https:\/\/www.hg-cooker.com\/fr\/wp-json\/wp\/v2\/product_tag?post=3979"}],"curies":[{"name":"wp","href":"https:\/\/api.w.org\/{rel}","templated":true}]}}