{"id":3969,"date":"2025-08-17T06:04:37","date_gmt":"2025-08-17T06:04:37","guid":{"rendered":"https:\/\/www.hg-cooker.com\/?post_type=product&#038;p=3969"},"modified":"2025-11-13T02:22:15","modified_gmt":"2025-11-13T02:22:15","slug":"pot-a-lait-bouillant-en-acier-inoxydable-wholesale-7","status":"publish","type":"product","link":"https:\/\/www.hg-cooker.com\/fr\/produit\/pot-a-lait-bouillant-en-acier-inoxydable-wholesale-7\/","title":{"rendered":"Petit autocuiseur en acier inoxydable (0.8L - 2.0L), Cuisson efficace, Support OEM et ODM"},"content":{"rendered":"<div class=\"wp-block-columns is-layout-flex wp-container-core-columns-is-layout-9d6595d7 wp-block-columns-is-layout-flex\">\n<div class=\"wp-block-column is-layout-flow wp-block-column-is-layout-flow\">\n<h3 class=\"wp-block-heading\">Param\u00e8tres du petit autocuiseur en acier inoxydable<\/h3>\n\n\n\n<figure class=\"wp-block-table\"><table class=\"has-fixed-layout\"><tbody><tr><td>Nom du produit<\/td><td>Mat\u00e9riau<\/td><td>Style<\/td><td>Capacit\u00e9<\/td><td>R\u00e9chaud adapt\u00e9<\/td><\/tr><tr><td>Petit autocuiseur en acier inoxydable Hengguang<\/td><td>Acier inoxydable 304# (couvercle) + Acier inoxydable Tri-Ply (corps de la marmite)<\/td><td>Acier inoxydable \/ rev\u00eatement antiadh\u00e9sif<\/td><td>0,8L \/ 1,2L \/ 1,6L \/ 2,0L<\/td><td>Cuisini\u00e8re \u00e0 gaz \/ flamme nue \/ cuisini\u00e8re \u00e0 induction<\/td><\/tr><\/tbody><\/table><\/figure>\n\n\n\n<h3 class=\"wp-block-heading\">Options d'autocuiseurs personnalis\u00e9s en acier inoxydable<\/h3>\n\n\n\n<p><strong>Logo<\/strong>: Personnalisez le logo de votre marque sur le produit et l'emballage.<br><br><strong>Rev\u00eatement<\/strong>: Rev\u00eatement antiadh\u00e9sif \/ Acier inoxydable <br><br><strong>Taille<\/strong>: Dimensions personnalis\u00e9es de l'autocuiseur.<br><br><strong>Emballage<\/strong>: carton \/ bo\u00eete de couleur.<br><br><a href=\"https:\/\/www.hg-cooker.com\/fr\/custom-solution\/\" data-type=\"page\" data-id=\"2793\" target=\"_blank\" rel=\"noreferrer noopener\"><strong>D\u00e9couvrez d'autres solutions personnalis\u00e9es d'autocuiseurs en acier inoxydable.<\/strong><\/a><\/p>\n<\/div>\n<\/div>\n\n\n\n<div class=\"wp-block-columns is-layout-flex wp-container-core-columns-is-layout-9d6595d7 wp-block-columns-is-layout-flex\">\n<div class=\"wp-block-column is-layout-flow wp-block-column-is-layout-flow\">\n<figure class=\"wp-block-image size-full\"><img fetchpriority=\"high\" decoding=\"async\" width=\"790\" height=\"1349\" src=\"https:\/\/www.hg-cooker.com\/wp-content\/uploads\/2024\/07\/small-stainless-steel-pressure-cooker-details-1.jpg\" alt=\"petit autocuiseur en acier inoxydable d\u00e9tails (1)\" class=\"wp-image-4893\" srcset=\"https:\/\/www.hg-cooker.com\/wp-content\/uploads\/2024\/07\/small-stainless-steel-pressure-cooker-details-1.jpg 790w, https:\/\/www.hg-cooker.com\/wp-content\/uploads\/2024\/07\/small-stainless-steel-pressure-cooker-details-1-88x150.jpg 88w, https:\/\/www.hg-cooker.com\/wp-content\/uploads\/2024\/07\/small-stainless-steel-pressure-cooker-details-1-387x660.jpg 387w, https:\/\/www.hg-cooker.com\/wp-content\/uploads\/2024\/07\/small-stainless-steel-pressure-cooker-details-1-176x300.jpg 176w, https:\/\/www.hg-cooker.com\/wp-content\/uploads\/2024\/07\/small-stainless-steel-pressure-cooker-details-1-768x1311.jpg 768w, https:\/\/www.hg-cooker.com\/wp-content\/uploads\/2024\/07\/small-stainless-steel-pressure-cooker-details-1-7x12.jpg 7w, https:\/\/www.hg-cooker.com\/wp-content\/uploads\/2024\/07\/small-stainless-steel-pressure-cooker-details-1-285x487.jpg 285w\" sizes=\"(max-width: 790px) 100vw, 790px\" \/><\/figure>\n<\/div>\n\n\n\n<div class=\"wp-block-column is-layout-flow wp-block-column-is-layout-flow\">\n<figure class=\"wp-block-image size-full\"><img decoding=\"async\" width=\"790\" height=\"1349\" src=\"https:\/\/www.hg-cooker.com\/wp-content\/uploads\/2024\/07\/small-stainless-steel-pressure-cooker-details-2.jpg\" alt=\"petit autocuiseur en acier inoxydable d\u00e9tails (2)\" class=\"wp-image-4894\" srcset=\"https:\/\/www.hg-cooker.com\/wp-content\/uploads\/2024\/07\/small-stainless-steel-pressure-cooker-details-2.jpg 790w, https:\/\/www.hg-cooker.com\/wp-content\/uploads\/2024\/07\/small-stainless-steel-pressure-cooker-details-2-88x150.jpg 88w, https:\/\/www.hg-cooker.com\/wp-content\/uploads\/2024\/07\/small-stainless-steel-pressure-cooker-details-2-387x660.jpg 387w, https:\/\/www.hg-cooker.com\/wp-content\/uploads\/2024\/07\/small-stainless-steel-pressure-cooker-details-2-176x300.jpg 176w, https:\/\/www.hg-cooker.com\/wp-content\/uploads\/2024\/07\/small-stainless-steel-pressure-cooker-details-2-768x1311.jpg 768w, https:\/\/www.hg-cooker.com\/wp-content\/uploads\/2024\/07\/small-stainless-steel-pressure-cooker-details-2-7x12.jpg 7w, https:\/\/www.hg-cooker.com\/wp-content\/uploads\/2024\/07\/small-stainless-steel-pressure-cooker-details-2-285x487.jpg 285w\" sizes=\"(max-width: 790px) 100vw, 790px\" \/><\/figure>\n<\/div>\n<\/div>","protected":false},"excerpt":{"rendered":"<p>Petit autocuiseur en acier inoxydable, fabriqu\u00e9 en acier inoxydable, l'\u00e9paisseur du corps de l'autocuiseur est de 22 mm, soit 2,75 fois celle des autocuiseurs ordinaires. La pression interne peut atteindre 110 kpa, ce qui permet une meilleure efficacit\u00e9 de cuisson et convient \u00e0 la cuisine rapide \u00e0 la maison et en plein air. Nous fournissons des produits OEM et ODM, n'h\u00e9sitez pas \u00e0 nous contacter pour obtenir un devis.<\/p>\n<h3>Caract\u00e9ristiques et avantages du petit autocuiseur en acier inoxydable<\/h3>\n<div>\n<p><strong>Cuisson rapide :<\/strong> Le petit autocuiseur en acier inoxydable peut cuire le riz en seulement 5 minutes, ce qui permet aux familles occup\u00e9es de d\u00e9guster rapidement de d\u00e9licieux repas.<\/p>\n<p><strong>Convient pour 1 \u00e0 4 personnes :<\/strong> Nous proposons des petits autocuiseurs en acier inoxydable de 0,8 litre, 1,2 litre, 1,6 litre et 2,0 litres, qui conviennent particuli\u00e8rement aux c\u00e9libataires et sont plus pratiques \u00e0 utiliser.<\/p>\n<p><strong>Petit et portable :<\/strong> Le petit autocuiseur en acier inoxydable est facile \u00e0 transporter et convient parfaitement aux petites familles et au camping en plein air. C'est le meilleur outil de cuisine pour les activit\u00e9s de plein air.<\/p>\n<p><strong>Convient \u00e0 divers environnements :<\/strong> Fabriqu\u00e9 en acier inoxydable \u00e0 trois couches de haute qualit\u00e9, il peut \u00eatre utilis\u00e9 dans divers environnements extr\u00eames, tels que les plateaux et les montagnes, pour garantir une cuisson s\u00fbre et efficace.<\/p>\n<p><strong>Quadruple protection de s\u00e9curit\u00e9 :<\/strong> \u00c9quip\u00e9 de quatre dispositifs de protection majeurs, tels que la soupape de limitation de pression, la soupape de s\u00e9curit\u00e9, la soupape d'alarme et la fen\u00eatre de d\u00e9compression, afin de garantir une s\u00e9curit\u00e9 absolue lors de la cuisson \u00e0 haute pression.<\/p>\n<p><strong>Soutenir la commande de petits lots :<\/strong> Nous proposons des services de commande par petits lots pour les petits autocuiseurs en acier inoxydable, ce qui permet d'abaisser le seuil d'approvisionnement et d'offrir plus de choix aux clients.<\/p>\n<p><strong>Services OEM et ODM :<\/strong> Gr\u00e2ce \u00e0 nos capacit\u00e9s de production avanc\u00e9es et \u00e0 nos \u00e9quipes de conception exp\u00e9riment\u00e9es, nous vous fournissons des solutions personnalis\u00e9es de haute qualit\u00e9 pour les autocuiseurs.<\/p>\n<\/div>","protected":false},"featured_media":4895,"comment_status":"closed","ping_status":"closed","template":"","meta":[],"product_brand":[],"product_cat":[54],"product_tag":[],"class_list":{"0":"post-3969","1":"product","2":"type-product","3":"status-publish","4":"has-post-thumbnail","6":"product_cat-pressure-cooker","8":"first","9":"instock","10":"shipping-taxable","11":"product-type-simple"},"_links":{"self":[{"href":"https:\/\/www.hg-cooker.com\/fr\/wp-json\/wp\/v2\/product\/3969","targetHints":{"allow":["GET"]}}],"collection":[{"href":"https:\/\/www.hg-cooker.com\/fr\/wp-json\/wp\/v2\/product"}],"about":[{"href":"https:\/\/www.hg-cooker.com\/fr\/wp-json\/wp\/v2\/types\/product"}],"replies":[{"embeddable":true,"href":"https:\/\/www.hg-cooker.com\/fr\/wp-json\/wp\/v2\/comments?post=3969"}],"wp:featuredmedia":[{"embeddable":true,"href":"https:\/\/www.hg-cooker.com\/fr\/wp-json\/wp\/v2\/media\/4895"}],"wp:attachment":[{"href":"https:\/\/www.hg-cooker.com\/fr\/wp-json\/wp\/v2\/media?parent=3969"}],"wp:term":[{"taxonomy":"product_brand","embeddable":true,"href":"https:\/\/www.hg-cooker.com\/fr\/wp-json\/wp\/v2\/product_brand?post=3969"},{"taxonomy":"product_cat","embeddable":true,"href":"https:\/\/www.hg-cooker.com\/fr\/wp-json\/wp\/v2\/product_cat?post=3969"},{"taxonomy":"product_tag","embeddable":true,"href":"https:\/\/www.hg-cooker.com\/fr\/wp-json\/wp\/v2\/product_tag?post=3969"}],"curies":[{"name":"wp","href":"https:\/\/api.w.org\/{rel}","templated":true}]}}