{"id":3957,"date":"2024-09-28T03:20:29","date_gmt":"2024-09-28T03:20:29","guid":{"rendered":"https:\/\/www.hg-cooker.com\/?post_type=product&#038;p=3957"},"modified":"2026-04-20T09:26:52","modified_gmt":"2026-04-20T09:26:52","slug":"pot-a-lait-bouillant-en-acier-inoxydable-wholesale-6","status":"publish","type":"product","link":"https:\/\/www.hg-cooker.com\/fr\/produit\/pot-a-lait-bouillant-en-acier-inoxydable-wholesale-6\/","title":{"rendered":"Mini autocuiseur pour le camping, facile \u00e0 transporter, adapt\u00e9 au camping et \u00e0 l'utilisation en ext\u00e9rieur, support OEM et ODM"},"content":{"rendered":"<div class=\"wp-block-columns is-layout-flex wp-container-core-columns-is-layout-9d6595d7 wp-block-columns-is-layout-flex\">\n<div class=\"wp-block-column is-layout-flow wp-block-column-is-layout-flow\">\n<h3 class=\"wp-block-heading\">Param\u00e8tres du mini autocuiseur<\/h3>\n\n\n\n<figure class=\"wp-block-table\"><table class=\"has-fixed-layout\"><tbody><tr><td>Nom du produit<\/td><td>Mat\u00e9riau<\/td><td>Style<\/td><td>Capacit\u00e9<\/td><td>R\u00e9chaud adapt\u00e9<\/td><\/tr><tr><td>Mini autocuiseur Hengguang<\/td><td>Acier inoxydable 304# (couvercle) + Acier inoxydable Tri-Ply (corps de la marmite)<\/td><td>Acier inoxydable \/ rev\u00eatement antiadh\u00e9sif<\/td><td>0,8L \/ 1,2L \/ 1,6L \/ 2,0L<\/td><td>Cuisini\u00e8re \u00e0 gaz \/ flamme nue \/ cuisini\u00e8re \u00e0 induction<\/td><\/tr><\/tbody><\/table><\/figure>\n\n\n\n<h3 class=\"wp-block-heading\">Options de mini-cuiseur \u00e0 pression personnalis\u00e9es<\/h3>\n\n\n\n<p><strong>Logo<\/strong>: Personnalisez le logo de votre marque sur les produits et les emballages.<br><br><strong>Rev\u00eatement<\/strong>: Rev\u00eatement antiadh\u00e9sif\/ Acier inoxydable <br><br><strong>Taille<\/strong>: Personnaliser la taille de l'autocuiseur miniature<br><br><strong>Emballage :<\/strong> carton\/bo\u00eete de couleur.<br><br><a href=\"https:\/\/www.hg-cooker.com\/fr\/fabricant-dautocuiseurs-miniatures-en-gros\/\" data-type=\"page\" data-id=\"2793\" target=\"_blank\" rel=\"noreferrer noopener\"><strong>En savoir plus sur les solutions de mini-cuiseurs \u00e0 pression sur mesure.<\/strong><\/a><\/p>\n<\/div>\n<\/div>\n\n\n\n<div class=\"wp-block-columns is-layout-flex wp-container-core-columns-is-layout-9d6595d7 wp-block-columns-is-layout-flex\">\n<div class=\"wp-block-column is-layout-flow wp-block-column-is-layout-flow\">\n<figure class=\"wp-block-image size-full\"><img fetchpriority=\"high\" decoding=\"async\" width=\"790\" height=\"1252\" src=\"https:\/\/www.hg-cooker.com\/wp-content\/uploads\/2024\/07\/camping-mini-pressure-cooker-details-1.jpg\" alt=\"mini autocuiseur de camping d\u00e9tails (1)\" class=\"wp-image-4888\" srcset=\"https:\/\/www.hg-cooker.com\/wp-content\/uploads\/2024\/07\/camping-mini-pressure-cooker-details-1.jpg 790w, https:\/\/www.hg-cooker.com\/wp-content\/uploads\/2024\/07\/camping-mini-pressure-cooker-details-1-95x150.jpg 95w, https:\/\/www.hg-cooker.com\/wp-content\/uploads\/2024\/07\/camping-mini-pressure-cooker-details-1-416x660.jpg 416w, https:\/\/www.hg-cooker.com\/wp-content\/uploads\/2024\/07\/camping-mini-pressure-cooker-details-1-189x300.jpg 189w, https:\/\/www.hg-cooker.com\/wp-content\/uploads\/2024\/07\/camping-mini-pressure-cooker-details-1-768x1217.jpg 768w, https:\/\/www.hg-cooker.com\/wp-content\/uploads\/2024\/07\/camping-mini-pressure-cooker-details-1-8x12.jpg 8w, https:\/\/www.hg-cooker.com\/wp-content\/uploads\/2024\/07\/camping-mini-pressure-cooker-details-1-285x452.jpg 285w\" sizes=\"(max-width: 790px) 100vw, 790px\" \/><\/figure>\n<\/div>\n\n\n\n<div class=\"wp-block-column is-layout-flow wp-block-column-is-layout-flow\">\n<figure class=\"wp-block-image size-full\"><img decoding=\"async\" width=\"790\" height=\"1252\" src=\"https:\/\/www.hg-cooker.com\/wp-content\/uploads\/2024\/07\/camping-mini-pressure-cooker-details-2.jpg\" alt=\"mini autocuiseur de camping d\u00e9tails (2)\" class=\"wp-image-4889\" srcset=\"https:\/\/www.hg-cooker.com\/wp-content\/uploads\/2024\/07\/camping-mini-pressure-cooker-details-2.jpg 790w, https:\/\/www.hg-cooker.com\/wp-content\/uploads\/2024\/07\/camping-mini-pressure-cooker-details-2-95x150.jpg 95w, https:\/\/www.hg-cooker.com\/wp-content\/uploads\/2024\/07\/camping-mini-pressure-cooker-details-2-416x660.jpg 416w, https:\/\/www.hg-cooker.com\/wp-content\/uploads\/2024\/07\/camping-mini-pressure-cooker-details-2-189x300.jpg 189w, https:\/\/www.hg-cooker.com\/wp-content\/uploads\/2024\/07\/camping-mini-pressure-cooker-details-2-768x1217.jpg 768w, https:\/\/www.hg-cooker.com\/wp-content\/uploads\/2024\/07\/camping-mini-pressure-cooker-details-2-8x12.jpg 8w, https:\/\/www.hg-cooker.com\/wp-content\/uploads\/2024\/07\/camping-mini-pressure-cooker-details-2-285x452.jpg 285w\" sizes=\"(max-width: 790px) 100vw, 790px\" \/><\/figure>\n<\/div>\n<\/div>","protected":false},"excerpt":{"rendered":"<p>Mini autocuiseur en gros, adapt\u00e9 au camping et aux activit\u00e9s de plein air, l\u00e9ger et facile \u00e0 transporter, fabriqu\u00e9 en acier inoxydable 304 de haute qualit\u00e9 et en structure composite \u00e0 trois couches, compatible avec une vari\u00e9t\u00e9 de cuisini\u00e8res, telles que les cuisini\u00e8res \u00e0 gaz, les cuisini\u00e8res \u00e0 induction, etc. Nous fournissons un service de vente en gros \u00e0 faible QM, nous supportons la personnalisation OEM et ODM, contactez-nous pour un devis.<\/p>\n<h2>Caract\u00e9ristiques et avantages du mini autocuiseur<\/h2>\n<div>\n<p><strong>Cuisson efficace :<\/strong> La cuisson \u00e0 haute pression et \u00e0 haute temp\u00e9rature du mini autocuiseur acc\u00e9l\u00e8re consid\u00e9rablement la vitesse de cuisson des aliments, permet de gagner du temps, de conserver davantage de nutriments et d'am\u00e9liorer le go\u00fbt des aliments.<\/p>\n<p><strong>Facile \u00e0 transporter :<\/strong> Ce mini autocuiseur est compact, l\u00e9ger et facile \u00e0 transporter. Il convient donc parfaitement au camping, aux aventures en plein air et \u00e0 la cuisine en plein air.<\/p>\n<p><strong>Mat\u00e9riau de haute qualit\u00e9 :<\/strong> Le corps de l'autocuiseur miniature est fabriqu\u00e9 en acier inoxydable triple, qui est robuste et durable et ne se d\u00e9formera pas, m\u00eame pendant une longue p\u00e9riode. L'acier inoxydable triple a une meilleure conductivit\u00e9 thermique, ce qui rend l'autocuiseur plus efficace pour la cuisson.<\/p>\n<p><strong>Plusieurs styles au choix :<\/strong> Nous proposons un choix de 3 styles, avec des capacit\u00e9s de 0,8L, 1,2L, 1,6L, 2,0L, 2,5L, 3,0L et 4L, etc., afin de r\u00e9pondre aux besoins des personnes seules, des familles et des personnes multiples.<\/p>\n<p><strong>Nettoyage rapide :<\/strong> Gr\u00e2ce \u00e0 l'acier inoxydable de haute qualit\u00e9, le corps de la marmite a moins tendance \u00e0 adh\u00e9rer aux aliments, ce qui la rend facile et pratique \u00e0 nettoyer.<\/p>\n<\/div>","protected":false},"featured_media":7037,"comment_status":"closed","ping_status":"closed","template":"","meta":[],"product_brand":[],"product_cat":[49],"product_tag":[],"class_list":{"0":"post-3957","1":"product","2":"type-product","3":"status-publish","4":"has-post-thumbnail","6":"product_cat-mini-pressure-cooker","8":"first","9":"instock","10":"shipping-taxable","11":"product-type-simple"},"_links":{"self":[{"href":"https:\/\/www.hg-cooker.com\/fr\/wp-json\/wp\/v2\/product\/3957","targetHints":{"allow":["GET"]}}],"collection":[{"href":"https:\/\/www.hg-cooker.com\/fr\/wp-json\/wp\/v2\/product"}],"about":[{"href":"https:\/\/www.hg-cooker.com\/fr\/wp-json\/wp\/v2\/types\/product"}],"replies":[{"embeddable":true,"href":"https:\/\/www.hg-cooker.com\/fr\/wp-json\/wp\/v2\/comments?post=3957"}],"wp:featuredmedia":[{"embeddable":true,"href":"https:\/\/www.hg-cooker.com\/fr\/wp-json\/wp\/v2\/media\/7037"}],"wp:attachment":[{"href":"https:\/\/www.hg-cooker.com\/fr\/wp-json\/wp\/v2\/media?parent=3957"}],"wp:term":[{"taxonomy":"product_brand","embeddable":true,"href":"https:\/\/www.hg-cooker.com\/fr\/wp-json\/wp\/v2\/product_brand?post=3957"},{"taxonomy":"product_cat","embeddable":true,"href":"https:\/\/www.hg-cooker.com\/fr\/wp-json\/wp\/v2\/product_cat?post=3957"},{"taxonomy":"product_tag","embeddable":true,"href":"https:\/\/www.hg-cooker.com\/fr\/wp-json\/wp\/v2\/product_tag?post=3957"}],"curies":[{"name":"wp","href":"https:\/\/api.w.org\/{rel}","templated":true}]}}