{"id":3944,"date":"2025-09-06T01:47:20","date_gmt":"2025-09-06T01:47:20","guid":{"rendered":"https:\/\/www.hg-cooker.com\/?post_type=product&#038;p=3944"},"modified":"2025-09-13T01:51:53","modified_gmt":"2025-09-13T01:51:53","slug":"pot-a-lait-bouillant-en-acier-inoxydable-wholesale-5","status":"publish","type":"product","link":"https:\/\/www.hg-cooker.com\/fr\/produit\/pot-a-lait-bouillant-en-acier-inoxydable-wholesale-5\/","title":{"rendered":"Batterie de cuisine en acier inoxydable tri-plis \u00e0 fond \u00e9pais, batterie de cuisine \u00e0 induction"},"content":{"rendered":"<div class=\"wp-block-columns is-layout-flex wp-container-core-columns-is-layout-9d6595d7 wp-block-columns-is-layout-flex\">\n<div class=\"wp-block-column is-layout-flow wp-block-column-is-layout-flow\">\n<h3 class=\"wp-block-heading\">Param\u00e8tres des batteries de cuisine \u00e9paissies<\/h3>\n\n\n\n<figure class=\"wp-block-table\"><table class=\"has-fixed-layout\"><tbody><tr><td>Nom du produit<\/td><td>Batterie de cuisine 3 pi\u00e8ces<\/td><\/tr><tr><td>Mat\u00e9riau<\/td><td>Acier inoxydable 304<\/td><\/tr><tr><td>Taille<\/td><td>Casserole 16cm, Marmite 20cm, Plat \u00e0 gratin 24cm<\/td><\/tr><tr><td>Le fond<\/td><td>Fond en acier inoxydable Triply Composite<\/td><\/tr><\/tbody><\/table><\/figure>\n\n\n\n<h3 class=\"wp-block-heading\">Options d'ustensiles de cuisine personnalis\u00e9s<\/h3>\n\n\n\n<p><strong>Logo :<\/strong> Personnalisez le logo de votre marque sur le produit et l'emballage.<br><strong>Mat\u00e9riau :<\/strong> Acier Triply \/ Acier inoxydable 304 \/ Acier inoxydable 316<br><strong>Rev\u00eatement :<\/strong> Rev\u00eatement antiadh\u00e9sif \/ Acier \/ Nid d'abeille physiquement antiadh\u00e9sif<br><strong>Taille :<\/strong> Personnalisez diff\u00e9rentes tailles de batteries de cuisine en fonction de vos besoins.<br><strong>Emballage :<\/strong> carton\/bo\u00eete de couleur.<\/p>\n<\/div>\n<\/div>\n\n\n\n<div class=\"wp-block-columns is-layout-flex wp-container-core-columns-is-layout-9d6595d7 wp-block-columns-is-layout-flex\">\n<div class=\"wp-block-column is-layout-flow wp-block-column-is-layout-flow\">\n<figure class=\"wp-block-image size-full\"><img fetchpriority=\"high\" decoding=\"async\" width=\"790\" height=\"856\" src=\"https:\/\/www.hg-cooker.com\/wp-content\/uploads\/2024\/07\/stainless-steel-cookware-set-size-1.webp\" alt=\"batterie de cuisine en acier inoxydable taille (1)\" class=\"wp-image-4660\" srcset=\"https:\/\/www.hg-cooker.com\/wp-content\/uploads\/2024\/07\/stainless-steel-cookware-set-size-1.webp 790w, https:\/\/www.hg-cooker.com\/wp-content\/uploads\/2024\/07\/stainless-steel-cookware-set-size-1-138x150.webp 138w, https:\/\/www.hg-cooker.com\/wp-content\/uploads\/2024\/07\/stainless-steel-cookware-set-size-1-609x660.webp 609w, https:\/\/www.hg-cooker.com\/wp-content\/uploads\/2024\/07\/stainless-steel-cookware-set-size-1-277x300.webp 277w, https:\/\/www.hg-cooker.com\/wp-content\/uploads\/2024\/07\/stainless-steel-cookware-set-size-1-768x832.webp 768w, https:\/\/www.hg-cooker.com\/wp-content\/uploads\/2024\/07\/stainless-steel-cookware-set-size-1-11x12.webp 11w, https:\/\/www.hg-cooker.com\/wp-content\/uploads\/2024\/07\/stainless-steel-cookware-set-size-1-285x309.webp 285w\" sizes=\"(max-width: 790px) 100vw, 790px\" \/><\/figure>\n<\/div>\n\n\n\n<div class=\"wp-block-column is-layout-flow wp-block-column-is-layout-flow\">\n<figure class=\"wp-block-image size-full\"><img decoding=\"async\" width=\"790\" height=\"856\" src=\"https:\/\/www.hg-cooker.com\/wp-content\/uploads\/2024\/07\/stainless-steel-cookware-set-size-2.webp\" alt=\"batterie de cuisine en acier inoxydable taille (2)\" class=\"wp-image-4661\" srcset=\"https:\/\/www.hg-cooker.com\/wp-content\/uploads\/2024\/07\/stainless-steel-cookware-set-size-2.webp 790w, https:\/\/www.hg-cooker.com\/wp-content\/uploads\/2024\/07\/stainless-steel-cookware-set-size-2-138x150.webp 138w, https:\/\/www.hg-cooker.com\/wp-content\/uploads\/2024\/07\/stainless-steel-cookware-set-size-2-609x660.webp 609w, https:\/\/www.hg-cooker.com\/wp-content\/uploads\/2024\/07\/stainless-steel-cookware-set-size-2-277x300.webp 277w, https:\/\/www.hg-cooker.com\/wp-content\/uploads\/2024\/07\/stainless-steel-cookware-set-size-2-768x832.webp 768w, https:\/\/www.hg-cooker.com\/wp-content\/uploads\/2024\/07\/stainless-steel-cookware-set-size-2-11x12.webp 11w, https:\/\/www.hg-cooker.com\/wp-content\/uploads\/2024\/07\/stainless-steel-cookware-set-size-2-285x309.webp 285w\" sizes=\"(max-width: 790px) 100vw, 790px\" \/><\/figure>\n<\/div>\n<\/div>","protected":false},"excerpt":{"rendered":"<p>Le corps de la batterie de cuisine est en acier inoxydable 304 \u00e9paissi, le fond de la batterie est en acier inoxydable \u00e0 trois couches, ce qui am\u00e9liore les performances de cuisson sur diverses cuisini\u00e8res (y compris les cuisini\u00e8res \u00e0 induction). L'ensemble comprend une marmite \u00e0 rago\u00fbt et une marmite \u00e0 soupe, convenant \u00e0 un usage domestique et commercial. N'h\u00e9sitez pas \u00e0 nous contacter.<\/p>\n<h2>Caract\u00e9ristiques des batteries de cuisine en acier inoxydable \u00e9paissi<\/h2>\n<div>\n<p><strong>Convient \u00e0 plusieurs po\u00eales :<\/strong> Le fond de l'ustensile de cuisine en acier inoxydable \u00e0 trois couches est en acier inoxydable composite \u00e0 trois couches, ce qui lui permet de s'adapter \u00e0 de multiples m\u00e9thodes de chauffage telles que les cuisini\u00e8res \u00e0 induction, les cuisini\u00e8res \u00e0 gaz, les cuisini\u00e8res \u00e9lectriques, etc. et de r\u00e9pondre \u00e0 diff\u00e9rents besoins en mati\u00e8re de cuisine.<\/p>\n<p><strong>Acier inoxydable 304 de qualit\u00e9 alimentaire :<\/strong> La batterie de cuisine utilise de l'acier inoxydable 304 de qualit\u00e9 alimentaire, qui ne contient pas de substances nocives, est s\u00fbr et non toxique, et garantit la sant\u00e9 du processus de cuisson.<\/p>\n<p><strong>Large \u00e9ventail d'utilisations :<\/strong> L'ensemble d'ustensiles de cuisine comprend une marmite \u00e0 soupe, une marmite \u00e0 rago\u00fbt et une casserole, qui conviennent pour frire, sauter, bouillir, rago\u00fbt et autres m\u00e9thodes de cuisson, offrant ainsi un support de cuisson complet pour les cuisines domestiques.<\/p>\n<p><strong>Conception ergonomique :<\/strong> Les casseroles sont \u00e9quip\u00e9es de larges poign\u00e9es aux deux extr\u00e9mit\u00e9s, qui sont agr\u00e9ables \u00e0 tenir et ne glissent pas facilement, ce qui facilite le d\u00e9placement des casseroles pendant la cuisson.<\/p>\n<p><strong>Support OEM et ODM :<\/strong> Nous proposons des services professionnels de personnalisation des ustensiles de cuisine (OEM et ODM) et pouvons concevoir des ustensiles de cuisine uniques en termes d'aspect, de taille et de fonctions, en fonction des besoins des clients.<\/p>\n<\/div>","protected":false},"featured_media":4655,"comment_status":"closed","ping_status":"closed","template":"","meta":[],"product_brand":[],"product_cat":[52],"product_tag":[],"class_list":{"0":"post-3944","1":"product","2":"type-product","3":"status-publish","4":"has-post-thumbnail","6":"product_cat-stainless-steel-cookware","8":"first","9":"instock","10":"shipping-taxable","11":"product-type-simple"},"_links":{"self":[{"href":"https:\/\/www.hg-cooker.com\/fr\/wp-json\/wp\/v2\/product\/3944","targetHints":{"allow":["GET"]}}],"collection":[{"href":"https:\/\/www.hg-cooker.com\/fr\/wp-json\/wp\/v2\/product"}],"about":[{"href":"https:\/\/www.hg-cooker.com\/fr\/wp-json\/wp\/v2\/types\/product"}],"replies":[{"embeddable":true,"href":"https:\/\/www.hg-cooker.com\/fr\/wp-json\/wp\/v2\/comments?post=3944"}],"wp:featuredmedia":[{"embeddable":true,"href":"https:\/\/www.hg-cooker.com\/fr\/wp-json\/wp\/v2\/media\/4655"}],"wp:attachment":[{"href":"https:\/\/www.hg-cooker.com\/fr\/wp-json\/wp\/v2\/media?parent=3944"}],"wp:term":[{"taxonomy":"product_brand","embeddable":true,"href":"https:\/\/www.hg-cooker.com\/fr\/wp-json\/wp\/v2\/product_brand?post=3944"},{"taxonomy":"product_cat","embeddable":true,"href":"https:\/\/www.hg-cooker.com\/fr\/wp-json\/wp\/v2\/product_cat?post=3944"},{"taxonomy":"product_tag","embeddable":true,"href":"https:\/\/www.hg-cooker.com\/fr\/wp-json\/wp\/v2\/product_tag?post=3944"}],"curies":[{"name":"wp","href":"https:\/\/api.w.org\/{rel}","templated":true}]}}