{"id":3934,"date":"2025-09-02T15:33:57","date_gmt":"2025-09-02T15:33:57","guid":{"rendered":"https:\/\/www.hg-cooker.com\/?post_type=product&#038;p=3934"},"modified":"2025-09-13T02:04:54","modified_gmt":"2025-09-13T02:04:54","slug":"pot-a-lait-bouillant-en-acier-inoxydable-wholesale-4","status":"publish","type":"product","link":"https:\/\/www.hg-cooker.com\/fr\/produit\/pot-a-lait-bouillant-en-acier-inoxydable-wholesale-4\/","title":{"rendered":"Wholesale Non-Stick Tri Ply Stainless Steel Wok with Steamer and Lid - Hengguang Cookware Manufacturer"},"content":{"rendered":"<div class=\"wp-block-columns is-layout-flex wp-container-core-columns-is-layout-9d6595d7 wp-block-columns-is-layout-flex\">\n<div class=\"wp-block-column is-layout-flow wp-block-column-is-layout-flow\">\n<h3 class=\"wp-block-heading\">Param\u00e8tres du wok antiadh\u00e9sif en acier inoxydable Tri Ply<\/h3>\n\n\n\n<figure class=\"wp-block-table\"><table class=\"has-fixed-layout\"><tbody><tr><td>Nom du produit<\/td><td>Po\u00eale \u00e0 frire en acier inoxydable composite tripl\u00e9<\/td><\/tr><tr><td>Mat\u00e9riau du produit<\/td><td>Acier inoxydable 304 et acier composite \u00e0 trois couches<\/td><\/tr><tr><td>R\u00e9chaud adapt\u00e9<\/td><td>Cuisini\u00e8re radiante \/ Four halog\u00e8ne \/ Cuisini\u00e8re \u00e0 gaz \/ Cuisini\u00e8re \u00e0 induction<\/td><\/tr><\/tbody><\/table><\/figure>\n\n\n\n<h3 class=\"wp-block-heading\">Option d'ustensiles de cuisine personnalis\u00e9s<\/h3>\n\n\n\n<figure class=\"wp-block-table\"><table class=\"has-fixed-layout\"><tbody><tr><td>Option personnalis\u00e9e<\/td><td>D\u00e9tails<\/td><\/tr><tr><td>Logo<\/td><td>Personnalisez le logo de votre marque sur le produit et l'emballage.<\/td><\/tr><tr><td>Mat\u00e9riau<\/td><td>Acier Triply \/ Acier inoxydable 304 \/ Acier inoxydable 316<\/td><\/tr><tr><td>Rev\u00eatement<\/td><td>Acier Acier \/ Nid d'abeille Rev\u00eatement physique antiadh\u00e9sif<\/td><\/tr><tr><td>Taille<\/td><td>Adapter la taille des po\u00eales \u00e0 frire<\/td><\/tr><tr><td>Paquet<\/td><td>Carton \/ Bo\u00eete de couleur<\/td><\/tr><\/tbody><\/table><\/figure>\n<\/div>\n<\/div>\n\n\n\n<div class=\"wp-block-columns is-layout-flex wp-container-core-columns-is-layout-9d6595d7 wp-block-columns-is-layout-flex\">\n<div class=\"wp-block-column is-layout-flow wp-block-column-is-layout-flow\">\n<figure class=\"wp-block-image size-full\"><img fetchpriority=\"high\" decoding=\"async\" width=\"790\" height=\"1029\" src=\"https:\/\/www.hg-cooker.com\/wp-content\/uploads\/2024\/07\/Non-stick-tri-ply-stainless-steel-wok-details-1.webp\" alt=\"Wok antiadh\u00e9sif en acier inoxydable tripl\u00e9 d\u00e9tails (1)\" class=\"wp-image-5373\" srcset=\"https:\/\/www.hg-cooker.com\/wp-content\/uploads\/2024\/07\/Non-stick-tri-ply-stainless-steel-wok-details-1.webp 790w, https:\/\/www.hg-cooker.com\/wp-content\/uploads\/2024\/07\/Non-stick-tri-ply-stainless-steel-wok-details-1-115x150.webp 115w, https:\/\/www.hg-cooker.com\/wp-content\/uploads\/2024\/07\/Non-stick-tri-ply-stainless-steel-wok-details-1-507x660.webp 507w, https:\/\/www.hg-cooker.com\/wp-content\/uploads\/2024\/07\/Non-stick-tri-ply-stainless-steel-wok-details-1-230x300.webp 230w, https:\/\/www.hg-cooker.com\/wp-content\/uploads\/2024\/07\/Non-stick-tri-ply-stainless-steel-wok-details-1-768x1000.webp 768w, https:\/\/www.hg-cooker.com\/wp-content\/uploads\/2024\/07\/Non-stick-tri-ply-stainless-steel-wok-details-1-9x12.webp 9w, https:\/\/www.hg-cooker.com\/wp-content\/uploads\/2024\/07\/Non-stick-tri-ply-stainless-steel-wok-details-1-285x371.webp 285w\" sizes=\"(max-width: 790px) 100vw, 790px\" \/><\/figure>\n<\/div>\n\n\n\n<div class=\"wp-block-column is-layout-flow wp-block-column-is-layout-flow\">\n<figure class=\"wp-block-image size-full\"><img decoding=\"async\" width=\"790\" height=\"1029\" src=\"https:\/\/www.hg-cooker.com\/wp-content\/uploads\/2024\/07\/Non-stick-tri-ply-stainless-steel-wok-details-2.webp\" alt=\"Wok antiadh\u00e9sif en acier inoxydable tripl\u00e9 d\u00e9tails (2)\" class=\"wp-image-5374\" srcset=\"https:\/\/www.hg-cooker.com\/wp-content\/uploads\/2024\/07\/Non-stick-tri-ply-stainless-steel-wok-details-2.webp 790w, https:\/\/www.hg-cooker.com\/wp-content\/uploads\/2024\/07\/Non-stick-tri-ply-stainless-steel-wok-details-2-115x150.webp 115w, https:\/\/www.hg-cooker.com\/wp-content\/uploads\/2024\/07\/Non-stick-tri-ply-stainless-steel-wok-details-2-507x660.webp 507w, https:\/\/www.hg-cooker.com\/wp-content\/uploads\/2024\/07\/Non-stick-tri-ply-stainless-steel-wok-details-2-230x300.webp 230w, https:\/\/www.hg-cooker.com\/wp-content\/uploads\/2024\/07\/Non-stick-tri-ply-stainless-steel-wok-details-2-768x1000.webp 768w, https:\/\/www.hg-cooker.com\/wp-content\/uploads\/2024\/07\/Non-stick-tri-ply-stainless-steel-wok-details-2-9x12.webp 9w, https:\/\/www.hg-cooker.com\/wp-content\/uploads\/2024\/07\/Non-stick-tri-ply-stainless-steel-wok-details-2-285x371.webp 285w\" sizes=\"(max-width: 790px) 100vw, 790px\" \/><\/figure>\n<\/div>\n<\/div>","protected":false},"excerpt":{"rendered":"<p>Wok antiadh\u00e9sif en gros en acier inoxydable \u00e0 trois couches. La surface int\u00e9rieure est recouverte d'un rev\u00eatement physique antiadh\u00e9sif. L'ensemble pr\u00e9sente une bonne conductivit\u00e9 thermique et des propri\u00e9t\u00e9s antiadh\u00e9sives, ce qui convient parfaitement aux t\u00e2ches culinaires telles que la friture et la cuisson \u00e0 l'\u00e9touff\u00e9e. \u00c9quip\u00e9 d'un cuiseur \u00e0 vapeur amovible, il peut effectuer deux types de cuisson en m\u00eame temps, ce qui convient aux cuisines domestiques et aux restaurants. N'h\u00e9sitez pas \u00e0 nous contacter.<\/p>\n<h3>Caract\u00e9ristiques du wok antiadh\u00e9sif en acier inoxydable Tri-Ply<\/h3>\n<div>\n<p><strong>Cuisson efficace :<\/strong> Le corps du wok est en acier inoxydable triple, qui pr\u00e9sente une meilleure conductivit\u00e9 thermique que les ustensiles de cuisine ordinaires et r\u00e9chauffe les aliments de mani\u00e8re uniforme pendant la cuisson.<\/p>\n<p><strong>Durable :<\/strong> La paroi int\u00e9rieure du wok est recouverte d'un solide rev\u00eatement en nid d'abeille, qui ne colle pas \u00e0 la casserole et ne craint pas d'\u00eatre ray\u00e9 par la spatule, et qui est tr\u00e8s durable.<\/p>\n<p><strong>Couvercle en verre tremp\u00e9 :<\/strong> \u00c9quip\u00e9 d'un couvercle en verre tremp\u00e9 qui r\u00e9siste aux chutes, aux temp\u00e9ratures \u00e9lev\u00e9es et ne se brise pas facilement, il est plus s\u00fbr \u00e0 utiliser.<\/p>\n<p><strong>Polyvalent :<\/strong> Convient aux m\u00e9thodes de cuisson telles que la friture, le saut\u00e9 et la cuisson \u00e0 l'\u00e9touff\u00e9e, et convient \u00e0 une vari\u00e9t\u00e9 de types de cuisini\u00e8res telles que les cuisini\u00e8res \u00e0 induction, les cuisini\u00e8res \u00e0 gaz et les cuisini\u00e8res \u00e0 rayonnement.<\/p>\n<p><strong>Solutions personnalis\u00e9es en mati\u00e8re d'ustensiles de cuisine :<\/strong> En tant que fabricant professionnel d'ustensiles de cuisine, Hengguang propose des solutions personnalis\u00e9es pour les ustensiles de cuisine, notamment en ce qui concerne les tailles, les rev\u00eatements, les accessoires et les poign\u00e9es.<\/p>\n<\/div>","protected":false},"featured_media":5369,"comment_status":"closed","ping_status":"closed","template":"","meta":[],"product_brand":[],"product_cat":[52],"product_tag":[],"class_list":{"0":"post-3934","1":"product","2":"type-product","3":"status-publish","4":"has-post-thumbnail","6":"product_cat-stainless-steel-cookware","8":"first","9":"instock","10":"shipping-taxable","11":"product-type-simple"},"_links":{"self":[{"href":"https:\/\/www.hg-cooker.com\/fr\/wp-json\/wp\/v2\/product\/3934","targetHints":{"allow":["GET"]}}],"collection":[{"href":"https:\/\/www.hg-cooker.com\/fr\/wp-json\/wp\/v2\/product"}],"about":[{"href":"https:\/\/www.hg-cooker.com\/fr\/wp-json\/wp\/v2\/types\/product"}],"replies":[{"embeddable":true,"href":"https:\/\/www.hg-cooker.com\/fr\/wp-json\/wp\/v2\/comments?post=3934"}],"wp:featuredmedia":[{"embeddable":true,"href":"https:\/\/www.hg-cooker.com\/fr\/wp-json\/wp\/v2\/media\/5369"}],"wp:attachment":[{"href":"https:\/\/www.hg-cooker.com\/fr\/wp-json\/wp\/v2\/media?parent=3934"}],"wp:term":[{"taxonomy":"product_brand","embeddable":true,"href":"https:\/\/www.hg-cooker.com\/fr\/wp-json\/wp\/v2\/product_brand?post=3934"},{"taxonomy":"product_cat","embeddable":true,"href":"https:\/\/www.hg-cooker.com\/fr\/wp-json\/wp\/v2\/product_cat?post=3934"},{"taxonomy":"product_tag","embeddable":true,"href":"https:\/\/www.hg-cooker.com\/fr\/wp-json\/wp\/v2\/product_tag?post=3934"}],"curies":[{"name":"wp","href":"https:\/\/api.w.org\/{rel}","templated":true}]}}