{"id":3913,"date":"2025-09-09T10:22:51","date_gmt":"2025-09-09T10:22:51","guid":{"rendered":"https:\/\/www.hg-cooker.com\/?post_type=product&#038;p=3913"},"modified":"2025-09-13T01:42:48","modified_gmt":"2025-09-13T01:42:48","slug":"pot-a-lait-bouillant-en-acier-inoxydable-wholesale-3","status":"publish","type":"product","link":"https:\/\/www.hg-cooker.com\/fr\/produit\/pot-a-lait-bouillant-en-acier-inoxydable-wholesale-3\/","title":{"rendered":"Wholesale Commercial Stainless Steel Cookware Sets\uff0c3 Piece Cookware Set Factory Direct Sales"},"content":{"rendered":"<div class=\"wp-block-columns is-layout-flex wp-container-core-columns-is-layout-9d6595d7 wp-block-columns-is-layout-flex\">\n<div class=\"wp-block-column is-layout-flow wp-block-column-is-layout-flow\">\n<h3 class=\"wp-block-heading\">Param\u00e8tres des batteries de cuisine commerciales<\/h3>\n\n\n\n<figure class=\"wp-block-table\"><table class=\"has-fixed-layout\"><tbody><tr><td>Nom du produit<\/td><td>Batterie de cuisine commerciale en acier inoxydable Tri Ply<\/td><\/tr><tr><td>Mat\u00e9riau du produit<\/td><td>Acier inoxydable 304 et fond en acier inoxydable composite tripl\u00e9<\/td><\/tr><tr><td>Po\u00eales adapt\u00e9s<\/td><td>Cuisini\u00e8re radiante, four halog\u00e8ne, cuisini\u00e8re \u00e0 gaz, cuisini\u00e8re \u00e0 induction<\/td><\/tr><\/tbody><\/table><\/figure>\n\n\n\n<h3 class=\"wp-block-heading\">Options des batteries de cuisine sur mesure<\/h3>\n\n\n\n<p>Logo : Personnalisez le logo de votre marque sur le produit et l'emballage.<\/p>\n\n\n\n<p>Taille : Personnaliser la taille des ustensiles de cuisine<\/p>\n\n\n\n<p>Emballage : carton\/bo\u00eete de couleur.<\/p>\n\n\n\n<p><a href=\"https:\/\/www.hg-cooker.com\/fr\/custom-solution\/\" data-type=\"page\" data-id=\"2793\" target=\"_blank\" rel=\"noreferrer noopener\">D\u00e9couvrez d'autres solutions d'ustensiles de cuisine personnalis\u00e9s. <\/a><\/p>\n<\/div>\n<\/div>\n\n\n\n<div class=\"wp-block-columns is-layout-flex wp-container-core-columns-is-layout-9d6595d7 wp-block-columns-is-layout-flex\">\n<div class=\"wp-block-column is-layout-flow wp-block-column-is-layout-flow\">\n<figure class=\"wp-block-image size-full\"><img fetchpriority=\"high\" decoding=\"async\" width=\"790\" height=\"1000\" src=\"https:\/\/www.hg-cooker.com\/wp-content\/uploads\/2024\/07\/Commercial-Cookware-Set-Detail-1.jpg\" alt=\"Batterie de cuisine commerciale D\u00e9tail (1)\" class=\"wp-image-4674\" srcset=\"https:\/\/www.hg-cooker.com\/wp-content\/uploads\/2024\/07\/Commercial-Cookware-Set-Detail-1.jpg 790w, https:\/\/www.hg-cooker.com\/wp-content\/uploads\/2024\/07\/Commercial-Cookware-Set-Detail-1-119x150.jpg 119w, https:\/\/www.hg-cooker.com\/wp-content\/uploads\/2024\/07\/Commercial-Cookware-Set-Detail-1-521x660.jpg 521w, https:\/\/www.hg-cooker.com\/wp-content\/uploads\/2024\/07\/Commercial-Cookware-Set-Detail-1-237x300.jpg 237w, https:\/\/www.hg-cooker.com\/wp-content\/uploads\/2024\/07\/Commercial-Cookware-Set-Detail-1-768x972.jpg 768w, https:\/\/www.hg-cooker.com\/wp-content\/uploads\/2024\/07\/Commercial-Cookware-Set-Detail-1-9x12.jpg 9w, https:\/\/www.hg-cooker.com\/wp-content\/uploads\/2024\/07\/Commercial-Cookware-Set-Detail-1-285x361.jpg 285w\" sizes=\"(max-width: 790px) 100vw, 790px\" \/><\/figure>\n<\/div>\n\n\n\n<div class=\"wp-block-column is-layout-flow wp-block-column-is-layout-flow\">\n<figure class=\"wp-block-image size-full\"><img decoding=\"async\" width=\"790\" height=\"1000\" src=\"https:\/\/www.hg-cooker.com\/wp-content\/uploads\/2024\/07\/Commercial-Cookware-Set-Detail-2.jpg\" alt=\"Batterie de cuisine commerciale D\u00e9tail (2)\" class=\"wp-image-4675\" srcset=\"https:\/\/www.hg-cooker.com\/wp-content\/uploads\/2024\/07\/Commercial-Cookware-Set-Detail-2.jpg 790w, https:\/\/www.hg-cooker.com\/wp-content\/uploads\/2024\/07\/Commercial-Cookware-Set-Detail-2-119x150.jpg 119w, https:\/\/www.hg-cooker.com\/wp-content\/uploads\/2024\/07\/Commercial-Cookware-Set-Detail-2-521x660.jpg 521w, https:\/\/www.hg-cooker.com\/wp-content\/uploads\/2024\/07\/Commercial-Cookware-Set-Detail-2-237x300.jpg 237w, https:\/\/www.hg-cooker.com\/wp-content\/uploads\/2024\/07\/Commercial-Cookware-Set-Detail-2-768x972.jpg 768w, https:\/\/www.hg-cooker.com\/wp-content\/uploads\/2024\/07\/Commercial-Cookware-Set-Detail-2-9x12.jpg 9w, https:\/\/www.hg-cooker.com\/wp-content\/uploads\/2024\/07\/Commercial-Cookware-Set-Detail-2-285x361.jpg 285w\" sizes=\"(max-width: 790px) 100vw, 790px\" \/><\/figure>\n<\/div>\n<\/div>","protected":false},"excerpt":{"rendered":"<p>Des batteries de cuisine commerciales en acier inoxydable en gros pour r\u00e9pondre aux besoins d'utilisation intensive des cuisines commerciales telles que les restaurants, les h\u00f4tels et les cha\u00eenes de restauration. Nos batteries de cuisine en gros supportent des quantit\u00e9s minimales de commande et fournissent des solutions de batteries de cuisine personnalis\u00e9es OEM et ODM. N'h\u00e9sitez pas \u00e0 nous contacter.<\/p>\n<h3>Caract\u00e9ristiques des batteries de cuisine commerciales en acier inoxydable<\/h3>\n<div>\n<p><strong>Applicable aux cuisines commerciales :<\/strong> Cette batterie de cuisine en acier inoxydable est fabriqu\u00e9e en acier inoxydable \u00e9paissi de haute qualit\u00e9, qui pr\u00e9sente une forte r\u00e9sistance \u00e0 la d\u00e9formation et peut supporter des temp\u00e9ratures \u00e9lev\u00e9es pendant longtemps. Elle peut r\u00e9sister \u00e0 une utilisation intensive dans les cuisines commerciales.<\/p>\n<p><strong>Facile \u00e0 nettoyer :<\/strong> Cette batterie de cuisine commerciale est dot\u00e9e d'une paroi int\u00e9rieure polie miroir, plus facile \u00e0 nettoyer et compatible avec les lave-vaisselle commerciaux, ce qui am\u00e9liore l'efficacit\u00e9 du travail.<\/p>\n<p><strong>Couvercle en verre tremp\u00e9 :<\/strong> \u00c9quip\u00e9 d'un couvercle en verre tremp\u00e9 r\u00e9sistant aux hautes temp\u00e9ratures et non explosif, il peut \u00eatre utilis\u00e9 en toute s\u00e9curit\u00e9 pendant une longue p\u00e9riode, ce qui permet au chef d'observer l'\u00e9tat de la cuisson \u00e0 tout moment.<\/p>\n<p><strong>Diverses combinaisons :<\/strong> L'ensemble comprend une vari\u00e9t\u00e9 de tailles (marmites \u00e0 soupe, marmites \u00e0 lait, marmites \u00e0 rago\u00fbt) pour r\u00e9pondre aux besoins de cuisson de diff\u00e9rents restaurants commerciaux, et permet de cuisiner des plats chinois et occidentaux, de la cuisson de grands plats \u00e0 la cuisson de sauces.<\/p>\n<p><strong>Services personnalis\u00e9s OEM&amp;ODM :<\/strong> Hennguang fournit des services personnalis\u00e9s aux restaurants, aux h\u00f4tels et aux soci\u00e9t\u00e9s de restauration, en proposant une vari\u00e9t\u00e9 de tailles, de rev\u00eatements et d'options d'emballage, ce qui constitue un choix id\u00e9al pour les h\u00f4tels, les restaurants et les grossistes.<\/p>\n<\/div>","protected":false},"featured_media":4676,"comment_status":"closed","ping_status":"closed","template":"","meta":[],"product_brand":[],"product_cat":[52],"product_tag":[],"class_list":{"0":"post-3913","1":"product","2":"type-product","3":"status-publish","4":"has-post-thumbnail","6":"product_cat-stainless-steel-cookware","8":"first","9":"instock","10":"shipping-taxable","11":"product-type-simple"},"_links":{"self":[{"href":"https:\/\/www.hg-cooker.com\/fr\/wp-json\/wp\/v2\/product\/3913","targetHints":{"allow":["GET"]}}],"collection":[{"href":"https:\/\/www.hg-cooker.com\/fr\/wp-json\/wp\/v2\/product"}],"about":[{"href":"https:\/\/www.hg-cooker.com\/fr\/wp-json\/wp\/v2\/types\/product"}],"replies":[{"embeddable":true,"href":"https:\/\/www.hg-cooker.com\/fr\/wp-json\/wp\/v2\/comments?post=3913"}],"wp:featuredmedia":[{"embeddable":true,"href":"https:\/\/www.hg-cooker.com\/fr\/wp-json\/wp\/v2\/media\/4676"}],"wp:attachment":[{"href":"https:\/\/www.hg-cooker.com\/fr\/wp-json\/wp\/v2\/media?parent=3913"}],"wp:term":[{"taxonomy":"product_brand","embeddable":true,"href":"https:\/\/www.hg-cooker.com\/fr\/wp-json\/wp\/v2\/product_brand?post=3913"},{"taxonomy":"product_cat","embeddable":true,"href":"https:\/\/www.hg-cooker.com\/fr\/wp-json\/wp\/v2\/product_cat?post=3913"},{"taxonomy":"product_tag","embeddable":true,"href":"https:\/\/www.hg-cooker.com\/fr\/wp-json\/wp\/v2\/product_tag?post=3913"}],"curies":[{"name":"wp","href":"https:\/\/api.w.org\/{rel}","templated":true}]}}