{"id":3890,"date":"2025-09-12T07:23:06","date_gmt":"2025-09-12T07:23:06","guid":{"rendered":"https:\/\/www.hg-cooker.com\/?post_type=product&#038;p=3890"},"modified":"2025-09-13T01:31:00","modified_gmt":"2025-09-13T01:31:00","slug":"pot-a-lait-bouillant-en-acier-inoxydable-wholesale-2","status":"publish","type":"product","link":"https:\/\/www.hg-cooker.com\/fr\/produit\/pot-a-lait-bouillant-en-acier-inoxydable-wholesale-2\/","title":{"rendered":"Grossiste pot \u00e0 rago\u00fbt en acier inoxydable de haute qualit\u00e9 - Henguang Kitchen Cookware Manufacturer"},"content":{"rendered":"<div class=\"wp-block-columns is-layout-flex wp-container-core-columns-is-layout-9d6595d7 wp-block-columns-is-layout-flex\">\n<div class=\"wp-block-column is-layout-flow wp-block-column-is-layout-flow\">\n<h3 class=\"wp-block-heading\">Param\u00e8tres du faitout en acier inoxydable<\/h3>\n\n\n\n<figure class=\"wp-block-table\"><table class=\"has-fixed-layout\"><tbody><tr><td>Nom du produit<\/td><td>Marmite en acier inoxydable<\/td><\/tr><tr><td>Sp\u00e9cifications des produits<\/td><td>20cm \/ 22cm \/ 24cm \/ 26cm<\/td><\/tr><tr><td>Mat\u00e9riau du produit<\/td><td>Acier inoxydable 304 et acier composite tripl\u00e9<\/td><\/tr><tr><td>Po\u00eales disponibles<\/td><td>Cuisini\u00e8re radiante \/ Cuisini\u00e8re halog\u00e8ne \/ Cuisini\u00e8re \u00e0 gaz \/ Cuisini\u00e8re \u00e0 induction<\/td><\/tr><\/tbody><\/table><\/figure>\n\n\n\n<h3 class=\"wp-block-heading\">Options d'ustensiles de cuisine personnalis\u00e9s<\/h3>\n\n\n\n<figure class=\"wp-block-table\"><table class=\"has-fixed-layout\"><tbody><tr><td>Options personnalis\u00e9es<\/td><td>D\u00e9tails<\/td><\/tr><tr><td>Logo<\/td><td>Personnalisez le logo de votre marque sur le produit et l'emballage.<\/td><\/tr><tr><td>Mat\u00e9riau<\/td><td>Acier inoxydable Triply\/304 Acier inoxydable\/316 Acier inoxydable<\/td><\/tr><tr><td>Rev\u00eatement<\/td><td>Rev\u00eatement antiadh\u00e9sif\/Nid d'abeille Physiquement antiadh\u00e9sif\/Acier inoxydable (sans rev\u00eatement)<\/td><\/tr><tr><td>Taille<\/td><td>Dimensions personnalis\u00e9es des ustensiles de cuisine<\/td><\/tr><tr><td>Emballage<\/td><td>Carton, bo\u00eete de couleur<\/td><\/tr><\/tbody><\/table><\/figure>\n<\/div>\n<\/div>\n\n\n\n<div class=\"wp-block-columns is-layout-flex wp-container-core-columns-is-layout-9d6595d7 wp-block-columns-is-layout-flex\">\n<div class=\"wp-block-column is-layout-flow wp-block-column-is-layout-flow\">\n<figure class=\"wp-block-image size-full\"><img fetchpriority=\"high\" decoding=\"async\" width=\"790\" height=\"1111\" src=\"https:\/\/www.hg-cooker.com\/wp-content\/uploads\/2024\/07\/stew-pot-detail-no-coating.webp\" alt=\"d\u00e9tail du faitout - sans rev\u00eatement\" class=\"wp-image-4634\" srcset=\"https:\/\/www.hg-cooker.com\/wp-content\/uploads\/2024\/07\/stew-pot-detail-no-coating.webp 790w, https:\/\/www.hg-cooker.com\/wp-content\/uploads\/2024\/07\/stew-pot-detail-no-coating-107x150.webp 107w, https:\/\/www.hg-cooker.com\/wp-content\/uploads\/2024\/07\/stew-pot-detail-no-coating-469x660.webp 469w, https:\/\/www.hg-cooker.com\/wp-content\/uploads\/2024\/07\/stew-pot-detail-no-coating-213x300.webp 213w, https:\/\/www.hg-cooker.com\/wp-content\/uploads\/2024\/07\/stew-pot-detail-no-coating-768x1080.webp 768w, https:\/\/www.hg-cooker.com\/wp-content\/uploads\/2024\/07\/stew-pot-detail-no-coating-9x12.webp 9w, https:\/\/www.hg-cooker.com\/wp-content\/uploads\/2024\/07\/stew-pot-detail-no-coating-285x401.webp 285w\" sizes=\"(max-width: 790px) 100vw, 790px\" \/><\/figure>\n<\/div>\n\n\n\n<div class=\"wp-block-column is-layout-flow wp-block-column-is-layout-flow\">\n<figure class=\"wp-block-image size-full\"><img decoding=\"async\" width=\"790\" height=\"1111\" src=\"https:\/\/www.hg-cooker.com\/wp-content\/uploads\/2024\/07\/stew-pot-detail-tempered-glass-lid.webp\" alt=\"d\u00e9tail du faitout - couvercle en verre tremp\u00e9\" class=\"wp-image-4635\" srcset=\"https:\/\/www.hg-cooker.com\/wp-content\/uploads\/2024\/07\/stew-pot-detail-tempered-glass-lid.webp 790w, https:\/\/www.hg-cooker.com\/wp-content\/uploads\/2024\/07\/stew-pot-detail-tempered-glass-lid-107x150.webp 107w, https:\/\/www.hg-cooker.com\/wp-content\/uploads\/2024\/07\/stew-pot-detail-tempered-glass-lid-469x660.webp 469w, https:\/\/www.hg-cooker.com\/wp-content\/uploads\/2024\/07\/stew-pot-detail-tempered-glass-lid-213x300.webp 213w, https:\/\/www.hg-cooker.com\/wp-content\/uploads\/2024\/07\/stew-pot-detail-tempered-glass-lid-768x1080.webp 768w, https:\/\/www.hg-cooker.com\/wp-content\/uploads\/2024\/07\/stew-pot-detail-tempered-glass-lid-9x12.webp 9w, https:\/\/www.hg-cooker.com\/wp-content\/uploads\/2024\/07\/stew-pot-detail-tempered-glass-lid-285x401.webp 285w\" sizes=\"(max-width: 790px) 100vw, 790px\" \/><\/figure>\n<\/div>\n<\/div>","protected":false},"excerpt":{"rendered":"<p>Hengguang est un fabricant professionnel d'ustensiles de cuisine. Nous proposons \u00e0 la vente des faitouts en acier inoxydable de haute qualit\u00e9. Cette marmite convient parfaitement \u00e0 la cuisson de la soupe, de la viande, des l\u00e9gumes, etc. et peut \u00eatre utilis\u00e9e dans les cuisines commerciales ou les cuisines domestiques. Nous fournissons en gros des marmites en acier inoxydable \u00e0 des prix d'usine, n'h\u00e9sitez pas \u00e0 nous contacter.<\/p>\n<h3>Caract\u00e9ristiques du faitout en acier inoxydable<\/h3>\n<div>\n<p><strong>Mod\u00e8le non couch\u00e9 :<\/strong> Ce faitout en acier inoxydable n'a pas de rev\u00eatement, ce qui le rend plus durable et adapt\u00e9 aux cuisines commerciales fr\u00e9quemment utilis\u00e9es, et permet de conserver la saveur naturelle des ingr\u00e9dients.<\/p>\n<p><strong>Convient \u00e0 diff\u00e9rents types de po\u00eales :<\/strong> Ce faitout en acier inoxydable peut \u00eatre adapt\u00e9 \u00e0 diff\u00e9rents types de cuisini\u00e8res, y compris les cuisini\u00e8res \u00e0 rayonnement, les cuisini\u00e8res halog\u00e8nes, les cuisini\u00e8res \u00e0 gaz et les cuisini\u00e8res \u00e0 induction, etc., pour r\u00e9pondre \u00e0 diff\u00e9rents sc\u00e9narios d'utilisation.<\/p>\n<p><strong>Mat\u00e9riau en acier inoxydable \u00e0 trois plis :<\/strong> Le faitout est compos\u00e9 de trois couches d'acier inoxydable, et la combinaison de la couche ext\u00e9rieure d'acier inoxydable et d'aluminium augmente la conductivit\u00e9 de la chaleur et la durabilit\u00e9 du faitout.<\/p>\n<p><strong>Couvercle en verre en acier composite :<\/strong> \u00c9quip\u00e9 d'un couvercle en verre r\u00e9sistant aux hautes temp\u00e9ratures, il peut supporter la cuisson \u00e0 haute temp\u00e9rature et \u00e9viter le risque de fissuration du couvercle en verre. La conception transparente vous permet d'observer facilement les changements dans les aliments pendant la cuisson.<\/p>\n<p><strong>Service OEM&amp;ODM :<\/strong> Hengguang est un fabricant chinois d'ustensiles de cuisine. Nous proposons des solutions personnalis\u00e9es OEM et ODM pour r\u00e9pondre \u00e0 vos achats en gros et \u00e0 vos conceptions personnalis\u00e9es gr\u00e2ce \u00e0 nos fortes capacit\u00e9s de production.<\/p>\n<p><a href=\"https:\/\/www.hg-cooker.com\/fr\/custom-sulution\/\" target=\"_blank\" rel=\"noopener\"><strong>En savoir plus sur les solutions d'ustensiles de cuisine sur mesure.<\/strong><\/a><\/p>\n<\/div>","protected":false},"featured_media":4636,"comment_status":"open","ping_status":"closed","template":"","meta":[],"product_brand":[],"product_cat":[52],"product_tag":[],"class_list":{"0":"post-3890","1":"product","2":"type-product","3":"status-publish","4":"has-post-thumbnail","6":"product_cat-stainless-steel-cookware","8":"first","9":"instock","10":"shipping-taxable","11":"product-type-simple"},"_links":{"self":[{"href":"https:\/\/www.hg-cooker.com\/fr\/wp-json\/wp\/v2\/product\/3890","targetHints":{"allow":["GET"]}}],"collection":[{"href":"https:\/\/www.hg-cooker.com\/fr\/wp-json\/wp\/v2\/product"}],"about":[{"href":"https:\/\/www.hg-cooker.com\/fr\/wp-json\/wp\/v2\/types\/product"}],"replies":[{"embeddable":true,"href":"https:\/\/www.hg-cooker.com\/fr\/wp-json\/wp\/v2\/comments?post=3890"}],"wp:featuredmedia":[{"embeddable":true,"href":"https:\/\/www.hg-cooker.com\/fr\/wp-json\/wp\/v2\/media\/4636"}],"wp:attachment":[{"href":"https:\/\/www.hg-cooker.com\/fr\/wp-json\/wp\/v2\/media?parent=3890"}],"wp:term":[{"taxonomy":"product_brand","embeddable":true,"href":"https:\/\/www.hg-cooker.com\/fr\/wp-json\/wp\/v2\/product_brand?post=3890"},{"taxonomy":"product_cat","embeddable":true,"href":"https:\/\/www.hg-cooker.com\/fr\/wp-json\/wp\/v2\/product_cat?post=3890"},{"taxonomy":"product_tag","embeddable":true,"href":"https:\/\/www.hg-cooker.com\/fr\/wp-json\/wp\/v2\/product_tag?post=3890"}],"curies":[{"name":"wp","href":"https:\/\/api.w.org\/{rel}","templated":true}]}}