{"id":3467,"date":"2025-09-08T14:46:06","date_gmt":"2025-09-08T14:46:06","guid":{"rendered":"https:\/\/www.hg-cooker.com\/?post_type=product&#038;p=3467"},"modified":"2025-09-13T01:39:33","modified_gmt":"2025-09-13T01:39:33","slug":"pot-a-lait-bouillant-en-acier-inoxydable-wholesale","status":"publish","type":"product","link":"https:\/\/www.hg-cooker.com\/fr\/produit\/pot-a-lait-bouillant-en-acier-inoxydable-wholesale\/","title":{"rendered":"Pot \u00e0 lait en acier inoxydable tripl\u00e9 - Fabricant d'ustensiles de cuisine Hengguang"},"content":{"rendered":"<h3 class=\"wp-block-heading\">Param\u00e8tres du pot \u00e0 lait en acier inoxydable<\/h3>\n\n\n\n<figure class=\"wp-block-table\"><table class=\"has-fixed-layout\"><tbody><tr><td>Nom du produit<\/td><td>Pot \u00e0 lait en acier composite 304<\/td><\/tr><tr><td>Sp\u00e9cifications des produits<\/td><td>14cm \/ 16cm \/ 18cm<\/td><\/tr><tr><td>Mat\u00e9riau<\/td><td>Acier inoxydable 304 et acier inoxydable composite tripl\u00e9<\/td><\/tr><tr><td>R\u00e9chaud adapt\u00e9<\/td><td>Cuisini\u00e8re radiante \/ Four halog\u00e8ne \/ Cuisini\u00e8re \u00e0 gaz \/ Cuisini\u00e8re \u00e0 induction<\/td><\/tr><\/tbody><\/table><\/figure>\n\n\n\n<figure class=\"wp-block-table\"><table><tbody><tr><td>Tailles<\/td><td>Diam\u00e8tre ext\u00e9rieur<\/td><td>Diam\u00e8tre int\u00e9rieur<\/td><td>Longueur du manche<\/td><td>Hauteur du corps du pot<\/td><td>Diam\u00e8tre de chauffe<\/td><td>Poids net<\/td><\/tr><tr><td>Pot \u00e0 lait de 14 cm<\/td><td>15,5 cm<\/td><td>14cm<\/td><td>16,2 cm<\/td><td>8,1 cm<\/td><td>13cm<\/td><td>0,80 kg<\/td><\/tr><tr><td>Pot \u00e0 lait de 16 cm<\/td><td>17.5cm<\/td><td>16cm<\/td><td>16,2 cm<\/td><td>8,3 cm<\/td><td>14.5cm<\/td><td>0,97 kg<\/td><\/tr><tr><td>Pot \u00e0 lait de 18 cm<\/td><td>19.5cm<\/td><td>18cm<\/td><td>16,2 cm<\/td><td>9.1cm<\/td><td>16,5 cm<\/td><td>1,13 kg<\/td><\/tr><\/tbody><\/table><figcaption class=\"wp-element-caption\">Pot \u00e0 lait en acier inoxydable <\/figcaption><\/figure>\n\n\n\n<h3 class=\"wp-block-heading\">Options de pot \u00e0 lait en acier inoxydable personnalis\u00e9es<\/h3>\n\n\n\n<figure class=\"wp-block-table\"><table class=\"has-fixed-layout\"><tbody><tr><td>Options personnalis\u00e9es<\/td><td>D\u00e9tails<\/td><\/tr><tr><td>Logo<\/td><td>Personnalisez le logo de votre marque sur le produit et l'emballage.<\/td><\/tr><tr><td>Mat\u00e9riau<\/td><td>Acier inoxydable Triply\/304 Acier inoxydable\/316 Acier inoxydable<\/td><\/tr><tr><td>Rev\u00eatement<\/td><td>Rev\u00eatement antiadh\u00e9sif\/Nid d'abeille Physiquement antiadh\u00e9sif\/Acier inoxydable (sans rev\u00eatement)<\/td><\/tr><tr><td>Taille<\/td><td>Dimensions personnalis\u00e9es des ustensiles de cuisine<\/td><\/tr><tr><td>Emballage<\/td><td>Carton, bo\u00eete de couleur<\/td><\/tr><\/tbody><\/table><\/figure>\n\n\n\n<div class=\"wp-block-columns is-layout-flex wp-container-core-columns-is-layout-9d6595d7 wp-block-columns-is-layout-flex\">\n<div class=\"wp-block-column is-layout-flow wp-block-column-is-layout-flow\">\n<figure class=\"wp-block-image size-full\"><img fetchpriority=\"high\" decoding=\"async\" width=\"790\" height=\"1062\" src=\"https:\/\/www.hg-cooker.com\/wp-content\/uploads\/2024\/06\/stainless-steel-detail-1.png\" alt=\"d\u00e9tail en acier inoxydable\" class=\"wp-image-4631\" srcset=\"https:\/\/www.hg-cooker.com\/wp-content\/uploads\/2024\/06\/stainless-steel-detail-1.png 790w, https:\/\/www.hg-cooker.com\/wp-content\/uploads\/2024\/06\/stainless-steel-detail-1-112x150.png 112w, https:\/\/www.hg-cooker.com\/wp-content\/uploads\/2024\/06\/stainless-steel-detail-1-491x660.png 491w, https:\/\/www.hg-cooker.com\/wp-content\/uploads\/2024\/06\/stainless-steel-detail-1-223x300.png 223w, https:\/\/www.hg-cooker.com\/wp-content\/uploads\/2024\/06\/stainless-steel-detail-1-768x1032.png 768w, https:\/\/www.hg-cooker.com\/wp-content\/uploads\/2024\/06\/stainless-steel-detail-1-9x12.png 9w, https:\/\/www.hg-cooker.com\/wp-content\/uploads\/2024\/06\/stainless-steel-detail-1-285x383.png 285w\" sizes=\"(max-width: 790px) 100vw, 790px\" \/><\/figure>\n<\/div>\n\n\n\n<div class=\"wp-block-column is-layout-flow wp-block-column-is-layout-flow\">\n<figure class=\"wp-block-image size-full\"><img decoding=\"async\" width=\"790\" height=\"1062\" src=\"https:\/\/www.hg-cooker.com\/wp-content\/uploads\/2024\/06\/stainless-steel-detail.webp\" alt=\"d\u00e9tail en acier inoxydable\" class=\"wp-image-4628\" srcset=\"https:\/\/www.hg-cooker.com\/wp-content\/uploads\/2024\/06\/stainless-steel-detail.webp 790w, https:\/\/www.hg-cooker.com\/wp-content\/uploads\/2024\/06\/stainless-steel-detail-112x150.webp 112w, https:\/\/www.hg-cooker.com\/wp-content\/uploads\/2024\/06\/stainless-steel-detail-491x660.webp 491w, https:\/\/www.hg-cooker.com\/wp-content\/uploads\/2024\/06\/stainless-steel-detail-223x300.webp 223w, https:\/\/www.hg-cooker.com\/wp-content\/uploads\/2024\/06\/stainless-steel-detail-768x1032.webp 768w, https:\/\/www.hg-cooker.com\/wp-content\/uploads\/2024\/06\/stainless-steel-detail-9x12.webp 9w, https:\/\/www.hg-cooker.com\/wp-content\/uploads\/2024\/06\/stainless-steel-detail-285x383.webp 285w\" sizes=\"(max-width: 790px) 100vw, 790px\" \/><\/figure>\n<\/div>\n<\/div>","protected":false},"excerpt":{"rendered":"<p>Pot \u00e0 lait en acier inoxydable de haute qualit\u00e9, le corps de ce pot \u00e0 lait est fait d'acier inoxydable triple, qui peut \u00eatre utilis\u00e9 pour diverses cuisini\u00e8res, y compris les cuisini\u00e8res \u00e0 induction, les cuisini\u00e8res \u00e0 gaz, etc., et peut \u00eatre largement utilis\u00e9 dans les cuisines domestiques, les caf\u00e9s, les restaurants et autres endroits. N'h\u00e9sitez pas \u00e0 nous contacter pour obtenir un devis.<\/p>\n<h2>Caract\u00e9ristiques du pot \u00e0 lait en acier inoxydable Tri Ply<\/h2>\n<div>\n<p><strong>Poign\u00e9e ergonomique :<\/strong> La poign\u00e9e de ce pot \u00e0 lait en acier inoxydable offre une prise en main confortable, ce qui est pratique pour maintenir la stabilit\u00e9 lors du versement du lait et \u00e9viter de glisser ou de s'\u00e9bouillanter.<\/p>\n<p><strong>Facile \u00e0 nettoyer :<\/strong> La paroi int\u00e9rieure du pot \u00e0 lait est polie, la surface est lisse, facile \u00e0 nettoyer, et peut \u00eatre nettoy\u00e9e au lave-vaisselle, ce qui vous permet de gagner du temps.<\/p>\n<p><strong>Mat\u00e9riau respectueux de l'environnement et de la sant\u00e9 :<\/strong> Le lait est fabriqu\u00e9 en acier inoxydable \u00e9paissi de qualit\u00e9 alimentaire, qui ne contient pas de PFAS. Par rapport aux pots recouverts d'un rev\u00eatement, il est plus respectueux de l'environnement et plus sain.<\/p>\n<p><strong>Un choix flexible :<\/strong> Nous fournissons des pots \u00e0 lait en acier inoxydable de diff\u00e9rentes sp\u00e9cifications de 14cm\/16cm\/18cm pour r\u00e9pondre aux besoins de cuisson des diff\u00e9rentes familles et des restaurants.<\/p>\n<p><strong>Multifonctionnel :<\/strong> Le pot \u00e0 lait permet de cuire une grande vari\u00e9t\u00e9 d'aliments, notamment du lait, du chocolat chaud ou du cacao, du beurre, ainsi que du bouillon et des nouilles ramen.<\/p>\n<p><strong>Service OEM&amp;ODM :<\/strong> Nous proposons des solutions personnalis\u00e9es pour les commandes de gros volumes afin de vous aider \u00e0 cr\u00e9er des produits uniques et \u00e0 am\u00e9liorer votre comp\u00e9titivit\u00e9 sur le march\u00e9.<\/p>\n<\/div>","protected":false},"featured_media":4629,"comment_status":"closed","ping_status":"closed","template":"","meta":[],"product_brand":[],"product_cat":[52],"product_tag":[],"class_list":{"0":"post-3467","1":"product","2":"type-product","3":"status-publish","4":"has-post-thumbnail","6":"product_cat-stainless-steel-cookware","8":"first","9":"instock","10":"shipping-taxable","11":"product-type-simple"},"_links":{"self":[{"href":"https:\/\/www.hg-cooker.com\/fr\/wp-json\/wp\/v2\/product\/3467","targetHints":{"allow":["GET"]}}],"collection":[{"href":"https:\/\/www.hg-cooker.com\/fr\/wp-json\/wp\/v2\/product"}],"about":[{"href":"https:\/\/www.hg-cooker.com\/fr\/wp-json\/wp\/v2\/types\/product"}],"replies":[{"embeddable":true,"href":"https:\/\/www.hg-cooker.com\/fr\/wp-json\/wp\/v2\/comments?post=3467"}],"wp:featuredmedia":[{"embeddable":true,"href":"https:\/\/www.hg-cooker.com\/fr\/wp-json\/wp\/v2\/media\/4629"}],"wp:attachment":[{"href":"https:\/\/www.hg-cooker.com\/fr\/wp-json\/wp\/v2\/media?parent=3467"}],"wp:term":[{"taxonomy":"product_brand","embeddable":true,"href":"https:\/\/www.hg-cooker.com\/fr\/wp-json\/wp\/v2\/product_brand?post=3467"},{"taxonomy":"product_cat","embeddable":true,"href":"https:\/\/www.hg-cooker.com\/fr\/wp-json\/wp\/v2\/product_cat?post=3467"},{"taxonomy":"product_tag","embeddable":true,"href":"https:\/\/www.hg-cooker.com\/fr\/wp-json\/wp\/v2\/product_tag?post=3467"}],"curies":[{"name":"wp","href":"https:\/\/api.w.org\/{rel}","templated":true}]}}