{"id":3156,"date":"2025-09-04T10:19:23","date_gmt":"2025-09-04T10:19:23","guid":{"rendered":"https:\/\/www.hg-cooker.com\/?post_type=product&#038;p=3156"},"modified":"2025-09-13T02:01:52","modified_gmt":"2025-09-13T02:01:52","slug":"vente-en-gros-de-poeles-a-frire-antiadhesives-en-acier-inoxydable","status":"publish","type":"product","link":"https:\/\/www.hg-cooker.com\/fr\/produit\/vente-en-gros-de-poeles-a-frire-antiadhesives-en-acier-inoxydable\/","title":{"rendered":"Vente en gros de po\u00eales \u00e0 frire en nid d'abeille, po\u00eales \u00e0 frire antiadh\u00e9sives en acier inoxydable en vrac"},"content":{"rendered":"<h3 class=\"wp-block-heading\">Param\u00e8tres de la po\u00eale \u00e0 frire en nid d'abeille<\/h3>\n\n\n\n<figure class=\"wp-block-table\"><table class=\"has-fixed-layout\"><tbody><tr><td>Nom du produit<\/td><td>Po\u00eale \u00e0 frire en nid d'abeille en acier inoxydable<\/td><\/tr><tr><td>Sp\u00e9cifications des produits<\/td><td>24cm \/ 26cm<\/td><\/tr><tr><td>Mat\u00e9riau du produit<\/td><td>Acier inoxydable 304 et acier inoxydable composite tripl\u00e9<\/td><\/tr><tr><td>Po\u00eales adapt\u00e9s<\/td><td>Cuisini\u00e8re radiante, cuisini\u00e8re halog\u00e8ne, cuisini\u00e8re \u00e0 gaz, cuisini\u00e8re \u00e0 induction<\/td><\/tr><\/tbody><\/table><\/figure>\n\n\n\n<figure class=\"wp-block-table\"><table><tbody><tr><td class=\"has-text-align-center\" data-align=\"center\">Tailles<\/td><td>Diam\u00e8tre ext\u00e9rieur<\/td><td>Diam\u00e8tre int\u00e9rieur<\/td><td>Longueur du manche<\/td><td>Hauteur du corps du pot<\/td><td>Diam\u00e8tre de chauffe<\/td><td>Poids net<\/td><\/tr><tr><td class=\"has-text-align-center\" data-align=\"center\">Po\u00eale \u00e0 frire de 24 cm<\/td><td>21,5 cm<\/td><td>20cm<\/td><td>4,5 cm<\/td><td>10cm<\/td><td>20cm<\/td><td>1,479 kg<\/td><\/tr><tr><td class=\"has-text-align-center\" data-align=\"center\">Po\u00eale \u00e0 frire de 26 cm<\/td><td>23.5cm<\/td><td>22cm<\/td><td>4,5 cm<\/td><td>11.2cm<\/td><td>22cm<\/td><td>1,696 kg<\/td><\/tr><\/tbody><\/table><\/figure>\n\n\n\n<h3 class=\"wp-block-heading\">Option d'ustensiles de cuisine personnalis\u00e9s<\/h3>\n\n\n\n<figure class=\"wp-block-table\"><table class=\"has-fixed-layout\"><tbody><tr><td>Options personnalis\u00e9es<\/td><td>D\u00e9tails<\/td><\/tr><tr><td>Logo<\/td><td>Personnalisez le logo de votre marque sur le produit et l'emballage.<\/td><\/tr><tr><td>Mat\u00e9riau<\/td><td>Acier inoxydable Triply, acier inoxydable 304, acier inoxydable 316<\/td><\/tr><tr><td>Rev\u00eatement<\/td><td>Rev\u00eatement antiadh\u00e9sif, acier, nid d'abeille physiquement antiadh\u00e9sif<\/td><\/tr><tr><td>Taille<\/td><td>Personnalisez diff\u00e9rentes tailles d'ustensiles de cuisine en fonction de vos besoins.<\/td><\/tr><tr><td>Paquet<\/td><td>Carton, bo\u00eete de couleur<\/td><\/tr><\/tbody><\/table><\/figure>\n\n\n\n<div class=\"wp-block-columns is-layout-flex wp-container-core-columns-is-layout-9d6595d7 wp-block-columns-is-layout-flex\">\n<div class=\"wp-block-column is-layout-flow wp-block-column-is-layout-flow\">\n<figure class=\"wp-block-image size-full\"><img fetchpriority=\"high\" decoding=\"async\" width=\"790\" height=\"1164\" src=\"https:\/\/www.hg-cooker.com\/wp-content\/uploads\/2024\/06\/Honeycomb-Frying-Pan-Detail.webp\" alt=\"D\u00e9tail de la po\u00eale \u00e0 frire en nid d&#039;abeille\" class=\"wp-image-4609\" srcset=\"https:\/\/www.hg-cooker.com\/wp-content\/uploads\/2024\/06\/Honeycomb-Frying-Pan-Detail.webp 790w, https:\/\/www.hg-cooker.com\/wp-content\/uploads\/2024\/06\/Honeycomb-Frying-Pan-Detail-102x150.webp 102w, https:\/\/www.hg-cooker.com\/wp-content\/uploads\/2024\/06\/Honeycomb-Frying-Pan-Detail-448x660.webp 448w, https:\/\/www.hg-cooker.com\/wp-content\/uploads\/2024\/06\/Honeycomb-Frying-Pan-Detail-204x300.webp 204w, https:\/\/www.hg-cooker.com\/wp-content\/uploads\/2024\/06\/Honeycomb-Frying-Pan-Detail-768x1132.webp 768w, https:\/\/www.hg-cooker.com\/wp-content\/uploads\/2024\/06\/Honeycomb-Frying-Pan-Detail-8x12.webp 8w, https:\/\/www.hg-cooker.com\/wp-content\/uploads\/2024\/06\/Honeycomb-Frying-Pan-Detail-285x420.webp 285w\" sizes=\"(max-width: 790px) 100vw, 790px\" \/><\/figure>\n<\/div>\n\n\n\n<div class=\"wp-block-column is-layout-flow wp-block-column-is-layout-flow\">\n<figure class=\"wp-block-image size-full\"><img decoding=\"async\" width=\"790\" height=\"1164\" src=\"https:\/\/www.hg-cooker.com\/wp-content\/uploads\/2024\/06\/Honeycomb-Frying-Pan-Detail.png\" alt=\"D\u00e9tail de la po\u00eale \u00e0 frire en nid d&#039;abeille\" class=\"wp-image-4608\" srcset=\"https:\/\/www.hg-cooker.com\/wp-content\/uploads\/2024\/06\/Honeycomb-Frying-Pan-Detail.png 790w, https:\/\/www.hg-cooker.com\/wp-content\/uploads\/2024\/06\/Honeycomb-Frying-Pan-Detail-102x150.png 102w, https:\/\/www.hg-cooker.com\/wp-content\/uploads\/2024\/06\/Honeycomb-Frying-Pan-Detail-448x660.png 448w, https:\/\/www.hg-cooker.com\/wp-content\/uploads\/2024\/06\/Honeycomb-Frying-Pan-Detail-204x300.png 204w, https:\/\/www.hg-cooker.com\/wp-content\/uploads\/2024\/06\/Honeycomb-Frying-Pan-Detail-768x1132.png 768w, https:\/\/www.hg-cooker.com\/wp-content\/uploads\/2024\/06\/Honeycomb-Frying-Pan-Detail-8x12.png 8w, https:\/\/www.hg-cooker.com\/wp-content\/uploads\/2024\/06\/Honeycomb-Frying-Pan-Detail-285x420.png 285w\" sizes=\"(max-width: 790px) 100vw, 790px\" \/><\/figure>\n<\/div>\n<\/div>","protected":false},"excerpt":{"rendered":"<p>Po\u00eale \u00e0 frire alv\u00e9ol\u00e9e en gros en acier inoxydable, cette po\u00eale \u00e0 frire utilise un motif alv\u00e9ol\u00e9 tridimensionnel unique pour r\u00e9duire efficacement le contact entre les aliments et le fond de la po\u00eale, \u00e9viter qu'ils ne collent et faciliter le nettoyage. Le corps de la po\u00eale est en acier inoxydable triple, qui pr\u00e9sente une bonne conductivit\u00e9 thermique et une bonne durabilit\u00e9, et constitue un excellent choix pour les cuisines commerciales.<\/p>\n<h3>Caract\u00e9ristiques de la po\u00eale \u00e0 frire Non Stick Honeycomb<\/h3>\n<div>\n<p><strong>Physiquement antiadh\u00e9sif :<\/strong> La po\u00eale \u00e0 frire en gros adopte un motif tridimensionnel en nid d'abeille pour obtenir un effet physique antiadh\u00e9sif, emp\u00eacher efficacement le collage, rendre la po\u00eale facile \u00e0 nettoyer et r\u00e9duire le temps de nettoyage.<\/p>\n<p><strong>Excellente conductivit\u00e9 thermique :<\/strong> Fabriqu\u00e9 en acier inoxydable, avec une couche d'aluminium int\u00e9gr\u00e9e, il offre une meilleure conductivit\u00e9 thermique et permet de chauffer les aliments de mani\u00e8re uniforme, am\u00e9liorant ainsi l'efficacit\u00e9 de la cuisson.<\/p>\n<p><strong>Large application :<\/strong> Adapt\u00e9 \u00e0 une vari\u00e9t\u00e9 de cuisini\u00e8res, y compris les cuisini\u00e8res \u00e0 induction, les cuisini\u00e8res \u00e0 gaz, les cuisini\u00e8res \u00e0 rayonnement, etc., il est plus largement utilis\u00e9 dans diverses cuisines pour r\u00e9pondre aux besoins des diff\u00e9rents utilisateurs.<\/p>\n<p><strong>Mat\u00e9riau \u00e9paissi :<\/strong> Cette po\u00eale \u00e0 frire en nid d'abeille est fabriqu\u00e9e en acier inoxydable \u00e9pais de haute qualit\u00e9, qui est plus durable que les ustensiles de cuisine ordinaires en acier inoxydable et a une dur\u00e9e de vie plus longue. Elle est particuli\u00e8rement adapt\u00e9e aux restaurants commerciaux \u00e0 usage fr\u00e9quent.<\/p>\n<p><strong>Service OEM&amp;ODM :<\/strong> Le fabricant d'ustensiles de cuisine Henguang propose des solutions de po\u00eales \u00e0 frire personnalis\u00e9es \u00e0 guichet unique, adapt\u00e9es aux h\u00f4tels et aux grossistes qui ont besoin de services personnalis\u00e9s.<\/p>\n<p><a href=\"https:\/\/www.hg-cooker.com\/fr\/custom-sulution\/\" target=\"_blank\" rel=\"noopener\"><strong>En savoir plus sur les solutions d'ustensiles de cuisine sur mesure.<\/strong><\/a><\/p>\n<\/div>","protected":false},"featured_media":4610,"comment_status":"closed","ping_status":"closed","template":"","meta":[],"product_brand":[],"product_cat":[52],"product_tag":[],"class_list":{"0":"post-3156","1":"product","2":"type-product","3":"status-publish","4":"has-post-thumbnail","6":"product_cat-stainless-steel-cookware","8":"first","9":"instock","10":"shipping-taxable","11":"product-type-simple"},"_links":{"self":[{"href":"https:\/\/www.hg-cooker.com\/fr\/wp-json\/wp\/v2\/product\/3156","targetHints":{"allow":["GET"]}}],"collection":[{"href":"https:\/\/www.hg-cooker.com\/fr\/wp-json\/wp\/v2\/product"}],"about":[{"href":"https:\/\/www.hg-cooker.com\/fr\/wp-json\/wp\/v2\/types\/product"}],"replies":[{"embeddable":true,"href":"https:\/\/www.hg-cooker.com\/fr\/wp-json\/wp\/v2\/comments?post=3156"}],"wp:featuredmedia":[{"embeddable":true,"href":"https:\/\/www.hg-cooker.com\/fr\/wp-json\/wp\/v2\/media\/4610"}],"wp:attachment":[{"href":"https:\/\/www.hg-cooker.com\/fr\/wp-json\/wp\/v2\/media?parent=3156"}],"wp:term":[{"taxonomy":"product_brand","embeddable":true,"href":"https:\/\/www.hg-cooker.com\/fr\/wp-json\/wp\/v2\/product_brand?post=3156"},{"taxonomy":"product_cat","embeddable":true,"href":"https:\/\/www.hg-cooker.com\/fr\/wp-json\/wp\/v2\/product_cat?post=3156"},{"taxonomy":"product_tag","embeddable":true,"href":"https:\/\/www.hg-cooker.com\/fr\/wp-json\/wp\/v2\/product_tag?post=3156"}],"curies":[{"name":"wp","href":"https:\/\/api.w.org\/{rel}","templated":true}]}}