{"id":3142,"date":"2025-09-07T09:44:27","date_gmt":"2025-09-07T09:44:27","guid":{"rendered":"https:\/\/www.hg-cooker.com\/?post_type=product&#038;p=3142"},"modified":"2025-09-13T01:50:43","modified_gmt":"2025-09-13T01:50:43","slug":"custom-non-stick-stainless-steel-milk-pot-factory-direct-sales","status":"publish","type":"product","link":"https:\/\/www.hg-cooker.com\/fr\/produit\/custom-non-stick-stainless-steel-milk-pot-factory-direct-sales\/","title":{"rendered":"Pot \u00e0 lait antiadh\u00e9sif en acier inoxydable vendu directement \u00e0 l'usine - Pot \u00e0 lait fabricant"},"content":{"rendered":"<h3 class=\"wp-block-heading\">Param\u00e8tres du pot \u00e0 lait en acier inoxydable<\/h3>\n\n\n\n<figure class=\"wp-block-table\"><table class=\"has-fixed-layout\"><tbody><tr><td>Nom du produit<\/td><td>Pot \u00e0 lait en acier composite 304<\/td><\/tr><tr><td>Sp\u00e9cifications des produits<\/td><td>18cm \/ 22cm \/ 24cm<\/td><\/tr><tr><td>Mat\u00e9riau du produit<\/td><td>Acier inoxydable 304 et acier composite \u00e0 trois couches<\/td><\/tr><tr><td>R\u00e9chaud adapt\u00e9<\/td><td>Cuisini\u00e8re radiante \/ Four halog\u00e8ne \/ Cuisini\u00e8re \u00e0 gaz \/ Cuisini\u00e8re \u00e0 induction<\/td><\/tr><\/tbody><\/table><\/figure>\n\n\n\n<figure class=\"wp-block-table\"><table><tbody><tr><td class=\"has-text-align-center\" data-align=\"center\">Tailles<\/td><td>Diam\u00e8tre ext\u00e9rieur<\/td><td>Diam\u00e8tre int\u00e9rieur<\/td><td>Longueur du manche<\/td><td>Hauteur du corps du pot<\/td><td>Diam\u00e8tre de chauffe<\/td><td>Poids net<\/td><\/tr><tr><td class=\"has-text-align-center\" data-align=\"center\">18<\/td><td>18cm<\/td><td>17.5cm<\/td><td>8cm<\/td><td>22cm<\/td><td>11.7cm<\/td><td>0,98 kg<\/td><\/tr><tr><td class=\"has-text-align-center\" data-align=\"center\">22<\/td><td>22cm<\/td><td>21,5 cm<\/td><td>9cm<\/td><td>22cm<\/td><td>15.0cm<\/td><td>0,987 kg<\/td><\/tr><tr><td class=\"has-text-align-center\" data-align=\"center\">24<\/td><td>24cm<\/td><td>23.5cm<\/td><td>9cm<\/td><td>22cm<\/td><td>18.0cm<\/td><td>1,06 kg<\/td><\/tr><\/tbody><\/table><figcaption class=\"wp-element-caption\">Pot \u00e0 lait en acier inoxydable<\/figcaption><\/figure>\n\n\n\n<h3 class=\"wp-block-heading\">Options d'ustensiles de cuisine personnalis\u00e9s<\/h3>\n\n\n\n<figure class=\"wp-block-table\"><table class=\"has-fixed-layout\"><tbody><tr><td>Options de personnalisation<\/td><td>D\u00e9tails<\/td><\/tr><tr><td>Logo<\/td><td>Personnalisez le logo de votre marque sur le produit et l'emballage.<\/td><\/tr><tr><td>Taille<\/td><td>Personnalisez diff\u00e9rentes tailles de po\u00eales \u00e0 frire en fonction de vos besoins.<\/td><\/tr><tr><td>Paquet<\/td><td>Carton \/ Bo\u00eete de couleur.<\/td><\/tr><\/tbody><\/table><\/figure>\n\n\n\n<div class=\"wp-block-columns is-layout-flex wp-container-core-columns-is-layout-9d6595d7 wp-block-columns-is-layout-flex\">\n<div class=\"wp-block-column is-layout-flow wp-block-column-is-layout-flow\">\n<figure class=\"wp-block-image size-full\"><img fetchpriority=\"high\" decoding=\"async\" width=\"790\" height=\"1248\" src=\"https:\/\/www.hg-cooker.com\/wp-content\/uploads\/2024\/06\/milk-pot-detail-1.png\" alt=\"pot \u00e0 lait d\u00e9tail (1)\" class=\"wp-image-4727\" srcset=\"https:\/\/www.hg-cooker.com\/wp-content\/uploads\/2024\/06\/milk-pot-detail-1.png 790w, https:\/\/www.hg-cooker.com\/wp-content\/uploads\/2024\/06\/milk-pot-detail-1-95x150.png 95w, https:\/\/www.hg-cooker.com\/wp-content\/uploads\/2024\/06\/milk-pot-detail-1-418x660.png 418w, https:\/\/www.hg-cooker.com\/wp-content\/uploads\/2024\/06\/milk-pot-detail-1-190x300.png 190w, https:\/\/www.hg-cooker.com\/wp-content\/uploads\/2024\/06\/milk-pot-detail-1-768x1213.png 768w, https:\/\/www.hg-cooker.com\/wp-content\/uploads\/2024\/06\/milk-pot-detail-1-8x12.png 8w, https:\/\/www.hg-cooker.com\/wp-content\/uploads\/2024\/06\/milk-pot-detail-1-285x450.png 285w\" sizes=\"(max-width: 790px) 100vw, 790px\" \/><\/figure>\n<\/div>\n\n\n\n<div class=\"wp-block-column is-layout-flow wp-block-column-is-layout-flow\">\n<figure class=\"wp-block-image size-full\"><img decoding=\"async\" width=\"790\" height=\"1248\" src=\"https:\/\/www.hg-cooker.com\/wp-content\/uploads\/2024\/06\/milk-pot-detail-2.webp\" alt=\"pot \u00e0 lait d\u00e9tail (2)\" class=\"wp-image-4729\" srcset=\"https:\/\/www.hg-cooker.com\/wp-content\/uploads\/2024\/06\/milk-pot-detail-2.webp 790w, https:\/\/www.hg-cooker.com\/wp-content\/uploads\/2024\/06\/milk-pot-detail-2-95x150.webp 95w, https:\/\/www.hg-cooker.com\/wp-content\/uploads\/2024\/06\/milk-pot-detail-2-418x660.webp 418w, https:\/\/www.hg-cooker.com\/wp-content\/uploads\/2024\/06\/milk-pot-detail-2-190x300.webp 190w, https:\/\/www.hg-cooker.com\/wp-content\/uploads\/2024\/06\/milk-pot-detail-2-768x1213.webp 768w, https:\/\/www.hg-cooker.com\/wp-content\/uploads\/2024\/06\/milk-pot-detail-2-8x12.webp 8w, https:\/\/www.hg-cooker.com\/wp-content\/uploads\/2024\/06\/milk-pot-detail-2-285x450.webp 285w\" sizes=\"(max-width: 790px) 100vw, 790px\" \/><\/figure>\n<\/div>\n<\/div>","protected":false},"excerpt":{"rendered":"<p>Nous fournissons en gros des services personnalis\u00e9s pour les pots \u00e0 lait. Notre casserole \u00e0 lait antiadh\u00e9sive en acier inoxydable est fabriqu\u00e9e en acier inoxydable \u00e0 trois couches, qui est robuste et durable. Elle peut \u00eatre utilis\u00e9e pour faire bouillir du lait, de la soupe de l\u00e9gumes et d'autres aliments. Elle convient aux cuisines domestiques et commerciales. Si vous avez des besoins particuliers, n'h\u00e9sitez pas \u00e0 nous contacter pour acheter des produits existants ou obtenir des solutions personnalis\u00e9es gratuites.<\/p>\n<h3>Caract\u00e9ristiques du pot \u00e0 lait en acier inoxydable<\/h3>\n<div>\n<p><strong>Service personnalis\u00e9 :<\/strong> Nous fournissons un service complet de lait personnalis\u00e9, y compris la taille, le logo, l'emballage et le traitement de surface. Nous pouvons notamment personnaliser la taille et le logo, ou choisir un emballage et des mat\u00e9riaux diff\u00e9rents.<\/p>\n<p><strong>Conduction r\u00e9guli\u00e8re et rapide de la chaleur :<\/strong> Ce pot \u00e0 lait en gros a un fond \u00e9pais, une conduction de la chaleur r\u00e9guli\u00e8re et rapide, et une grande efficacit\u00e9 de cuisson.<\/p>\n<p><strong>Sp\u00e9cifications multiples :<\/strong> Ce pot \u00e0 lait antiadh\u00e9sif a de multiples sp\u00e9cifications telles que 18cm, 22cm, 24cm, etc. Que vous soyez une petite ou une grande famille, ou que vous ayez un usage commercial, vous trouverez celui qui vous convient.<\/p>\n<p><strong>Physiquement antiadh\u00e9sif :<\/strong> Ce pot \u00e0 lait antiadh\u00e9sif adopte une texture tridimensionnelle en nid d'abeille micro-convexe pour obtenir un effet antiadh\u00e9sif physique, totalement exempt de PFAS, plus sain et plus s\u00fbr.<\/p>\n<p><strong>Applicable \u00e0 tous les po\u00eales :<\/strong> Ce pot \u00e0 lait est extraordinaire. Il peut \u00eatre utilis\u00e9 sur n'importe quel r\u00e9chaud, qu'il s'agisse d'un r\u00e9chaud \u00e0 rayonnement, d'un r\u00e9chaud halog\u00e8ne, d'un r\u00e9chaud \u00e0 gaz, d'un r\u00e9chaud \u00e0 induction, etc. et il est tr\u00e8s adaptable.<\/p>\n<p><strong>Service de vente en gros :<\/strong> Nous fournissons un service de pot \u00e0 lait en gros \u00e0 des prix d'usine. Nous fournissons des produits de haute qualit\u00e9 et des livraisons \u00e0 temps pour vous aider \u00e0 obtenir un avantage concurrentiel sur le march\u00e9.<\/p>\n<\/div>","protected":false},"featured_media":4730,"comment_status":"closed","ping_status":"closed","template":"","meta":[],"product_brand":[],"product_cat":[52],"product_tag":[],"class_list":{"0":"post-3142","1":"product","2":"type-product","3":"status-publish","4":"has-post-thumbnail","6":"product_cat-stainless-steel-cookware","8":"first","9":"instock","10":"shipping-taxable","11":"product-type-simple"},"_links":{"self":[{"href":"https:\/\/www.hg-cooker.com\/fr\/wp-json\/wp\/v2\/product\/3142","targetHints":{"allow":["GET"]}}],"collection":[{"href":"https:\/\/www.hg-cooker.com\/fr\/wp-json\/wp\/v2\/product"}],"about":[{"href":"https:\/\/www.hg-cooker.com\/fr\/wp-json\/wp\/v2\/types\/product"}],"replies":[{"embeddable":true,"href":"https:\/\/www.hg-cooker.com\/fr\/wp-json\/wp\/v2\/comments?post=3142"}],"wp:featuredmedia":[{"embeddable":true,"href":"https:\/\/www.hg-cooker.com\/fr\/wp-json\/wp\/v2\/media\/4730"}],"wp:attachment":[{"href":"https:\/\/www.hg-cooker.com\/fr\/wp-json\/wp\/v2\/media?parent=3142"}],"wp:term":[{"taxonomy":"product_brand","embeddable":true,"href":"https:\/\/www.hg-cooker.com\/fr\/wp-json\/wp\/v2\/product_brand?post=3142"},{"taxonomy":"product_cat","embeddable":true,"href":"https:\/\/www.hg-cooker.com\/fr\/wp-json\/wp\/v2\/product_cat?post=3142"},{"taxonomy":"product_tag","embeddable":true,"href":"https:\/\/www.hg-cooker.com\/fr\/wp-json\/wp\/v2\/product_tag?post=3142"}],"curies":[{"name":"wp","href":"https:\/\/api.w.org\/{rel}","templated":true}]}}