{"id":3123,"date":"2025-09-01T02:20:41","date_gmt":"2025-09-01T02:20:41","guid":{"rendered":"https:\/\/www.hg-cooker.com\/?post_type=product&#038;p=3123"},"modified":"2025-09-13T02:20:28","modified_gmt":"2025-09-13T02:20:28","slug":"tri-ply-stainless-steel-cookware-set","status":"publish","type":"product","link":"https:\/\/www.hg-cooker.com\/fr\/produit\/tri-ply-stainless-steel-cookware-set\/","title":{"rendered":"Batteries de cuisine en acier inoxydable non collantes - Hengguang Wholesale Cookware Manufacturer"},"content":{"rendered":"<h3 class=\"wp-block-heading\">Param\u00e8tres des batteries de cuisine antiadh\u00e9sives en acier inoxydable<\/h3>\n\n\n\n<p><strong>Nom du produit :<\/strong> Ensemble en acier inoxydable composite #304<\/p>\n\n\n\n<p><strong>Produits incluant<\/strong>: Po\u00eale \u00e0 frire\/wok chinois\/pot \u00e0 lait<\/p>\n\n\n\n<p><strong>Mat\u00e9riau du produit : <\/strong>Acier inoxydable 304 &amp; fond en acier composite \u00e0 trois couches<\/p>\n\n\n\n<p><strong>Po\u00eale adapt\u00e9 : <\/strong>Cuisini\u00e8re radiante\/po\u00eale halog\u00e8ne\/po\u00eale \u00e0 gaz\/cuisini\u00e8re \u00e0 induction<\/p>\n\n\n\n<figure class=\"wp-block-table\"><table class=\"has-fixed-layout\"><tbody><tr><td>Taille de la po\u00eale<\/td><td>Diam\u00e8tre ext\u00e9rieur<\/td><td>Diam\u00e8tre int\u00e9rieur<\/td><td>Longueur de la poign\u00e9e<\/td><td>Hauteur du corps du pot<\/td><td>Diam\u00e8tre de chauffe<\/td><td>Poids net<\/td><\/tr><tr><td>24<\/td><td>21,5 cm<\/td><td>20cm<\/td><td>4,5 cm<\/td><td>10cm<\/td><td>20cm<\/td><td>1,479 kg<\/td><\/tr><tr><td>26<\/td><td>23.5cm<\/td><td>22cm<\/td><td>4,5 cm<\/td><td>11.2cm<\/td><td>22cm<\/td><td>1,696 kg<\/td><\/tr><\/tbody><\/table><\/figure>\n\n\n\n<figure class=\"wp-block-table\"><table class=\"has-fixed-layout\"><tbody><tr><td>Taille du wok<\/td><td>Diam\u00e8tre ext\u00e9rieur<\/td><td>Diam\u00e8tre int\u00e9rieur<\/td><td>Longueur de la poign\u00e9e<\/td><td>Hauteur du corps du pot<\/td><td>Diam\u00e8tre de chauffe<\/td><td>Poids net<\/td><\/tr><tr><td>32<\/td><td>34.0cm<\/td><td>32.0cm<\/td><td>21,5 cm<\/td><td>9.3cm<\/td><td>22cm<\/td><td>1,412 kg<\/td><\/tr><\/tbody><\/table><\/figure>\n\n\n\n<figure class=\"wp-block-table\"><table class=\"has-fixed-layout\"><tbody><tr><td>Taille du pot \u00e0 lait<\/td><td>Diam\u00e8tre ext\u00e9rieur<\/td><td>Diam\u00e8tre int\u00e9rieur<\/td><td>Longueur de la poign\u00e9e<\/td><td>Hauteur du corps du pot<\/td><td>Diam\u00e8tre de chauffe<\/td><td>Poids net<\/td><\/tr><tr><td>18<\/td><td>18cm<\/td><td>17.5cm<\/td><td>8cm<\/td><td>22cm<\/td><td>11.7cm<\/td><td>0,98 kg<\/td><\/tr><tr><td>22<\/td><td>22cm<\/td><td>21,5 cm<\/td><td>9cm<\/td><td>22cm<\/td><td>15.0cm<\/td><td>0,987 kg<\/td><\/tr><tr><td>24<\/td><td>24cm<\/td><td>23.5cm<\/td><td>9cm<\/td><td>22cm<\/td><td>18.0cm<\/td><td>1,06 kg<\/td><\/tr><\/tbody><\/table><\/figure>\n\n\n\n<h3 class=\"wp-block-heading\">Option d'ustensiles de cuisine personnalis\u00e9s<\/h3>\n\n\n\n<p>Logo:Personnalisez le logo de votre marque sur les produits et l'emballage.<\/p>\n\n\n\n<p>Taille : Taille des ustensiles de cuisine personnalisable en fonction de vos besoins.<\/p>\n\n\n\n<p>Emballage : carton\/bo\u00eete de couleur.<\/p>\n\n\n\n<p><strong><a href=\"https:\/\/www.hg-cooker.com\/fr\/custom-sulution\/\" target=\"_blank\" rel=\"noreferrer noopener\">D\u00e9couvrez d'autres solutions d'ustensiles de cuisine personnalis\u00e9s.<\/a><\/strong><\/p>\n\n\n\n<div class=\"wp-block-columns is-layout-flex wp-container-core-columns-is-layout-9d6595d7 wp-block-columns-is-layout-flex\">\n<div class=\"wp-block-column is-layout-flow wp-block-column-is-layout-flow\">\n<figure class=\"wp-block-image size-full\"><img fetchpriority=\"high\" decoding=\"async\" width=\"790\" height=\"1312\" src=\"https:\/\/www.hg-cooker.com\/wp-content\/uploads\/2024\/06\/stainless-steel-cookware-set-detail-1-1.webp\" alt=\"batterie de cuisine en acier inoxydable d\u00e9tail (1)\" class=\"wp-image-4670\" srcset=\"https:\/\/www.hg-cooker.com\/wp-content\/uploads\/2024\/06\/stainless-steel-cookware-set-detail-1-1.webp 790w, https:\/\/www.hg-cooker.com\/wp-content\/uploads\/2024\/06\/stainless-steel-cookware-set-detail-1-1-90x150.webp 90w, https:\/\/www.hg-cooker.com\/wp-content\/uploads\/2024\/06\/stainless-steel-cookware-set-detail-1-1-397x660.webp 397w, https:\/\/www.hg-cooker.com\/wp-content\/uploads\/2024\/06\/stainless-steel-cookware-set-detail-1-1-181x300.webp 181w, https:\/\/www.hg-cooker.com\/wp-content\/uploads\/2024\/06\/stainless-steel-cookware-set-detail-1-1-768x1275.webp 768w, https:\/\/www.hg-cooker.com\/wp-content\/uploads\/2024\/06\/stainless-steel-cookware-set-detail-1-1-7x12.webp 7w, https:\/\/www.hg-cooker.com\/wp-content\/uploads\/2024\/06\/stainless-steel-cookware-set-detail-1-1-285x473.webp 285w\" sizes=\"(max-width: 790px) 100vw, 790px\" \/><\/figure>\n<\/div>\n\n\n\n<div class=\"wp-block-column is-layout-flow wp-block-column-is-layout-flow\">\n<figure class=\"wp-block-image size-full\"><img decoding=\"async\" width=\"790\" height=\"1312\" src=\"https:\/\/www.hg-cooker.com\/wp-content\/uploads\/2024\/06\/stainless-steel-cookware-set-detail-2.png\" alt=\"batterie de cuisine en acier inoxydable d\u00e9tail (2)\" class=\"wp-image-4671\" srcset=\"https:\/\/www.hg-cooker.com\/wp-content\/uploads\/2024\/06\/stainless-steel-cookware-set-detail-2.png 790w, https:\/\/www.hg-cooker.com\/wp-content\/uploads\/2024\/06\/stainless-steel-cookware-set-detail-2-90x150.png 90w, https:\/\/www.hg-cooker.com\/wp-content\/uploads\/2024\/06\/stainless-steel-cookware-set-detail-2-397x660.png 397w, https:\/\/www.hg-cooker.com\/wp-content\/uploads\/2024\/06\/stainless-steel-cookware-set-detail-2-181x300.png 181w, https:\/\/www.hg-cooker.com\/wp-content\/uploads\/2024\/06\/stainless-steel-cookware-set-detail-2-768x1275.png 768w, https:\/\/www.hg-cooker.com\/wp-content\/uploads\/2024\/06\/stainless-steel-cookware-set-detail-2-7x12.png 7w, https:\/\/www.hg-cooker.com\/wp-content\/uploads\/2024\/06\/stainless-steel-cookware-set-detail-2-285x473.png 285w\" sizes=\"(max-width: 790px) 100vw, 790px\" \/><\/figure>\n<\/div>\n<\/div>","protected":false},"excerpt":{"rendered":"<p>Cette batterie de cuisine en acier inoxydable antiadh\u00e9sif de haute qualit\u00e9 comprend une po\u00eale \u00e0 frire, une po\u00eale \u00e0 lait et un wok, ce qui permet de r\u00e9pondre aux besoins de la plupart des cuisines. La surface de la casserole adopte une conception physique antiadh\u00e9sive, qui n'adh\u00e8re pas facilement aux taches d'huile et qui est facile \u00e0 nettoyer. En tant que fabricant d'ustensiles de cuisine, nous prenons en charge la personnalisation OEM&amp;ODM, fournissons gratuitement des plans d'ustensiles de cuisine personnalis\u00e9s et un service d'ustensiles de cuisine en gros, n'h\u00e9sitez pas \u00e0 nous contacter.<\/p>\n<h3>Caract\u00e9ristiques des batteries de cuisine antiadh\u00e9sives en acier inoxydable<\/h3>\n<div>\n<p><strong>Technologie physique antiadh\u00e9sive :<\/strong> Il adopte un motif tridimensionnel en nid d'abeille micro-convexe, ne n\u00e9cessite pas l'ajout d'un rev\u00eatement chimique, ne contient pas de substances nocives telles que les PFAS et garantit la sant\u00e9 et la s\u00e9curit\u00e9 des aliments.<\/p>\n<p><strong>Performance antiadh\u00e9sive sup\u00e9rieure :<\/strong> Cette batterie de cuisine en acier inoxydable pr\u00e9sente des performances antiadh\u00e9sives sup\u00e9rieures. M\u00eame les ingr\u00e9dients faciles \u00e0 coller, tels que les \u0153ufs au plat et le poisson frit, glissent facilement, ce qui r\u00e9duit la charge de travail li\u00e9e au nettoyage.<\/p>\n<p><strong>Excellente qualit\u00e9 de fabrication :<\/strong> La batterie de cuisine adopte un processus de moulage par \u00e9tirement int\u00e9gr\u00e9, ne pr\u00e9sente pas d'interstices et est fabriqu\u00e9e en acier inoxydable \u00e9paissi, ce qui r\u00e9pond aux besoins d'une utilisation \u00e0 long terme et \u00e0 haute fr\u00e9quence.<\/p>\n<p><strong>Triple fond en acier inoxydable :<\/strong> Le fond est compos\u00e9 de couches d'acier inoxydable et d'aluminium, qui conduisent la chaleur rapidement et uniform\u00e9ment, \u00e9vitant ainsi les \u00e9chauffements locaux ou le collage du fond, ce qui rend la cuisson plus efficace et permet d'\u00e9conomiser de l'\u00e9nergie.<\/p>\n<p><strong>Service de vente en gros d'ustensiles de cuisine :<\/strong> Les fabricants d'ustensiles de cuisine de Hengguang soutiennent la vente en gros \u00e0 faible MOQ, aidant les clients \u00e0 entrer sur le march\u00e9 \u00e0 moindre co\u00fbt, ce qui convient aux entrepreneurs et aux petites et moyennes entreprises.<\/p>\n<p><strong>Support OEM&amp;ODM :<\/strong> Nous proposons des services de personnalisation OEM et ODM et pouvons cr\u00e9er des ustensiles de cuisine en acier inoxydable exclusifs en fonction des besoins de votre marque, notamment en ajustant la taille, le design et la fonction, etc.<\/p>\n<\/div>","protected":false},"featured_media":4666,"comment_status":"closed","ping_status":"closed","template":"","meta":[],"product_brand":[],"product_cat":[52],"product_tag":[],"class_list":{"0":"post-3123","1":"product","2":"type-product","3":"status-publish","4":"has-post-thumbnail","6":"product_cat-stainless-steel-cookware","8":"first","9":"instock","10":"shipping-taxable","11":"product-type-simple"},"_links":{"self":[{"href":"https:\/\/www.hg-cooker.com\/fr\/wp-json\/wp\/v2\/product\/3123","targetHints":{"allow":["GET"]}}],"collection":[{"href":"https:\/\/www.hg-cooker.com\/fr\/wp-json\/wp\/v2\/product"}],"about":[{"href":"https:\/\/www.hg-cooker.com\/fr\/wp-json\/wp\/v2\/types\/product"}],"replies":[{"embeddable":true,"href":"https:\/\/www.hg-cooker.com\/fr\/wp-json\/wp\/v2\/comments?post=3123"}],"wp:featuredmedia":[{"embeddable":true,"href":"https:\/\/www.hg-cooker.com\/fr\/wp-json\/wp\/v2\/media\/4666"}],"wp:attachment":[{"href":"https:\/\/www.hg-cooker.com\/fr\/wp-json\/wp\/v2\/media?parent=3123"}],"wp:term":[{"taxonomy":"product_brand","embeddable":true,"href":"https:\/\/www.hg-cooker.com\/fr\/wp-json\/wp\/v2\/product_brand?post=3123"},{"taxonomy":"product_cat","embeddable":true,"href":"https:\/\/www.hg-cooker.com\/fr\/wp-json\/wp\/v2\/product_cat?post=3123"},{"taxonomy":"product_tag","embeddable":true,"href":"https:\/\/www.hg-cooker.com\/fr\/wp-json\/wp\/v2\/product_tag?post=3123"}],"curies":[{"name":"wp","href":"https:\/\/api.w.org\/{rel}","templated":true}]}}