{"id":6383,"date":"2024-09-11T09:46:02","date_gmt":"2024-09-11T09:46:02","guid":{"rendered":"https:\/\/www.hg-cooker.com\/?post_type=product&#038;p=6383"},"modified":"2025-11-13T02:17:40","modified_gmt":"2025-11-13T02:17:40","slug":"wholesale-multi-function-pressure-cooker","status":"publish","type":"product","link":"https:\/\/www.hg-cooker.com\/es\/producto\/wholesale-multi-function-pressure-cooker\/","title":{"rendered":"Mayorista Olla a presi\u00f3n multifunci\u00f3n - Dise\u00f1o \"Apertura\/Cierre con un clic"},"content":{"rendered":"<h3 class=\"wp-block-heading\">Par\u00e1metros de la olla a presi\u00f3n multifunci\u00f3n<\/h3>\n\n\n\n<div class=\"wp-block-columns is-layout-flex wp-container-core-columns-is-layout-9d6595d7 wp-block-columns-is-layout-flex\">\n<div class=\"wp-block-column is-layout-flow wp-block-column-is-layout-flow\" style=\"flex-basis:66.66%\">\n<figure class=\"wp-block-image size-full\"><img fetchpriority=\"high\" decoding=\"async\" width=\"4060\" height=\"2032\" src=\"https:\/\/www.hg-cooker.com\/wp-content\/uploads\/2025\/09\/Specifications-of-multi-function-pressure-cooker.webp\" alt=\"Especificaciones de la olla a presi\u00f3n multifunci\u00f3n\" class=\"wp-image-6384\" srcset=\"https:\/\/www.hg-cooker.com\/wp-content\/uploads\/2025\/09\/Specifications-of-multi-function-pressure-cooker.webp 4060w, https:\/\/www.hg-cooker.com\/wp-content\/uploads\/2025\/09\/Specifications-of-multi-function-pressure-cooker-300x150.webp 300w, https:\/\/www.hg-cooker.com\/wp-content\/uploads\/2025\/09\/Specifications-of-multi-function-pressure-cooker-768x384.webp 768w, https:\/\/www.hg-cooker.com\/wp-content\/uploads\/2025\/09\/Specifications-of-multi-function-pressure-cooker-18x9.webp 18w, https:\/\/www.hg-cooker.com\/wp-content\/uploads\/2025\/09\/Specifications-of-multi-function-pressure-cooker-285x143.webp 285w, https:\/\/www.hg-cooker.com\/wp-content\/uploads\/2025\/09\/Specifications-of-multi-function-pressure-cooker-1600x801.webp 1600w, https:\/\/www.hg-cooker.com\/wp-content\/uploads\/2025\/09\/Specifications-of-multi-function-pressure-cooker-660x330.webp 660w, https:\/\/www.hg-cooker.com\/wp-content\/uploads\/2025\/09\/Specifications-of-multi-function-pressure-cooker-150x75.webp 150w\" sizes=\"(max-width: 4060px) 100vw, 4060px\" \/><\/figure>\n<\/div>\n\n\n\n<div class=\"wp-block-column is-layout-flow wp-block-column-is-layout-flow\" style=\"flex-basis:33.33%\"><\/div>\n<\/div>\n\n\n\n<h3 class=\"wp-block-heading\">Opciones de bater\u00eda de cocina a medida<\/h3>\n\n\n\n<p><strong>Logotipo:<\/strong> Personalizable con el logotipo de su marca<br><strong>Embalaje:<\/strong>&nbsp;Caja de color\/Cart\u00f3n, etc<br><strong>Material: <\/strong>Personalizable<\/p>","protected":false},"excerpt":{"rendered":"<p>Olla a presi\u00f3n multifuncional al por mayor, equipada con una tapa de apertura y cierre de un solo clic, los usuarios s\u00f3lo tienen que presionar ligeramente para abrir la tapa de la olla a presi\u00f3n. Esta olla a presi\u00f3n ofrece m\u00faltiples capacidades que van desde los 4 litros hasta los 8 litros para satisfacer diversas necesidades culinarias. El producto cumple normas internacionales como CE, LFGB, FDA e ISO. Invitamos a mayoristas, distribuidores y comerciantes a comprar al por mayor.<\/p>\n<h2>Caracter\u00edsticas de la olla a presi\u00f3n multifunci\u00f3n<\/h2>\n<p><strong>Dise\u00f1o de apertura y cierre con un solo clic:<\/strong> Los usuarios pueden abrir f\u00e1cilmente la tapa de la olla con una sola pulsaci\u00f3n. Esta funci\u00f3n no solo mejora la seguridad del usuario, sino que tambi\u00e9n hace que cocinar sea m\u00e1s r\u00e1pido y agradable.<\/p>\n<p><strong>Material duradero y apto para alimentos:<\/strong> Esta olla a presi\u00f3n est\u00e1 fabricada en acero inoxidable 304, que tiene una excelente resistencia al \u00f3xido y la corrosi\u00f3n, y es muy duradera, lo que la convierte en una inversi\u00f3n segura y duradera.<\/p>\n<p><strong>M\u00faltiples tama\u00f1os para elegir:<\/strong> Esta olla a presi\u00f3n ofrece m\u00faltiples opciones de capacidad, incluyendo 4 litros, 6 litros, 7 litros y 8 litros. Adecuada para necesidades de cocci\u00f3n de diferentes escalas y tama\u00f1os.<\/p>\n<p><strong>Ahorre tiempo de cocci\u00f3n:<\/strong> El cuerpo sellado de la olla puede aumentar la presi\u00f3n dentro de la olla, lo que permite que los alimentos se cocinen m\u00e1s r\u00e1pido y que los usuarios puedan preparar una gran cantidad de comidas en poco tiempo, mejorando la eficiencia de la cocina.<\/p>\n<p><strong>Estricto control de calidad y certificaci\u00f3n:<\/strong> Como fabricante l\u00edder de ollas a presi\u00f3n en China, nuestros productos aplican estrictos procedimientos de control de calidad y cumplen normas internacionales como CE, LFGB, FDA e ISO.<\/p>","protected":false},"featured_media":6385,"comment_status":"closed","ping_status":"closed","template":"","meta":[],"product_brand":[],"product_cat":[54],"product_tag":[],"class_list":{"0":"post-6383","1":"product","2":"type-product","3":"status-publish","4":"has-post-thumbnail","6":"product_cat-pressure-cooker","8":"first","9":"instock","10":"shipping-taxable","11":"product-type-simple"},"_links":{"self":[{"href":"https:\/\/www.hg-cooker.com\/es\/wp-json\/wp\/v2\/product\/6383","targetHints":{"allow":["GET"]}}],"collection":[{"href":"https:\/\/www.hg-cooker.com\/es\/wp-json\/wp\/v2\/product"}],"about":[{"href":"https:\/\/www.hg-cooker.com\/es\/wp-json\/wp\/v2\/types\/product"}],"replies":[{"embeddable":true,"href":"https:\/\/www.hg-cooker.com\/es\/wp-json\/wp\/v2\/comments?post=6383"}],"wp:featuredmedia":[{"embeddable":true,"href":"https:\/\/www.hg-cooker.com\/es\/wp-json\/wp\/v2\/media\/6385"}],"wp:attachment":[{"href":"https:\/\/www.hg-cooker.com\/es\/wp-json\/wp\/v2\/media?parent=6383"}],"wp:term":[{"taxonomy":"product_brand","embeddable":true,"href":"https:\/\/www.hg-cooker.com\/es\/wp-json\/wp\/v2\/product_brand?post=6383"},{"taxonomy":"product_cat","embeddable":true,"href":"https:\/\/www.hg-cooker.com\/es\/wp-json\/wp\/v2\/product_cat?post=6383"},{"taxonomy":"product_tag","embeddable":true,"href":"https:\/\/www.hg-cooker.com\/es\/wp-json\/wp\/v2\/product_tag?post=6383"}],"curies":[{"name":"wp","href":"https:\/\/api.w.org\/{rel}","templated":true}]}}