{"id":6376,"date":"2024-09-11T09:32:25","date_gmt":"2024-09-11T09:32:25","guid":{"rendered":"https:\/\/www.hg-cooker.com\/?post_type=product&#038;p=6376"},"modified":"2025-11-13T02:17:32","modified_gmt":"2025-11-13T02:17:32","slug":"wholesale-knob-pressure-cooker","status":"publish","type":"product","link":"https:\/\/www.hg-cooker.com\/es\/producto\/wholesale-knob-pressure-cooker\/","title":{"rendered":"Mayorista Olla a Presi\u00f3n de Pomo, F\u00e1cil de Manejar, M\u00faltiples Tama\u00f1os Disponibles, Suministro de F\u00e1brica al por Mayor"},"content":{"rendered":"<h3 class=\"wp-block-heading\">Par\u00e1metros de la olla a presi\u00f3n de perilla <\/h3>\n\n\n\n<div class=\"wp-block-columns is-layout-flex wp-container-core-columns-is-layout-9d6595d7 wp-block-columns-is-layout-flex\">\n<div class=\"wp-block-column is-layout-flow wp-block-column-is-layout-flow\" style=\"flex-basis:66.66%\">\n<figure class=\"wp-block-image size-full\"><img fetchpriority=\"high\" decoding=\"async\" width=\"3244\" height=\"1340\" src=\"https:\/\/www.hg-cooker.com\/wp-content\/uploads\/2025\/09\/wholesale-knob-pressure-cooker-2.webp\" alt=\"mayorista olla a presion de pomo (2)\" class=\"wp-image-6379\" srcset=\"https:\/\/www.hg-cooker.com\/wp-content\/uploads\/2025\/09\/wholesale-knob-pressure-cooker-2.webp 3244w, https:\/\/www.hg-cooker.com\/wp-content\/uploads\/2025\/09\/wholesale-knob-pressure-cooker-2-300x124.webp 300w, https:\/\/www.hg-cooker.com\/wp-content\/uploads\/2025\/09\/wholesale-knob-pressure-cooker-2-768x317.webp 768w, https:\/\/www.hg-cooker.com\/wp-content\/uploads\/2025\/09\/wholesale-knob-pressure-cooker-2-18x7.webp 18w, https:\/\/www.hg-cooker.com\/wp-content\/uploads\/2025\/09\/wholesale-knob-pressure-cooker-2-285x118.webp 285w, https:\/\/www.hg-cooker.com\/wp-content\/uploads\/2025\/09\/wholesale-knob-pressure-cooker-2-1600x661.webp 1600w, https:\/\/www.hg-cooker.com\/wp-content\/uploads\/2025\/09\/wholesale-knob-pressure-cooker-2-660x273.webp 660w, https:\/\/www.hg-cooker.com\/wp-content\/uploads\/2025\/09\/wholesale-knob-pressure-cooker-2-150x62.webp 150w\" sizes=\"(max-width: 3244px) 100vw, 3244px\" \/><\/figure>\n<\/div>\n\n\n\n<div class=\"wp-block-column is-layout-flow wp-block-column-is-layout-flow\" style=\"flex-basis:33.33%\"><\/div>\n<\/div>\n\n\n\n<h3 class=\"wp-block-heading\">Opciones de olla a presi\u00f3n personalizadas<\/h3>\n\n\n\n<p><strong>Logotipo:<\/strong> Personalizable con el logotipo de su marca;     <strong>Embalaje:<\/strong>&nbsp;Caja de color\/Cart\u00f3n, etc;     <strong>Material: <\/strong>Personalizable<\/p>","protected":false},"excerpt":{"rendered":"<p>Mayorista de ollas a presi\u00f3n de pomo. Combina materiales de alta calidad y un dise\u00f1o f\u00e1cil de usar, lo que la hace perfecta para su uso en la cocina dom\u00e9stica. Esta serie tiene cuatro capacidades para elegir: 5, 6, 7 y 8 litros, adecuadas para diversos escenarios. Las cocinas dom\u00e9sticas pueden utilizarla para preparar una gran variedad de alimentos, desde comida r\u00e1pida entre semana hasta grandes comidas para las fiestas.<\/p>\n<h2>Caracter\u00edsticas de la olla a presi\u00f3n Knob<\/h2>\n<div data-slate-node=\"element\"><span data-slate-node=\"text\"><strong>Material de alta calidad:<\/strong> Nuestra olla a presi\u00f3n est\u00e1 hecha de material de acero inoxidable de grado alimentario 304, que no es f\u00e1cil de oxidar o deformar, y no reaccionar\u00e1 con los alimentos \u00e1cidos, garantizando la salud y la seguridad.<\/span><span data-slate-node=\"text\"> Los usuarios pueden utilizarlo con m\u00e1s confianza.<\/p>\n<p><\/span><\/div>\n<div data-slate-node=\"element\"><span data-slate-node=\"text\"><strong>Dise\u00f1o ergon\u00f3mico y seguro:<\/strong> Esta olla a presi\u00f3n cuenta con una estructura de tapa tipo pomo, que facilita su bloqueo y desbloqueo.<\/span><span data-slate-node=\"text\"> El asa lateral est\u00e1 fabricada en material pl\u00e1stico negro resistente al calor, que proporciona un agarre c\u00f3modo y un tacto fr\u00edo, garantizando un funcionamiento seguro.<\/p>\n<p><\/span><\/div>\n<div data-slate-node=\"element\"><span data-slate-node=\"text\"><strong>Capacidades m\u00faltiples:<\/strong> Esta olla a presi\u00f3n ofrece cuatro tama\u00f1os diferentes: 5 litros, 6 litros, 7 litros y 8 litros;<\/span><span data-slate-node=\"text\"> Sus m\u00faltiples opciones de capacidad lo hacen adecuado para diversos escenarios.<\/p>\n<p><\/span><\/div>\n<div data-slate-node=\"element\" data-slate-fragment=\"JTVCJTdCJTIydHlwZSUyMiUzQSUyMnBhcmFncmFwaCUyMiUyQyUyMmNoaWxkcmVuJTIyJTNBJTVCJTdCJTIyaWQlMjIlM0ElMjJCUDk1cEVHeVdlJTIyJTJDJTIycGFyYUlkeCUyMiUzQTAlMkMlMjJzcmMlMjIlM0ElMjJIaWdoJTIwcXVhbGl0eSUyMG1hdGVyaWFsJTNBJTIwT3VyJTIwcHJlc3N1cmUlMjBjb29rZXIlMjBpcyUyMG1hZGUlMjBvZiUyMDMwNCUyMGZvb2QlMjBncmFkZSUyMHN0YWlubGVzcyUyMHN0ZWVsJTIwbWF0ZXJpYWwlMkMlMjB3aGljaCUyMGlzJTIwbm90JTIwZWFzeSUyMHRvJTIwcnVzdCUyMG9yJTIwZGVmb3JtJTJDJTIwYW5kJTIwd2lsbCUyMG5vdCUyMHJlYWN0JTIwd2l0aCUyMGFjaWRpYyUyMGZvb2RzJTJDJTIwZW5zdXJpbmclMjBoZWFsdGglMjBhbmQlMjBzYWZldHkuJTIyJTJDJTIyZHN0JTIyJTNBJTIyJUU0JUJDJTk4JUU4JUI0JUE4JUU2JTlEJTkwJUU2JTk2JTk5JUVGJUJDJTlBJUU2JTg4JTkxJUU0JUJCJUFDJUU3JTlBJTg0JUU1JThFJThCJUU1JThBJTlCJUU5JTk0JTg1JUU5JTg3JTg3JUU3JTk0JUE4MzA0JUU5JUEzJTlGJUU1JTkzJTgxJUU3JUJBJUE3JUU0JUI4JThEJUU5JTk0JTg4JUU5JTkyJUEyJUU2JTlEJTkwJUU2JTk2JTk5JUU1JTg4JUI2JUU2JTg4JTkwJUVGJUJDJThDJUU0JUI4JThEJUU2JTk4JTkzJUU3JTk0JTlGJUU5JTk0JTg4JUU2JTg4JTk2JUU1JThGJTk4JUU1JUJEJUEyJUVGJUJDJThDJUU0JUI4JThEJUU0JUJDJTlBJUU0JUI4JThFJUU5JTg1JUI4JUU2JTgwJUE3JUU5JUEzJTlGJUU1JTkzJTgxJUU1JThGJTkxJUU3JTk0JTlGJUU1JThGJThEJUU1JUJBJTk0JUVGJUJDJThDJUU3JUExJUFFJUU0JUJGJTlEJUU1JTgxJUE1JUU1JUJBJUI3JUU1JUFFJTg5JUU1JTg1JUE4JUUzJTgwJTgyJTIyJTJDJTIybWV0YWRhdGElMjIlM0ElMjIlMjIlMkMlMjJtYXRjaGVzJTIyJTNBbnVsbCUyQyUyMnRyYW5zbGF0ZWRCeSUyMiUzQW51bGwlMkMlMjJtZXRhRGF0YSUyMiUzQSU1QiU1RCUyQyUyMnRleHQlMjIlM0ElMjJIaWdoJTIwcXVhbGl0eSUyMG1hdGVyaWFsJTNBJTIwT3VyJTIwcHJlc3N1cmUlMjBjb29rZXIlMjBpcyUyMG1hZGUlMjBvZiUyMDMwNCUyMGZvb2QlMjBncmFkZSUyMHN0YWlubGVzcyUyMHN0ZWVsJTIwbWF0ZXJpYWwlMkMlMjB3aGljaCUyMGlzJTIwbm90JTIwZWFzeSUyMHRvJTIwcnVzdCUyMG9yJTIwZGVmb3JtJTJDJTIwYW5kJTIwd2lsbCUyMG5vdCUyMHJlYWN0JTIwd2l0aCUyMGFjaWRpYyUyMGZvb2RzJTJDJTIwZW5zdXJpbmclMjBoZWFsdGglMjBhbmQlMjBzYWZldHkuJTIyJTdEJTJDJTdCJTIyaWQlMjIlM0ElMjJWUWE3V0o2dzJWJTIyJTJDJTIycGFyYUlkeCUyMiUzQTAlMkMlMjJzcmMlMjIlM0ElMjIlMjBVc2VycyUyMGNhbiUyMHVzZSUyMGl0JTIwd2l0aCUyMG1vcmUlMjBjb25maWRlbmNlLiUyMiUyQyUyMmRzdCUyMiUzQSUyMiVFNyU5NCVBOCVFNiU4OCVCNyVFNSU4RiVBRiVFNCVCQiVBNSVFNiU5QiVCNCVFNiU5QyU4OSVFNCVCRiVBMSVFNSVCRiU4MyVFNSU5QyVCMCVFNCVCRCVCRiVFNyU5NCVBOCVFNSVBRSU4MyVFMyU4MCU4MiUyMiUyQyUyMm1ldGFkYXRhJTIyJTNBJTIyJTIyJTJDJTIybWF0Y2hlcyUyMiUzQW51bGwlMkMlMjJ0cmFuc2xhdGVkQnklMjIlM0FudWxsJTJDJTIybWV0YURhdGElMjIlM0ElNUIlNUQlMkMlMjJ0ZXh0JTIyJTNBJTIyJTIwVXNlcnMlMjBjYW4lMjB1c2UlMjBpdCUyMHdpdGglMjBtb3JlJTIwY29uZmlkZW5jZS4lMjIlN0QlNUQlN0QlMkMlN0IlMjJ0eXBlJTIyJTNBJTIycGFyYWdyYXBoJTIyJTJDJTIyY2hpbGRyZW4lMjIlM0ElNUIlN0IlMjJpZCUyMiUzQSUyMlZwZ244ak5SbmUlMjIlMkMlMjJwYXJhSWR4JTIyJTNBMSUyQyUyMnNyYyUyMiUzQSUyMkVyZ29ub21pYyUyMGFuZCUyMHNhZmUlMjBkZXNpZ24lM0ElMjBUaGlzJTIwcHJlc3N1cmUlMjBjb29rZXIlMjBmZWF0dXJlcyUyMGElMjBrbm9iJTIwc3R5bGUlMjBsaWQlMjBzdHJ1Y3R1cmUlMkMlMjBtYWtpbmclMjBpdCUyMGVhc3klMjB0byUyMGxvY2slMjBhbmQlMjB1bmxvY2slM0IlMjIlMkMlMjJkc3QlMjIlM0ElMjIlRTclQUMlQTYlRTUlOTAlODglRTQlQkElQkElRTQlQkQlOTMlRTUlQjclQTUlRTclQTglOEIlRTUlQUQlQTYlRTUlOTIlOEMlRTUlQUUlODklRTUlODUlQTglRTglQUUlQkUlRTglQUUlQTElRUYlQkMlOUElRTglQkYlOTklRTYlQUMlQkUlRTUlOEUlOEIlRTUlOEElOUIlRTklOTQlODUlRTklODclODclRTclOTQlQTglRTYlOTclOEIlRTklOTIlQUUlRTUlQkMlOEYlRTclOUIlOTYlRTUlQUQlOTAlRTclQkIlOTMlRTYlOUUlODQlRUYlQkMlOEMlRTYlOTglOTMlRTQlQkElOEUlRTklOTQlODElRTUlQUUlOUElRTUlOTIlOEMlRTglQTclQTMlRTklOTQlODElRUYlQkMlOUIlMjIlMkMlMjJtZXRhZGF0YSUyMiUzQSUyMiUyMiUyQyUyMm1hdGNoZXMlMjIlM0FudWxsJTJDJTIydHJhbnNsYXRlZEJ5JTIyJTNBbnVsbCUyQyUyMm1ldGFEYXRhJTIyJTNBJTVCJTVEJTJDJTIydGV4dCUyMiUzQSUyMkVyZ29ub21pYyUyMGFuZCUyMHNhZmUlMjBkZXNpZ24lM0ElMjBUaGlzJTIwcHJlc3N1cmUlMjBjb29rZXIlMjBmZWF0dXJlcyUyMGElMjBrbm9iJTIwc3R5bGUlMjBsaWQlMjBzdHJ1Y3R1cmUlMkMlMjBtYWtpbmclMjBpdCUyMGVhc3klMjB0byUyMGxvY2slMjBhbmQlMjB1bmxvY2slM0IlMjIlN0QlMkMlN0IlMjJpZCUyMiUzQSUyMlZXNmJuMW9sd2UlMjIlMkMlMjJwYXJhSWR4JTIyJTNBMSUyQyUyMnNyYyUyMiUzQSUyMiUyMFRoZSUyMHNpZGUlMjBoYW5kbGUlMjBpcyUyMG1hZGUlMjBvZiUyMGhlYXQtcmVzaXN0YW50JTIwYmxhY2slMjBwbGFzdGljJTIwbWF0ZXJpYWwlMkMlMjBwcm92aWRpbmclMjBhJTIwY29tZm9ydGFibGUlMjBncmlwJTIwYW5kJTIwYSUyMGNvb2wlMjB0b3VjaCUyQyUyMGVuc3VyaW5nJTIwc2FmZSUyMG9wZXJhdGlvbi4lMjIlMkMlMjJkc3QlMjIlM0ElMjIlRTQlQkUlQTclRTYlODklOEIlRTYlOUYlODQlRTclOTQlQjElRTglODAlOTAlRTclODMlQUQlRTklQkIlOTElRTglODklQjIlRTUlQTElOTElRTYlOTYlOTklRTYlOUQlOTAlRTYlOTYlOTklRTUlODglQjYlRTYlODglOTAlRUYlQkMlOEMlRTYlOEYlOTAlRTQlQkUlOUIlRTglODglOTIlRTklODAlODIlRTclOUElODQlRTYlOEElOTMlRTYlOEYlQTElRTUlOTIlOEMlRTUlODclODklRTclODglQkQlRTclOUElODQlRTglQTclQTYlRTYlODQlOUYlRUYlQkMlOEMlRTclQTElQUUlRTQlQkYlOUQlRTUlQUUlODklRTUlODUlQTglRTYlOTMlOEQlRTQlQkQlOUMlRTMlODAlODIlMjIlMkMlMjJtZXRhZGF0YSUyMiUzQSUyMiUyMiUyQyUyMm1hdGNoZXMlMjIlM0FudWxsJTJDJTIydHJhbnNsYXRlZEJ5JTIyJTNBbnVsbCUyQyUyMm1ldGFEYXRhJTIyJTNBJTVCJTVEJTJDJTIydGV4dCUyMiUzQSUyMiUyMFRoZSUyMHNpZGUlMjBoYW5kbGUlMjBpcyUyMG1hZGUlMjBvZiUyMGhlYXQtcmVzaXN0YW50JTIwYmxhY2slMjBwbGFzdGljJTIwbWF0ZXJpYWwlMkMlMjBwcm92aWRpbmclMjBhJTIwY29tZm9ydGFibGUlMjBncmlwJTIwYW5kJTIwYSUyMGNvb2wlMjB0b3VjaCUyQyUyMGVuc3VyaW5nJTIwc2FmZSUyMG9wZXJhdGlvbi4lMjIlN0QlNUQlN0QlMkMlN0IlMjJ0eXBlJTIyJTNBJTIycGFyYWdyYXBoJTIyJTJDJTIyY2hpbGRyZW4lMjIlM0ElNUIlN0IlMjJpZCUyMiUzQSUyMkI4OUFObFpkNmUlMjIlMkMlMjJwYXJhSWR4JTIyJTNBMiUyQyUyMnNyYyUyMiUzQSUyMk11bHRpcGxlJTIwY2FwYWNpdGllcyUzQSUyMFRoaXMlMjBwcmVzc3VyZSUyMGNvb2tlciUyMHByb2R1Y3QlMjBvZmZlcnMlMjBmb3VyJTIwZGlmZmVyZW50JTIwc2l6ZXMlM0ElMjA1JTIwbGl0ZXJzJTJDJTIwNiUyMGxpdGVycyUyQyUyMDclMjBsaXRlcnMlMkMlMjBhbmQlMjA4JTIwbGl0ZXJzJTNCJTIyJTJDJTIyZHN0JTIyJTNBJTIyJUU1JUE0JTlBJUU3JUE3JThEJUU1JUFFJUI5JUU5JTg3JThGJUVGJUJDJTlBJUU4JUJGJTk5JUU2JUFDJUJFJUU1JThFJThCJUU1JThBJTlCJUU5JTk0JTg1JUU0JUJBJUE3JUU1JTkzJTgxJUU2JThGJTkwJUU0JUJFJTlCJUU1JTlCJTlCJUU3JUE3JThEJUU0JUI4JThEJUU1JTkwJThDJUU1JUIwJUJBJUU1JUFGJUI4JUVGJUJDJTlBNSVFNSU4RCU4NyVFMyU4MCU4MTYlRTUlOEQlODclRTMlODAlODE3JUU1JThEJTg3JUU1JTkyJThDOCVFNSU4RCU4NyVFRiVCQyU5QiUyMiUyQyUyMm1ldGFkYXRhJTIyJTNBJTIyJTIyJTJDJTIybWF0Y2hlcyUyMiUzQW51bGwlMkMlMjJ0cmFuc2xhdGVkQnklMjIlM0FudWxsJTJDJTIybWV0YURhdGElMjIlM0ElNUIlNUQlMkMlMjJ0ZXh0JTIyJTNBJTIyTXVsdGlwbGUlMjBjYXBhY2l0aWVzJTNBJTIwVGhpcyUyMHByZXNzdXJlJTIwY29va2VyJTIwcHJvZHVjdCUyMG9mZmVycyUyMGZvdXIlMjBkaWZmZXJlbnQlMjBzaXplcyUzQSUyMDUlMjBsaXRlcnMlMkMlMjA2JTIwbGl0ZXJzJTJDJTIwNyUyMGxpdGVycyUyQyUyMGFuZCUyMDglMjBsaXRlcnMlM0IlMjIlN0QlMkMlN0IlMjJpZCUyMiUzQSUyMlYxZDZxUnhhUmUlMjIlMkMlMjJwYXJhSWR4JTIyJTNBMiUyQyUyMnNyYyUyMiUzQSUyMiUyMFJpY2glMjBjYXBhY2l0eSUyMG9wdGlvbnMlMjBtYWtlJTIwaXQlMjBzdWl0YWJsZSUyMGZvciUyMHZhcmlvdXMlMjBzY2VuYXJpb3MuJTIyJTJDJTIyZHN0JTIyJTNBJTIyJUU0JUI4JUIwJUU1JUFGJThDJUU3JTlBJTg0JUU1JUFFJUI5JUU5JTg3JThGJUU5JTgwJTg5JUU5JUExJUI5JUU0JUJEJUJGJUU1JTg1JUI2JUU5JTgwJTgyJUU3JTk0JUE4JUU0JUJBJThFJUU1JTkwJTg0JUU3JUE3JThEJUU1JTlDJUJBJUU2JTk5JUFGJUUzJTgwJTgyJTIyJTJDJTIybWV0YWRhdGElMjIlM0ElMjIlMjIlMkMlMjJtYXRjaGVzJTIyJTNBbnVsbCUyQyUyMnRyYW5zbGF0ZWRCeSUyMiUzQW51bGwlMkMlMjJtZXRhRGF0YSUyMiUzQSU1QiU1RCUyQyUyMnRleHQlMjIlM0ElMjIlMjBSaWNoJTIwY2FwYWNpdHklMjBvcHRpb25zJTIwbWFrZSUyMGl0JTIwc3VpdGFibGUlMjBmb3IlMjB2YXJpb3VzJTIwc2NlbmFyaW9zLiUyMiU3RCU1RCU3RCUyQyU3QiUyMnR5cGUlMjIlM0ElMjJwYXJhZ3JhcGglMjIlMkMlMjJjaGlsZHJlbiUyMiUzQSU1QiU3QiUyMmlkJTIyJTNBJTIyQnYydnFqS2dNQiUyMiUyQyUyMnBhcmFJZHglMjIlM0EzJTJDJTIyc3JjJTIyJTNBJTIyR29vZCUyMHF1YWxpdHklM0ElMjBBcyUyMGElMjBwcmVzc3VyZSUyMGNvb2tlciUyMG1hbnVmYWN0dXJlciUyMHdpdGglMjBvdmVyJTIwMzAlMjB5ZWFycyUyMG9mJTIwbWFudWZhY3R1cmluZyUyMGV4cGVyaWVuY2UlMkMlMjB3ZSUyMGhhdmUlMjBwcm9mZXNzaW9uYWwlMjBwcm9jZXNzZXMlMjB0byUyMGVuc3VyZSUyMHByb2R1Y3QlMjBxdWFsaXR5JTIwYW5kJTIwZW5zdXJlJTIwdGhhdCUyMHByZXNzdXJlJTIwY29va2VycyUyMGNhbiUyMHdpdGhzdGFuZCUyMHllYXJzJTIwb2YlMjBmcmVxdWVudCUyMHVzZS4lMjIlMkMlMjJkc3QlMjIlM0ElMjIlRTglQjQlQTglRTklODclOEYlRTUlQTUlQkQlRUYlQkMlOUElRTQlQkQlOUMlRTQlQjglQkElRTQlQjglODAlRTUlQUUlQjYlRTYlOEIlQTUlRTYlOUMlODkzMCVFNSVBNCU5QSVFNSVCOSVCNCVFNSU4OCVCNiVFOSU4MCVBMCVFNyVCQiU4RiVFOSVBQSU4QyVFNyU5QSU4NCVFNSU4RSU4QiVFNSU4QSU5QiVFOSU5NCU4NSVFNSU4OCVCNiVFOSU4MCVBMCVFNSU5NSU4NiVFRiVCQyU4QyVFNiU4OCU5MSVFNCVCQiVBQyVFNiU5QyU4OSVFNCVCOCU5MyVFNCVCOCU5QSVFNyU5QSU4NCVFNSVCNyVBNSVFOCU4OSVCQSVFNiU5RCVBNSVFNyVBMSVBRSVFNCVCRiU5RCVFNCVCQSVBNyVFNSU5MyU4MSVFOCVCNCVBOCVFOSU4NyU4RiVFRiVCQyU4QyVFNSVCOSVCNiVFNyVBMSVBRSVFNCVCRiU5RCVFNSU4RSU4QiVFNSU4QSU5QiVFOSU5NCU4NSVFOCU4MyVCRCVFNSVBNCU5RiVFNiU4OSVCRiVFNSU4RiU5NyVFNSVBNCU5QSVFNSVCOSVCNCVFNyU5QSU4NCVFOSVBMiU5MSVFNyVCOSU4MSVFNCVCRCVCRiVFNyU5NCVBOCVFMyU4MCU4MiUyMiUyQyUyMm1ldGFkYXRhJTIyJTNBJTIyJTIyJTJDJTIybWF0Y2hlcyUyMiUzQW51bGwlMkMlMjJ0cmFuc2xhdGVkQnklMjIlM0FudWxsJTJDJTIybWV0YURhdGElMjIlM0ElNUIlNUQlMkMlMjJ0ZXh0JTIyJTNBJTIyR29vZCUyMHF1YWxpdHklM0ElMjBBcyUyMGElMjBwcmVzc3VyZSUyMGNvb2tlciUyMG1hbnVmYWN0dXJlciUyMHdpdGglMjBvdmVyJTIwMzAlMjB5ZWFycyUyMG9mJTIwbWFudWZhY3R1cmluZyUyMGV4cGVyaWVuY2UlMkMlMjB3ZSUyMGhhdmUlMjBwcm9mZXNzaW9uYWwlMjBwcm9jZXNzZXMlMjB0byUyMGVuc3VyZSUyMHByb2R1Y3QlMjBxdWFsaXR5JTIwYW5kJTIwZW5zdXJlJTIwdGhhdCUyMHByZXNzdXJlJTIwY29va2VycyUyMGNhbiUyMHdpdGhzdGFuZCUyMHllYXJzJTIwb2YlMjBmcmVxdWVudCUyMHVzZS4lMjIlN0QlNUQlN0QlNUQ=\"><span data-slate-node=\"text\"><strong>Buena calidad:<\/strong> Como fabricante de ollas a presi\u00f3n con m\u00e1s de 30 a\u00f1os de experiencia en la fabricaci\u00f3n, contamos con procesos profesionales para garantizar la calidad del producto y asegurar que las ollas a presi\u00f3n puedan soportar a\u00f1os de uso frecuente.<\/span><\/div>","protected":false},"featured_media":6380,"comment_status":"closed","ping_status":"closed","template":"","meta":[],"product_brand":[],"product_cat":[54],"product_tag":[],"class_list":{"0":"post-6376","1":"product","2":"type-product","3":"status-publish","4":"has-post-thumbnail","6":"product_cat-pressure-cooker","8":"first","9":"instock","10":"shipping-taxable","11":"product-type-simple"},"_links":{"self":[{"href":"https:\/\/www.hg-cooker.com\/es\/wp-json\/wp\/v2\/product\/6376","targetHints":{"allow":["GET"]}}],"collection":[{"href":"https:\/\/www.hg-cooker.com\/es\/wp-json\/wp\/v2\/product"}],"about":[{"href":"https:\/\/www.hg-cooker.com\/es\/wp-json\/wp\/v2\/types\/product"}],"replies":[{"embeddable":true,"href":"https:\/\/www.hg-cooker.com\/es\/wp-json\/wp\/v2\/comments?post=6376"}],"wp:featuredmedia":[{"embeddable":true,"href":"https:\/\/www.hg-cooker.com\/es\/wp-json\/wp\/v2\/media\/6380"}],"wp:attachment":[{"href":"https:\/\/www.hg-cooker.com\/es\/wp-json\/wp\/v2\/media?parent=6376"}],"wp:term":[{"taxonomy":"product_brand","embeddable":true,"href":"https:\/\/www.hg-cooker.com\/es\/wp-json\/wp\/v2\/product_brand?post=6376"},{"taxonomy":"product_cat","embeddable":true,"href":"https:\/\/www.hg-cooker.com\/es\/wp-json\/wp\/v2\/product_cat?post=6376"},{"taxonomy":"product_tag","embeddable":true,"href":"https:\/\/www.hg-cooker.com\/es\/wp-json\/wp\/v2\/product_tag?post=6376"}],"curies":[{"name":"wp","href":"https:\/\/api.w.org\/{rel}","templated":true}]}}