{"id":6371,"date":"2024-09-11T07:20:34","date_gmt":"2024-09-11T07:20:34","guid":{"rendered":"https:\/\/www.hg-cooker.com\/?post_type=product&#038;p=6371"},"modified":"2025-11-13T02:17:21","modified_gmt":"2025-11-13T02:17:21","slug":"wholesale-pressure-cooker-in-bulk","status":"publish","type":"product","link":"https:\/\/www.hg-cooker.com\/es\/producto\/wholesale-pressure-cooker-in-bulk\/","title":{"rendered":"Mayorista Olla a Presi\u00f3n, Duradera, Eficaz, Suministrada de F\u00e1brica en Grandes Cantidades"},"content":{"rendered":"<h3 class=\"wp-block-heading\">Par\u00e1metros de las ollas a presi\u00f3n de acero inoxidable<\/h3>\n\n\n\n<div class=\"wp-block-columns is-layout-flex wp-container-core-columns-is-layout-9d6595d7 wp-block-columns-is-layout-flex\">\n<div class=\"wp-block-column is-layout-flow wp-block-column-is-layout-flow\" style=\"flex-basis:66.66%\">\n<figure class=\"wp-block-image size-full\"><img fetchpriority=\"high\" decoding=\"async\" width=\"4964\" height=\"2700\" src=\"https:\/\/www.hg-cooker.com\/wp-content\/uploads\/2025\/09\/specifications-of-pressure-cooker.webp\" alt=\"especificaciones de la olla a presi\u00f3n\" class=\"wp-image-6382\" srcset=\"https:\/\/www.hg-cooker.com\/wp-content\/uploads\/2025\/09\/specifications-of-pressure-cooker.webp 4964w, https:\/\/www.hg-cooker.com\/wp-content\/uploads\/2025\/09\/specifications-of-pressure-cooker-300x163.webp 300w, https:\/\/www.hg-cooker.com\/wp-content\/uploads\/2025\/09\/specifications-of-pressure-cooker-768x418.webp 768w, https:\/\/www.hg-cooker.com\/wp-content\/uploads\/2025\/09\/specifications-of-pressure-cooker-18x10.webp 18w, https:\/\/www.hg-cooker.com\/wp-content\/uploads\/2025\/09\/specifications-of-pressure-cooker-285x155.webp 285w, https:\/\/www.hg-cooker.com\/wp-content\/uploads\/2025\/09\/specifications-of-pressure-cooker-1600x870.webp 1600w, https:\/\/www.hg-cooker.com\/wp-content\/uploads\/2025\/09\/specifications-of-pressure-cooker-660x359.webp 660w, https:\/\/www.hg-cooker.com\/wp-content\/uploads\/2025\/09\/specifications-of-pressure-cooker-150x82.webp 150w\" sizes=\"(max-width: 4964px) 100vw, 4964px\" \/><\/figure>\n<\/div>\n\n\n\n<div class=\"wp-block-column is-layout-flow wp-block-column-is-layout-flow\" style=\"flex-basis:33.33%\"><\/div>\n<\/div>\n\n\n\n<h3 class=\"wp-block-heading\">Opciones de ollas a presi\u00f3n personalizadas<\/h3>\n\n\n\n<p><strong>Logotipo:<\/strong> Personalizable con el logotipo de su marca; <strong>Embalaje:<\/strong>&nbsp;Caja de color\/Cart\u00f3n, etc; <strong>Material: <\/strong>Personalizable<\/p>","protected":false},"excerpt":{"rendered":"<p>Ollas a presi\u00f3n al por mayor, dise\u00f1adas espec\u00edficamente para cocinas dom\u00e9sticas y uso profesional, disponibles en ocho tama\u00f1os diferentes. Cada olla a presi\u00f3n est\u00e1 equipada con un fondo de acero inoxidable de tres capas, que proporciona una excelente conductividad t\u00e9rmica y mejora significativamente la eficiencia de la cocci\u00f3n y el rendimiento general. Invitamos a comerciantes, mayoristas y distribuidores de todo el mundo a ponerse en contacto con nosotros para adquirir productos a granel.<\/p>\n<h2>Caracter\u00edsticas de las ollas a presi\u00f3n<\/h2>\n<p><strong>Fondo de acero inoxidable tricapa:<\/strong> Esta estructura combina la solidez y la resistencia a la corrosi\u00f3n del acero inoxidable con la excelente conductividad t\u00e9rmica del aluminio, lo que garantiza una distribuci\u00f3n uniforme del calor por toda la superficie de cocci\u00f3n de la olla a presi\u00f3n, mejorando significativamente la eficiencia y la eficacia de la cocci\u00f3n.<\/p>\n<p><strong>Ocho tallas:<\/strong> Estas ollas a presi\u00f3n est\u00e1n disponibles en ocho tama\u00f1os diferentes, desde modelos compactos adecuados para hogares peque\u00f1os hasta modelos de gran capacidad adecuados para restaurantes o servicios de catering, lo que ofrece a los usuarios una amplia gama de opciones.<\/p>\n<p><strong>Excelente durabilidad:<\/strong> Estas ollas a presi\u00f3n est\u00e1n fabricadas en acero inoxidable de alta calidad y pueden soportar un uso frecuente y de alta intensidad sin sufrir deformaciones, hendiduras ni corrosi\u00f3n.<\/p>\n<p><strong>Cocina eficiente:<\/strong> La combinaci\u00f3n de cocci\u00f3n sellada a presi\u00f3n y una base de acero inoxidable de tres capas permite que estas ollas a presi\u00f3n 50% cocinen m\u00e1s r\u00e1pido que los m\u00e9todos de cocci\u00f3n tradicionales.<\/p>\n<p><strong>Suministro fiable de f\u00e1brica:<\/strong> Como estas ollas a presi\u00f3n son suministradas directamente por la f\u00e1brica, los mayoristas y distribuidores pueden confiar en un suministro estable y a gran escala sin interrupciones.<\/p>","protected":false},"featured_media":6372,"comment_status":"closed","ping_status":"closed","template":"","meta":[],"product_brand":[],"product_cat":[54],"product_tag":[],"class_list":{"0":"post-6371","1":"product","2":"type-product","3":"status-publish","4":"has-post-thumbnail","6":"product_cat-pressure-cooker","8":"first","9":"instock","10":"shipping-taxable","11":"product-type-simple"},"_links":{"self":[{"href":"https:\/\/www.hg-cooker.com\/es\/wp-json\/wp\/v2\/product\/6371","targetHints":{"allow":["GET"]}}],"collection":[{"href":"https:\/\/www.hg-cooker.com\/es\/wp-json\/wp\/v2\/product"}],"about":[{"href":"https:\/\/www.hg-cooker.com\/es\/wp-json\/wp\/v2\/types\/product"}],"replies":[{"embeddable":true,"href":"https:\/\/www.hg-cooker.com\/es\/wp-json\/wp\/v2\/comments?post=6371"}],"wp:featuredmedia":[{"embeddable":true,"href":"https:\/\/www.hg-cooker.com\/es\/wp-json\/wp\/v2\/media\/6372"}],"wp:attachment":[{"href":"https:\/\/www.hg-cooker.com\/es\/wp-json\/wp\/v2\/media?parent=6371"}],"wp:term":[{"taxonomy":"product_brand","embeddable":true,"href":"https:\/\/www.hg-cooker.com\/es\/wp-json\/wp\/v2\/product_brand?post=6371"},{"taxonomy":"product_cat","embeddable":true,"href":"https:\/\/www.hg-cooker.com\/es\/wp-json\/wp\/v2\/product_cat?post=6371"},{"taxonomy":"product_tag","embeddable":true,"href":"https:\/\/www.hg-cooker.com\/es\/wp-json\/wp\/v2\/product_tag?post=6371"}],"curies":[{"name":"wp","href":"https:\/\/api.w.org\/{rel}","templated":true}]}}