{"id":6368,"date":"2024-09-11T06:58:04","date_gmt":"2024-09-11T06:58:04","guid":{"rendered":"https:\/\/www.hg-cooker.com\/?post_type=product&#038;p=6368"},"modified":"2025-11-13T02:12:44","modified_gmt":"2025-11-13T02:12:44","slug":"wholesale-mini-pressure-cooker-for-home-and-outdoor-cooking","status":"publish","type":"product","link":"https:\/\/www.hg-cooker.com\/es\/producto\/wholesale-mini-pressure-cooker-for-home-and-outdoor-cooking\/","title":{"rendered":"Mayorista Mini olla a presi\u00f3n - Adecuada para cocinar al aire libre y en casa"},"content":{"rendered":"<h3 class=\"wp-block-heading\">Par\u00e1metros de la mini olla a presi\u00f3n<\/h3>\n\n\n\n<div class=\"wp-block-columns is-layout-flex wp-container-core-columns-is-layout-9d6595d7 wp-block-columns-is-layout-flex\">\n<div class=\"wp-block-column is-layout-flow wp-block-column-is-layout-flow\" style=\"flex-basis:66.66%\">\n<figure class=\"wp-block-image size-full\"><img fetchpriority=\"high\" decoding=\"async\" width=\"4460\" height=\"2056\" src=\"https:\/\/www.hg-cooker.com\/wp-content\/uploads\/2025\/09\/specifications-of-mini-pressure-cooker-1.webp\" alt=\"especificaciones de la mini olla a presi\u00f3n\" class=\"wp-image-6370\" srcset=\"https:\/\/www.hg-cooker.com\/wp-content\/uploads\/2025\/09\/specifications-of-mini-pressure-cooker-1.webp 4460w, https:\/\/www.hg-cooker.com\/wp-content\/uploads\/2025\/09\/specifications-of-mini-pressure-cooker-1-300x138.webp 300w, https:\/\/www.hg-cooker.com\/wp-content\/uploads\/2025\/09\/specifications-of-mini-pressure-cooker-1-768x354.webp 768w, https:\/\/www.hg-cooker.com\/wp-content\/uploads\/2025\/09\/specifications-of-mini-pressure-cooker-1-18x8.webp 18w, https:\/\/www.hg-cooker.com\/wp-content\/uploads\/2025\/09\/specifications-of-mini-pressure-cooker-1-285x131.webp 285w, https:\/\/www.hg-cooker.com\/wp-content\/uploads\/2025\/09\/specifications-of-mini-pressure-cooker-1-1600x738.webp 1600w, https:\/\/www.hg-cooker.com\/wp-content\/uploads\/2025\/09\/specifications-of-mini-pressure-cooker-1-660x304.webp 660w, https:\/\/www.hg-cooker.com\/wp-content\/uploads\/2025\/09\/specifications-of-mini-pressure-cooker-1-150x69.webp 150w\" sizes=\"(max-width: 4460px) 100vw, 4460px\" \/><\/figure>\n<\/div>\n\n\n\n<div class=\"wp-block-column is-layout-flow wp-block-column-is-layout-flow\" style=\"flex-basis:33.33%\"><\/div>\n<\/div>\n\n\n\n<h3 class=\"wp-block-heading\">Opciones de olla a presi\u00f3n personalizadas<\/h3>\n\n\n\n<p><strong>Logotipo:<\/strong> Personalizable con el logotipo de su marca; <strong>Embalaje:<\/strong>\u00a0Caja de color\/Cart\u00f3n, etc; <strong>Material: <\/strong>Personalizable<\/p>\n\n\n\n<p><\/p>","protected":false},"excerpt":{"rendered":"<p>Las mini ollas a presi\u00f3n al por mayor son perfectas para hogares, apartamentos, dormitorios o veh\u00edculos recreativos con espacio de cocina limitado. La velocidad de cocci\u00f3n de las mini ollas a presi\u00f3n es 70% m\u00e1s r\u00e1pida que la de los m\u00e9todos de cocci\u00f3n tradicionales, y su construcci\u00f3n ligera y port\u00e1til las convierte en la opci\u00f3n ideal para actividades al aire libre como acampadas, picnics y viajes. Invitamos a comerciantes, mayoristas y distribuidores de todo el mundo a ponerse en contacto con nosotros.<\/p>\n<h2>Caracter\u00edsticas de las mini ollas a presi\u00f3n<\/h2>\n<p><strong>Dise\u00f1o que ahorra espacio:<\/strong> Esta mini olla a presi\u00f3n tiene una capacidad de s\u00f3lo 0,8 a 1,6 litros, lo que la convierte en la opci\u00f3n ideal para hogares, apartamentos, dormitorios o veh\u00edculos recreativos con un espacio de cocina limitado.<\/p>\n<p><strong>Adecuado para diversos usos en interiores y exteriores:<\/strong> La mini olla a presi\u00f3n resiste el calor de las llamas o de los hornillos port\u00e1tiles. Para los amantes del camping, una mini olla a presi\u00f3n es una herramienta fiable para cocinar deliciosos alimentos al aire libre.<\/p>\n<p><strong>Preservar la nutrici\u00f3n y el sabor:<\/strong> Un entorno de cocci\u00f3n sellado puede preservar eficazmente las vitaminas y los minerales, evitando la p\u00e9rdida por los m\u00e9todos tradicionales de cocci\u00f3n hirviendo o friendo.<\/p>\n<p><strong>Funciones seguras y f\u00e1ciles de usar:<\/strong> Las mini ollas a presi\u00f3n dan prioridad a la seguridad. Est\u00e1 equipada con m\u00faltiples dispositivos de protecci\u00f3n, como una tapa de bloqueo para evitar que se abra accidentalmente bajo presi\u00f3n, una v\u00e1lvula de alivio de presi\u00f3n para controlar la salida de vapor y un asa resistente al calor para evitar quemaduras en ambas manos.<\/p>\n<p><strong>Experiencia mundial en exportaci\u00f3n:<\/strong> como fabricante profesional de ollas a presi\u00f3n. Tenemos una amplia experiencia en la exportaci\u00f3n de productos a nivel mundial, proporcionando cadenas de suministro fiables y una calidad constante de los productos para los compradores de todo el mundo.<\/p>","protected":false},"featured_media":6369,"comment_status":"closed","ping_status":"closed","template":"","meta":[],"product_brand":[],"product_cat":[49],"product_tag":[],"class_list":{"0":"post-6368","1":"product","2":"type-product","3":"status-publish","4":"has-post-thumbnail","6":"product_cat-mini-pressure-cooker","8":"first","9":"instock","10":"shipping-taxable","11":"product-type-simple"},"_links":{"self":[{"href":"https:\/\/www.hg-cooker.com\/es\/wp-json\/wp\/v2\/product\/6368","targetHints":{"allow":["GET"]}}],"collection":[{"href":"https:\/\/www.hg-cooker.com\/es\/wp-json\/wp\/v2\/product"}],"about":[{"href":"https:\/\/www.hg-cooker.com\/es\/wp-json\/wp\/v2\/types\/product"}],"replies":[{"embeddable":true,"href":"https:\/\/www.hg-cooker.com\/es\/wp-json\/wp\/v2\/comments?post=6368"}],"wp:featuredmedia":[{"embeddable":true,"href":"https:\/\/www.hg-cooker.com\/es\/wp-json\/wp\/v2\/media\/6369"}],"wp:attachment":[{"href":"https:\/\/www.hg-cooker.com\/es\/wp-json\/wp\/v2\/media?parent=6368"}],"wp:term":[{"taxonomy":"product_brand","embeddable":true,"href":"https:\/\/www.hg-cooker.com\/es\/wp-json\/wp\/v2\/product_brand?post=6368"},{"taxonomy":"product_cat","embeddable":true,"href":"https:\/\/www.hg-cooker.com\/es\/wp-json\/wp\/v2\/product_cat?post=6368"},{"taxonomy":"product_tag","embeddable":true,"href":"https:\/\/www.hg-cooker.com\/es\/wp-json\/wp\/v2\/product_tag?post=6368"}],"curies":[{"name":"wp","href":"https:\/\/api.w.org\/{rel}","templated":true}]}}