{"id":6365,"date":"2024-09-11T06:17:23","date_gmt":"2024-09-11T06:17:23","guid":{"rendered":"https:\/\/www.hg-cooker.com\/?post_type=product&#038;p=6365"},"modified":"2025-11-13T02:12:54","modified_gmt":"2025-11-13T02:12:54","slug":"wholesale-mini-pressure-cooker-with-handle","status":"publish","type":"product","link":"https:\/\/www.hg-cooker.com\/es\/producto\/wholesale-mini-pressure-cooker-with-handle\/","title":{"rendered":"Mayorista Mini Olla a Presi\u00f3n con Mango - Factory Bulk Supply"},"content":{"rendered":"<h3 class=\"wp-block-heading\">Par\u00e1metros de la mini olla a presi\u00f3n<\/h3>\n\n\n\n<div class=\"wp-block-columns is-layout-flex wp-container-core-columns-is-layout-9d6595d7 wp-block-columns-is-layout-flex\">\n<div class=\"wp-block-column is-layout-flow wp-block-column-is-layout-flow\" style=\"flex-basis:66.66%\">\n<figure class=\"wp-block-image size-full\"><img fetchpriority=\"high\" decoding=\"async\" width=\"5120\" height=\"2304\" src=\"https:\/\/www.hg-cooker.com\/wp-content\/uploads\/2025\/09\/specifications-of-mini-pressure-cooker.webp\" alt=\"especificaciones de la mini olla a presi\u00f3n\" class=\"wp-image-6366\" srcset=\"https:\/\/www.hg-cooker.com\/wp-content\/uploads\/2025\/09\/specifications-of-mini-pressure-cooker.webp 5120w, https:\/\/www.hg-cooker.com\/wp-content\/uploads\/2025\/09\/specifications-of-mini-pressure-cooker-300x135.webp 300w, https:\/\/www.hg-cooker.com\/wp-content\/uploads\/2025\/09\/specifications-of-mini-pressure-cooker-768x346.webp 768w, https:\/\/www.hg-cooker.com\/wp-content\/uploads\/2025\/09\/specifications-of-mini-pressure-cooker-18x8.webp 18w, https:\/\/www.hg-cooker.com\/wp-content\/uploads\/2025\/09\/specifications-of-mini-pressure-cooker-285x128.webp 285w, https:\/\/www.hg-cooker.com\/wp-content\/uploads\/2025\/09\/specifications-of-mini-pressure-cooker-1600x720.webp 1600w, https:\/\/www.hg-cooker.com\/wp-content\/uploads\/2025\/09\/specifications-of-mini-pressure-cooker-660x297.webp 660w, https:\/\/www.hg-cooker.com\/wp-content\/uploads\/2025\/09\/specifications-of-mini-pressure-cooker-150x68.webp 150w\" sizes=\"(max-width: 5120px) 100vw, 5120px\" \/><\/figure>\n<\/div>\n\n\n\n<div class=\"wp-block-column is-layout-flow wp-block-column-is-layout-flow\" style=\"flex-basis:33.33%\"><\/div>\n<\/div>\n\n\n\n<h3 class=\"wp-block-heading\">Opciones de bater\u00eda de cocina a medida<\/h3>\n\n\n\n<p><strong>Logotipo:<\/strong> Personalizable con el logotipo de su marca; <strong>Embalaje:<\/strong>\u00a0Caja de color\/Cart\u00f3n, etc; <strong>Material: <\/strong>Personalizable<\/p>","protected":false},"excerpt":{"rendered":"<p>La f\u00e1brica suministra mini ollas a presi\u00f3n a granel. Adecuadas para mayoristas, minoristas y proveedores de utensilios de cocina. Ofrecemos precios competitivos, calidad estable y entrega fiable.<\/p>\n<h2>Caracter\u00edsticas de la mini olla a presi\u00f3n<\/h2>\n<p><strong>Dise\u00f1o que ahorra espacio:<\/strong> Ofrecemos mini ollas a presi\u00f3n de 0,8-2,0L, con un dise\u00f1o mini que facilita su adaptaci\u00f3n a cocinas m\u00e1s peque\u00f1as, apartamentos, dormitorios o veh\u00edculos recreativos.<\/p>\n<p><strong>Eficiencia energ\u00e9tica:<\/strong> La mini olla a presi\u00f3n al por mayor utiliza material de acero inoxidable de tres capas, que consume menos energ\u00eda y tiene una mayor eficiencia de cocci\u00f3n, lo que reduce significativamente el tiempo total de cocci\u00f3n.<\/p>\n<p><strong>Nutrici\u00f3n y retenci\u00f3n del sabor:<\/strong> El entorno de cocci\u00f3n sellado de la olla a presi\u00f3n puede encerrar el vapor, ayudando a preservar las vitaminas, minerales y sabores naturales de los alimentos.<\/p>\n<p><strong>F\u00e1cil de limpiar:<\/strong> Nuestra mini olla a presi\u00f3n est\u00e1 fabricada en acero inoxidable, lo que facilita su limpieza y mantenimiento.<\/p>\n<p><strong>Estricto control de calidad y certificaci\u00f3n:<\/strong> Desde la inspecci\u00f3n de la materia prima hasta la prueba del producto final, nuestros productos han superado normas internacionales como CE, LFGB, FDA e ISO.<\/p>","protected":false},"featured_media":6367,"comment_status":"closed","ping_status":"closed","template":"","meta":[],"product_brand":[],"product_cat":[49],"product_tag":[],"class_list":{"0":"post-6365","1":"product","2":"type-product","3":"status-publish","4":"has-post-thumbnail","6":"product_cat-mini-pressure-cooker","8":"first","9":"instock","10":"shipping-taxable","11":"product-type-simple"},"_links":{"self":[{"href":"https:\/\/www.hg-cooker.com\/es\/wp-json\/wp\/v2\/product\/6365","targetHints":{"allow":["GET"]}}],"collection":[{"href":"https:\/\/www.hg-cooker.com\/es\/wp-json\/wp\/v2\/product"}],"about":[{"href":"https:\/\/www.hg-cooker.com\/es\/wp-json\/wp\/v2\/types\/product"}],"replies":[{"embeddable":true,"href":"https:\/\/www.hg-cooker.com\/es\/wp-json\/wp\/v2\/comments?post=6365"}],"wp:featuredmedia":[{"embeddable":true,"href":"https:\/\/www.hg-cooker.com\/es\/wp-json\/wp\/v2\/media\/6367"}],"wp:attachment":[{"href":"https:\/\/www.hg-cooker.com\/es\/wp-json\/wp\/v2\/media?parent=6365"}],"wp:term":[{"taxonomy":"product_brand","embeddable":true,"href":"https:\/\/www.hg-cooker.com\/es\/wp-json\/wp\/v2\/product_brand?post=6365"},{"taxonomy":"product_cat","embeddable":true,"href":"https:\/\/www.hg-cooker.com\/es\/wp-json\/wp\/v2\/product_cat?post=6365"},{"taxonomy":"product_tag","embeddable":true,"href":"https:\/\/www.hg-cooker.com\/es\/wp-json\/wp\/v2\/product_tag?post=6365"}],"curies":[{"name":"wp","href":"https:\/\/api.w.org\/{rel}","templated":true}]}}