{"id":6360,"date":"2024-09-11T02:52:05","date_gmt":"2024-09-11T02:52:05","guid":{"rendered":"https:\/\/www.hg-cooker.com\/?post_type=product&#038;p=6360"},"modified":"2025-11-13T02:13:08","modified_gmt":"2025-11-13T02:13:08","slug":"wholesale-mini-pressure-cooker-e-type","status":"publish","type":"product","link":"https:\/\/www.hg-cooker.com\/es\/producto\/wholesale-mini-pressure-cooker-e-type\/","title":{"rendered":"Venta al Mayor Mini Olla a Presi\u00f3n 0.8 -1.6L, Calentamiento R\u00e1pido y F\u00e1cil de Transportar"},"content":{"rendered":"<h3 class=\"wp-block-heading\">Par\u00e1metros de la mini olla a presi\u00f3n<\/h3>\n\n\n\n<div class=\"wp-block-columns is-layout-flex wp-container-core-columns-is-layout-9d6595d7 wp-block-columns-is-layout-flex\">\n<div class=\"wp-block-column is-layout-flow wp-block-column-is-layout-flow\" style=\"flex-basis:66.66%\">\n<figure class=\"wp-block-image size-full\"><img fetchpriority=\"high\" decoding=\"async\" width=\"5120\" height=\"1980\" src=\"https:\/\/www.hg-cooker.com\/wp-content\/uploads\/2025\/09\/specification-of-mini-pressure-cooker.webp\" alt=\"especificaciones de la mini olla a presi\u00f3n\" class=\"wp-image-6362\" srcset=\"https:\/\/www.hg-cooker.com\/wp-content\/uploads\/2025\/09\/specification-of-mini-pressure-cooker.webp 5120w, https:\/\/www.hg-cooker.com\/wp-content\/uploads\/2025\/09\/specification-of-mini-pressure-cooker-300x116.webp 300w, https:\/\/www.hg-cooker.com\/wp-content\/uploads\/2025\/09\/specification-of-mini-pressure-cooker-768x297.webp 768w, https:\/\/www.hg-cooker.com\/wp-content\/uploads\/2025\/09\/specification-of-mini-pressure-cooker-18x7.webp 18w, https:\/\/www.hg-cooker.com\/wp-content\/uploads\/2025\/09\/specification-of-mini-pressure-cooker-285x110.webp 285w, https:\/\/www.hg-cooker.com\/wp-content\/uploads\/2025\/09\/specification-of-mini-pressure-cooker-1600x619.webp 1600w, https:\/\/www.hg-cooker.com\/wp-content\/uploads\/2025\/09\/specification-of-mini-pressure-cooker-660x255.webp 660w, https:\/\/www.hg-cooker.com\/wp-content\/uploads\/2025\/09\/specification-of-mini-pressure-cooker-150x58.webp 150w\" sizes=\"(max-width: 5120px) 100vw, 5120px\" \/><\/figure>\n<\/div>\n\n\n\n<div class=\"wp-block-column is-layout-flow wp-block-column-is-layout-flow\" style=\"flex-basis:33.33%\"><\/div>\n<\/div>","protected":false},"excerpt":{"rendered":"<p>Venta al por mayor de mini ollas a presi\u00f3n. Con una capacidad de s\u00f3lo 0,8-1,6L y un tama\u00f1o compacto, son adecuadas para actividades al aire libre como apartamentos, dormitorios, camping y viajes. Fabricadas con acero inoxidable tricapa, se calientan uniformemente y conducen el calor con rapidez, reduciendo el tiempo de preparaci\u00f3n y conservando al mismo tiempo la nutrici\u00f3n y el sabor de los ingredientes. Ofrecemos presupuestos de f\u00e1brica y damos la bienvenida a los comerciantes, mayoristas y propietarios de marcas de ollas a presi\u00f3n de todo el mundo que deseen ponerse en contacto con nosotros para realizar compras al por mayor.<\/p>\n<h2>Caracter\u00edsticas de la mini olla a presi\u00f3n 0,8 - 2,0L<\/h2>\n<ul>\n<li>\n<p><strong>Tama\u00f1o compacto:<\/strong> Las mini ollas a presi\u00f3n suelen tener una capacidad de entre 0,8 y 1,6 litros. Su tama\u00f1o compacto y su peso ligero las hacen adecuadas para hogares unifamiliares o bifamiliares, residencias de estudiantes y cocinas peque\u00f1as.<\/p>\n<\/li>\n<li>\n<p><strong>Calentamiento r\u00e1pido:<\/strong> Debido a su peque\u00f1o tama\u00f1o y a su baja capacidad calor\u00edfica, estas mini ollas a presi\u00f3n est\u00e1n fabricadas con triple acero inoxidable, lo que permite una conducci\u00f3n del calor m\u00e1s r\u00e1pida y uniforme, reduciendo significativamente el tiempo de cocci\u00f3n de platos que tradicionalmente requieren mucho tiempo, como guisar carnes y alubias.<\/p>\n<\/li>\n<li>\n<p><strong>F\u00e1cil de usar:<\/strong> Funciones de seguridad como el bloqueo autom\u00e1tico de seguridad, la v\u00e1lvula de alivio de presi\u00f3n y la protecci\u00f3n contra el secado por ebullici\u00f3n garantizan que los usuarios s\u00f3lo tengan que seguir las instrucciones para ajustar el nivel de agua y el tiempo de cocci\u00f3n.<\/p>\n<\/li>\n<li>\n<p><strong>Cocina vers\u00e1til:<\/strong> Las mini ollas a presi\u00f3n se pueden utilizar para diversos m\u00e9todos de cocci\u00f3n, como guisar, hervir, cocer al vapor y estofar. Desde nutritivas sopas y estofados de ternera hasta la r\u00e1pida cocci\u00f3n al vapor de arroz, alubias y guisos de verduras, pueden con todo.<\/p>\n<\/li>\n<li>\n<p><strong>Precios de f\u00e1brica competitivos:<\/strong> Como fabricante profesional de ollas a presi\u00f3n, tenemos capacidad de producci\u00f3n a gran escala para garantizar productos de alta calidad y ofrecer grandes cantidades a precios competitivos.<\/p>\n<\/li>\n<\/ul>","protected":false},"featured_media":6361,"comment_status":"closed","ping_status":"closed","template":"","meta":[],"product_brand":[],"product_cat":[49],"product_tag":[],"class_list":{"0":"post-6360","1":"product","2":"type-product","3":"status-publish","4":"has-post-thumbnail","6":"product_cat-mini-pressure-cooker","8":"first","9":"instock","10":"shipping-taxable","11":"product-type-simple"},"_links":{"self":[{"href":"https:\/\/www.hg-cooker.com\/es\/wp-json\/wp\/v2\/product\/6360","targetHints":{"allow":["GET"]}}],"collection":[{"href":"https:\/\/www.hg-cooker.com\/es\/wp-json\/wp\/v2\/product"}],"about":[{"href":"https:\/\/www.hg-cooker.com\/es\/wp-json\/wp\/v2\/types\/product"}],"replies":[{"embeddable":true,"href":"https:\/\/www.hg-cooker.com\/es\/wp-json\/wp\/v2\/comments?post=6360"}],"wp:featuredmedia":[{"embeddable":true,"href":"https:\/\/www.hg-cooker.com\/es\/wp-json\/wp\/v2\/media\/6361"}],"wp:attachment":[{"href":"https:\/\/www.hg-cooker.com\/es\/wp-json\/wp\/v2\/media?parent=6360"}],"wp:term":[{"taxonomy":"product_brand","embeddable":true,"href":"https:\/\/www.hg-cooker.com\/es\/wp-json\/wp\/v2\/product_brand?post=6360"},{"taxonomy":"product_cat","embeddable":true,"href":"https:\/\/www.hg-cooker.com\/es\/wp-json\/wp\/v2\/product_cat?post=6360"},{"taxonomy":"product_tag","embeddable":true,"href":"https:\/\/www.hg-cooker.com\/es\/wp-json\/wp\/v2\/product_tag?post=6360"}],"curies":[{"name":"wp","href":"https:\/\/api.w.org\/{rel}","templated":true}]}}