{"id":6353,"date":"2025-09-11T01:17:51","date_gmt":"2025-09-11T01:17:51","guid":{"rendered":"https:\/\/www.hg-cooker.com\/?post_type=product&#038;p=6353"},"modified":"2025-09-11T01:48:38","modified_gmt":"2025-09-11T01:48:38","slug":"wholesale-titanium-cookware-in-bulk","status":"publish","type":"product","link":"https:\/\/www.hg-cooker.com\/es\/producto\/wholesale-titanium-cookware-in-bulk\/","title":{"rendered":"Mayorista Bater\u00eda de Cocina de Titanio, Duradera, Ligera, Resistente a la Corrosi\u00f3n, Producida en F\u00e1brica al por Mayor"},"content":{"rendered":"<h3 class=\"wp-block-heading\">Opciones de bater\u00eda de cocina a medida<\/h3>\n\n\n\n<ul class=\"wp-block-list\">\n<li><strong>Logotipo:<\/strong> Personalizable con el logotipo de su marca<\/li>\n\n\n\n<li><strong>Embalaje:<\/strong>\u00a0Caja de color\/Cart\u00f3n, etc<\/li>\n\n\n\n<li><strong>Material: <\/strong>Personalizable<\/li>\n<\/ul>\n\n\n\n<div class=\"wp-block-columns is-layout-flex wp-container-core-columns-is-layout-9d6595d7 wp-block-columns-is-layout-flex\">\n<div class=\"wp-block-column is-layout-flow wp-block-column-is-layout-flow\"><\/div>\n\n\n\n<div class=\"wp-block-column is-layout-flow wp-block-column-is-layout-flow\"><\/div>\n<\/div>","protected":false},"excerpt":{"rendered":"<p>Nuestros utensilios de cocina de titanio de alta calidad tienen una excelente durabilidad, portabilidad ligera y excelente resistencia a la corrosi\u00f3n, por lo que es una opci\u00f3n ideal para cocinas profesionales, cocina al aire libre y mercados minoristas. El dise\u00f1o de los utensilios de cocina de titanio, que no responden y son seguros para los alimentos, proporciona a los usuarios una excelente experiencia culinaria. Invitamos a comerciantes, mayoristas y minoristas de todo el mundo a ponerse en contacto con nosotros para solicitar presupuestos.<\/p>\n<h2>Caracter\u00edsticas de la bater\u00eda de cocina de titanio<\/h2>\n<p><!-- wp:list --><\/p>\n<ul class=\"wp-block-list\"><!-- wp:list-item --><\/p>\n<li><strong>Durabilidad superior: <\/strong>A diferencia de los metales m\u00e1s blandos, el titanio resiste abolladuras, dobleces y deformaciones provocadas por la cocci\u00f3n a alta temperatura o el uso prolongado e intensivo.<\/li>\n<p><!-- \/wp:list-item --><\/p>\n<p><!-- wp:list-item --><\/p>\n<li><strong>Dise\u00f1o ligero:<\/strong> Una de las ventajas m\u00e1s aclamadas de las bater\u00edas de cocina de titanio es su ligereza. Nuestra bater\u00eda de cocina de titanio puede ser entre 45% y 50% m\u00e1s ligera, lo que supone una mejora significativa en la cocina diaria.<\/li>\n<p><!-- \/wp:list-item --><\/p>\n<p><!-- wp:list-item --><\/p>\n<li><strong>Ideal para el aire libre:<\/strong> Los utensilios de cocina de titanio combinan una resistencia excepcional con un peso m\u00ednimo, y su dise\u00f1o ligero garantiza que no a\u00f1adir\u00e1n volumen innecesario a su mochila.<\/li>\n<p><!-- \/wp:list-item --><\/p>\n<p><!-- wp:list-item --><\/p>\n<li><strong>Bajo mantenimiento:<\/strong> La superficie resistente a los ara\u00f1azos de la bater\u00eda de cocina de titanio ayuda a evitar que los alimentos se peguen en exceso, lo que significa que la mayor\u00eda de los residuos pueden eliminarse con agua tibia y una esponja suave.<\/li>\n<p><!-- \/wp:list-item --><\/p>\n<p><!-- wp:list-item --><\/p>\n<li><strong>Saludable y seguro: <\/strong>El titanio proporciona una superficie de cocci\u00f3n segura e inerte, que permite a los usuarios preparar comidas sanas.<\/li>\n<p><!-- \/wp:list-item --><\/ul>\n<p><!-- \/wp:list --><\/p>","protected":false},"featured_media":6355,"comment_status":"closed","ping_status":"closed","template":"","meta":[],"product_brand":[],"product_cat":[69],"product_tag":[],"class_list":{"0":"post-6353","1":"product","2":"type-product","3":"status-publish","4":"has-post-thumbnail","6":"product_cat-wholesale-titanium-cookware","8":"first","9":"instock","10":"shipping-taxable","11":"product-type-simple"},"_links":{"self":[{"href":"https:\/\/www.hg-cooker.com\/es\/wp-json\/wp\/v2\/product\/6353","targetHints":{"allow":["GET"]}}],"collection":[{"href":"https:\/\/www.hg-cooker.com\/es\/wp-json\/wp\/v2\/product"}],"about":[{"href":"https:\/\/www.hg-cooker.com\/es\/wp-json\/wp\/v2\/types\/product"}],"replies":[{"embeddable":true,"href":"https:\/\/www.hg-cooker.com\/es\/wp-json\/wp\/v2\/comments?post=6353"}],"wp:featuredmedia":[{"embeddable":true,"href":"https:\/\/www.hg-cooker.com\/es\/wp-json\/wp\/v2\/media\/6355"}],"wp:attachment":[{"href":"https:\/\/www.hg-cooker.com\/es\/wp-json\/wp\/v2\/media?parent=6353"}],"wp:term":[{"taxonomy":"product_brand","embeddable":true,"href":"https:\/\/www.hg-cooker.com\/es\/wp-json\/wp\/v2\/product_brand?post=6353"},{"taxonomy":"product_cat","embeddable":true,"href":"https:\/\/www.hg-cooker.com\/es\/wp-json\/wp\/v2\/product_cat?post=6353"},{"taxonomy":"product_tag","embeddable":true,"href":"https:\/\/www.hg-cooker.com\/es\/wp-json\/wp\/v2\/product_tag?post=6353"}],"curies":[{"name":"wp","href":"https:\/\/api.w.org\/{rel}","templated":true}]}}