{"id":6201,"date":"2025-08-18T08:10:46","date_gmt":"2025-08-18T08:10:46","guid":{"rendered":"https:\/\/www.hg-cooker.com\/?post_type=product&#038;p=6201"},"modified":"2025-08-18T08:43:41","modified_gmt":"2025-08-18T08:43:41","slug":"wholesale-stainless-steel-3-layer-steamer-pots","status":"publish","type":"product","link":"https:\/\/www.hg-cooker.com\/es\/producto\/wholesale-stainless-steel-3-layer-steamer-pots\/","title":{"rendered":"Mayorista Ollas de Vapor de 3 Capas - Cocinar R\u00e1pido y Sano, Ahorrando Energ\u00eda"},"content":{"rendered":"<figure class=\"wp-block-image size-full\"><img fetchpriority=\"high\" decoding=\"async\" width=\"2600\" height=\"757\" src=\"https:\/\/www.hg-cooker.com\/wp-content\/uploads\/2025\/08\/parameters-of-3-layer-steamer-pot.webp\" alt=\"par\u00e1metros de la olla de vapor de 3 capas\" class=\"wp-image-6208\" srcset=\"https:\/\/www.hg-cooker.com\/wp-content\/uploads\/2025\/08\/parameters-of-3-layer-steamer-pot.webp 2600w, https:\/\/www.hg-cooker.com\/wp-content\/uploads\/2025\/08\/parameters-of-3-layer-steamer-pot-300x87.webp 300w, https:\/\/www.hg-cooker.com\/wp-content\/uploads\/2025\/08\/parameters-of-3-layer-steamer-pot-768x224.webp 768w, https:\/\/www.hg-cooker.com\/wp-content\/uploads\/2025\/08\/parameters-of-3-layer-steamer-pot-18x5.webp 18w, https:\/\/www.hg-cooker.com\/wp-content\/uploads\/2025\/08\/parameters-of-3-layer-steamer-pot-285x83.webp 285w, https:\/\/www.hg-cooker.com\/wp-content\/uploads\/2025\/08\/parameters-of-3-layer-steamer-pot-1600x466.webp 1600w, https:\/\/www.hg-cooker.com\/wp-content\/uploads\/2025\/08\/parameters-of-3-layer-steamer-pot-660x192.webp 660w, https:\/\/www.hg-cooker.com\/wp-content\/uploads\/2025\/08\/parameters-of-3-layer-steamer-pot-150x44.webp 150w\" sizes=\"(max-width: 2600px) 100vw, 2600px\" \/><\/figure>","protected":false},"excerpt":{"rendered":"<p>Venta al por mayor de ollas de vapor de 3 capas. El dise\u00f1o multicapa le permite cocinar varios platos simult\u00e1neamente sin mezclar sabores. Fabricadas en acero inoxidable de alta calidad, ofrecen una conducci\u00f3n uniforme del calor, son duraderas y resistentes al \u00f3xido, y conservan el sabor original de sus alimentos. Como fabricante de utensilios de cocina de China, ofrecemos presupuestos de f\u00e1brica. \u00a1Cont\u00e1ctenos ahora!<\/p>\n<h2>Caracter\u00edsticas de la olla de vapor de 3 capas<\/h2>\n<p><strong>Capas desmontables:<\/strong> Este dise\u00f1o dividido permite un uso flexible de las capas seg\u00fan las necesidades culinarias. Puede utilizarse como olla de vapor de tres capas o como olla sopera.<\/p>\n<p><strong>Mayor eficiencia de cocci\u00f3n:<\/strong> Las ollas de vapor de 3 capas al por mayor le permiten realizar varias tareas a la vez y cocinar hasta tres platos a la vez, con el consiguiente ahorro de tiempo y energ\u00eda.<\/p>\n<p><strong>Duradera:<\/strong> El material de acero inoxidable ofrece una gran resistencia y dureza, lo que le permite soportar frecuentes ciclos de calentamiento y enfriamiento sin deformarse ni abombarse.<\/p>\n<p><strong>Cocina energ\u00e9ticamente eficiente:<\/strong> Gracias a su mejor retenci\u00f3n y disipaci\u00f3n del calor, se necesita menos energ\u00eda para mantener la temperatura del vapor.<\/p>\n<p><strong>Asas a prueba de escamas:<\/strong> Las asas de ambos lados de la olla son robustas y anchas, y est\u00e1n hechas de material hueco para evitar eficazmente la conducci\u00f3n del calor y las quemaduras.<\/p>\n<p><strong>Tapa curva:<\/strong> La tapa curvada recoge y dirige eficazmente el vapor, permitiendo que el agua condensada vuelva a fluir por las paredes de la olla hasta el fondo, preservando la textura de los alimentos.<\/p>","protected":false},"featured_media":6209,"comment_status":"closed","ping_status":"closed","template":"","meta":[],"product_brand":[],"product_cat":[52],"product_tag":[],"class_list":{"0":"post-6201","1":"product","2":"type-product","3":"status-publish","4":"has-post-thumbnail","6":"product_cat-stainless-steel-cookware","8":"first","9":"instock","10":"shipping-taxable","11":"product-type-simple"},"_links":{"self":[{"href":"https:\/\/www.hg-cooker.com\/es\/wp-json\/wp\/v2\/product\/6201","targetHints":{"allow":["GET"]}}],"collection":[{"href":"https:\/\/www.hg-cooker.com\/es\/wp-json\/wp\/v2\/product"}],"about":[{"href":"https:\/\/www.hg-cooker.com\/es\/wp-json\/wp\/v2\/types\/product"}],"replies":[{"embeddable":true,"href":"https:\/\/www.hg-cooker.com\/es\/wp-json\/wp\/v2\/comments?post=6201"}],"wp:featuredmedia":[{"embeddable":true,"href":"https:\/\/www.hg-cooker.com\/es\/wp-json\/wp\/v2\/media\/6209"}],"wp:attachment":[{"href":"https:\/\/www.hg-cooker.com\/es\/wp-json\/wp\/v2\/media?parent=6201"}],"wp:term":[{"taxonomy":"product_brand","embeddable":true,"href":"https:\/\/www.hg-cooker.com\/es\/wp-json\/wp\/v2\/product_brand?post=6201"},{"taxonomy":"product_cat","embeddable":true,"href":"https:\/\/www.hg-cooker.com\/es\/wp-json\/wp\/v2\/product_cat?post=6201"},{"taxonomy":"product_tag","embeddable":true,"href":"https:\/\/www.hg-cooker.com\/es\/wp-json\/wp\/v2\/product_tag?post=6201"}],"curies":[{"name":"wp","href":"https:\/\/api.w.org\/{rel}","templated":true}]}}