{"id":6193,"date":"2025-08-18T07:34:58","date_gmt":"2025-08-18T07:34:58","guid":{"rendered":"https:\/\/www.hg-cooker.com\/?post_type=product&#038;p=6193"},"modified":"2025-08-18T08:09:28","modified_gmt":"2025-08-18T08:09:28","slug":"wholesale-3-tier-steamer-pots","status":"publish","type":"product","link":"https:\/\/www.hg-cooker.com\/es\/producto\/wholesale-3-tier-steamer-pots\/","title":{"rendered":"Mayorista Ollas de vapor de 3 niveles - Adecuadas tanto para uso comercial como dom\u00e9stico"},"content":{"rendered":"<figure class=\"wp-block-image size-full\"><img fetchpriority=\"high\" decoding=\"async\" width=\"1920\" height=\"510\" src=\"https:\/\/www.hg-cooker.com\/wp-content\/uploads\/2025\/08\/wholesale-3-tier-steamer-pots.webp\" alt=\"venta al por mayor ollas de vapor de 3 pisos\" class=\"wp-image-6194\" srcset=\"https:\/\/www.hg-cooker.com\/wp-content\/uploads\/2025\/08\/wholesale-3-tier-steamer-pots.webp 1920w, https:\/\/www.hg-cooker.com\/wp-content\/uploads\/2025\/08\/wholesale-3-tier-steamer-pots-300x80.webp 300w, https:\/\/www.hg-cooker.com\/wp-content\/uploads\/2025\/08\/wholesale-3-tier-steamer-pots-768x204.webp 768w, https:\/\/www.hg-cooker.com\/wp-content\/uploads\/2025\/08\/wholesale-3-tier-steamer-pots-18x5.webp 18w, https:\/\/www.hg-cooker.com\/wp-content\/uploads\/2025\/08\/wholesale-3-tier-steamer-pots-285x76.webp 285w, https:\/\/www.hg-cooker.com\/wp-content\/uploads\/2025\/08\/wholesale-3-tier-steamer-pots-1600x425.webp 1600w, https:\/\/www.hg-cooker.com\/wp-content\/uploads\/2025\/08\/wholesale-3-tier-steamer-pots-660x175.webp 660w, https:\/\/www.hg-cooker.com\/wp-content\/uploads\/2025\/08\/wholesale-3-tier-steamer-pots-150x40.webp 150w\" sizes=\"(max-width: 1920px) 100vw, 1920px\" \/><\/figure>","protected":false},"excerpt":{"rendered":"<p>Las ollas de vapor de acero inoxidable de 3 pisos al por mayor, dise\u00f1adas para cocinar de forma saludable y eficiente, son ideales tanto para cocinas dom\u00e9sticas como para uso profesional. Ofrecemos precios al por mayor de f\u00e1brica y damos la bienvenida a las compras al por mayor.<\/p>\n<h2>Caracter\u00edsticas de la olla de vapor de 3 niveles<\/h2>\n<p><strong>Acero inoxidable de alta calidad:<\/strong> Las ollas de vapor al por mayor est\u00e1n hechas de acero inoxidable de alta calidad, que es resistente al \u00f3xido, a la corrosi\u00f3n y duradero.<\/p>\n<p><strong>Aumente la eficiencia de la cocci\u00f3n: <\/strong>La olla de vapor de 3 niveles mejora significativamente la eficiencia de su cocina, permiti\u00e9ndole cocinar varios platos simult\u00e1neamente utilizando una sola olla de vapor.<\/p>\n<p><strong>M\u00e9todo de cocci\u00f3n saludable:<\/strong> La cocci\u00f3n al vapor est\u00e1 ampliamente considerada como uno de los m\u00e9todos de cocci\u00f3n m\u00e1s saludables, ya que ayuda a conservar un mayor porcentaje de los nutrientes, vitaminas y minerales naturales de los alimentos.<\/p>\n<p><strong>F\u00e1cil de limpiar y mantener:<\/strong> El interior y el exterior elegantes y pulidos de esta vaporera de acero inoxidable de tres pisos son antiadherentes, f\u00e1ciles de limpiar y aptos para el lavavajillas.<\/p>\n<p><strong>Adecuado tanto para uso comercial como dom\u00e9stico:<\/strong> Su dise\u00f1o de varios niveles permite cocinar varios platos simult\u00e1neamente, lo que resulta muy pr\u00e1ctico para preparar comidas para clientes o para toda la familia.<\/p>","protected":false},"featured_media":6195,"comment_status":"closed","ping_status":"closed","template":"","meta":[],"product_brand":[],"product_cat":[52],"product_tag":[],"class_list":{"0":"post-6193","1":"product","2":"type-product","3":"status-publish","4":"has-post-thumbnail","6":"product_cat-stainless-steel-cookware","8":"first","9":"instock","10":"shipping-taxable","11":"product-type-simple"},"_links":{"self":[{"href":"https:\/\/www.hg-cooker.com\/es\/wp-json\/wp\/v2\/product\/6193","targetHints":{"allow":["GET"]}}],"collection":[{"href":"https:\/\/www.hg-cooker.com\/es\/wp-json\/wp\/v2\/product"}],"about":[{"href":"https:\/\/www.hg-cooker.com\/es\/wp-json\/wp\/v2\/types\/product"}],"replies":[{"embeddable":true,"href":"https:\/\/www.hg-cooker.com\/es\/wp-json\/wp\/v2\/comments?post=6193"}],"wp:featuredmedia":[{"embeddable":true,"href":"https:\/\/www.hg-cooker.com\/es\/wp-json\/wp\/v2\/media\/6195"}],"wp:attachment":[{"href":"https:\/\/www.hg-cooker.com\/es\/wp-json\/wp\/v2\/media?parent=6193"}],"wp:term":[{"taxonomy":"product_brand","embeddable":true,"href":"https:\/\/www.hg-cooker.com\/es\/wp-json\/wp\/v2\/product_brand?post=6193"},{"taxonomy":"product_cat","embeddable":true,"href":"https:\/\/www.hg-cooker.com\/es\/wp-json\/wp\/v2\/product_cat?post=6193"},{"taxonomy":"product_tag","embeddable":true,"href":"https:\/\/www.hg-cooker.com\/es\/wp-json\/wp\/v2\/product_tag?post=6193"}],"curies":[{"name":"wp","href":"https:\/\/api.w.org\/{rel}","templated":true}]}}