{"id":6157,"date":"2025-08-18T03:58:48","date_gmt":"2025-08-16T01:23:50","guid":{"rendered":"https:\/\/www.hg-cooker.com\/?post_type=product&#038;p=6157"},"modified":"2025-08-18T04:20:41","modified_gmt":"2025-08-18T04:20:41","slug":"wholesale-premium-stainless-steel-stewing-pots","status":"publish","type":"product","link":"https:\/\/www.hg-cooker.com\/es\/producto\/wholesale-premium-stainless-steel-stewing-pots\/","title":{"rendered":"Mayorista Olla de Acero Inoxidable con Tapa - Multi-Tama\u00f1o y Apilable"},"content":{"rendered":"<figure class=\"wp-block-image size-full\"><img fetchpriority=\"high\" decoding=\"async\" width=\"1752\" height=\"519\" src=\"https:\/\/www.hg-cooker.com\/wp-content\/uploads\/2025\/08\/parameters-of-stewing-pot.webp\" alt=\"par\u00e1metros de la olla\" class=\"wp-image-6180\" srcset=\"https:\/\/www.hg-cooker.com\/wp-content\/uploads\/2025\/08\/parameters-of-stewing-pot.webp 1752w, https:\/\/www.hg-cooker.com\/wp-content\/uploads\/2025\/08\/parameters-of-stewing-pot-300x89.webp 300w, https:\/\/www.hg-cooker.com\/wp-content\/uploads\/2025\/08\/parameters-of-stewing-pot-768x228.webp 768w, https:\/\/www.hg-cooker.com\/wp-content\/uploads\/2025\/08\/parameters-of-stewing-pot-18x5.webp 18w, https:\/\/www.hg-cooker.com\/wp-content\/uploads\/2025\/08\/parameters-of-stewing-pot-285x84.webp 285w, https:\/\/www.hg-cooker.com\/wp-content\/uploads\/2025\/08\/parameters-of-stewing-pot-1600x474.webp 1600w, https:\/\/www.hg-cooker.com\/wp-content\/uploads\/2025\/08\/parameters-of-stewing-pot-660x196.webp 660w, https:\/\/www.hg-cooker.com\/wp-content\/uploads\/2025\/08\/parameters-of-stewing-pot-150x44.webp 150w\" sizes=\"(max-width: 1752px) 100vw, 1752px\" \/><\/figure>","protected":false},"excerpt":{"rendered":"<p>Venta al por mayor de ollas de acero inoxidable de alta calidad. Esta olla de acero inoxidable tiene un acabado pulido para mayor seguridad, durabilidad y elegancia. Es perfecta para cocinar a fuego lento sopas, estofados, gachas y una gran variedad de platos. Disponible en cuatro tama\u00f1os, ofrecemos servicios de OEM y ODM. Admitimos compras al por mayor.<\/p>\n<p><!-- wp:heading --><\/p>\n<h2 class=\"wp-block-heading\">Caracter\u00edsticas de la olla de acero inoxidable Premium<\/h2>\n<ul>\n<li><strong>Estable y ergon\u00f3mico:<\/strong> Las ollas para guisar al por mayor cuentan con asas de doble mango que proporcionan un agarre seguro. Las asas huecas ralentizan la transferencia de calor de la olla a las asas, proporcionando aislamiento.<\/li>\n<li><strong>Tapa de acero inoxidable:<\/strong> La tapa de acero inoxidable es m\u00e1s resistente a los golpes y a las roturas, y proporciona una excelente retenci\u00f3n del calor, atrapando eficazmente el calor y el vapor dentro de la olla para una cocci\u00f3n m\u00e1s r\u00e1pida.<\/li>\n<li><strong>Vers\u00e1til:<\/strong> Perfecto para caldos de huesos largos y cocinados a fuego lento, fragantes gachas de arroz u otros platos de carne que requieran un estofado bien condimentado.<\/li>\n<li><strong>F\u00e1cil de limpiar:<\/strong> Las ollas para guisar al por mayor presentan un acabado pulido profundo que facilita enormemente su limpieza; basta con limpiarlas con una esponja y detergente.<\/li>\n<li><strong>Cuatro tama\u00f1os disponibles:<\/strong> Disponibles en 20 cm, 22 cm, 24 cm y 26 cm, satisfacen las necesidades de las cocinas dom\u00e9sticas y comerciales.<\/li>\n<\/ul>\n<p><!-- \/wp:paragraph --><\/p>","protected":false},"featured_media":6161,"comment_status":"closed","ping_status":"closed","template":"","meta":[],"product_brand":[],"product_cat":[52],"product_tag":[],"class_list":{"0":"post-6157","1":"product","2":"type-product","3":"status-publish","4":"has-post-thumbnail","6":"product_cat-stainless-steel-cookware","8":"first","9":"instock","10":"shipping-taxable","11":"product-type-simple"},"_links":{"self":[{"href":"https:\/\/www.hg-cooker.com\/es\/wp-json\/wp\/v2\/product\/6157","targetHints":{"allow":["GET"]}}],"collection":[{"href":"https:\/\/www.hg-cooker.com\/es\/wp-json\/wp\/v2\/product"}],"about":[{"href":"https:\/\/www.hg-cooker.com\/es\/wp-json\/wp\/v2\/types\/product"}],"replies":[{"embeddable":true,"href":"https:\/\/www.hg-cooker.com\/es\/wp-json\/wp\/v2\/comments?post=6157"}],"wp:featuredmedia":[{"embeddable":true,"href":"https:\/\/www.hg-cooker.com\/es\/wp-json\/wp\/v2\/media\/6161"}],"wp:attachment":[{"href":"https:\/\/www.hg-cooker.com\/es\/wp-json\/wp\/v2\/media?parent=6157"}],"wp:term":[{"taxonomy":"product_brand","embeddable":true,"href":"https:\/\/www.hg-cooker.com\/es\/wp-json\/wp\/v2\/product_brand?post=6157"},{"taxonomy":"product_cat","embeddable":true,"href":"https:\/\/www.hg-cooker.com\/es\/wp-json\/wp\/v2\/product_cat?post=6157"},{"taxonomy":"product_tag","embeddable":true,"href":"https:\/\/www.hg-cooker.com\/es\/wp-json\/wp\/v2\/product_tag?post=6157"}],"curies":[{"name":"wp","href":"https:\/\/api.w.org\/{rel}","templated":true}]}}