{"id":6143,"date":"2025-08-26T03:26:55","date_gmt":"2025-08-26T03:26:55","guid":{"rendered":"https:\/\/www.hg-cooker.com\/?post_type=product&#038;p=6143"},"modified":"2025-09-13T02:35:33","modified_gmt":"2025-09-13T02:35:33","slug":"wholesale-stainless-steel-stew-pots","status":"publish","type":"product","link":"https:\/\/www.hg-cooker.com\/es\/producto\/wholesale-stainless-steel-stew-pots\/","title":{"rendered":"Mayorista Marmitas de Acero Inoxidable con Tapa de Vidrio Templado - Multiples Tama\u00f1os y Apilables"},"content":{"rendered":"<div class=\"wp-block-columns is-layout-flex wp-container-core-columns-is-layout-9d6595d7 wp-block-columns-is-layout-flex\">\n<div class=\"wp-block-column is-layout-flow wp-block-column-is-layout-flow\">\n<figure class=\"wp-block-image size-full\"><img fetchpriority=\"high\" decoding=\"async\" width=\"2351\" height=\"2351\" src=\"https:\/\/www.hg-cooker.com\/wp-content\/uploads\/2025\/08\/wholesale-stainless-steel-stewing-soup-pot-2.webp\" alt=\"venta al por mayor olla de acero inoxidable (2)\" class=\"wp-image-6147\" srcset=\"https:\/\/www.hg-cooker.com\/wp-content\/uploads\/2025\/08\/wholesale-stainless-steel-stewing-soup-pot-2.webp 2351w, https:\/\/www.hg-cooker.com\/wp-content\/uploads\/2025\/08\/wholesale-stainless-steel-stewing-soup-pot-2-300x300.webp 300w, https:\/\/www.hg-cooker.com\/wp-content\/uploads\/2025\/08\/wholesale-stainless-steel-stewing-soup-pot-2-150x150.webp 150w, https:\/\/www.hg-cooker.com\/wp-content\/uploads\/2025\/08\/wholesale-stainless-steel-stewing-soup-pot-2-768x768.webp 768w, https:\/\/www.hg-cooker.com\/wp-content\/uploads\/2025\/08\/wholesale-stainless-steel-stewing-soup-pot-2-12x12.webp 12w, https:\/\/www.hg-cooker.com\/wp-content\/uploads\/2025\/08\/wholesale-stainless-steel-stewing-soup-pot-2-285x285.webp 285w, https:\/\/www.hg-cooker.com\/wp-content\/uploads\/2025\/08\/wholesale-stainless-steel-stewing-soup-pot-2-1600x1600.webp 1600w, https:\/\/www.hg-cooker.com\/wp-content\/uploads\/2025\/08\/wholesale-stainless-steel-stewing-soup-pot-2-270x270.webp 270w, https:\/\/www.hg-cooker.com\/wp-content\/uploads\/2025\/08\/wholesale-stainless-steel-stewing-soup-pot-2-540x540.webp 540w, https:\/\/www.hg-cooker.com\/wp-content\/uploads\/2025\/08\/wholesale-stainless-steel-stewing-soup-pot-2-660x660.webp 660w\" sizes=\"(max-width: 2351px) 100vw, 2351px\" \/><\/figure>\n<\/div>\n\n\n\n<div class=\"wp-block-column is-layout-flow wp-block-column-is-layout-flow\">\n<figure class=\"wp-block-image size-full\"><img decoding=\"async\" width=\"2309\" height=\"2309\" src=\"https:\/\/www.hg-cooker.com\/wp-content\/uploads\/2025\/08\/wholesale-stainless-steel-stewing-soup-pot-3.webp\" alt=\"mayorista olla de acero inoxidable (3)\" class=\"wp-image-6148\" srcset=\"https:\/\/www.hg-cooker.com\/wp-content\/uploads\/2025\/08\/wholesale-stainless-steel-stewing-soup-pot-3.webp 2309w, https:\/\/www.hg-cooker.com\/wp-content\/uploads\/2025\/08\/wholesale-stainless-steel-stewing-soup-pot-3-300x300.webp 300w, https:\/\/www.hg-cooker.com\/wp-content\/uploads\/2025\/08\/wholesale-stainless-steel-stewing-soup-pot-3-150x150.webp 150w, https:\/\/www.hg-cooker.com\/wp-content\/uploads\/2025\/08\/wholesale-stainless-steel-stewing-soup-pot-3-768x768.webp 768w, https:\/\/www.hg-cooker.com\/wp-content\/uploads\/2025\/08\/wholesale-stainless-steel-stewing-soup-pot-3-12x12.webp 12w, https:\/\/www.hg-cooker.com\/wp-content\/uploads\/2025\/08\/wholesale-stainless-steel-stewing-soup-pot-3-285x285.webp 285w, https:\/\/www.hg-cooker.com\/wp-content\/uploads\/2025\/08\/wholesale-stainless-steel-stewing-soup-pot-3-1600x1600.webp 1600w, https:\/\/www.hg-cooker.com\/wp-content\/uploads\/2025\/08\/wholesale-stainless-steel-stewing-soup-pot-3-270x270.webp 270w, https:\/\/www.hg-cooker.com\/wp-content\/uploads\/2025\/08\/wholesale-stainless-steel-stewing-soup-pot-3-540x540.webp 540w, https:\/\/www.hg-cooker.com\/wp-content\/uploads\/2025\/08\/wholesale-stainless-steel-stewing-soup-pot-3-660x660.webp 660w\" sizes=\"(max-width: 2309px) 100vw, 2309px\" \/><\/figure>\n<\/div>\n<\/div>","protected":false},"excerpt":{"rendered":"<p>Mayorista de ollas de acero inoxidable. Fabricadas en acero inoxidable de calidad alimentaria muy pulido, estas ollas son duraderas, seguras y fiables, al tiempo que ofrecen un estilo moderno. Pueden utilizarse para diversos m\u00e9todos de cocci\u00f3n, como guisar sopas, gachas, estofar y cocer fideos. Adecuadas tanto para cocinas comerciales como dom\u00e9sticas. Se aceptan compras al por mayor.<\/p>\n<p><!-- wp:heading --><\/p>\n<h2 class=\"wp-block-heading\">Caracter\u00edsticas de la olla para sopa de cocido de acero inoxidable<\/h2>\n<ul>\n<li><strong>Acero inoxidable de alta calidad:<\/strong> Estas ollas al por mayor est\u00e1n fabricadas en acero inoxidable pulido, con una superficie lisa como un espejo, sin rebabas ni imperfecciones. Ofrecen un acabado antiadherente y son f\u00e1ciles de limpiar.<\/li>\n<li><strong>Fabricaci\u00f3n de calidad:<\/strong> La alta densidad y el grosor uniforme de estas ollas para estofado las hacen resistentes a la corrosi\u00f3n, al \u00f3xido y a las deformaciones, lo que les permite soportar el uso normal e incluso los golpes sin abollarse.<\/li>\n<li><strong>Calefacci\u00f3n uniforme:<\/strong> Dise\u00f1adas para la cocci\u00f3n lenta y la cocci\u00f3n de sopas a fuego lento, estas ollas de acero inoxidable al por mayor favorecen una distribuci\u00f3n uniforme del calor, por lo que son ideales para sopas de pollo, sopas de costillas de cerdo o platos de cocci\u00f3n larga.<\/li>\n<li><strong>Dise\u00f1o de doble asa:<\/strong> El dise\u00f1o de doble asa permite un f\u00e1cil manejo y una distribuci\u00f3n uniforme de la presi\u00f3n. Las asas de dise\u00f1o ergon\u00f3mico proporcionan un agarre c\u00f3modo.<\/li>\n<li><strong>Servicio de venta al por mayor de utensilios de cocina:<\/strong> Como fabricante profesional de utensilios de cocina, ofrecemos utensilios de cocina al por mayor, proporcionando una amplia gama de tipos y tama\u00f1os de utensilios de cocina de acero inoxidable a precios de f\u00e1brica.<\/li>\n<\/ul>\n<p><!-- \/wp:paragraph --><\/p>","protected":false},"featured_media":6154,"comment_status":"closed","ping_status":"closed","template":"","meta":[],"product_brand":[],"product_cat":[52],"product_tag":[],"class_list":{"0":"post-6143","1":"product","2":"type-product","3":"status-publish","4":"has-post-thumbnail","6":"product_cat-stainless-steel-cookware","8":"first","9":"instock","10":"shipping-taxable","11":"product-type-simple"},"_links":{"self":[{"href":"https:\/\/www.hg-cooker.com\/es\/wp-json\/wp\/v2\/product\/6143","targetHints":{"allow":["GET"]}}],"collection":[{"href":"https:\/\/www.hg-cooker.com\/es\/wp-json\/wp\/v2\/product"}],"about":[{"href":"https:\/\/www.hg-cooker.com\/es\/wp-json\/wp\/v2\/types\/product"}],"replies":[{"embeddable":true,"href":"https:\/\/www.hg-cooker.com\/es\/wp-json\/wp\/v2\/comments?post=6143"}],"wp:featuredmedia":[{"embeddable":true,"href":"https:\/\/www.hg-cooker.com\/es\/wp-json\/wp\/v2\/media\/6154"}],"wp:attachment":[{"href":"https:\/\/www.hg-cooker.com\/es\/wp-json\/wp\/v2\/media?parent=6143"}],"wp:term":[{"taxonomy":"product_brand","embeddable":true,"href":"https:\/\/www.hg-cooker.com\/es\/wp-json\/wp\/v2\/product_brand?post=6143"},{"taxonomy":"product_cat","embeddable":true,"href":"https:\/\/www.hg-cooker.com\/es\/wp-json\/wp\/v2\/product_cat?post=6143"},{"taxonomy":"product_tag","embeddable":true,"href":"https:\/\/www.hg-cooker.com\/es\/wp-json\/wp\/v2\/product_tag?post=6143"}],"curies":[{"name":"wp","href":"https:\/\/api.w.org\/{rel}","templated":true}]}}