{"id":6123,"date":"2025-03-31T07:09:54","date_gmt":"2025-03-31T07:09:54","guid":{"rendered":"https:\/\/www.hg-cooker.com\/?post_type=product&#038;p=6123"},"modified":"2025-11-13T01:56:29","modified_gmt":"2025-11-13T01:56:29","slug":"wholesale-premium-stainless-steel-dry-pots","status":"publish","type":"product","link":"https:\/\/www.hg-cooker.com\/es\/producto\/wholesale-premium-stainless-steel-dry-pots\/","title":{"rendered":"Mayorista Ollas Secas de Acero Inoxidable de Primera Calidad - Duraderas y Multifuncionales"},"content":{"rendered":"<div class=\"wp-block-columns is-layout-flex wp-container-core-columns-is-layout-9d6595d7 wp-block-columns-is-layout-flex\">\n<div class=\"wp-block-column is-layout-flow wp-block-column-is-layout-flow\">\n<figure class=\"wp-block-image size-full\"><img fetchpriority=\"high\" decoding=\"async\" width=\"2958\" height=\"2958\" src=\"https:\/\/www.hg-cooker.com\/wp-content\/uploads\/2025\/08\/Wholesale-Premium-Stainless-Steel-Dry-Pot-1.webp\" alt=\"Mayorista Olla Seca de Acero Inoxidable Premium (1)\" class=\"wp-image-6124\" srcset=\"https:\/\/www.hg-cooker.com\/wp-content\/uploads\/2025\/08\/Wholesale-Premium-Stainless-Steel-Dry-Pot-1.webp 2958w, https:\/\/www.hg-cooker.com\/wp-content\/uploads\/2025\/08\/Wholesale-Premium-Stainless-Steel-Dry-Pot-1-300x300.webp 300w, https:\/\/www.hg-cooker.com\/wp-content\/uploads\/2025\/08\/Wholesale-Premium-Stainless-Steel-Dry-Pot-1-150x150.webp 150w, https:\/\/www.hg-cooker.com\/wp-content\/uploads\/2025\/08\/Wholesale-Premium-Stainless-Steel-Dry-Pot-1-768x768.webp 768w, https:\/\/www.hg-cooker.com\/wp-content\/uploads\/2025\/08\/Wholesale-Premium-Stainless-Steel-Dry-Pot-1-12x12.webp 12w, https:\/\/www.hg-cooker.com\/wp-content\/uploads\/2025\/08\/Wholesale-Premium-Stainless-Steel-Dry-Pot-1-285x285.webp 285w, https:\/\/www.hg-cooker.com\/wp-content\/uploads\/2025\/08\/Wholesale-Premium-Stainless-Steel-Dry-Pot-1-1600x1600.webp 1600w, https:\/\/www.hg-cooker.com\/wp-content\/uploads\/2025\/08\/Wholesale-Premium-Stainless-Steel-Dry-Pot-1-270x270.webp 270w, https:\/\/www.hg-cooker.com\/wp-content\/uploads\/2025\/08\/Wholesale-Premium-Stainless-Steel-Dry-Pot-1-540x540.webp 540w, https:\/\/www.hg-cooker.com\/wp-content\/uploads\/2025\/08\/Wholesale-Premium-Stainless-Steel-Dry-Pot-1-660x660.webp 660w\" sizes=\"(max-width: 2958px) 100vw, 2958px\" \/><\/figure>\n<\/div>\n\n\n\n<div class=\"wp-block-column is-layout-flow wp-block-column-is-layout-flow\">\n<figure class=\"wp-block-image size-full\"><img decoding=\"async\" width=\"2930\" height=\"2930\" src=\"https:\/\/www.hg-cooker.com\/wp-content\/uploads\/2025\/08\/Wholesale-Premium-Stainless-Steel-Dry-Pot-5.webp\" alt=\"Mayorista Olla Seca de Acero Inoxidable Premium (5)\" class=\"wp-image-6128\" srcset=\"https:\/\/www.hg-cooker.com\/wp-content\/uploads\/2025\/08\/Wholesale-Premium-Stainless-Steel-Dry-Pot-5.webp 2930w, https:\/\/www.hg-cooker.com\/wp-content\/uploads\/2025\/08\/Wholesale-Premium-Stainless-Steel-Dry-Pot-5-300x300.webp 300w, https:\/\/www.hg-cooker.com\/wp-content\/uploads\/2025\/08\/Wholesale-Premium-Stainless-Steel-Dry-Pot-5-150x150.webp 150w, https:\/\/www.hg-cooker.com\/wp-content\/uploads\/2025\/08\/Wholesale-Premium-Stainless-Steel-Dry-Pot-5-768x768.webp 768w, https:\/\/www.hg-cooker.com\/wp-content\/uploads\/2025\/08\/Wholesale-Premium-Stainless-Steel-Dry-Pot-5-12x12.webp 12w, https:\/\/www.hg-cooker.com\/wp-content\/uploads\/2025\/08\/Wholesale-Premium-Stainless-Steel-Dry-Pot-5-285x285.webp 285w, https:\/\/www.hg-cooker.com\/wp-content\/uploads\/2025\/08\/Wholesale-Premium-Stainless-Steel-Dry-Pot-5-1600x1600.webp 1600w, https:\/\/www.hg-cooker.com\/wp-content\/uploads\/2025\/08\/Wholesale-Premium-Stainless-Steel-Dry-Pot-5-270x270.webp 270w, https:\/\/www.hg-cooker.com\/wp-content\/uploads\/2025\/08\/Wholesale-Premium-Stainless-Steel-Dry-Pot-5-540x540.webp 540w, https:\/\/www.hg-cooker.com\/wp-content\/uploads\/2025\/08\/Wholesale-Premium-Stainless-Steel-Dry-Pot-5-660x660.webp 660w\" sizes=\"(max-width: 2930px) 100vw, 2930px\" \/><\/figure>\n<\/div>\n<\/div>","protected":false},"excerpt":{"rendered":"<p>Ollas secas de acero inoxidable de primera calidad al por mayor. Fabricada en acero inoxidable pulido de calidad alimentaria, esta olla seca de acero inoxidable al por mayor ofrece durabilidad, un uso ergon\u00f3mico y un dise\u00f1o minimalista moderno. Perfecta para saltear y servir, es funcional y elegante para cualquier cocina. Se admiten pedidos al por mayor y servicios OEM\/ODM.<\/p>\n<p><!-- wp:heading --><\/p>\n<h2 class=\"wp-block-heading\">Caracter\u00edsticas de la olla seca de acero inoxidable<\/h2>\n<ul>\n<li><strong>Dise\u00f1o de placas poco profundas:<\/strong> El dise\u00f1o de plato poco profundo de estas ollas secas al por mayor permite que los alimentos se extiendan planos en la olla, aumentando la superficie de calentamiento y haci\u00e9ndolas ideales para cocinar en olla seca.<\/li>\n<li><strong>F\u00e1cil de sujetar: <\/strong>El dise\u00f1o curvado del asa tambi\u00e9n proporciona un mejor agarre y estabilidad, lo que facilita sacarla de los fogones y llevarla a la mesa.<\/li>\n<li><strong>Uso vers\u00e1til:<\/strong> Estas ollas secas al por mayor pueden utilizarse para cocinar en seco, como utensilios para calentar o como bandejas para alimentos, lo que las hace extremadamente vers\u00e1tiles.<\/li>\n<li><strong>Acero inoxidable de calidad alimentaria:<\/strong> Estas ollas secas al por mayor est\u00e1n fabricadas en acero inoxidable de alta calidad resistente a la corrosi\u00f3n, lo que garantiza un contacto seguro con los alimentos. Tambi\u00e9n pueden contener alimentos \u00e1cidos o alcalinos, como limones y tomates.<\/li>\n<li><strong>F\u00e1cil de limpiar:<\/strong> Mediante el pulido y otros procesos, las ollas secas tienen una superficie muy lisa, lo que reduce la adherencia de restos de comida. Basta con pasarles un pa\u00f1o o lavarlas con detergente para devolverles su brillo.<\/li>\n<\/ul>\n<p><!-- \/wp:paragraph --><\/p>","protected":false},"featured_media":6126,"comment_status":"closed","ping_status":"closed","template":"","meta":[],"product_brand":[],"product_cat":[52,65],"product_tag":[],"class_list":{"0":"post-6123","1":"product","2":"type-product","3":"status-publish","4":"has-post-thumbnail","6":"product_cat-stainless-steel-cookware","7":"product_cat-dry-pot","9":"first","10":"instock","11":"shipping-taxable","12":"product-type-simple"},"_links":{"self":[{"href":"https:\/\/www.hg-cooker.com\/es\/wp-json\/wp\/v2\/product\/6123","targetHints":{"allow":["GET"]}}],"collection":[{"href":"https:\/\/www.hg-cooker.com\/es\/wp-json\/wp\/v2\/product"}],"about":[{"href":"https:\/\/www.hg-cooker.com\/es\/wp-json\/wp\/v2\/types\/product"}],"replies":[{"embeddable":true,"href":"https:\/\/www.hg-cooker.com\/es\/wp-json\/wp\/v2\/comments?post=6123"}],"wp:featuredmedia":[{"embeddable":true,"href":"https:\/\/www.hg-cooker.com\/es\/wp-json\/wp\/v2\/media\/6126"}],"wp:attachment":[{"href":"https:\/\/www.hg-cooker.com\/es\/wp-json\/wp\/v2\/media?parent=6123"}],"wp:term":[{"taxonomy":"product_brand","embeddable":true,"href":"https:\/\/www.hg-cooker.com\/es\/wp-json\/wp\/v2\/product_brand?post=6123"},{"taxonomy":"product_cat","embeddable":true,"href":"https:\/\/www.hg-cooker.com\/es\/wp-json\/wp\/v2\/product_cat?post=6123"},{"taxonomy":"product_tag","embeddable":true,"href":"https:\/\/www.hg-cooker.com\/es\/wp-json\/wp\/v2\/product_tag?post=6123"}],"curies":[{"name":"wp","href":"https:\/\/api.w.org\/{rel}","templated":true}]}}